{"id":1106,"date":"2015-05-27T14:13:43","date_gmt":"2015-05-27T12:13:43","guid":{"rendered":"http:\/\/www.living-leedh.com\/?page_id=1106"},"modified":"2019-01-11T19:07:19","modified_gmt":"2019-01-11T18:07:19","slug":"les-trucs-a-gilles","status":"publish","type":"page","link":"https:\/\/www.living-leedh.com\/?page_id=1106","title":{"rendered":"Revue l&rsquo;Audiophile, Audio Bulletin"},"content":{"rendered":"<p><strong>\u00a0Audio Bulletin :<\/strong> <a href=\"http:\/\/www.living-leedh.com\/wp-content\/uploads\/2019\/01\/AudioBulletin.pdf\" target=\"_blank\" rel=\"noopener\">\u00c9piph\u00e9nom\u00e8nes et enceintes instrumentales<\/a><br \/>\nN\u00b013, septembre 1978 (contribution de Marck)<\/p>\n<p><strong>\u00a0Revue l&rsquo;Audiophile :<\/strong><\/p>\n<h5 style=\"text-align: center;\"><a href=\"http:\/\/www.living-leedh.com\/wp-content\/uploads\/2015\/05\/Gille-MILOT-Revue-lAudiophile.pdf\" target=\"_blank\" rel=\"noopener\"><img loading=\"lazy\" decoding=\"async\" class=\" wp-image-1107 alignleft\" src=\"http:\/\/www.living-leedh.com\/wp-content\/uploads\/2015\/05\/Revue-AUDIOPHILE-227x300.jpg\" alt=\"Revue AUDIOPHILE\" width=\"166\" height=\"219\" srcset=\"https:\/\/www.living-leedh.com\/wp-content\/uploads\/2015\/05\/Revue-AUDIOPHILE-227x300.jpg 227w, https:\/\/www.living-leedh.com\/wp-content\/uploads\/2015\/05\/Revue-AUDIOPHILE.jpg 354w\" sizes=\"auto, (max-width: 166px) 100vw, 166px\" \/><br \/>\n<\/a><\/h5>\n<p style=\"text-align: justify;\"><a href=\"http:\/\/www.living-leedh.com\/wp-content\/uploads\/2015\/05\/Gille-MILOT-Revue-lAudiophile.pdf\" target=\"_blank\" rel=\"noopener\">Gilles MILOT Revue l&rsquo;Audiophile<\/a>\u00a0paru en avril 1980 : Optimisation \u00e0 l&rsquo;\u00e9coute d&rsquo;un syst\u00e8me Haute-Fid\u00e9lit\u00e9<\/p>\n<p>&nbsp;<\/p>\n<p>&nbsp;<\/p>\n<p>&nbsp;<\/p>\n<p style=\"text-align: right;\"><img loading=\"lazy\" decoding=\"async\" class=\" wp-image-1516 alignright\" src=\"http:\/\/www.living-leedh.com\/wp-content\/uploads\/2015\/05\/Revue-AUDIOPHILE5-225x300.jpg\" alt=\"Revue AUDIOPHILE5\" width=\"173\" height=\"231\" srcset=\"https:\/\/www.living-leedh.com\/wp-content\/uploads\/2015\/05\/Revue-AUDIOPHILE5-225x300.jpg 225w, https:\/\/www.living-leedh.com\/wp-content\/uploads\/2015\/05\/Revue-AUDIOPHILE5.jpg 354w\" sizes=\"auto, (max-width: 173px) 100vw, 173px\" \/><\/p>\n<p style=\"text-align: justify;\"><span style=\"color: #000000;\">Revue l&rsquo;Audiophile\u00a0paru<\/span> en 2 parties<strong><a href=\"http:\/\/www.living-leedh.com\/wp-content\/uploads\/2015\/05\/AudiophileFILTRES1.pdf\" target=\"_blank\" rel=\"noopener\"> juin<\/a><\/strong> &amp; <strong><a href=\"http:\/\/www.living-leedh.com\/wp-content\/uploads\/2015\/05\/AudiophileFILTRES2.pdf\" target=\"_blank\" rel=\"noopener\">septembre <\/a><\/strong>1978 : Filtres et enceintes acoustiques<\/p>\n<p><a href=\"http:\/\/www.living-leedh.com\/wp-content\/uploads\/2015\/05\/Revue-AUDIOPHILE5.jpg\">\u00a0<\/a><\/p>\n","protected":false},"excerpt":{"rendered":"<p>\u00a0Audio Bulletin : \u00c9piph\u00e9nom\u00e8nes et enceintes instrumentales N\u00b013, septembre 1978 (contribution de Marck) \u00a0Revue l&rsquo;Audiophile : Gilles MILOT Revue l&rsquo;Audiophile\u00a0paru en avril 1980 : Optimisation \u00e0 l&rsquo;\u00e9coute d&rsquo;un syst\u00e8me Haute-Fid\u00e9lit\u00e9 &nbsp; &nbsp; &nbsp; Revue l&rsquo;Audiophile\u00a0paru en 2 parties juin &amp; septembre 1978 : Filtres et enceintes acoustiques \u00a0<\/p>\n","protected":false},"author":1,"featured_media":0,"parent":0,"menu_order":0,"comment_status":"closed","ping_status":"open","template":"","meta":{"_bbp_topic_count":0,"_bbp_reply_count":0,"_bbp_total_topic_count":0,"_bbp_total_reply_count":0,"_bbp_voice_count":0,"_bbp_anonymous_reply_count":0,"_bbp_topic_count_hidden":0,"_bbp_reply_count_hidden":0,"_bbp_forum_subforum_count":0,"footnotes":""},"class_list":["post-1106","page","type-page","status-publish","hentry"],"_links":{"self":[{"href":"https:\/\/www.living-leedh.com\/index.php?rest_route=\/wp\/v2\/pages\/1106","targetHints":{"allow":["GET"]}}],"collection":[{"href":"https:\/\/www.living-leedh.com\/index.php?rest_route=\/wp\/v2\/pages"}],"about":[{"href":"https:\/\/www.living-leedh.com\/index.php?rest_route=\/wp\/v2\/types\/page"}],"author":[{"embeddable":true,"href":"https:\/\/www.living-leedh.com\/index.php?rest_route=\/wp\/v2\/users\/1"}],"replies":[{"embeddable":true,"href":"https:\/\/www.living-leedh.com\/index.php?rest_route=%2Fwp%2Fv2%2Fcomments&post=1106"}],"version-history":[{"count":30,"href":"https:\/\/www.living-leedh.com\/index.php?rest_route=\/wp\/v2\/pages\/1106\/revisions"}],"predecessor-version":[{"id":6439,"href":"https:\/\/www.living-leedh.com\/index.php?rest_route=\/wp\/v2\/pages\/1106\/revisions\/6439"}],"wp:attachment":[{"href":"https:\/\/www.living-leedh.com\/index.php?rest_route=%2Fwp%2Fv2%2Fmedia&parent=1106"}],"curies":[{"name":"wp","href":"https:\/\/api.w.org\/{rel}","templated":true}]}}