{"id":1137,"date":"2015-05-29T07:54:42","date_gmt":"2015-05-29T05:54:42","guid":{"rendered":"http:\/\/www.living-leedh.com\/?page_id=1137"},"modified":"2022-04-04T16:38:14","modified_gmt":"2022-04-04T14:38:14","slug":"le-vrac-a-nous","status":"publish","type":"page","link":"https:\/\/www.living-leedh.com\/?page_id=1137","title":{"rendered":"Je r\u00e8gle la position de mes enceintes"},"content":{"rendered":"<h4 style=\"text-align: center;\"><\/h4>\n<pre style=\"text-align: center;\">Article de <span style=\"color: #339966;\"><span style=\"text-decoration: underline;\"><span style=\"color: #0066cc;\"><span style=\"color: #008000;\">Dan Bellity<\/span><\/span><\/span> <\/span>du 22\/02\/1998\r\n sur Haute-fid\u00e9lit\u00e9.net<\/pre>\n<p style=\"text-align: justify;\">Si constituer un syst\u00e8me de haut niveau est une affaire de pro, le r\u00e9gler et l&rsquo;optimiser est une t\u00e2che \u00e0 partager entre l&rsquo;installateur et l&rsquo;utilisateur! C&rsquo;est d&rsquo;exp\u00e9rience que je vous parle.<br \/>\nAnimateur d&rsquo;un magasin de haute fid\u00e9lit\u00e9 de tr\u00e8s haut de gamme dans les ann\u00e9es 80, j&rsquo;avais observ\u00e9 qu&rsquo;un utilisateur qui n&rsquo;h\u00e9sitait pas \u00e0 mettre les mains dans le moteur, avait plus de chance d&rsquo;exploiter son syst\u00e8me au maximum, bien plus et plus loin que celui qui attend (ou qui n&rsquo;attend plus&#8230;) la visite de son revendeur quand \u00e7a ne marche pas&#8230; Certes, l&rsquo;installateur a des devoirs mais l&rsquo;utilisateur seul sait ce qu&rsquo;il aime entendre et, mettre la main \u00e0 la p\u00e2te, est la seule solution.<\/p>\n<p style=\"text-align: justify;\"><strong><span style=\"text-decoration: underline;\">C\u00e2blage et contacts<\/span><\/strong> Pour commencer, il faut consid\u00e9rer chaque appareil, chaque c\u00e2ble et s&rsquo;assurer que tous les contacts sont propres.<br \/>\nLa meilleur solution consiste \u00e0 tout d\u00e9brancher non sans avoir pris des notes sur la destination de chaque c\u00e2ble si l&rsquo;on est pas s\u00fbr de savoir comment rebrancher. Puis, munissez-vous d&rsquo;un chiffon propre et assez fin car il faudra qu&rsquo;il aille se glisser \u00e0 l&rsquo;int\u00e9rieur des prises m\u00e2les de chaque cordon.<br \/>\nBannir les produits de nettoyage gras comme les huiles de contact que l&rsquo;on trouve en spray.<br \/>\nCes huiles n&rsquo;ont aucune stabilit\u00e9 dans le temps et apr\u00e8s quelques dizaines d&rsquo;heures, elles ont s\u00e9ch\u00e9 et le r\u00e9sultat est une catastrophe : Un contact propre et sec est la meilleure solution.<br \/>\nLe produit de nettoyage doit donc \u00eatre d\u00e9graissant et ne laisser aucun d\u00e9p\u00f4t apr\u00e8s s\u00e9chage.<br \/>\nL&rsquo;alcool est la solution la plus simple et la plus \u00e9conomique. L&rsquo;autre solution est le trichlo \u00e9pur\u00e9 (en faisant attention de ne pas en d\u00e9poser sur certains plastics qui r\u00e9agissent au trichlo comme les couvercles des platines TD ou les Plexiglas).<br \/>\nCette op\u00e9ration doit \u00eatre effectu\u00e9e de fa\u00e7on religieuse, car elle est fondamentale! Tous les appareils et c\u00e2bles doivent \u00eatres d\u00e9branch\u00e9s du secteur. Bien nettoyer les prises m\u00e2les (sur les cordons et c\u00e2bles) et des prises femelles (sur les appareils).<br \/>\nTous les contacts doivent \u00eatre trait\u00e9s, y compris les bornes Haut Parleur et les c\u00e2bles qui s&rsquo;y connectent.<\/p>\n<p style=\"text-align: justify;\"><strong>ATTENTION\u00a0:<\/strong> Il ne faut plus poser les doigts sur les contacts sous peine de devoir recommencer&#8230;<\/p>\n<p style=\"text-align: justify;\">Le passage de chaque c\u00e2ble doit \u00eatre bien choisi. Essayer de faire courir les c\u00e2bles de m\u00eames genres les uns avec les autres : les c\u00e2bles secteurs avec les c\u00e2bles secteurs, modulations avec modulations et Haut Parleur avec Haut Parleur.<br \/>\nAu besoin, utilisez de petits colliers en plastiques pour que tout soit aussi propre que possible.<\/p>\n<p style=\"text-align: justify;\"><strong><span style=\"text-decoration: underline;\">Supports et pointes<\/span><\/strong> Les supports sur lesquels seront pos\u00e9s les appareils auront une influence non n\u00e9gligeable sur le r\u00e9sultat final. Bien sur, ces supports doivent \u00eatre stables et rigides.<br \/>\n\u00c9vitez de mettre tout sur pointes : Les pointes sont \u00e0 utiliser avec prudence, elles peuvent amaigrir le r\u00e9sultat \u00e0 l&rsquo;extr\u00eame et donner un son inconsistant, d\u00e9sincarn\u00e9.<br \/>\nIdem pour les enceintes, qui m\u00eame si elles sont livr\u00e9es avec des inserts et des pointes, n&rsquo;en ont pas toujours besoin&#8230;.<br \/>\nDe toutes fa\u00e7ons, attendre d&rsquo;avoir trouv\u00e9 leur place dans la pi\u00e8ce d&rsquo;\u00e9coute pour essayer les pointes.<\/p>\n<p style=\"text-align: justify;\"><strong><span style=\"text-decoration: underline;\">Placement des enceintes<\/span><\/strong> Il ne sert \u00e0 rien d&rsquo;essayer de r\u00e9gler son syst\u00e8me imm\u00e9diatement apr\u00e8s avoir branch\u00e9 les appareils. Il faut un temps de chauffe qui peut varier de quelques heures \u00e0 1 jour ou 2 !<\/p>\n<p style=\"text-align: justify;\">La salle d\u2019\u00e9coute est le maillon \u201cz\u00e9ro\u201d de la cha\u00eene haute fid\u00e9lit\u00e9.<br \/>\nDe ses dimensions et de sa couleur sonore d\u00e9pendra le r\u00e9sultat final. Il n\u2019existe pas de pi\u00e8ce d\u2019\u00e9coute qui ne soit exploitable, seulement, certaines demandent plus de recherche que d\u2019autres.<br \/>\nIl est des r\u00e8gles intuitives qui conduisent au premier placement. Les quelques formules \u201cmath\u00e9matiques\u201d qui circulent ne valent que dans des cas tr\u00e8s particuliers.<br \/>\nLes murs sont \u00e0 la fois amis et ennemis : Sans eux, la pi\u00e8ce d\u2019\u00e9coute devient chambre sourde, avec eux elle devient caisse de r\u00e9sonance. Le mieux est d\u2019essayer de mettre autant d\u2019espace que possible entre eux et vos enceintes, dans la mesure du possible.<br \/>\nLa r\u00e8gle des trois tiers est l\u2019une des plus efficaces, elle consiste \u00e0 positionner, dans le sens de la longueur, les enceintes \u00e0 un tiers du mur arri\u00e8re, l\u2019auditeur \u00e0 deux tiers.<a href=\"http:\/\/www.living-leedh.com\/wp-content\/uploads\/2015\/05\/Dantapis2.jpg\"><img loading=\"lazy\" decoding=\"async\" class=\" size-full wp-image-1225 alignleft\" src=\"http:\/\/www.living-leedh.com\/wp-content\/uploads\/2015\/05\/Dantapis2.jpg\" alt=\"Dantapis2\" width=\"235\" height=\"210\" \/><\/a> La distance ainsi \u00e9tablie entre l\u2019auditeur et les enceintes sera la m\u00eame que celle qui s\u00e9pare les deux enceintes l\u2019une de l\u2019autre.<br \/>\nUne fois ces rep\u00e8res pris, on peut reculer la position d\u2019\u00e9coute, la position des enceintes ou les deux \u00e0 la fois pour une meilleure perception de l\u2019image sonore en trois dimensions. Toutes ces r\u00e8gles, n\u2019en sont pas&#8230; elles ne sont qu\u2019un point de d\u00e9part toutefois, il est quelques pi\u00e8ges dans lesquels il ne faut pas tomber :<\/p>\n<p><a href=\"http:\/\/www.living-leedh.com\/wp-content\/uploads\/2015\/05\/DanMauvais1.gif\"><img loading=\"lazy\" decoding=\"async\" class=\" wp-image-1226 alignleft\" src=\"http:\/\/www.living-leedh.com\/wp-content\/uploads\/2015\/05\/DanMauvais1.gif\" alt=\"DanMauvais1\" width=\"273\" height=\"151\" \/><\/a>Des enceintes trop \u00e9cart\u00e9es l\u2019une de l\u2019autre donnent l\u2019impression que chaque enceinte joue seule,<\/p>\n<p style=\"text-align: justify;\"><a href=\"http:\/\/www.living-leedh.com\/wp-content\/uploads\/2015\/05\/DanMauvais2.gif\"><img loading=\"lazy\" decoding=\"async\" class=\" wp-image-1227 alignright\" src=\"http:\/\/www.living-leedh.com\/wp-content\/uploads\/2015\/05\/DanMauvais2.gif\" alt=\"DanMauvais2\" width=\"264\" height=\"146\" \/> <\/a><\/p>\n<p style=\"text-align: left;\">Des enceintes trop dirig\u00e9es (dites crois\u00e9es) vers l&rsquo;int\u00e9rieur peuvent provoquer une image sonore trop bomb\u00e9e m\u00eame s&rsquo;il n&rsquo;y a plus de \u00ab\u00a0trou\u00a0\u00bb au centre de l&rsquo;image sonore,<\/p>\n<p style=\"text-align: left;\"><a href=\"http:\/\/www.living-leedh.com\/wp-content\/uploads\/2015\/05\/DanMauvais3.gif\"><img loading=\"lazy\" decoding=\"async\" class=\" wp-image-1228 alignleft\" src=\"http:\/\/www.living-leedh.com\/wp-content\/uploads\/2015\/05\/DanMauvais3.gif\" alt=\"DanMauvais3\" width=\"229\" height=\"152\" \/><\/a>Des enceintes trop pr\u00e8s l&rsquo;une de l&rsquo;autre peuvent donner l&rsquo;impression d&rsquo;\u00e9couter dans un couloir,<\/p>\n<p style=\"text-align: left;\"><a href=\"http:\/\/www.living-leedh.com\/wp-content\/uploads\/2015\/05\/DanBonDepart.gif\">\u00a0<\/a><\/p>\n<p style=\"text-align: left;\"><a href=\"http:\/\/www.living-leedh.com\/wp-content\/uploads\/2015\/05\/DanBonDepart.gif\"><img loading=\"lazy\" decoding=\"async\" class=\" wp-image-1229 alignright\" src=\"http:\/\/www.living-leedh.com\/wp-content\/uploads\/2015\/05\/DanBonDepart.gif\" alt=\"DanBonDepart\" width=\"284\" height=\"108\" \/><\/a>Voici un bon d\u00e9part. L&rsquo;image manque encore un peu de hauteur et de relief mais les source sonore semble ponctuelles, les chanteurs sont tr\u00e8s ponctuels et leurs bouche ne semble pas faire 50 cm de diam\u00e8tre.<\/p>\n<p style=\"text-align: justify;\">Apr\u00e8s avoir cherch\u00e9 le bon \u00e9cartement et la bonne focalisation, (en dirigeant les enceintes vers l&rsquo;auditeur) lorsqu\u2019enfin, l\u2019image vous semble d\u2019une bonne largeur et \u00e0 bonne hauteur (hauteur d\u2019homme ) il reste \u00e0 la \u00ab\u00a0ponctualiser\u00a0\u00bb. <a href=\"http:\/\/www.living-leedh.com\/wp-content\/uploads\/2015\/05\/Dan-reglage.gif\"><img loading=\"lazy\" decoding=\"async\" class=\" size-full wp-image-1230 alignleft\" src=\"http:\/\/www.living-leedh.com\/wp-content\/uploads\/2015\/05\/Dan-reglage.gif\" alt=\"Dan reglage\" width=\"194\" height=\"199\" \/><\/a>Un peu \u00e0 la mani\u00e8re d\u2019un t\u00e9l\u00e9m\u00e8tre a co\u00efncidence (deux images qui finissent par se superposer parfaitement) sur un appareil photo il faut d\u00e9placer les enceintes d\u2019avant en arri\u00e8re l\u2019une apr\u00e8s l\u2019autre jusqu\u2019\u00e0 l\u2019obtention d\u2019une image sonore ponctuelle.<\/p>\n<p style=\"text-align: justify;\">Si les sons vous semblent manquer de densit\u00e9 (repr\u00e9sentation impalpable de l\u2019instrument ou de la voix ou encore manque d\u2019impact) rapprocher les enceintes l\u2019une de l\u2019autre (axe horizontal). Pour cette op\u00e9ration, il faut un CD sur lequel est enregistr\u00e9 une source (voix, instrument unique, etc) ponctuelle dont on sait (ou on imagine) qu\u2019elle a \u00e9t\u00e9 voulue \u201cplein centre\u201d par l\u2019ing\u00e9nieur du son qui r\u00e9alisa l\u2019enregistrement.<\/p>\n<p style=\"text-align: justify;\">Chacun poss\u00e8de un tel disque dans sa discoth\u00e8que sinon demander \u00e0 votre revendeur pr\u00e9f\u00e9r\u00e9 lequel il utilise.<br \/>\nJ&rsquo;utilise, entre autre, un disque de Suzanne Vega, \u00ab\u00a0<em>Solitude standing<\/em>\u00ab\u00a0, la premi\u00e8re chanson, mais il y a d&rsquo;autres m\u00e9thodes, un trio \u00e0 cordes dont on connait la position lorsqu&rsquo;il est en repr\u00e9sentation publique ou encore un trio de jazz. En g\u00e9n\u00e9ral, les ing\u00e9nieurs du son pr\u00e9servent la disposition de la formation qui joue.<\/p>\n<p style=\"text-align: justify;\"><strong>ATTENTION :<\/strong> ce r\u00e9glage est tr\u00e8s fin, chaque d\u00e9placement peut \u00eatre de l\u2019ordre de 5 cm au d\u00e9part pour finir au millim\u00e8tre&#8230;<br \/>\nDe cette pr\u00e9cision d\u00e9pendra la profondeur de votre image sonore la ponctualit\u00e9 des sources et la densit\u00e9 de chaque son.<br \/>\nSi le r\u00e9glage est parfaitement r\u00e9ussi, vous ne devez faire aucun effort pour localiser chaque instrument ou groupe d\u2019instrument de l\u2019orchestre, vous ne devez jamais avoir l\u2019impression que le son sort des enceintes (chercher l\u2019impression d\u2019enceintes muettes) et vous devez m\u00eame avoir des perceptions d\u2019informations sonores \u00e0 droite de l\u2019enceinte droite et \u00e0 gauche de l\u2019enceinte gauche.<\/p>\n<p style=\"text-align: justify;\"><a href=\"http:\/\/www.living-leedh.com\/wp-content\/uploads\/2015\/05\/DanParfait.gif\"><img loading=\"lazy\" decoding=\"async\" class=\" wp-image-1231 alignright\" src=\"http:\/\/www.living-leedh.com\/wp-content\/uploads\/2015\/05\/DanParfait.gif\" alt=\"DanParfait\" width=\"202\" height=\"137\" \/><\/a>Enfin, si le r\u00e9glage est parfait vous devez obtenir une repr\u00e9sentation parfaitement holographique (3D) de l\u2019image sonore. \u00c0 cet instant, l\u2019enceinte droite et l\u2019enceinte gauche peuvent ne pas \u00eatre \u00e0 \u00e9gale distance du mur arri\u00e8re, de m\u00eame que les enceintes peuvent \u00eatre \u00e0 des distances diff\u00e9rentes des murs lat\u00e9raux.<br \/>\nUn tel r\u00e9sultat est le fruit de nombreuses heures d&rsquo;essais que votre revendeur n&rsquo;a mat\u00e9riellement pas le temps d&rsquo;effectuer. C&rsquo;est normal !<br \/>\nIl faut donc se prendre en charge soi m\u00eame et apprendre \u00e0 sentir et comprendre son syst\u00e8me.<br \/>\nDe cette compr\u00e9hension, na\u00eetra un jugement plus rapide sur de nouveaux maillons essay\u00e9s dans cette installation : c\u00e2bles, sources, amplis.<\/p>\n<p style=\"text-align: justify;\">Revenons un instant aux pointes et c\u00f4nes, c&rsquo;est maintenant qu&rsquo;il faut les essayer en respectant les positions trouv\u00e9es pour chaque enceinte. Si les pointes am\u00e9liorent le r\u00e9sultat d\u00e9j\u00e0 obtenu apr\u00e8s r\u00e9glage (grave plus propre, meilleure pr\u00e9cision sans d\u00e9structurer le message sonore), vous pouvez, apr\u00e8s avoir soigneusement not\u00e9 la position des enceintes (par un peu de scotch coll\u00e9 au sol) de peaufiner la position des enceintes. Idem pour les c\u00f4nes ou d\u00e9-coupleurs mis sous les appareils.<\/p>\n<p style=\"text-align: justify;\"><strong>IL FAUT ABSOLUMENT<\/strong> refaire des \u00e9coutes apr\u00e8s chaque modification apport\u00e9e au syst\u00e8me, aussi minime soit-elle.<\/p>\n<h5 style=\"text-align: center;\">Compl\u00e9ment par Chet :<\/h5>\n<p><span style=\"color: #000000; font-family: Calibri;\">J\u2019ai exp\u00e9riment\u00e9 une m\u00e9thode pour d\u00e9marrer ce positionnement\u00a0pr\u00e9cis des\u00a0enceintes. J<\/span><span style=\"color: #000000; font-family: Calibri;\">e me suis dit\u00a0: <\/span><span style=\"font-family: Calibri;\"><span style=\"color: #000000;\">La sc\u00e8ne , l&rsquo;image 3D\u2026 c\u2019est quand le signal arrive au point d\u2019\u00e9coute <\/span><span style=\"text-decoration: underline;\"><span style=\"color: #000000;\">parfaitement en phase<\/span><\/span><span style=\"color: #000000;\">.<\/span><\/span><\/p>\n<p><span style=\"font-family: Calibri;\"><span style=\"color: #000000;\"><a href=\"http:\/\/www.living-leedh.com\/wp-content\/uploads\/2015\/05\/dephasage.jpg\"><img loading=\"lazy\" decoding=\"async\" class=\" wp-image-1248 alignleft\" src=\"http:\/\/www.living-leedh.com\/wp-content\/uploads\/2015\/05\/dephasage-300x104.jpg\" alt=\"dephasage\" width=\"341\" height=\"118\" srcset=\"https:\/\/www.living-leedh.com\/wp-content\/uploads\/2015\/05\/dephasage-300x104.jpg 300w, https:\/\/www.living-leedh.com\/wp-content\/uploads\/2015\/05\/dephasage-400x139.jpg 400w, https:\/\/www.living-leedh.com\/wp-content\/uploads\/2015\/05\/dephasage.jpg 448w\" sizes=\"auto, (max-width: 341px) 100vw, 341px\" \/><\/a><\/span><\/span><span style=\"color: #000000; font-family: Calibri;\">Quoi de mieux que le registre grave pour r\u00e9gler la phase\u00a0?<\/span><\/p>\n<p><span style=\"color: #000000; font-family: Calibri;\">Donc, cherchons l\u2019optimum de grave au point d\u2019\u00e9coute. <\/span><span style=\"color: #000000; font-family: Calibri;\">J\u2019ai commenc\u00e9 avec de l\u2019orgue. Mais pas assez \u2018modul\u00e9\u2019, sous-basse continue\u00a0; \u00e7a permet une premi\u00e8re approche. Puis j\u2019ai affin\u00e9 avec Pink Floyd : Du grave de grave, il y en a, et modul\u00e9. <\/span><\/p>\n<p><span style=\"color: #000000; font-family: Calibri;\">Pincer, ouvrir, avancer ou reculer les enceinte l&rsquo;une apr\u00e8s l&rsquo;autre au millim\u00e8tre, \u2026 \u00e0 chaque fois, se replacer au Sweet Spot. Pr\u00e9voir du temps !<\/span><\/p>\n<h5 style=\"text-align: center;\"><strong>Voir aussi<\/strong> l&rsquo;approche <a href=\"https:\/\/www.cardas.com\/room_setup_main.php\" target=\"_blank\" rel=\"noopener\">Cardas<\/a>.<\/h5>\n<p>&nbsp;<\/p>\n<h5><span style=\"color: #000080;\"><strong>Un peu de g\u00e9om\u00e9trie&#8230;<\/strong>\u00a0: voir page 2<br \/>\n<\/span><\/h5>\n<p><!--nextpage--><\/p>\n<h5 style=\"text-align: center;\">Au centim\u00e8tre pr\u00e8s !<\/h5>\n<p><img loading=\"lazy\" decoding=\"async\" class=\"size-medium wp-image-3121 alignright\" src=\"http:\/\/www.living-leedh.com\/wp-content\/uploads\/2015\/05\/IMG_0069web-300x272.jpg\" alt=\"IMG_0069web\" width=\"300\" height=\"272\" srcset=\"https:\/\/www.living-leedh.com\/wp-content\/uploads\/2015\/05\/IMG_0069web-300x272.jpg 300w, https:\/\/www.living-leedh.com\/wp-content\/uploads\/2015\/05\/IMG_0069web.jpg 371w\" sizes=\"auto, (max-width: 300px) 100vw, 300px\" \/><\/p>\n<p style=\"text-align: left;\">Quelques \u00e9quipements de base : Pr\u00e9voir\u00a02 m\u00e8tres de 5m et un rapporteur.<\/p>\n<p><a href=\"http:\/\/www.living-leedh.com\/wp-content\/uploads\/2015\/05\/IMG_0069web.jpg\">\u00a0<\/a><\/p>\n<p>&nbsp;<\/p>\n<p><a href=\"http:\/\/www.living-leedh.com\/wp-content\/uploads\/2015\/05\/dessin.png\"><img loading=\"lazy\" decoding=\"async\" class=\"wp-image-3122 alignleft\" src=\"http:\/\/www.living-leedh.com\/wp-content\/uploads\/2015\/05\/dessin-300x190.png\" alt=\"dessin\" width=\"300\" height=\"190\" srcset=\"https:\/\/www.living-leedh.com\/wp-content\/uploads\/2015\/05\/dessin-300x190.png 300w, https:\/\/www.living-leedh.com\/wp-content\/uploads\/2015\/05\/dessin-400x253.png 400w, https:\/\/www.living-leedh.com\/wp-content\/uploads\/2015\/05\/dessin.png 526w\" sizes=\"auto, (max-width: 300px) 100vw, 300px\" \/><br \/>\n<\/a><\/p>\n<p>&nbsp;<\/p>\n<p>L&rsquo;\u00e9quilibre de <strong>la distance<\/strong> de chaque E2 : Principe pour l&rsquo;usage des m\u00e8tres.<\/p>\n<p>&nbsp;<\/p>\n<p>Ce qui nous donne en pratique, c\u00f4t\u00e9 E2 :<\/p>\n<p style=\"text-align: left;\"><a href=\"http:\/\/www.living-leedh.com\/wp-content\/uploads\/2015\/05\/metredroitweb.jpg\"><img loading=\"lazy\" decoding=\"async\" class=\"alignnone wp-image-3123\" src=\"http:\/\/www.living-leedh.com\/wp-content\/uploads\/2015\/05\/metredroitweb-300x225.jpg\" alt=\"metredroitweb\" width=\"223\" height=\"167\" srcset=\"https:\/\/www.living-leedh.com\/wp-content\/uploads\/2015\/05\/metredroitweb-300x225.jpg 300w, https:\/\/www.living-leedh.com\/wp-content\/uploads\/2015\/05\/metredroitweb-400x300.jpg 400w, https:\/\/www.living-leedh.com\/wp-content\/uploads\/2015\/05\/metredroitweb.jpg 448w\" sizes=\"auto, (max-width: 223px) 100vw, 223px\" \/><\/a>\u00a0<a href=\"http:\/\/www.living-leedh.com\/wp-content\/uploads\/2015\/05\/metregaucheweb.jpg\"><img loading=\"lazy\" decoding=\"async\" class=\"alignnone wp-image-3124\" src=\"http:\/\/www.living-leedh.com\/wp-content\/uploads\/2015\/05\/metregaucheweb-300x225.jpg\" alt=\"metregaucheweb\" width=\"221\" height=\"166\" srcset=\"https:\/\/www.living-leedh.com\/wp-content\/uploads\/2015\/05\/metregaucheweb-300x225.jpg 300w, https:\/\/www.living-leedh.com\/wp-content\/uploads\/2015\/05\/metregaucheweb-400x300.jpg 400w, https:\/\/www.living-leedh.com\/wp-content\/uploads\/2015\/05\/metregaucheweb.jpg 448w\" sizes=\"auto, (max-width: 221px) 100vw, 221px\" \/><\/a><\/p>\n<p><img loading=\"lazy\" decoding=\"async\" class=\"size-medium wp-image-3125 alignleft\" src=\"http:\/\/www.living-leedh.com\/wp-content\/uploads\/2015\/05\/metrecentredoc-300x174.jpg\" alt=\"metrecentredoc\" width=\"300\" height=\"174\" srcset=\"https:\/\/www.living-leedh.com\/wp-content\/uploads\/2015\/05\/metrecentredoc-300x174.jpg 300w, https:\/\/www.living-leedh.com\/wp-content\/uploads\/2015\/05\/metrecentredoc.jpg 1024w, https:\/\/www.living-leedh.com\/wp-content\/uploads\/2015\/05\/metrecentredoc-400x232.jpg 400w\" sizes=\"auto, (max-width: 300px) 100vw, 300px\" \/>&#8230; et \u00e0 l&rsquo;arriv\u00e9e, selon le choix d&rsquo;un croisement plus ou moins devant le Sweet Spot. Dans\u00a0ce cas, \u00e0 hauteur des genoux !<\/p>\n<p><span style=\"text-decoration: underline;\">Pour exemple<\/span>, chez moi, la mesure est alors 238cm par enceinte. L&rsquo;important, c&rsquo;est qu&rsquo;elle soit identique\u00a0pour les 2.<\/p>\n<p>A ce stade, chaque enceinte est \u00e0 la m\u00eame distance du point d&rsquo;\u00e9coute, mais sera \u00e0 affiner \u00e0 nouveau apr\u00e8s l&rsquo;\u00e9tape suivante : <strong>L&rsquo;angle<\/strong>. <img loading=\"lazy\" decoding=\"async\" class=\"size-medium wp-image-3126 alignright\" src=\"http:\/\/www.living-leedh.com\/wp-content\/uploads\/2015\/05\/doubleangle.web_-300x269.jpg\" alt=\"doubleangle.web\" width=\"300\" height=\"269\" srcset=\"https:\/\/www.living-leedh.com\/wp-content\/uploads\/2015\/05\/doubleangle.web_-300x269.jpg 300w, https:\/\/www.living-leedh.com\/wp-content\/uploads\/2015\/05\/doubleangle.web_.jpg 375w\" sizes=\"auto, (max-width: 300px) 100vw, 300px\" \/><\/p>\n<p>Le rapporteur a une double \u00e9chelle, pour la lecture d&rsquo;une mesure\u00a0tant\u00a0\u00e0 droite qu&rsquo;\u00e0 gauche.<\/p>\n<p>&nbsp;<\/p>\n<p>&nbsp;<\/p>\n<p>Il faut avoir un rep\u00e8re fiable, perpendiculaire au canap\u00e9 du point d&rsquo;\u00e9coute. Par exemple, utiliser les lattes du parquet apr\u00e8s avoir v\u00e9rifi\u00e9 qu&rsquo;il est correctement pos\u00e9 et que le canap\u00e9 est bien\u00a0\u00e0 angle droit avec les lattes.<\/p>\n<p><a href=\"http:\/\/www.living-leedh.com\/wp-content\/uploads\/2015\/05\/angle-droitdoc.jpg\"><img loading=\"lazy\" decoding=\"async\" class=\"alignnone wp-image-3127\" src=\"http:\/\/www.living-leedh.com\/wp-content\/uploads\/2015\/05\/angle-droitdoc-300x225.jpg\" alt=\"angle droitdoc\" width=\"231\" height=\"173\" srcset=\"https:\/\/www.living-leedh.com\/wp-content\/uploads\/2015\/05\/angle-droitdoc-300x225.jpg 300w, https:\/\/www.living-leedh.com\/wp-content\/uploads\/2015\/05\/angle-droitdoc.jpg 1024w, https:\/\/www.living-leedh.com\/wp-content\/uploads\/2015\/05\/angle-droitdoc-400x300.jpg 400w\" sizes=\"auto, (max-width: 231px) 100vw, 231px\" \/><\/a> <a href=\"http:\/\/www.living-leedh.com\/wp-content\/uploads\/2015\/05\/angle-gauchedoc.jpg\"><img loading=\"lazy\" decoding=\"async\" class=\"alignnone wp-image-3128\" src=\"http:\/\/www.living-leedh.com\/wp-content\/uploads\/2015\/05\/angle-gauchedoc-300x225.jpg\" alt=\"angle gauchedoc\" width=\"232\" height=\"174\" srcset=\"https:\/\/www.living-leedh.com\/wp-content\/uploads\/2015\/05\/angle-gauchedoc-300x225.jpg 300w, https:\/\/www.living-leedh.com\/wp-content\/uploads\/2015\/05\/angle-gauchedoc.jpg 1024w, https:\/\/www.living-leedh.com\/wp-content\/uploads\/2015\/05\/angle-gauchedoc-400x300.jpg 400w\" sizes=\"auto, (max-width: 232px) 100vw, 232px\" \/><\/a><\/p>\n<p>A l&rsquo;\u00e9coute, un angle de 25\u00b0 me satisfait.<\/p>\n<p>Pour v\u00e9rifier, il est bon de refaire la mesure de la distance.<\/p>\n<p><img loading=\"lazy\" decoding=\"async\" class=\"size-medium wp-image-3133 alignleft\" src=\"http:\/\/www.living-leedh.com\/wp-content\/uploads\/2015\/05\/Ailleurs-300x183.jpg\" alt=\"Ailleurs\" width=\"300\" height=\"183\" srcset=\"https:\/\/www.living-leedh.com\/wp-content\/uploads\/2015\/05\/Ailleurs-300x183.jpg 300w, https:\/\/www.living-leedh.com\/wp-content\/uploads\/2015\/05\/Ailleurs-400x244.jpg 400w, https:\/\/www.living-leedh.com\/wp-content\/uploads\/2015\/05\/Ailleurs.jpg 448w\" sizes=\"auto, (max-width: 300px) 100vw, 300px\" \/><\/p>\n<p>Certaines marques d&rsquo;enceinte int\u00e9grent le rapporteur !<\/p>\n<p>&nbsp;<\/p>\n<p>&nbsp;<\/p>\n<p>&nbsp;<\/p>\n<p><em>Ici, bient\u00f4t, les autres astuces des contributeurs du Club&#8230;<\/em> <em>\u00c7a c\u2019est \u00a0<\/em><a href=\"http:\/\/www.living-leedh.com\/?page_id=17\"><em><img loading=\"lazy\" decoding=\"async\" class=\"alignnone wp-image-1191\" src=\"http:\/\/www.living-leedh.com\/wp-content\/uploads\/2015\/05\/LivingClubSign.jpg\" alt=\"LivingClubSign\" width=\"82\" height=\"31\" \/><\/em><\/a><em>\u00a0!<\/em><\/p>\n","protected":false},"excerpt":{"rendered":"<p>Article de Dan Bellity du 22\/02\/1998 sur Haute-fid\u00e9lit\u00e9.net Si constituer un syst\u00e8me de haut niveau est une affaire de pro, le r\u00e9gler et l&rsquo;optimiser est une t\u00e2che \u00e0 partager entre l&rsquo;installateur et l&rsquo;utilisateur! C&rsquo;est d&rsquo;exp\u00e9rience que je vous parle. Animateur d&rsquo;un magasin de haute fid\u00e9lit\u00e9 de tr\u00e8s haut de gamme dans les ann\u00e9es 80, j&rsquo;avais &hellip; <a href=\"https:\/\/www.living-leedh.com\/?page_id=1137\" class=\"more-link\">Continuer la lecture de <span class=\"screen-reader-text\">Je r\u00e8gle la position de mes enceintes<\/span>  <span class=\"meta-nav\">&rarr;<\/span><\/a><\/p>\n","protected":false},"author":1,"featured_media":0,"parent":0,"menu_order":0,"comment_status":"open","ping_status":"open","template":"","meta":{"_bbp_topic_count":0,"_bbp_reply_count":0,"_bbp_total_topic_count":0,"_bbp_total_reply_count":0,"_bbp_voice_count":0,"_bbp_anonymous_reply_count":0,"_bbp_topic_count_hidden":0,"_bbp_reply_count_hidden":0,"_bbp_forum_subforum_count":0,"footnotes":""},"class_list":["post-1137","page","type-page","status-publish","hentry"],"_links":{"self":[{"href":"https:\/\/www.living-leedh.com\/index.php?rest_route=\/wp\/v2\/pages\/1137","targetHints":{"allow":["GET"]}}],"collection":[{"href":"https:\/\/www.living-leedh.com\/index.php?rest_route=\/wp\/v2\/pages"}],"about":[{"href":"https:\/\/www.living-leedh.com\/index.php?rest_route=\/wp\/v2\/types\/page"}],"author":[{"embeddable":true,"href":"https:\/\/www.living-leedh.com\/index.php?rest_route=\/wp\/v2\/users\/1"}],"replies":[{"embeddable":true,"href":"https:\/\/www.living-leedh.com\/index.php?rest_route=%2Fwp%2Fv2%2Fcomments&post=1137"}],"version-history":[{"count":54,"href":"https:\/\/www.living-leedh.com\/index.php?rest_route=\/wp\/v2\/pages\/1137\/revisions"}],"predecessor-version":[{"id":7459,"href":"https:\/\/www.living-leedh.com\/index.php?rest_route=\/wp\/v2\/pages\/1137\/revisions\/7459"}],"wp:attachment":[{"href":"https:\/\/www.living-leedh.com\/index.php?rest_route=%2Fwp%2Fv2%2Fmedia&parent=1137"}],"curies":[{"name":"wp","href":"https:\/\/api.w.org\/{rel}","templated":true}]}}