{"id":1318,"date":"2017-06-16T09:10:17","date_gmt":"2017-06-16T07:10:17","guid":{"rendered":"http:\/\/www.living-leedh.com\/?page_id=1318"},"modified":"2026-03-31T17:40:44","modified_gmt":"2026-03-31T15:40:44","slug":"leedh-fait-centrale","status":"publish","type":"page","link":"https:\/\/www.living-leedh.com\/?page_id=1318","title":{"rendered":"Les actualit\u00e9s"},"content":{"rendered":"<ul>\n<li>Ventes<a href=\"https:\/\/www.living-leedh.com\/?page_id=737\" target=\"_blank\" rel=\"noopener\"> E2 Glass<\/a><\/li>\n<li><a href=\"https:\/\/www.living-leedh.com\/?page_id=6597\" target=\"_blank\" rel=\"noopener\">Cherche caisson 20.1<\/a><\/li>\n<li><a href=\"https:\/\/www.living-leedh.com\/?page_id=7034\" target=\"_blank\" rel=\"noopener\">Starlet<\/a>, une enceinte peu connue<\/li>\n<li>Membre du club recherche<a href=\"http:\/\/www.living-leedh.com\/?page_id=6597\" target=\"_blank\" rel=\"noopener\"> colonnes Leedh<\/a><\/li>\n<\/ul>\n<p><strong><span style=\"text-decoration: underline;\">Chers Leedhers<\/span> :<\/strong> Pr\u00e9f\u00e9rez utiliser <a href=\"http:\/\/www.living-leedh.com\/?page_id=3277\">le Forum<\/a> pour nos \u00e9changes, plut\u00f4t que les commentaires. Pour y ouvrir une nouvelle rubrique, <a href=\"http:\/\/www.living-leedh.com\/?page_id=71\" target=\"_blank\" rel=\"noopener noreferrer\">contactez-nous<\/a>. Dans une rubrique, vous pouvez ouvrir les sujets. Regardez le r\u00e9guli\u00e8rement : Les nouveaux sujets ne sont pas toujours signal\u00e9s.<\/p>\n","protected":false},"excerpt":{"rendered":"<p>Derni\u00e8re mise \u00e0 jour : 31\/03\/2026<br \/>\n*soir\u00e9e vinyles de jazz<br \/>\n*Ventes syst\u00e8mes Glass<br \/>\n*recherche caisson 20.1<br \/>\n*Vente voie centrale E2Glass et Plaque Inerta<br \/>\n* vente amplis Musical Fidelity<br \/>\n*Starlet, une enceinte peu connue <\/p>\n","protected":false},"author":1,"featured_media":1615,"parent":0,"menu_order":0,"comment_status":"open","ping_status":"open","template":"","meta":{"_bbp_topic_count":0,"_bbp_reply_count":0,"_bbp_total_topic_count":0,"_bbp_total_reply_count":0,"_bbp_voice_count":0,"_bbp_anonymous_reply_count":0,"_bbp_topic_count_hidden":0,"_bbp_reply_count_hidden":0,"_bbp_forum_subforum_count":0,"footnotes":""},"class_list":["post-1318","page","type-page","status-publish","has-post-thumbnail","hentry"],"_links":{"self":[{"href":"https:\/\/www.living-leedh.com\/index.php?rest_route=\/wp\/v2\/pages\/1318","targetHints":{"allow":["GET"]}}],"collection":[{"href":"https:\/\/www.living-leedh.com\/index.php?rest_route=\/wp\/v2\/pages"}],"about":[{"href":"https:\/\/www.living-leedh.com\/index.php?rest_route=\/wp\/v2\/types\/page"}],"author":[{"embeddable":true,"href":"https:\/\/www.living-leedh.com\/index.php?rest_route=\/wp\/v2\/users\/1"}],"replies":[{"embeddable":true,"href":"https:\/\/www.living-leedh.com\/index.php?rest_route=%2Fwp%2Fv2%2Fcomments&post=1318"}],"version-history":[{"count":451,"href":"https:\/\/www.living-leedh.com\/index.php?rest_route=\/wp\/v2\/pages\/1318\/revisions"}],"predecessor-version":[{"id":7710,"href":"https:\/\/www.living-leedh.com\/index.php?rest_route=\/wp\/v2\/pages\/1318\/revisions\/7710"}],"wp:featuredmedia":[{"embeddable":true,"href":"https:\/\/www.living-leedh.com\/index.php?rest_route=\/wp\/v2\/media\/1615"}],"wp:attachment":[{"href":"https:\/\/www.living-leedh.com\/index.php?rest_route=%2Fwp%2Fv2%2Fmedia&parent=1318"}],"curies":[{"name":"wp","href":"https:\/\/api.w.org\/{rel}","templated":true}]}}