{"id":185,"date":"2015-03-22T17:23:10","date_gmt":"2015-03-22T16:23:10","guid":{"rendered":"http:\/\/www.living-leedh.com\/?page_id=185"},"modified":"2022-03-08T08:20:18","modified_gmt":"2022-03-08T07:20:18","slug":"presse","status":"publish","type":"page","link":"https:\/\/www.living-leedh.com\/?page_id=185","title":{"rendered":"La presse \u00e9crite"},"content":{"rendered":"<h3><strong>La presse \u00e9crite &amp; institutionnelle<br \/>\n<\/strong><\/h3>\n<p>&nbsp;<\/p>\n<p><img loading=\"lazy\" decoding=\"async\" class=\"alignnone wp-image-2879\" src=\"http:\/\/www.living-leedh.com\/wp-content\/uploads\/2015\/03\/Stereo-61-300x35.png\" alt=\"Stereo 61\" width=\"299\" height=\"35\" srcset=\"https:\/\/www.living-leedh.com\/wp-content\/uploads\/2015\/03\/Stereo-61-300x35.png 300w, https:\/\/www.living-leedh.com\/wp-content\/uploads\/2015\/03\/Stereo-61.png 352w\" sizes=\"auto, (max-width: 299px) 100vw, 299px\" \/>&#8230;\u00a0\u00a0 <span style=\"color: #008000;\"><a href=\"http:\/\/www.living-leedh.com\/wp-content\/uploads\/2015\/03\/Stereo-Image-61-Novembre-2011-LEEDH.pdf\" target=\"_blank\" rel=\"noopener\">D\u00e9tails de fabrication <\/a><\/span><\/p>\n<p>Dans le<strong> n\u00b086<\/strong> : <a href=\"https:\/\/www.living-leedh.com\/wp-content\/uploads\/2022\/03\/2014-03-86-P44A47_BE-LEEDH-1.pdf\" target=\"_blank\" rel=\"noopener\">L&rsquo;ensemble E2+Caisson<\/a> et des mesures (rares&#8230;)<\/p>\n<p><a href=\"http:\/\/www.living-leedh.com\/wp-content\/uploads\/2015\/03\/SCAN0004.jpg\" target=\"_blank\" rel=\"noopener\">BE du c\u00e2ble \u00ab\u00a0Universel\u00a0\u00bb<\/a><\/p>\n<p>&nbsp;<\/p>\n<p><a href=\"http:\/\/www.living-leedh.com\/wp-content\/uploads\/2015\/03\/2014-06-Haute-Fidelite-leedh.pdf\" target=\"_blank\" rel=\"noopener\"><img loading=\"lazy\" decoding=\"async\" class=\" wp-image-246 alignnone\" src=\"http:\/\/www.living-leedh.com\/wp-content\/uploads\/2015\/03\/HFJuin2014-225x300.jpg\" alt=\"HFJuin2014\" width=\"201\" height=\"268\" srcset=\"https:\/\/www.living-leedh.com\/wp-content\/uploads\/2015\/03\/HFJuin2014-225x300.jpg 225w, https:\/\/www.living-leedh.com\/wp-content\/uploads\/2015\/03\/HFJuin2014.jpg 400w\" sizes=\"auto, (max-width: 201px) 100vw, 201px\" \/><\/a><a href=\"http:\/\/www.living-leedh.com\/wp-content\/uploads\/2015\/03\/HauteFidelieHS4.pdf\" target=\"_blank\" rel=\"noopener\"><img loading=\"lazy\" decoding=\"async\" class=\"alignnone wp-image-1003\" src=\"http:\/\/www.living-leedh.com\/wp-content\/uploads\/2015\/03\/CaptureHauteFideliteHSn\u00b04-226x300.jpg\" alt=\"CaptureHauteFideliteHSn\u00b04\" width=\"201\" height=\"267\" srcset=\"https:\/\/www.living-leedh.com\/wp-content\/uploads\/2015\/03\/CaptureHauteFideliteHSn\u00b04-226x300.jpg 226w, https:\/\/www.living-leedh.com\/wp-content\/uploads\/2015\/03\/CaptureHauteFideliteHSn\u00b04-400x532.jpg 400w, https:\/\/www.living-leedh.com\/wp-content\/uploads\/2015\/03\/CaptureHauteFideliteHSn\u00b04.jpg 451w\" sizes=\"auto, (max-width: 201px) 100vw, 201px\" \/><\/a><br \/>\nN\u00b0 199, Juin 2014 ,\u00a0\u00a0\u00a0\u00a0\u00a0\u00a0\u00a0\u00a0\u00a0\u00a0\u00a0\u00a0\u00a0\u00a0\u00a0\u00a0\u00a0\u00a0\u00a0\u00a0\u00a0\u00a0\u00a0\u00a0\u00a0\u00a0\u00a0 Hors S\u00e9rie N\u00b04 ,<br \/>\n<strong> Caisson 20.1\u00a0\u00a0\u00a0\u00a0\u00a0\u00a0\u00a0\u00a0\u00a0\u00a0\u00a0\u00a0\u00a0\u00a0\u00a0\u00a0\u00a0\u00a0\u00a0\u00a0\u00a0\u00a0\u00a0\u00a0\u00a0\u00a0\u00a0\u00a0\u00a0\u00a0\u00a0\u00a0\u00a0\u00a0\u00a0\u00a0 \u00a0\u00a0 LEEDH E2<\/strong><\/p>\n<p><a href=\"http:\/\/www.living-leedh.com\/wp-content\/uploads\/2016\/01\/doc-leedh.pdf\" target=\"_blank\" rel=\"noopener\"><img loading=\"lazy\" decoding=\"async\" class=\"alignnone wp-image-1664\" src=\"http:\/\/www.living-leedh.com\/wp-content\/uploads\/2015\/06\/CouvHF210-221x300.jpg\" alt=\"CouvHF210\" width=\"197\" height=\"267\" srcset=\"https:\/\/www.living-leedh.com\/wp-content\/uploads\/2015\/06\/CouvHF210-221x300.jpg 221w, https:\/\/www.living-leedh.com\/wp-content\/uploads\/2015\/06\/CouvHF210.jpg 330w\" sizes=\"auto, (max-width: 197px) 100vw, 197px\" \/><\/a>\u00a0\u00a0 <a href=\"http:\/\/www.living-leedh.com\/wp-content\/uploads\/2016\/05\/Artcle-Haute_Fidelite.pdf\" target=\"_blank\" rel=\"noopener\"><img loading=\"lazy\" decoding=\"async\" class=\"alignnone wp-image-4002\" src=\"http:\/\/www.living-leedh.com\/wp-content\/uploads\/2015\/03\/CouvHF_Web.jpg\" alt=\"CouvHF_Web\" width=\"205\" height=\"271\" srcset=\"https:\/\/www.living-leedh.com\/wp-content\/uploads\/2015\/03\/CouvHF_Web.jpg 336w, https:\/\/www.living-leedh.com\/wp-content\/uploads\/2015\/03\/CouvHF_Web-227x300.jpg 227w\" sizes=\"auto, (max-width: 205px) 100vw, 205px\" \/><\/a>\u00a0\u00a0\u00a0\u00a0\u00a0\u00a0\u00a0\u00a0\u00a0\u00a0\u00a0\u00a0\u00a0\u00a0 N\u00b0 210 Ao\u00fbt\/Sept. 2015 ,\u00a0\u00a0\u00a0\u00a0\u00a0\u00a0\u00a0\u00a0\u00a0\u00a0\u00a0\u00a0\u00a0\u00a0 N\u00b0 217 Juin\/Juil. 2016,<br \/>\n<strong>LEEDH\/Devialet\u00a0\u00a0\u00a0\u00a0\u00a0\u00a0\u00a0\u00a0\u00a0\u00a0\u00a0\u00a0\u00a0\u00a0\u00a0\u00a0\u00a0\u00a0\u00a0\u00a0\u00a0\u00a0\u00a0\u00a0\u00a0\u00a0\u00a0\u00a0\u00a0\u00a0\u00a0\u00a0 Munich 2016<\/strong><\/p>\n<p><a href=\"http:\/\/www.living-leedh.com\/wp-content\/uploads\/2015\/03\/BE-Glass-HifiMag.pdf\" target=\"_blank\" rel=\"noopener\"><img loading=\"lazy\" decoding=\"async\" class=\"alignnone wp-image-4720\" src=\"http:\/\/www.living-leedh.com\/wp-content\/uploads\/2015\/03\/Couv220.jpg\" alt=\"couv220\" width=\"190\" height=\"254\" srcset=\"https:\/\/www.living-leedh.com\/wp-content\/uploads\/2015\/03\/Couv220.jpg 336w, https:\/\/www.living-leedh.com\/wp-content\/uploads\/2015\/03\/Couv220-225x300.jpg 225w\" sizes=\"auto, (max-width: 190px) 100vw, 190px\" \/><\/a><br \/>\nN\u00b0 220 Novembre 2016,<br \/>\n<strong>LEEDH E2 <span style=\"text-decoration: underline;\">Glass<\/span><\/strong><\/p>\n<p><a href=\"http:\/\/www.living-leedh.com\/wp-content\/uploads\/2015\/03\/Audioart_mag.jpg\"><img loading=\"lazy\" decoding=\"async\" class=\"wp-image-2792 alignleft\" src=\"http:\/\/www.living-leedh.com\/wp-content\/uploads\/2015\/03\/Audioart_mag-232x300.jpg\" alt=\"Audioart_mag\" width=\"210\" height=\"272\" srcset=\"https:\/\/www.living-leedh.com\/wp-content\/uploads\/2015\/03\/Audioart_mag-232x300.jpg 232w, https:\/\/www.living-leedh.com\/wp-content\/uploads\/2015\/03\/Audioart_mag.jpg 370w\" sizes=\"auto, (max-width: 210px) 100vw, 210px\" \/><\/a><\/p>\n<p>&nbsp;<\/p>\n<p><a href=\"http:\/\/www.living-leedh.com\/wp-content\/uploads\/2015\/06\/LEEDH-review-from-Audioart-Magazine.pdf\" target=\"_blank\" rel=\"noopener\">LEEDH review from Audioart Magazine<\/a> Nov. 2015(Taiwan).<\/p>\n<p>\u00ab\u00a02016 best Audio equipment Award by AudioArt Magazine\u00a0\u00bb.<\/p>\n<p><a href=\"http:\/\/www.living-leedh.com\/wp-content\/uploads\/2015\/03\/troph\u00e9_web.jpg\"><img loading=\"lazy\" decoding=\"async\" class=\"alignnone size-medium wp-image-2873\" src=\"http:\/\/www.living-leedh.com\/wp-content\/uploads\/2015\/03\/troph\u00e9_web-222x300.jpg\" alt=\"troph\u00e9_web\" width=\"222\" height=\"300\" srcset=\"https:\/\/www.living-leedh.com\/wp-content\/uploads\/2015\/03\/troph\u00e9_web-222x300.jpg 222w, https:\/\/www.living-leedh.com\/wp-content\/uploads\/2015\/03\/troph\u00e9_web.jpg 332w\" sizes=\"auto, (max-width: 222px) 100vw, 222px\" \/><\/a><\/p>\n<p><img loading=\"lazy\" decoding=\"async\" class=\"alignnone wp-image-3580\" src=\"http:\/\/www.living-leedh.com\/wp-content\/uploads\/2015\/03\/GoodLife.jpg\" alt=\"GoodLife\" width=\"238\" height=\"50\" srcset=\"https:\/\/www.living-leedh.com\/wp-content\/uploads\/2015\/03\/GoodLife.jpg 448w, https:\/\/www.living-leedh.com\/wp-content\/uploads\/2015\/03\/GoodLife-300x63.jpg 300w, https:\/\/www.living-leedh.com\/wp-content\/uploads\/2015\/03\/GoodLife-400x84.jpg 400w\" sizes=\"auto, (max-width: 238px) 100vw, 238px\" \/>\u00a0 &#8230; <a href=\"http:\/\/www.living-leedh.com\/wp-content\/uploads\/2015\/06\/2015-12-The-Good-Life.pdf\" target=\"_blank\" rel=\"noopener\">Au milieu des tr\u00e8s ch\u00e8res<\/a><\/p>\n<p><a href=\"http:\/\/www.lefigaro.fr\/secteur\/high-tech\/2015\/05\/30\/32001-20150530ARTFIG00005-au-pays-de-la-hi-fi-sans-limite.php\" target=\"_blank\" rel=\"noopener\"><br \/>\n<\/a><a href=\"https:\/\/www.living-leedh.com\/wp-content\/uploads\/2015\/03\/Figaro.jpg\" target=\"_blank\" rel=\"noopener\"><img loading=\"lazy\" decoding=\"async\" class=\"alignleft wp-image-1278\" src=\"http:\/\/www.living-leedh.com\/wp-content\/uploads\/2015\/03\/Figaro-300x113.jpg\" alt=\"Figaro\" width=\"274\" height=\"103\" srcset=\"https:\/\/www.living-leedh.com\/wp-content\/uploads\/2015\/03\/Figaro-300x113.jpg 300w, https:\/\/www.living-leedh.com\/wp-content\/uploads\/2015\/03\/Figaro-400x151.jpg 400w, https:\/\/www.living-leedh.com\/wp-content\/uploads\/2015\/03\/Figaro.jpg 448w\" sizes=\"auto, (max-width: 274px) 100vw, 274px\" \/><\/a><\/p>\n<p>&nbsp;<\/p>\n<p style=\"text-align: justify;\"><strong>30\/05\/2015 :\u00a0\u00a0 <\/strong><em>D&rsquo;autres, plus radicaux, pr\u00e9f\u00e8rent\u2026 <\/em><em>se passer de caisson. C&rsquo;est l&rsquo;id\u00e9e du fran\u00e7ais Acoustical Beauty avec son mod\u00e8le Leedh E2 dont les haut-parleurs, confin\u00e9s dans des supports oblongs, sont fix\u00e9s sur un simple chevalet. \u00abNous avons remplac\u00e9 le volumineux coffret par des projecteurs de son, explique Gilles Milot, pr\u00e9sident-fondateur de la soci\u00e9t\u00e9. <\/em><em>Ce qui permet de produire une image sonore en 3D, o\u00f9 la musique provient de tout l&rsquo;espace, \u00e0 la fois en hauteur, en largeur et en profondeur.\u00bb \u00c0 ces caract\u00e9ristiques s&rsquo;ajoute l&rsquo;aspect esth\u00e9tique du produit. \u00abC&rsquo;est l&rsquo;\u00e9quivalent pour le son de l&rsquo;\u00e9cran plat pour l&rsquo;image: on passe de l&rsquo;\u00e9norme t\u00e9l\u00e9viseur \u00e0 un objet discret, \u00e9pur\u00e9, et en haute r\u00e9solution. Un objet domestique, vivable au quotidien, ce qui est un crit\u00e8re important pour les \u00e9pouses ou les compagnes.\u00bb&#8230; \/ &#8230;Le fran\u00e7ais Acoustical Beauty, lui, se contente de diffuser chaque ann\u00e9e en France une soixantaine de paires d&rsquo;enceinte \u00e0 16\u00a0000\u00a0\u20ac, qui servent de vitrine \u00e0 une activit\u00e9 de fabricant de composants.<\/em><\/p>\n<h4>\u00a0\u00a0<a title=\"PresseSiteOfficiel\" href=\"https:\/\/www.living-leedh.com\/?page_id=7183\" target=\"_blank\" rel=\"noopener\">Toute la presse sur le site officiel<\/a><\/h4>\n","protected":false},"excerpt":{"rendered":"<p>La presse \u00e9crite &amp; institutionnelle &nbsp; &#8230;\u00a0\u00a0 D\u00e9tails de fabrication Dans le n\u00b086 : L&rsquo;ensemble E2+Caisson et des mesures (rares&#8230;) BE du c\u00e2ble \u00ab\u00a0Universel\u00a0\u00bb &nbsp; N\u00b0 199, Juin 2014 ,\u00a0\u00a0\u00a0\u00a0\u00a0\u00a0\u00a0\u00a0\u00a0\u00a0\u00a0\u00a0\u00a0\u00a0\u00a0\u00a0\u00a0\u00a0\u00a0\u00a0\u00a0\u00a0\u00a0\u00a0\u00a0\u00a0\u00a0 Hors S\u00e9rie N\u00b04 , Caisson 20.1\u00a0\u00a0\u00a0\u00a0\u00a0\u00a0\u00a0\u00a0\u00a0\u00a0\u00a0\u00a0\u00a0\u00a0\u00a0\u00a0\u00a0\u00a0\u00a0\u00a0\u00a0\u00a0\u00a0\u00a0\u00a0\u00a0\u00a0\u00a0\u00a0\u00a0\u00a0\u00a0\u00a0\u00a0\u00a0\u00a0 \u00a0\u00a0 LEEDH E2 \u00a0\u00a0 \u00a0\u00a0\u00a0\u00a0\u00a0\u00a0\u00a0\u00a0\u00a0\u00a0\u00a0\u00a0\u00a0\u00a0 N\u00b0 210 Ao\u00fbt\/Sept. 2015 ,\u00a0\u00a0\u00a0\u00a0\u00a0\u00a0\u00a0\u00a0\u00a0\u00a0\u00a0\u00a0\u00a0\u00a0 N\u00b0 217 Juin\/Juil. 2016, LEEDH\/Devialet\u00a0\u00a0\u00a0\u00a0\u00a0\u00a0\u00a0\u00a0\u00a0\u00a0\u00a0\u00a0\u00a0\u00a0\u00a0\u00a0\u00a0\u00a0\u00a0\u00a0\u00a0\u00a0\u00a0\u00a0\u00a0\u00a0\u00a0\u00a0\u00a0\u00a0\u00a0\u00a0 Munich 2016 N\u00b0 220 &hellip; <a href=\"https:\/\/www.living-leedh.com\/?page_id=185\" class=\"more-link\">Continuer la lecture de <span class=\"screen-reader-text\">La presse \u00e9crite<\/span>  <span class=\"meta-nav\">&rarr;<\/span><\/a><\/p>\n","protected":false},"author":1,"featured_media":0,"parent":0,"menu_order":0,"comment_status":"closed","ping_status":"open","template":"","meta":{"_bbp_topic_count":0,"_bbp_reply_count":0,"_bbp_total_topic_count":0,"_bbp_total_reply_count":0,"_bbp_voice_count":0,"_bbp_anonymous_reply_count":0,"_bbp_topic_count_hidden":0,"_bbp_reply_count_hidden":0,"_bbp_forum_subforum_count":0,"footnotes":""},"class_list":["post-185","page","type-page","status-publish","hentry"],"_links":{"self":[{"href":"https:\/\/www.living-leedh.com\/index.php?rest_route=\/wp\/v2\/pages\/185","targetHints":{"allow":["GET"]}}],"collection":[{"href":"https:\/\/www.living-leedh.com\/index.php?rest_route=\/wp\/v2\/pages"}],"about":[{"href":"https:\/\/www.living-leedh.com\/index.php?rest_route=\/wp\/v2\/types\/page"}],"author":[{"embeddable":true,"href":"https:\/\/www.living-leedh.com\/index.php?rest_route=\/wp\/v2\/users\/1"}],"replies":[{"embeddable":true,"href":"https:\/\/www.living-leedh.com\/index.php?rest_route=%2Fwp%2Fv2%2Fcomments&post=185"}],"version-history":[{"count":136,"href":"https:\/\/www.living-leedh.com\/index.php?rest_route=\/wp\/v2\/pages\/185\/revisions"}],"predecessor-version":[{"id":1281,"href":"https:\/\/www.living-leedh.com\/index.php?rest_route=\/wp\/v2\/pages\/185\/revisions\/1281"}],"wp:attachment":[{"href":"https:\/\/www.living-leedh.com\/index.php?rest_route=%2Fwp%2Fv2%2Fmedia&parent=185"}],"curies":[{"name":"wp","href":"https:\/\/api.w.org\/{rel}","templated":true}]}}