{"id":2053,"date":"2015-10-18T08:59:48","date_gmt":"2015-10-18T06:59:48","guid":{"rendered":"http:\/\/www.living-leedh.com\/?page_id=2053"},"modified":"2018-01-03T19:16:16","modified_gmt":"2018-01-03T18:16:16","slug":"elfe-2","status":"publish","type":"page","link":"https:\/\/www.living-leedh.com\/?page_id=2053","title":{"rendered":"Elfe"},"content":{"rendered":"<p><strong>Plaquettes commerciales :<\/strong><\/p>\n<p><a href=\"http:\/\/www.living-leedh.com\/wp-content\/uploads\/2015\/10\/Doc_06.pdf\" target=\"_blank\" rel=\"noopener\"><img loading=\"lazy\" decoding=\"async\" class=\" wp-image-2054 alignleft\" src=\"http:\/\/www.living-leedh.com\/wp-content\/uploads\/2015\/10\/Elfe.png\" alt=\"Elfe\" width=\"96\" height=\"75\" \/><\/a><\/p>\n<p><strong>&#8230; &amp; &#8230;<\/strong> \u00a0<a href=\"http:\/\/www.living-leedh.com\/wp-content\/uploads\/2015\/10\/Doc_07.pdf\" target=\"_blank\" rel=\"noopener\"><img loading=\"lazy\" decoding=\"async\" class=\"alignnone wp-image-2056\" src=\"http:\/\/www.living-leedh.com\/wp-content\/uploads\/2015\/10\/Elfe2.png\" alt=\"Elfe2\" width=\"94\" height=\"170\" \/><\/a><\/p>\n<p><strong>1985 :<\/strong><\/p>\n<p><a href=\"http:\/\/www.living-leedh.com\/wp-content\/uploads\/2015\/10\/Doc_08_4.pdf\" target=\"_blank\" rel=\"noopener\"><img loading=\"lazy\" decoding=\"async\" class=\"alignnone size-medium wp-image-2061\" src=\"http:\/\/www.living-leedh.com\/wp-content\/uploads\/2015\/10\/BE-NRdS92-300x103.png\" alt=\"BE NRdS92\" width=\"300\" height=\"103\" srcset=\"https:\/\/www.living-leedh.com\/wp-content\/uploads\/2015\/10\/BE-NRdS92-300x103.png 300w, https:\/\/www.living-leedh.com\/wp-content\/uploads\/2015\/10\/BE-NRdS92-672x234.png 672w, https:\/\/www.living-leedh.com\/wp-content\/uploads\/2015\/10\/BE-NRdS92-400x137.png 400w, https:\/\/www.living-leedh.com\/wp-content\/uploads\/2015\/10\/BE-NRdS92.png 681w\" sizes=\"auto, (max-width: 300px) 100vw, 300px\" \/><\/a><\/p>\n<p>Mars<strong> :<\/strong> <a href=\"http:\/\/www.living-leedh.com\/wp-content\/uploads\/2015\/10\/Doc_09_4.pdf\" target=\"_blank\" rel=\"noopener\">HiFi St\u00e9r\u00e9o<\/a><\/p>\n<p>&#8212;&#8212;&#8212;&#8212;&#8212;&#8212;&#8212;&#8212;&#8212;&#8212;&#8212;&#8212;&#8212;&#8212;&#8212;&#8212;&#8212;&#8212;&#8212;&#8212;&#8211;<\/p>\n<p><strong>Comparatif<\/strong> DIAPASON <a href=\"http:\/\/www.living-leedh.com\/wp-content\/uploads\/2015\/10\/Doc_10_4.pdf\" target=\"_blank\" rel=\"noopener\">18 enceintes<\/a><\/p>\n<p>&#8212;&#8212;&#8212;&#8212;&#8212;&#8212;&#8212;&#8212;&#8212;&#8212;&#8212;&#8212;&#8212;&#8212;&#8212;&#8212;&#8212;&#8212;&#8212;&#8212;&#8211;<\/p>\n<p><strong><a href=\"http:\/\/bluesteeleyes.free.fr\/La_HiFi_vintage\/Enceintes_LEEDH_Elfe.html\" target=\"_blank\" rel=\"noopener\">Un lien<\/a><\/strong> sur les Elfes : <a href=\"http:\/\/bluesteeleyes.free.fr\/La_HiFi_vintage\/Enceintes_LEEDH_Elfe.html\" target=\"_blank\" rel=\"noopener\"><img decoding=\"async\" src=\"http:\/\/bluesteeleyes.free.fr\/La_HiFi_vintage\/BLUESTEELEYES_LA_HI-FI_VINTAGE_files\/Image%207.jpg\" alt=\"\" \/><\/a><br \/>\net sur le forum <a href=\"http:\/\/www.audiovintage.fr\/leforum\/viewtopic.php?f=20&amp;t=15511&amp;sid=328f2196534484289ec77834c66d77bf\" target=\"_blank\" rel=\"noopener\">audio-vintage<\/a><\/p>\n<p>&#8212;&#8212;&#8212;&#8212;&#8212;&#8212;&#8212;&#8212;&#8212;&#8212;&#8212;&#8212;&#8212;&#8212;&#8212;&#8212;&#8212;&#8212;&#8212;&#8212;&#8212;&#8212;&#8212;&#8212;&#8212;&#8212;&#8212;&#8212;<\/p>\n<p><em>De notre Leedher ELFY :<\/em><br \/>\nVoici un petit article sur les <strong>Leedh Elfe <\/strong>(diapason d\u2019or en 87), achet\u00e9es en 1989, et que j\u2019utilise toujours avec beaucoup de plaisir.<\/p>\n<p>L\u2019esth\u00e9tique en laqu\u00e9 noire est superbe et intemporelle, sur une forme \u00e9l\u00e9gante avec les deux pans inclin\u00e9s et arrondis.<a href=\"http:\/\/www.living-leedh.com\/wp-content\/uploads\/2018\/01\/image001.jpg\"><img loading=\"lazy\" decoding=\"async\" class=\"alignnone size-full wp-image-5756\" src=\"http:\/\/www.living-leedh.com\/wp-content\/uploads\/2018\/01\/image001.jpg\" alt=\"\" width=\"2565\" height=\"4655\" srcset=\"https:\/\/www.living-leedh.com\/wp-content\/uploads\/2018\/01\/image001.jpg 2565w, https:\/\/www.living-leedh.com\/wp-content\/uploads\/2018\/01\/image001-165x300.jpg 165w, https:\/\/www.living-leedh.com\/wp-content\/uploads\/2018\/01\/image001-768x1394.jpg 768w, https:\/\/www.living-leedh.com\/wp-content\/uploads\/2018\/01\/image001-564x1024.jpg 564w, https:\/\/www.living-leedh.com\/wp-content\/uploads\/2018\/01\/image001-331x600.jpg 331w\" sizes=\"auto, (max-width: 2565px) 100vw, 2565px\" \/><\/a><\/p>\n<p>La qualit\u00e9 de fabrication de Mr MILOT, semi artisanale, et avec beaucoup de soins apport\u00e9s lors de la conception, donne une belle colonne 2 voies. Les premiers mod\u00e8les sont sortis en 85, on peut ici parler de collector. Le travail est pointu sur la rigidit\u00e9 et la neutralit\u00e9 de reproduction, les hp, le filtrage et la charge. C\u2019est un produit tr\u00e8s \u00e9tudi\u00e9.<\/p>\n<p>Les tests et revues de l\u2019\u00e9poque la pla\u00e7ait syst\u00e9matiquement haut dans les podiums, \u00e0 gamme \u00e9quivalente, et m\u00eame sur des mod\u00e8les coutant bien plus chers, surtout pour ces qualit\u00e9s de transparence, de rapidit\u00e9, de dynamique et d\u2019image sonore.<\/p>\n<p>La belle, coul\u00e9e en \u00e9pais b\u00e9ton pl\u00e2tre et avec une coque en polyester proche de la laque en aspect, est enti\u00e8rement et largement amortie en mousse acoustique (Daflon\u00a0?), et pr\u00e9sente une rigidit\u00e9 et une masse id\u00e9ale tr\u00e8s importante, elle fr\u00f4le les 40 kilos par enceinte, et annule un maximum de r\u00e9sonnances. La base pr\u00e9sente un \u00e9vent rond qui participe au r\u00e9glage de la charge du grave m\u00e9dium, sans aucun \u2018\u2019tuyau \u2018\u2019 d\u2019accord.<a href=\"http:\/\/www.living-leedh.com\/wp-content\/uploads\/2018\/01\/image002.jpg\"><img loading=\"lazy\" decoding=\"async\" class=\"alignnone size-full wp-image-5757\" src=\"http:\/\/www.living-leedh.com\/wp-content\/uploads\/2018\/01\/image002.jpg\" alt=\"\" width=\"3264\" height=\"4896\" srcset=\"https:\/\/www.living-leedh.com\/wp-content\/uploads\/2018\/01\/image002.jpg 3264w, https:\/\/www.living-leedh.com\/wp-content\/uploads\/2018\/01\/image002-200x300.jpg 200w, https:\/\/www.living-leedh.com\/wp-content\/uploads\/2018\/01\/image002-768x1152.jpg 768w, https:\/\/www.living-leedh.com\/wp-content\/uploads\/2018\/01\/image002-683x1024.jpg 683w, https:\/\/www.living-leedh.com\/wp-content\/uploads\/2018\/01\/image002-400x600.jpg 400w\" sizes=\"auto, (max-width: 3264px) 100vw, 3264px\" \/><\/a><\/p>\n<p>Les dimensions sont de 950x 300&#215;310. Au niveau des HP\u00a0: Grave medium sur cahier des charges de 21cm c\u00f4ne \u00e0 la c\u00e9l\u00e8bre membrane tr\u00e8s l\u00e9g\u00e8re avec enduit, pr\u00e9sente peu de d\u00e9battement et est sur suspension demi-cercle invers\u00e9 en caoutchouc. Au centre\u00a0 un cylindre de feutre est fix\u00e9 sur le noyau moteur, enlevant encore des r\u00e9sonnances\/cavit\u00e9. Le \u00a0tweeter Audax Type TW010 ( F1 aujourd\u2019hui) d\u00f4me 2cm ,membrane \u00a0double profil polycarbonate avec double aimant t\u00eate b\u00eache ferrofluid\u00e9, est mont\u00e9 sur pavillon \u00e9lastom\u00e8re sp\u00e9cifique.<\/p>\n<p>Le filtre simplifi\u00e9 au maximum en pente douce et.. rien pour le grave medium qui est donc comme un \u2018\u2019large bande\u2019\u2019.<br \/>\nLa connexion est en mono c\u00e2blage sur slots fiche banane. Son rendement est de 91 db pour une puissance de 75 W. Elle est facile \u00e0 alimenter mais de bons \u00e9l\u00e9ments en amont (ampli, c\u00e2blage) sont importants \u00e0 choisir, pour lui permettre de bien s\u2019exprimer.<a href=\"http:\/\/www.living-leedh.com\/wp-content\/uploads\/2018\/01\/image003-5.jpg\"><img loading=\"lazy\" decoding=\"async\" class=\"alignnone size-full wp-image-5758\" src=\"http:\/\/www.living-leedh.com\/wp-content\/uploads\/2018\/01\/image003-5.jpg\" alt=\"\" width=\"443\" height=\"655\" srcset=\"https:\/\/www.living-leedh.com\/wp-content\/uploads\/2018\/01\/image003-5.jpg 443w, https:\/\/www.living-leedh.com\/wp-content\/uploads\/2018\/01\/image003-5-203x300.jpg 203w, https:\/\/www.living-leedh.com\/wp-content\/uploads\/2018\/01\/image003-5-400x591.jpg 400w\" sizes=\"auto, (max-width: 443px) 100vw, 443px\" \/><\/a><\/p>\n<p>Elles \u2018\u2019chantent \u2018\u2019 bien pour moi, avec ampli Etalon Exampli (r\u00e9f\u00e9rence pendant de nombreuses ann\u00e9es sur revue bien connue), Dac audio Note et platine Teac VRDS.<\/p>\n<p>Le c\u00e2blage ampli\u00a0\/Dac est en Cardas Hexlink Golden 5C RCA Rhodium, le coax modulation est un HSM Il Primo, les c\u00e2bles hp en Chord Odyss\u00e9e. Les secteurs avec c\u00e2ble blind\u00e9 et multiprise Olflex \u00e0 inversion de phase type Schuko (cette derni\u00e8re sur petits absorbeurs sorbotane)\u00a0 sauf c\u00e2ble ampli\u00a0 PANGEA AC-14, et prise murale cuivre Furutech.<br \/>\nLes \u00e9l\u00e9ments sont pos\u00e9 sur base Bambou about\u00e9 de 3 mm et plaquettes Rehdeko. Les enceintes, avec un tel coffre, sont simplement pos\u00e9es sur un socle granit d\u00e9coupl\u00e9 du sol avec du sorbotane.<\/p>\n<p>Sur mon syst\u00e8me, et bien s\u00fbr, tout est affaire d\u2019oreille, de pr\u00e9f\u00e9rence, et de pi\u00e8ce d\u2019\u00e9coute ( claire chez moi), le grave est net et tendu, le medium, flatteur, pr\u00e9sente une l\u00e9g\u00e8re mise en avant, et l\u2019aigu\u00eb, assez directif, est bien retransmis sans duret\u00e9s.<br \/>\nLe placement est tr\u00e8s important et une fois trouv\u00e9 (au millim\u00e8tre &#8211;\u00a0: )), c\u2019est tr\u00e8s beau au niveau de la sc\u00e8ne sonore large et profonde, des timbres pr\u00e9cis et naturels et de la gestion des extinctions de note et \u00e9carts de dynamique.<\/p>\n<p>Sur du baroque, classique, vocaux, jazz et folk, c\u2019est magnifique (mention sp\u00e9ciale sur les basses, percussions, cordes et bois, superbes\u00a0!). Pour des musiques \u00e9lectroniques ou pop etc.., elles s\u2019adaptent aussi tr\u00e8s bien, et supportent sans aucun souci \u00a0des sons qui \u2018\u2019tapent\u2019\u2019 bien (par exemple sur l\u2019excellent enregistrement \u2018\u2019Ben Harper-Fight for your mind\u2019\u2019, la batterie est devant vous et vous ressentez \u2018\u2019\u00e0 l\u2019estomac\u2019\u2019 les impacts), mais l\u2019image sur ce type de musique sonne un peu \u2018\u2019m\u00e9dium\u2019\u2019\u00a0\u00e0 mon sens. Elle est bien plus \u00e0 l\u2019aise sur des styles de musique acoustique, m\u00eame avec de grands ensembles symphoniques difficiles \u00e0 bien reproduire. Bien s\u00fbr aujourd\u2019hui on doit trouver mieux mais avec cette qualit\u00e9 de fabrication et de timbres, il faut monter plus en budget. Leur co\u00fbt \u00e0 l\u2019\u00e9poque \u00e9tait de 12500 \u2026 francs.<\/p>\n<p>Si vous en trouvez sur le march\u00e9 de l\u2019occasion, cela peut encore \u00eatre un bon investissement.<br \/>\nCordialement <strong><em>ELFY<\/em><\/strong><\/p>\n<p>&nbsp;<\/p>\n<p>&nbsp;<\/p>\n<p>&nbsp;<\/p>\n","protected":false},"excerpt":{"rendered":"<p>Plaquettes commerciales : &#8230; &amp; &#8230; \u00a0 1985 : Mars : HiFi St\u00e9r\u00e9o &#8212;&#8212;&#8212;&#8212;&#8212;&#8212;&#8212;&#8212;&#8212;&#8212;&#8212;&#8212;&#8212;&#8212;&#8212;&#8212;&#8212;&#8212;&#8212;&#8212;&#8211; Comparatif DIAPASON 18 enceintes &#8212;&#8212;&#8212;&#8212;&#8212;&#8212;&#8212;&#8212;&#8212;&#8212;&#8212;&#8212;&#8212;&#8212;&#8212;&#8212;&#8212;&#8212;&#8212;&#8212;&#8211; Un lien sur les Elfes : et sur le forum audio-vintage &#8212;&#8212;&#8212;&#8212;&#8212;&#8212;&#8212;&#8212;&#8212;&#8212;&#8212;&#8212;&#8212;&#8212;&#8212;&#8212;&#8212;&#8212;&#8212;&#8212;&#8212;&#8212;&#8212;&#8212;&#8212;&#8212;&#8212;&#8212; De notre Leedher ELFY : Voici un petit article sur les Leedh Elfe (diapason d\u2019or en 87), achet\u00e9es en 1989, et que j\u2019utilise toujours &hellip; <a href=\"https:\/\/www.living-leedh.com\/?page_id=2053\" class=\"more-link\">Continuer la lecture de <span class=\"screen-reader-text\">Elfe<\/span>  <span class=\"meta-nav\">&rarr;<\/span><\/a><\/p>\n","protected":false},"author":1,"featured_media":0,"parent":0,"menu_order":0,"comment_status":"closed","ping_status":"closed","template":"","meta":{"_bbp_topic_count":0,"_bbp_reply_count":0,"_bbp_total_topic_count":0,"_bbp_total_reply_count":0,"_bbp_voice_count":0,"_bbp_anonymous_reply_count":0,"_bbp_topic_count_hidden":0,"_bbp_reply_count_hidden":0,"_bbp_forum_subforum_count":0,"footnotes":""},"class_list":["post-2053","page","type-page","status-publish","hentry"],"_links":{"self":[{"href":"https:\/\/www.living-leedh.com\/index.php?rest_route=\/wp\/v2\/pages\/2053","targetHints":{"allow":["GET"]}}],"collection":[{"href":"https:\/\/www.living-leedh.com\/index.php?rest_route=\/wp\/v2\/pages"}],"about":[{"href":"https:\/\/www.living-leedh.com\/index.php?rest_route=\/wp\/v2\/types\/page"}],"author":[{"embeddable":true,"href":"https:\/\/www.living-leedh.com\/index.php?rest_route=\/wp\/v2\/users\/1"}],"replies":[{"embeddable":true,"href":"https:\/\/www.living-leedh.com\/index.php?rest_route=%2Fwp%2Fv2%2Fcomments&post=2053"}],"version-history":[{"count":25,"href":"https:\/\/www.living-leedh.com\/index.php?rest_route=\/wp\/v2\/pages\/2053\/revisions"}],"predecessor-version":[{"id":5764,"href":"https:\/\/www.living-leedh.com\/index.php?rest_route=\/wp\/v2\/pages\/2053\/revisions\/5764"}],"wp:attachment":[{"href":"https:\/\/www.living-leedh.com\/index.php?rest_route=%2Fwp%2Fv2%2Fmedia&parent=2053"}],"curies":[{"name":"wp","href":"https:\/\/api.w.org\/{rel}","templated":true}]}}