{"id":2072,"date":"2015-10-18T09:28:15","date_gmt":"2015-10-18T07:28:15","guid":{"rendered":"http:\/\/www.living-leedh.com\/?page_id=2072"},"modified":"2017-02-21T02:04:59","modified_gmt":"2017-02-21T01:04:59","slug":"nazca","status":"publish","type":"page","link":"https:\/\/www.living-leedh.com\/?page_id=2072","title":{"rendered":"Nazca"},"content":{"rendered":"<p><strong><a href=\"http:\/\/www.living-leedh.com\/wp-content\/uploads\/2015\/10\/21.Leedh_nazca.jpg\"><img loading=\"lazy\" decoding=\"async\" class=\"alignnone wp-image-5077\" src=\"http:\/\/www.living-leedh.com\/wp-content\/uploads\/2015\/10\/21.Leedh_nazca.jpg\" alt=\"21.Leedh_nazca\" width=\"345\" height=\"404\" \/><\/a><\/strong><\/p>\n<p><strong>Plaquettes commerciales : <\/strong><\/p>\n<p><a href=\"http:\/\/www.living-leedh.com\/wp-content\/uploads\/2015\/10\/Doc_21_4.pdf\" target=\"_blank\"><img loading=\"lazy\" decoding=\"async\" class=\"alignnone wp-image-2074\" src=\"http:\/\/www.living-leedh.com\/wp-content\/uploads\/2015\/10\/Nazca-300x92.png\" alt=\"Nazca\" width=\"258\" height=\"79\" srcset=\"https:\/\/www.living-leedh.com\/wp-content\/uploads\/2015\/10\/Nazca-300x92.png 300w, https:\/\/www.living-leedh.com\/wp-content\/uploads\/2015\/10\/Nazca.png 317w\" sizes=\"auto, (max-width: 258px) 100vw, 258px\" \/><\/a><a href=\"http:\/\/www.living-leedh.com\/wp-content\/uploads\/2015\/10\/NazcaPub.png\"><img loading=\"lazy\" decoding=\"async\" class=\"size-medium wp-image-2086 alignleft\" src=\"http:\/\/www.living-leedh.com\/wp-content\/uploads\/2015\/10\/NazcaPub-228x300.png\" alt=\"NazcaPub\" width=\"228\" height=\"300\" srcset=\"https:\/\/www.living-leedh.com\/wp-content\/uploads\/2015\/10\/NazcaPub-228x300.png 228w, https:\/\/www.living-leedh.com\/wp-content\/uploads\/2015\/10\/NazcaPub-400x527.png 400w, https:\/\/www.living-leedh.com\/wp-content\/uploads\/2015\/10\/NazcaPub.png 449w\" sizes=\"auto, (max-width: 228px) 100vw, 228px\" \/><\/a><\/p>\n<p><strong>1995 :<\/strong><\/p>\n<p>F\u00e9v\/Mars : <a href=\"http:\/\/www.living-leedh.com\/wp-content\/uploads\/2015\/10\/Doc_23_4.pdf\" target=\"_blank\">Prestige Audio Video<\/a><\/p>\n<p>Mars : <a href=\"http:\/\/www.living-leedh.com\/wp-content\/uploads\/2015\/10\/Doc_22_4.pdf\" target=\"_blank\">Haute Fid\u00e9lit\u00e9 N\u00b0 15<\/a><\/p>\n<p><strong><a href=\"http:\/\/www.living-leedh.com\/wp-content\/uploads\/2015\/10\/21.Leedh-Nazca.jpg\"><img loading=\"lazy\" decoding=\"async\" class=\" wp-image-5075 alignleft\" src=\"http:\/\/www.living-leedh.com\/wp-content\/uploads\/2015\/10\/21.Leedh-Nazca.jpg\" alt=\"21.Leedh Nazca\" width=\"356\" height=\"326\" \/><\/a><\/strong><\/p>\n<p>&nbsp;<\/p>\n<p>&nbsp;<\/p>\n<p>&nbsp;<\/p>\n<p><strong>NAZCA : <\/strong><span style=\"color: #008000;\"><a style=\"color: #008000;\" title=\"NAZCA &amp; ICA\" href=\"http:\/\/www.living-leedh.com\/?page_id=851\"><strong><u><em>R\u00e9soudre le probl\u00e8me\u00a0 du tweeter<\/em> <\/u><\/strong><\/a><\/span><\/p>\n<p>&nbsp;<\/p>\n<p>&nbsp;<\/p>\n<hr \/>\n<p>&nbsp;<\/p>\n<p>&nbsp;<\/p>\n<p>&nbsp;<\/p>\n<p>&nbsp;<\/p>\n<p>Vous pouvez nous apporter des pr\u00e9cisions (dates, \u00e9volutions des mod\u00e8les&#8230;) ?<\/p>\n<p>Merci de nous <span style=\"color: #008000;\"><a style=\"color: #008000;\" title=\"Contact\" href=\"http:\/\/www.living-leedh.com\/?page_id=71\"><u>contacter<\/u><\/a> <\/span>pour alimenter ces rubriques<\/p>\n","protected":false},"excerpt":{"rendered":"<p>Plaquettes commerciales : 1995 : F\u00e9v\/Mars : Prestige Audio Video Mars : Haute Fid\u00e9lit\u00e9 N\u00b0 15 &nbsp; &nbsp; &nbsp; NAZCA : R\u00e9soudre le probl\u00e8me\u00a0 du tweeter &nbsp; &nbsp; &nbsp; &nbsp; &nbsp; &nbsp; Vous pouvez nous apporter des pr\u00e9cisions (dates, \u00e9volutions des mod\u00e8les&#8230;) ? Merci de nous contacter pour alimenter ces rubriques<\/p>\n","protected":false},"author":1,"featured_media":0,"parent":0,"menu_order":0,"comment_status":"closed","ping_status":"closed","template":"","meta":{"_bbp_topic_count":0,"_bbp_reply_count":0,"_bbp_total_topic_count":0,"_bbp_total_reply_count":0,"_bbp_voice_count":0,"_bbp_anonymous_reply_count":0,"_bbp_topic_count_hidden":0,"_bbp_reply_count_hidden":0,"_bbp_forum_subforum_count":0,"footnotes":""},"class_list":["post-2072","page","type-page","status-publish","hentry"],"_links":{"self":[{"href":"https:\/\/www.living-leedh.com\/index.php?rest_route=\/wp\/v2\/pages\/2072","targetHints":{"allow":["GET"]}}],"collection":[{"href":"https:\/\/www.living-leedh.com\/index.php?rest_route=\/wp\/v2\/pages"}],"about":[{"href":"https:\/\/www.living-leedh.com\/index.php?rest_route=\/wp\/v2\/types\/page"}],"author":[{"embeddable":true,"href":"https:\/\/www.living-leedh.com\/index.php?rest_route=\/wp\/v2\/users\/1"}],"replies":[{"embeddable":true,"href":"https:\/\/www.living-leedh.com\/index.php?rest_route=%2Fwp%2Fv2%2Fcomments&post=2072"}],"version-history":[{"count":15,"href":"https:\/\/www.living-leedh.com\/index.php?rest_route=\/wp\/v2\/pages\/2072\/revisions"}],"predecessor-version":[{"id":5153,"href":"https:\/\/www.living-leedh.com\/index.php?rest_route=\/wp\/v2\/pages\/2072\/revisions\/5153"}],"wp:attachment":[{"href":"https:\/\/www.living-leedh.com\/index.php?rest_route=%2Fwp%2Fv2%2Fmedia&parent=2072"}],"curies":[{"name":"wp","href":"https:\/\/api.w.org\/{rel}","templated":true}]}}