{"id":2108,"date":"2015-10-18T11:05:38","date_gmt":"2015-10-18T09:05:38","guid":{"rendered":"http:\/\/www.living-leedh.com\/?page_id=2108"},"modified":"2020-12-08T10:51:25","modified_gmt":"2020-12-08T09:51:25","slug":"divers","status":"publish","type":"page","link":"https:\/\/www.living-leedh.com\/?page_id=2108","title":{"rendered":"Divers&#8230;"},"content":{"rendered":"<h4><strong>&#8230; et inclassables :<\/strong><\/h4>\n<p>Plaquette et gamme <a href=\"http:\/\/www.living-leedh.com\/wp-content\/uploads\/2015\/10\/Comment-Choisir-Enceintes.pdf\" target=\"_blank\" rel=\"noopener\">\u00ab\u00a0Comment choisir\u00a0\u00bb<\/a><\/p>\n<p>Le laboratoire LEEDH : <a href=\"http:\/\/www.living-leedh.com\/wp-content\/uploads\/2015\/10\/LaboLEEDH.pdf\" target=\"_blank\" rel=\"noopener\">Reportage<\/a> de La Nouvelle Revue du Son<\/p>\n<p>Plaquette\u00a0LEEDH : <a href=\"http:\/\/www.living-leedh.com\/wp-content\/uploads\/2015\/10\/Plaquette-CREER-FUTUR4.pdf\" target=\"_blank\" rel=\"noopener\">Cr\u00e9er le futur<\/a><\/p>\n<p>LEEDH Communication : Bulletin <a href=\"http:\/\/www.living-leedh.com\/wp-content\/uploads\/2015\/10\/BulletinLeedh4.pdf\" target=\"_blank\" rel=\"noopener\">N\u00b0 1<\/a>\u00a0Mars 1994<\/p>\n<p>Tarifs <a href=\"https:\/\/www.living-leedh.com\/wp-content\/uploads\/2020\/12\/220201207_124325.jpg\" target=\"_blank\" rel=\"noopener\">Mars 1994<\/a><\/p>\n<p><a href=\"http:\/\/www.living-leedh.com\/?page_id=6730\">Filtre secteur<\/a> 1997<\/p>\n<p>&#8212;&#8212;&#8212;&#8212;&#8212;&#8212;&#8212;&#8212;&#8212;&#8212;&#8212;&#8212;&#8212;&#8212;&#8212;&#8212;&#8212;&#8212;&#8212;&#8212;&#8212;-<\/p>\n<p>Vous \u00eates possesseur, utilisateur, collectionneur d&rsquo;un ancien mod\u00e8le ?<\/p>\n<p>Vous pouvez nous apporter des pr\u00e9cisions (dates, \u00e9volutions des mod\u00e8les&#8230;) ?<\/p>\n<p>Merci de nous <span style=\"color: #008000;\"><a style=\"color: #008000;\" title=\"Contact\" href=\"http:\/\/www.living-leedh.com\/?page_id=71\"><u>contacter<\/u><\/a> <\/span>pour alimenter ces rubriques<\/p>\n","protected":false},"excerpt":{"rendered":"<p>&#8230; et inclassables : Plaquette et gamme \u00ab\u00a0Comment choisir\u00a0\u00bb Le laboratoire LEEDH : Reportage de La Nouvelle Revue du Son Plaquette\u00a0LEEDH : Cr\u00e9er le futur LEEDH Communication : Bulletin N\u00b0 1\u00a0Mars 1994 Tarifs Mars 1994 Filtre secteur 1997 &#8212;&#8212;&#8212;&#8212;&#8212;&#8212;&#8212;&#8212;&#8212;&#8212;&#8212;&#8212;&#8212;&#8212;&#8212;&#8212;&#8212;&#8212;&#8212;&#8212;&#8212;- Vous \u00eates possesseur, utilisateur, collectionneur d&rsquo;un ancien mod\u00e8le ? Vous pouvez nous apporter des pr\u00e9cisions (dates, &hellip; <a href=\"https:\/\/www.living-leedh.com\/?page_id=2108\" class=\"more-link\">Continuer la lecture de <span class=\"screen-reader-text\">Divers&#8230;<\/span>  <span class=\"meta-nav\">&rarr;<\/span><\/a><\/p>\n","protected":false},"author":1,"featured_media":0,"parent":0,"menu_order":0,"comment_status":"closed","ping_status":"closed","template":"","meta":{"_bbp_topic_count":0,"_bbp_reply_count":0,"_bbp_total_topic_count":0,"_bbp_total_reply_count":0,"_bbp_voice_count":0,"_bbp_anonymous_reply_count":0,"_bbp_topic_count_hidden":0,"_bbp_reply_count_hidden":0,"_bbp_forum_subforum_count":0,"footnotes":""},"class_list":["post-2108","page","type-page","status-publish","hentry"],"_links":{"self":[{"href":"https:\/\/www.living-leedh.com\/index.php?rest_route=\/wp\/v2\/pages\/2108","targetHints":{"allow":["GET"]}}],"collection":[{"href":"https:\/\/www.living-leedh.com\/index.php?rest_route=\/wp\/v2\/pages"}],"about":[{"href":"https:\/\/www.living-leedh.com\/index.php?rest_route=\/wp\/v2\/types\/page"}],"author":[{"embeddable":true,"href":"https:\/\/www.living-leedh.com\/index.php?rest_route=\/wp\/v2\/users\/1"}],"replies":[{"embeddable":true,"href":"https:\/\/www.living-leedh.com\/index.php?rest_route=%2Fwp%2Fv2%2Fcomments&post=2108"}],"version-history":[{"count":21,"href":"https:\/\/www.living-leedh.com\/index.php?rest_route=\/wp\/v2\/pages\/2108\/revisions"}],"predecessor-version":[{"id":6988,"href":"https:\/\/www.living-leedh.com\/index.php?rest_route=\/wp\/v2\/pages\/2108\/revisions\/6988"}],"wp:attachment":[{"href":"https:\/\/www.living-leedh.com\/index.php?rest_route=%2Fwp%2Fv2%2Fmedia&parent=2108"}],"curies":[{"name":"wp","href":"https:\/\/api.w.org\/{rel}","templated":true}]}}