{"id":22,"date":"2015-03-15T22:10:24","date_gmt":"2015-03-15T21:10:24","guid":{"rendered":"http:\/\/www.living-leedh.com\/?page_id=22"},"modified":"2022-03-08T11:56:50","modified_gmt":"2022-03-08T10:56:50","slug":"e2","status":"publish","type":"page","link":"https:\/\/www.living-leedh.com\/?page_id=22","title":{"rendered":"E2 et E2 Glass"},"content":{"rendered":"<p style=\"text-align: center;\"><a href=\"http:\/\/www.leedh-acoustic.com\/Documents\/Presse\/Diapason\/616\/Diapason%20616%2009-2013.pdf\" target=\"_blank\" rel=\"noopener\"><img loading=\"lazy\" decoding=\"async\" class=\"alignnone size-full wp-image-240\" src=\"http:\/\/www.living-leedh.com\/wp-content\/uploads\/2015\/03\/Diapasonor.jpe\" alt=\"Diapasonor\" width=\"99\" height=\"99\" \/><\/a><a href=\"http:\/\/www.living-leedh.com\/wp-content\/uploads\/2015\/03\/Leed-e.jpg\"><img loading=\"lazy\" decoding=\"async\" class=\"alignnone size-medium wp-image-283\" src=\"http:\/\/www.living-leedh.com\/wp-content\/uploads\/2015\/03\/Leed-e-228x300.jpg\" alt=\"Leed-e\" width=\"228\" height=\"300\" srcset=\"https:\/\/www.living-leedh.com\/wp-content\/uploads\/2015\/03\/Leed-e-228x300.jpg 228w, https:\/\/www.living-leedh.com\/wp-content\/uploads\/2015\/03\/Leed-e.jpg 377w\" sizes=\"auto, (max-width: 228px) 100vw, 228px\" \/><\/a><\/p>\n<p><strong>Accord parfait :<\/strong><\/p>\n<p>Apr\u00e8s la C (Do de la gamme), la E (Mi de la gamme) il manquait la G (Sol) pour un accord parfait.<br \/>\nEt ce fut la E2.<br \/>\n\u00c9volution majeure toutefois car si elle ressemble ext\u00e9rieurement en tous points \u00e0 la version E, la E2 a \u00e9t\u00e9 fondamentalement remani\u00e9e :<\/p>\n<ul>\n<li>Nouveau moteur pour les 6 hauts-parleurs\u00a0 Acoustical Beauty ( 660 g d&rsquo;aimant n\u00e9odyme pour chacun, soit 8 kg par enceinte, tweeter compris)<\/li>\n<li>Modification du filtre.<\/li>\n<\/ul>\n<p>Une version turbo de la pr\u00e9c\u00e9dente.<\/p>\n<p><strong>Caract\u00e9ristiques :<\/strong><\/p>\n<p>Imp\u00e9dance nominale : 4 ohms<br \/>\nImp\u00e9dance minimale : 3,5 ohms \u00e0 300 Hz<br \/>\nPuissance admissible : 500 watts<br \/>\nR\u00e9gularit\u00e9 bande passante : +\/-1,5 dB de 100 Hz \u00e0 20 kHz<br \/>\nR\u00e9ponse en basses fr\u00e9quences (Bessel 2e ordre): &#8211; 3 dB \u00e0 50 Hz \/- 6 dB \u00e0 25 Hz \/- 8 dB \u00e0 20 Hz<br \/>\nR\u00e9ponse en phase : +\/- 15\u00b0 de 500 Hz \u00e0 20 kHz<br \/>\nDirectivit\u00e9 de 500 Hz \u00e0 20 kHz : &#8211; 3 dB \u00e0 30\u00b0 \/ &#8211; 6 dB \u00e0 45\u00b0<br \/>\nSensibilit\u00e9 : 83 dB \/ 1 m \/ 2,83 v<br \/>\nPoids : 15 kg<br \/>\nDimensions L x H x P (au sol) : 39cm x 108cm x 41 cm<br \/>\nPrix : 16 000 \u20ac<\/p>\n<p><a title=\"E2Constructeur\" href=\"https:\/\/www.living-leedh.com\/?page_id=7183\" target=\"_blank\" rel=\"noopener\">En savoir plus<\/a> (site constructeur)<\/p>\n<p><a href=\"https:\/\/www.cinenow.fr\/articles\/25384-salon-hifi-home-cinema-2011-en-video-leedh-c-presentation-dune-enceinte-atypique\" target=\"_blank\" rel=\"noopener\">D\u00e9tails de fabrication <\/a>(\u00e9poque s\u00e9rie C, mais encore bien actuel)<\/p>\n<p><a href=\"https:\/\/www.living-leedh.com\/wp-content\/uploads\/2022\/03\/Diapason-616-09-2013.pdf\" target=\"_blank\" rel=\"noopener\">Diapason d&rsquo;or <\/a>2013<\/p>\n<p>\u00ab\u00a0<span style=\"color: #008000;\"><a style=\"color: #008000;\" href=\"http:\/\/www.living-leedh.com\/wp-content\/uploads\/2015\/03\/troph\u00e9_web.jpg\"><u>2015 best Audio equipment Award by AudioArt Magazine<\/u><\/a><\/span>\u00ab<\/p>\n<p><strong><span style=\"text-decoration: underline;\">Septembre 2016<\/span> : Evolution vers la <a href=\"http:\/\/www.6moons.com\/audioreviews2\/leedh\/1.html\" target=\"_blank\" rel=\"noopener\">E2 Glass<\/a><\/strong>, les diaphragmes en <a href=\"http:\/\/www.living-leedh.com\/wp-content\/uploads\/2015\/03\/Diaphragme.jpg\"><img loading=\"lazy\" decoding=\"async\" class=\" wp-image-4618 alignright\" src=\"http:\/\/www.living-leedh.com\/wp-content\/uploads\/2015\/03\/Diaphragme.jpg\" alt=\"diaphragme\" width=\"327\" height=\"218\" srcset=\"https:\/\/www.living-leedh.com\/wp-content\/uploads\/2015\/03\/Diaphragme.jpg 598w, https:\/\/www.living-leedh.com\/wp-content\/uploads\/2015\/03\/Diaphragme-300x200.jpg 300w, https:\/\/www.living-leedh.com\/wp-content\/uploads\/2015\/03\/Diaphragme-400x266.jpg 400w\" sizes=\"auto, (max-width: 327px) 100vw, 327px\" \/><\/a>carbone\/\u00e9poxy sont d\u00e9sormais en verre de 100 microns d&rsquo;\u00e9paisseur !<br \/>\nLe premier <a href=\"http:\/\/www.living-leedh.com\/?page_id=3895\" target=\"_blank\" rel=\"noopener\">prototype Glass<\/a><\/p>\n<p><a href=\"https:\/\/www.living-leedh.com\/?page_id=185\" target=\"_blank\" rel=\"noopener\">Ils en parlent &#8230;<\/a><\/p>\n<p>Et le CR de Patatorz, <a href=\"http:\/\/patatorz.com\/2017\/12\/10\/leedh-e2-glass-genese-et-premiers-retours\/\" target=\"_blank\" rel=\"noopener\">premi\u00e8re paire livr\u00e9e.<\/a><\/p>\n<p>Comment <a href=\"https:\/\/www.living-leedh.com\/wp-content\/uploads\/2021\/04\/Loudspeaker-Packaging-1.mp4\" target=\"_blank\" rel=\"noopener\">emballer<\/a> et <a href=\"https:\/\/www.living-leedh.com\/wp-content\/uploads\/2021\/04\/Loudspeaker-unpacking-2-1.mp4\" target=\"_blank\" rel=\"noopener\">d\u00e9baller<\/a> les E2<\/p>\n","protected":false},"excerpt":{"rendered":"<p>Accord parfait : Apr\u00e8s la C (Do de la gamme), la E (Mi de la gamme) il manquait la G (Sol) pour un accord parfait. Et ce fut la E2. \u00c9volution majeure toutefois car si elle ressemble ext\u00e9rieurement en tous points \u00e0 la version E, la E2 a \u00e9t\u00e9 fondamentalement remani\u00e9e : Nouveau moteur pour &hellip; <a href=\"https:\/\/www.living-leedh.com\/?page_id=22\" class=\"more-link\">Continuer la lecture de <span class=\"screen-reader-text\">E2 et E2 Glass<\/span>  <span class=\"meta-nav\">&rarr;<\/span><\/a><\/p>\n","protected":false},"author":1,"featured_media":0,"parent":0,"menu_order":0,"comment_status":"closed","ping_status":"open","template":"","meta":{"_bbp_topic_count":0,"_bbp_reply_count":0,"_bbp_total_topic_count":0,"_bbp_total_reply_count":0,"_bbp_voice_count":0,"_bbp_anonymous_reply_count":0,"_bbp_topic_count_hidden":0,"_bbp_reply_count_hidden":0,"_bbp_forum_subforum_count":0,"footnotes":""},"class_list":["post-22","page","type-page","status-publish","hentry"],"_links":{"self":[{"href":"https:\/\/www.living-leedh.com\/index.php?rest_route=\/wp\/v2\/pages\/22","targetHints":{"allow":["GET"]}}],"collection":[{"href":"https:\/\/www.living-leedh.com\/index.php?rest_route=\/wp\/v2\/pages"}],"about":[{"href":"https:\/\/www.living-leedh.com\/index.php?rest_route=\/wp\/v2\/types\/page"}],"author":[{"embeddable":true,"href":"https:\/\/www.living-leedh.com\/index.php?rest_route=\/wp\/v2\/users\/1"}],"replies":[{"embeddable":true,"href":"https:\/\/www.living-leedh.com\/index.php?rest_route=%2Fwp%2Fv2%2Fcomments&post=22"}],"version-history":[{"count":48,"href":"https:\/\/www.living-leedh.com\/index.php?rest_route=\/wp\/v2\/pages\/22\/revisions"}],"predecessor-version":[{"id":7393,"href":"https:\/\/www.living-leedh.com\/index.php?rest_route=\/wp\/v2\/pages\/22\/revisions\/7393"}],"wp:attachment":[{"href":"https:\/\/www.living-leedh.com\/index.php?rest_route=%2Fwp%2Fv2%2Fmedia&parent=22"}],"curies":[{"name":"wp","href":"https:\/\/api.w.org\/{rel}","templated":true}]}}