{"id":2206,"date":"2015-10-20T22:13:11","date_gmt":"2015-10-20T20:13:11","guid":{"rendered":"http:\/\/www.living-leedh.com\/?page_id=2206"},"modified":"2016-09-11T12:06:44","modified_gmt":"2016-09-11T10:06:44","slug":"soiree-audiophile-vinyles-de-jazz-2015","status":"publish","type":"page","link":"https:\/\/www.living-leedh.com\/?page_id=2206","title":{"rendered":"Soir\u00e9e audiophile vinyles de jazz 2015"},"content":{"rendered":"<p style=\"text-align: left;\"><a href=\"http:\/\/www.saint-brieuc.fr\/ville-dynamique\/equipements-culturels\/conservatoire-villa-carmelie\/\" target=\"_blank\"><img loading=\"lazy\" decoding=\"async\" class=\"wp-image-1753 alignright\" src=\"http:\/\/www.living-leedh.com\/wp-content\/uploads\/2015\/09\/villa-300x130.jpg\" alt=\"logoCarmelieCouleur\" width=\"219\" height=\"95\" srcset=\"https:\/\/www.living-leedh.com\/wp-content\/uploads\/2015\/09\/villa-300x130.jpg 300w, https:\/\/www.living-leedh.com\/wp-content\/uploads\/2015\/09\/villa-400x173.jpg 400w, https:\/\/www.living-leedh.com\/wp-content\/uploads\/2015\/09\/villa.jpg 773w\" sizes=\"auto, (max-width: 219px) 100vw, 219px\" \/><\/a><span style=\"color: #000000;\"><strong><br \/>\n<\/strong><\/span><\/p>\n<p style=\"text-align: left;\"><span style=\"color: #000000;\"><strong>C<\/strong><\/span><span style=\"color: #000000;\"><strong>&lsquo;\u00e9tait le jeudi 15 octobre, \u00e0 la <\/strong><\/span><strong><strong>Villa Carm\u00e9lie, Saint-Brieuc.<\/strong><\/strong><\/p>\n<h2 style=\"text-align: center;\">Avec le <a href=\"http:\/\/www.living-leedh.com\/?page_id=3915\">prototype de l&rsquo;ampli <\/a>Leedh !<\/h2>\n<p>&nbsp;<\/p>\n<p>Le Conservatoire de Saint-Brieuc, <a href=\"https:\/\/www.facebook.com\/pages\/JazzAngle\/254405855677\" target=\"_blank\">l&rsquo;Association Jazz Angle<\/a>, et<a href=\"https:\/\/www.facebook.com\/JazzAngle-254405855677\/timeline\/\" target=\"_blank\"><img loading=\"lazy\" decoding=\"async\" class=\"size-full wp-image-1752 alignright\" src=\"http:\/\/www.living-leedh.com\/wp-content\/uploads\/2015\/09\/jazzAngle.jpg\" alt=\"jazzAngle\" width=\"107\" height=\"107\" \/><\/a><a href=\"http:\/\/www.living-leedh.com\/?page_id=17\"><em><img loading=\"lazy\" decoding=\"async\" class=\"alignnone wp-image-1191\" src=\"http:\/\/www.living-leedh.com\/wp-content\/uploads\/2015\/05\/LivingClubSign.jpg\" alt=\"LivingClubSign\" width=\"82\" height=\"31\" \/><\/em><\/a>, ont organis\u00e9 cette\u00a0<strong>soir\u00e9e audiophile d&rsquo;\u00e9coute de vinyles de jazz<\/strong>.<\/p>\n<p>Cette session\u00a0couvrait essentiellement la riche p\u00e9riode des ann\u00e9es 1960\/70 o\u00f9 se m\u00ealent les d\u00e9couvertes harmoniques des musiciens issus du bop, du cool, et les audaces de la musique modale et pr\u00e9-free.<\/p>\n<figure id=\"attachment_2221\" aria-describedby=\"caption-attachment-2221\" style=\"width: 300px\" class=\"wp-caption alignleft\"><img loading=\"lazy\" decoding=\"async\" class=\"size-medium wp-image-2221\" src=\"http:\/\/www.living-leedh.com\/wp-content\/uploads\/2015\/10\/G-\u00aeg-\u00ae-063Web-300x179.jpg\" alt=\"Alain Loguillard et Christian Harl\u00e9 ont anim\u00e9 les \u00e9coutes\" width=\"300\" height=\"179\" srcset=\"https:\/\/www.living-leedh.com\/wp-content\/uploads\/2015\/10\/G-\u00aeg-\u00ae-063Web-300x179.jpg 300w, https:\/\/www.living-leedh.com\/wp-content\/uploads\/2015\/10\/G-\u00aeg-\u00ae-063Web-400x238.jpg 400w, https:\/\/www.living-leedh.com\/wp-content\/uploads\/2015\/10\/G-\u00aeg-\u00ae-063Web.jpg 448w\" sizes=\"auto, (max-width: 300px) 100vw, 300px\" \/><figcaption id=\"caption-attachment-2221\" class=\"wp-caption-text\"><span style=\"color: #000000;\">Alain<\/span> <span style=\"color: #000000;\">Loguillard et Christian Harl\u00e9 ont anim\u00e9 les \u00e9coutes<\/span><\/figcaption><\/figure>\n<p>Elle comprend de grandes figures, compositeurs et solistes, ayant ouvert de nouveaux horizons. Certains des enregistrements qui \u00e9taient choisis ne sont pas les plus r\u00e9f\u00e9renc\u00e9s voire ont \u00e9t\u00e9 m\u00e9sestim\u00e9s \u00e0 leur sortie. <img loading=\"lazy\" decoding=\"async\" class=\"wp-image-2222 alignright\" src=\"http:\/\/www.living-leedh.com\/wp-content\/uploads\/2015\/10\/G-\u00aeg-\u00ae-067Web-300x167.jpg\" alt=\"G+\u00aeg+\u00ae 067Web\" width=\"358\" height=\"199\" srcset=\"https:\/\/www.living-leedh.com\/wp-content\/uploads\/2015\/10\/G-\u00aeg-\u00ae-067Web-300x167.jpg 300w, https:\/\/www.living-leedh.com\/wp-content\/uploads\/2015\/10\/G-\u00aeg-\u00ae-067Web-400x223.jpg 400w, https:\/\/www.living-leedh.com\/wp-content\/uploads\/2015\/10\/G-\u00aeg-\u00ae-067Web.jpg 448w\" sizes=\"auto, (max-width: 358px) 100vw, 358px\" \/>Ils mettent souvent en valeur des rencontres entre leaders cultivant des affinit\u00e9s et une estime r\u00e9ciproque . Il en va ainsi pour Lester Young <strong>et<\/strong> Nat King Cole, Bob Brookmeyer <strong>et<\/strong> Stan Getz, Paul Desmond <strong>et<\/strong> Jim Hall, Charlie Mingus <strong>et<\/strong> Eric Dolphy&#8230; Certaines galettes ont retenu l&rsquo;attention d&rsquo;un public nombreux\u00a0:<\/p>\n<ul>\n<li>Lester Young\u2019s &#8211; Peg O My Heart \/1945 Lester Swings album\u00a0 (Verve)<\/li>\n<li>Bob Brookmeyer and Friends \u2013 The Wrinkle 1964 (CBS)<\/li>\n<li>Jackie McLean \u2013 Riff Raff 1964 (Blue Note)<\/li>\n<li>Paul Desmond featuring Jim Hall That Old Feeling 1963\/65 (RCA)<\/li>\n<li>Charlie Mingus \u2013 Orange Was The colour Of Her Dress 1964 (1987 rerelease)<\/li>\n<li>Gil Evans 1983 \u2013 A Merman I Should Turn \/ Gil Evans Plays Hendrix (RCA 1974)<\/li>\n<li>Le \u00ab\u00a0disque myst\u00e8re\u00a0\u00bb : The Super Session with Tommy Flanagan, Red Mitchell and Elvin Jones(1985 Enja)<\/li>\n<li>Ornette Coleman Trio \u2013 Dee Dee \/ At The Golden Circle album (Blue Note 1965)<\/li>\n<li>Carla Bley \u2013 Dream So real \/ Dinner Music (Watt \u2013 ECM 1977)<\/li>\n<li>Miles Davis\u2019 Water Babies (Columbia 1967).<\/li>\n<\/ul>\n<p>Soutenues par\u00a0une projection, ces \u00e9coutes \u00e9taient document\u00e9es.<a href=\"http:\/\/www.living-leedh.com\/wp-content\/uploads\/2015\/10\/G-\u00aeg-\u00ae-066web.jpg\"><img loading=\"lazy\" decoding=\"async\" class=\"size-medium wp-image-2257 aligncenter\" src=\"http:\/\/www.living-leedh.com\/wp-content\/uploads\/2015\/10\/G-\u00aeg-\u00ae-066web-300x224.jpg\" alt=\"G+\u00aeg+\u00ae 066web\" width=\"300\" height=\"224\" srcset=\"https:\/\/www.living-leedh.com\/wp-content\/uploads\/2015\/10\/G-\u00aeg-\u00ae-066web-300x224.jpg 300w, https:\/\/www.living-leedh.com\/wp-content\/uploads\/2015\/10\/G-\u00aeg-\u00ae-066web-400x299.jpg 400w, https:\/\/www.living-leedh.com\/wp-content\/uploads\/2015\/10\/G-\u00aeg-\u00ae-066web.jpg 448w\" sizes=\"auto, (max-width: 300px) 100vw, 300px\" \/><\/a><\/p>\n<figure id=\"attachment_2231\" aria-describedby=\"caption-attachment-2231\" style=\"width: 307px\" class=\"wp-caption alignright\"><a href=\"http:\/\/www.living-leedh.com\/wp-content\/uploads\/2015\/10\/G-\u00aeg-\u00ae-055Doc.jpg\"><img loading=\"lazy\" decoding=\"async\" class=\" wp-image-2237 alignnone\" src=\"http:\/\/www.living-leedh.com\/wp-content\/uploads\/2015\/10\/G-\u00aeg-\u00ae-055Doc-300x218.jpg\" alt=\"G+\u00aeg+\u00ae 055Doc\" width=\"307\" height=\"223\" srcset=\"https:\/\/www.living-leedh.com\/wp-content\/uploads\/2015\/10\/G-\u00aeg-\u00ae-055Doc-300x218.jpg 300w, https:\/\/www.living-leedh.com\/wp-content\/uploads\/2015\/10\/G-\u00aeg-\u00ae-055Doc.jpg 1024w, https:\/\/www.living-leedh.com\/wp-content\/uploads\/2015\/10\/G-\u00aeg-\u00ae-055Doc-400x291.jpg 400w\" sizes=\"auto, (max-width: 307px) 100vw, 307px\" \/><\/a><figcaption id=\"caption-attachment-2231\" class=\"wp-caption-text\"><a href=\"http:\/\/www.living-leedh.com\/wp-content\/uploads\/2015\/10\/G-\u00aeg-\u00ae-057doc.jpg\"><img loading=\"lazy\" decoding=\"async\" class=\"wp-image-2231\" src=\"http:\/\/www.living-leedh.com\/wp-content\/uploads\/2015\/10\/G-\u00aeg-\u00ae-057doc-298x300.jpg\" alt=\"G+\u00aeg+\u00ae 057doc\" width=\"340\" height=\"342\" srcset=\"https:\/\/www.living-leedh.com\/wp-content\/uploads\/2015\/10\/G-\u00aeg-\u00ae-057doc-298x300.jpg 298w, https:\/\/www.living-leedh.com\/wp-content\/uploads\/2015\/10\/G-\u00aeg-\u00ae-057doc-150x150.jpg 150w, https:\/\/www.living-leedh.com\/wp-content\/uploads\/2015\/10\/G-\u00aeg-\u00ae-057doc-200x200.jpg 200w, https:\/\/www.living-leedh.com\/wp-content\/uploads\/2015\/10\/G-\u00aeg-\u00ae-057doc-400x403.jpg 400w, https:\/\/www.living-leedh.com\/wp-content\/uploads\/2015\/10\/G-\u00aeg-\u00ae-057doc.jpg 768w\" sizes=\"auto, (max-width: 340px) 100vw, 340px\" \/><\/a> Nouvelle sortie publique pour le proto.<\/figcaption><\/figure>\n<p>&nbsp;<\/p>\n<p>Comme en <a href=\"http:\/\/www.living-leedh.com\/wp-content\/uploads\/2015\/03\/HifipigApril2014.pdf\" target=\"_blank\">mars 2014<\/a>, la diffusion \u00e9tait r\u00e9alis\u00e9e sur un syst\u00e8me audiophile d\u2019exception : Enceintes <a href=\"http:\/\/www.living-leedh.com\/?page_id=22\">Leedh E2<\/a>, <a href=\"http:\/\/www.living-leedh.com\/?page_id=24\">caisson 20.1<\/a>, <a href=\"http:\/\/www.living-leedh.com\/?page_id=26\">c\u00e2bles \u00ab universel \u00bb<\/a>, platine \u00ab\u00a0The Circle\u00a0\u00bb avec PP Swissonor et cette ann\u00e9e, un in\u00e9dit pour l&rsquo;\u00e9lectronique :\u00a0Par ses 2 x 200 Watts, le <a href=\"http:\/\/www.living-leedh.com\/?page_id=3915\"><strong>prototype <\/strong>de l&rsquo;ampli Leedh\u00a0<\/a>a\u00a0couvert cette grande salle amortie par plus de 70 personnes.<\/p>\n<p><a href=\"http:\/\/www.living-leedh.com\/wp-content\/uploads\/2015\/10\/G-\u00aeg-\u00ae-052doc.jpg\"><img loading=\"lazy\" decoding=\"async\" class=\"size-medium wp-image-2244 alignleft\" src=\"http:\/\/www.living-leedh.com\/wp-content\/uploads\/2015\/10\/G-\u00aeg-\u00ae-052doc-300x159.jpg\" alt=\"G+\u00aeg+\u00ae 052doc\" width=\"300\" height=\"159\" srcset=\"https:\/\/www.living-leedh.com\/wp-content\/uploads\/2015\/10\/G-\u00aeg-\u00ae-052doc-300x159.jpg 300w, https:\/\/www.living-leedh.com\/wp-content\/uploads\/2015\/10\/G-\u00aeg-\u00ae-052doc.jpg 1024w, https:\/\/www.living-leedh.com\/wp-content\/uploads\/2015\/10\/G-\u00aeg-\u00ae-052doc-400x212.jpg 400w\" sizes=\"auto, (max-width: 300px) 100vw, 300px\" \/><\/a><\/p>\n<p>&nbsp;<\/p>\n<p>Avec le <a href=\"http:\/\/www.living-leedh.com\/wp-content\/uploads\/2015\/10\/G-\u00aeg-\u00ae-051Doc.jpg\">mat\u00e9riel adapt\u00e9<\/a> \u00e0\u00a0cette Bretagne m\u00e9lomane, c&rsquo;\u00e9tait une belle soir\u00e9e galette !<u><img loading=\"lazy\" decoding=\"async\" class=\" wp-image-2234 alignright\" src=\"http:\/\/www.living-leedh.com\/wp-content\/uploads\/2015\/10\/G-\u00aeg-\u00ae-060Web-300x211.jpg\" alt=\"G+\u00aeg+\u00ae 060Web\" width=\"256\" height=\"180\" srcset=\"https:\/\/www.living-leedh.com\/wp-content\/uploads\/2015\/10\/G-\u00aeg-\u00ae-060Web-300x211.jpg 300w, https:\/\/www.living-leedh.com\/wp-content\/uploads\/2015\/10\/G-\u00aeg-\u00ae-060Web-400x281.jpg 400w, https:\/\/www.living-leedh.com\/wp-content\/uploads\/2015\/10\/G-\u00aeg-\u00ae-060Web.jpg 448w\" sizes=\"auto, (max-width: 256px) 100vw, 256px\" \/><\/u><\/p>\n<p>&nbsp;<\/p>\n<p>2\u00a0r\u00e9dacteurs britanniques et audiophiles :<\/p>\n<ul>\n<li>L&rsquo;<strong>article<\/strong> sur <span style=\"color: #008000;\"><a style=\"color: #008000;\" href=\"http:\/\/hifipig.com\/a-night-with-lassociation-jazz-angle-in-st-brieuc\/\" target=\"_blank\"><u>Hifi Pig<\/u><\/a>.<\/span><\/li>\n<li>La <strong>chronique<\/strong> de cette <a href=\"http:\/\/www.living-leedh.com\/wp-content\/uploads\/2015\/03\/HiFiPig.pdf\" target=\"_blank\">soir\u00e9e 2015<\/a>,<\/li>\n<li>La <strong>chronique<\/strong> de la soir\u00e9e de l&rsquo;<a href=\"http:\/\/www.living-leedh.com\/wp-content\/uploads\/2015\/03\/HifipigApril2014.pdf\" target=\"_blank\"><strong>ann\u00e9e 2014<\/strong> sur Hifi Pig<\/a>.<\/li>\n<\/ul>\n<div><em>\u00ab\u00a0Ce syst\u00e8me de G. Milot \u00e9tonne par sa facilit\u00e9 \u00e0 restituer la richesse des saveurs planqu\u00e9es au fond des sillons !\u2026 <img loading=\"lazy\" decoding=\"async\" class=\"size-full wp-image-2368 alignleft\" src=\"http:\/\/www.living-leedh.com\/wp-content\/uploads\/2015\/10\/AlainWeb.jpg\" alt=\"AlainWeb\" width=\"256\" height=\"245\" \/>Le caisson sait donner du grave quand il le faut et sans en rajouter, le m\u00e9dium est \u00e9panoui, d\u00e9graiss\u00e9 de la fr\u00e9quente surcharge du bas-m\u00e9dium. Et cet ampli (de 2X200 w ?), en cours de finalisation, a driv\u00e9 tout le syst\u00e8me avec un sens du rythme prometteur!\u00a0La musique respire vraiment avec naturel dans son lieu d&rsquo;\u00e9coute. Un r\u00e9gal !\u00a0\u00bb <\/em>Alain Loguillard, animateur de Jazz Angle.<\/div>\n<p style=\"text-align: left;\"><strong>Quelques heures avant&#8230;<\/strong>\u00a0: page 2<!--nextpage--><\/p>\n<p style=\"text-align: left;\"><strong>Pour une telle soir\u00e9e<\/strong>, quand tout est pr\u00eat, et fonctionne, on n&rsquo;imagine pas la pr\u00e9paration&#8230; rien que l&rsquo;aller !<\/p>\n<p style=\"text-align: left;\"><a href=\"http:\/\/www.living-leedh.com\/wp-content\/uploads\/2015\/10\/G-\u00aeg-\u00ae-040doc1.jpg\"><img loading=\"lazy\" decoding=\"async\" class=\"wp-image-2260 alignleft\" src=\"http:\/\/www.living-leedh.com\/wp-content\/uploads\/2015\/10\/G-\u00aeg-\u00ae-040doc1-300x224.jpg\" alt=\"G+\u00aeg+\u00ae 040doc1\" width=\"319\" height=\"238\" srcset=\"https:\/\/www.living-leedh.com\/wp-content\/uploads\/2015\/10\/G-\u00aeg-\u00ae-040doc1-300x224.jpg 300w, https:\/\/www.living-leedh.com\/wp-content\/uploads\/2015\/10\/G-\u00aeg-\u00ae-040doc1.jpg 1024w, https:\/\/www.living-leedh.com\/wp-content\/uploads\/2015\/10\/G-\u00aeg-\u00ae-040doc1-400x299.jpg 400w\" sizes=\"auto, (max-width: 319px) 100vw, 319px\" \/><br \/>\n<\/a><\/p>\n<p style=\"text-align: left;\">Au d\u00e9part de chez soi, on a v\u00e9rifi\u00e9. Tout marche, et c&rsquo;\u00e9tait \u00ab\u00a0\u00e0 peu pr\u00e9s\u00a0\u00bb bien rang\u00e9.<\/p>\n<p style=\"text-align: left;\"><a href=\"http:\/\/www.living-leedh.com\/wp-content\/uploads\/2015\/10\/G-\u00aeg-\u00ae-044fragWeb.jpg\">\u00a0<\/a><\/p>\n<p style=\"text-align: left;\"><img loading=\"lazy\" decoding=\"async\" class=\"wp-image-2262 alignright\" src=\"http:\/\/www.living-leedh.com\/wp-content\/uploads\/2015\/10\/G-\u00aeg-\u00ae-044fragWeb-300x294.jpg\" alt=\"G+\u00aeg+\u00ae 044fragWeb\" width=\"242\" height=\"237\" srcset=\"https:\/\/www.living-leedh.com\/wp-content\/uploads\/2015\/10\/G-\u00aeg-\u00ae-044fragWeb-300x294.jpg 300w, https:\/\/www.living-leedh.com\/wp-content\/uploads\/2015\/10\/G-\u00aeg-\u00ae-044fragWeb.jpg 343w\" sizes=\"auto, (max-width: 242px) 100vw, 242px\" \/><\/p>\n<p style=\"text-align: left;\">Certains \u00e9l\u00e9ments sont particuli\u00e8rement sensibles aux transports.<a href=\"http:\/\/www.living-leedh.com\/wp-content\/uploads\/2015\/10\/G-\u00aeg-\u00ae-045doc.jpg\">\u00a0<\/a><\/p>\n<p style=\"text-align: left;\"><a href=\"http:\/\/www.living-leedh.com\/wp-content\/uploads\/2015\/10\/G-\u00aeg-\u00ae-045doc.jpg\"><img loading=\"lazy\" decoding=\"async\" class=\"wp-image-2276 alignnone\" src=\"http:\/\/www.living-leedh.com\/wp-content\/uploads\/2015\/10\/G-\u00aeg-\u00ae-045doc-300x295.jpg\" alt=\"G+\u00aeg+\u00ae 045doc\" width=\"190\" height=\"187\" srcset=\"https:\/\/www.living-leedh.com\/wp-content\/uploads\/2015\/10\/G-\u00aeg-\u00ae-045doc-300x295.jpg 300w, https:\/\/www.living-leedh.com\/wp-content\/uploads\/2015\/10\/G-\u00aeg-\u00ae-045doc-400x393.jpg 400w, https:\/\/www.living-leedh.com\/wp-content\/uploads\/2015\/10\/G-\u00aeg-\u00ae-045doc.jpg 782w\" sizes=\"auto, (max-width: 190px) 100vw, 190px\" \/><br \/>\n<\/a><\/p>\n<figure id=\"attachment_2288\" aria-describedby=\"caption-attachment-2288\" style=\"width: 320px\" class=\"wp-caption alignright\"><a href=\"http:\/\/www.living-leedh.com\/wp-content\/uploads\/2015\/10\/G-\u00aeg-\u00ae-047callepinDoc.jpg\"><img loading=\"lazy\" decoding=\"async\" class=\"wp-image-2288\" src=\"http:\/\/www.living-leedh.com\/wp-content\/uploads\/2015\/10\/G-\u00aeg-\u00ae-047callepinDoc-224x300.jpg\" alt=\"G+\u00aeg+\u00ae 047callepinDoc\" width=\"320\" height=\"429\" srcset=\"https:\/\/www.living-leedh.com\/wp-content\/uploads\/2015\/10\/G-\u00aeg-\u00ae-047callepinDoc-224x300.jpg 224w, https:\/\/www.living-leedh.com\/wp-content\/uploads\/2015\/10\/G-\u00aeg-\u00ae-047callepinDoc.jpg 765w, https:\/\/www.living-leedh.com\/wp-content\/uploads\/2015\/10\/G-\u00aeg-\u00ae-047callepinDoc-400x535.jpg 400w\" sizes=\"auto, (max-width: 320px) 100vw, 320px\" \/><\/a><figcaption id=\"caption-attachment-2288\" class=\"wp-caption-text\">Etrange support pour le M2TECH&#8230; Faudra nous expliquer !<\/figcaption><\/figure>\n<p>&nbsp;<\/p>\n<p>&nbsp;<\/p>\n<p>Chacun avait sa place, parfois \u00e9trangement et maniaquement peaufin\u00e9e.<\/p>\n<p>&nbsp;<\/p>\n<p>&nbsp;<\/p>\n<p>&nbsp;<\/p>\n<p>&nbsp;<\/p>\n<p>&nbsp;<\/p>\n<p style=\"text-align: center;\">Et quelques s\u00e9rieux coups de bras plus tard : <a href=\"http:\/\/www.living-leedh.com\/wp-content\/uploads\/2015\/10\/G-\u00aeg-\u00ae-049web.jpg\"><img loading=\"lazy\" decoding=\"async\" class=\"wp-image-2282 alignnone\" src=\"http:\/\/www.living-leedh.com\/wp-content\/uploads\/2015\/10\/G-\u00aeg-\u00ae-049web-300x214.jpg\" alt=\"G+\u00aeg+\u00ae 049web\" width=\"230\" height=\"164\" srcset=\"https:\/\/www.living-leedh.com\/wp-content\/uploads\/2015\/10\/G-\u00aeg-\u00ae-049web-300x214.jpg 300w, https:\/\/www.living-leedh.com\/wp-content\/uploads\/2015\/10\/G-\u00aeg-\u00ae-049web-400x286.jpg 400w, https:\/\/www.living-leedh.com\/wp-content\/uploads\/2015\/10\/G-\u00aeg-\u00ae-049web.jpg 448w\" sizes=\"auto, (max-width: 230px) 100vw, 230px\" \/><\/a>\u00a0\u00a0 <a href=\"http:\/\/www.living-leedh.com\/wp-content\/uploads\/2015\/10\/G-\u00aeg-\u00ae-050CamLtWeb.jpg\"><img loading=\"lazy\" decoding=\"async\" class=\"wp-image-2297 alignnone\" src=\"http:\/\/www.living-leedh.com\/wp-content\/uploads\/2015\/10\/G-\u00aeg-\u00ae-050CamLtWeb-300x222.jpg\" alt=\"G+\u00aeg+\u00ae 050CamLtWeb\" width=\"224\" height=\"166\" srcset=\"https:\/\/www.living-leedh.com\/wp-content\/uploads\/2015\/10\/G-\u00aeg-\u00ae-050CamLtWeb-300x222.jpg 300w, https:\/\/www.living-leedh.com\/wp-content\/uploads\/2015\/10\/G-\u00aeg-\u00ae-050CamLtWeb-400x296.jpg 400w, https:\/\/www.living-leedh.com\/wp-content\/uploads\/2015\/10\/G-\u00aeg-\u00ae-050CamLtWeb.jpg 448w\" sizes=\"auto, (max-width: 224px) 100vw, 224px\" \/><\/a><\/p>\n<p><img loading=\"lazy\" decoding=\"async\" class=\" wp-image-2300 alignleft\" src=\"http:\/\/www.living-leedh.com\/wp-content\/uploads\/2015\/10\/G-\u00aeg-\u00ae-053instalWEB-300x160.jpg\" alt=\"G+\u00aeg+\u00ae 053instalWEB\" width=\"314\" height=\"167\" srcset=\"https:\/\/www.living-leedh.com\/wp-content\/uploads\/2015\/10\/G-\u00aeg-\u00ae-053instalWEB-300x160.jpg 300w, https:\/\/www.living-leedh.com\/wp-content\/uploads\/2015\/10\/G-\u00aeg-\u00ae-053instalWEB-400x213.jpg 400w, https:\/\/www.living-leedh.com\/wp-content\/uploads\/2015\/10\/G-\u00aeg-\u00ae-053instalWEB.jpg 448w\" sizes=\"auto, (max-width: 314px) 100vw, 314px\" \/>Arriv\u00e9e sur place, portage en \u00e9tage ! Puis, on\u00a0d\u00e9balle, on installe. Et comme on est passionn\u00e9, on r\u00e8gle toujours au mieux,\u00a0m\u00eame pour ces quelques heures. Mais<a href=\"http:\/\/www.living-leedh.com\/wp-content\/uploads\/2015\/10\/G-\u00aeg-\u00ae-061plaisirWeb.jpg\"><img loading=\"lazy\" decoding=\"async\" class=\"size-medium wp-image-2308 alignright\" src=\"http:\/\/www.living-leedh.com\/wp-content\/uploads\/2015\/10\/G-\u00aeg-\u00ae-061plaisirWeb-300x203.jpg\" alt=\"G+\u00aeg+\u00ae 061plaisirWeb\" width=\"300\" height=\"203\" srcset=\"https:\/\/www.living-leedh.com\/wp-content\/uploads\/2015\/10\/G-\u00aeg-\u00ae-061plaisirWeb-300x203.jpg 300w, https:\/\/www.living-leedh.com\/wp-content\/uploads\/2015\/10\/G-\u00aeg-\u00ae-061plaisirWeb-400x271.jpg 400w, https:\/\/www.living-leedh.com\/wp-content\/uploads\/2015\/10\/G-\u00aeg-\u00ae-061plaisirWeb.jpg 448w\" sizes=\"auto, (max-width: 300px) 100vw, 300px\" \/><\/a> quel plaisir de voir ces sourires aux \u00e9coutes r\u00e9ussies.<\/p>\n<p>&nbsp;<\/p>\n<p>Reste ensuite le\u00a0remballage pour\u00a0le retour, souvent tardif, puis encore du temps,\u00a0le lendemain, voire plus tard,\u00a0pour que \u00e7a redevienne \u00ab\u00a0comme avant\u00a0\u00bb :<a href=\"http:\/\/www.living-leedh.com\/wp-content\/uploads\/2015\/10\/G-\u00aeg-\u00ae-034INSTALLdoc.jpg\"><img loading=\"lazy\" decoding=\"async\" class=\"alignnone wp-image-2313\" src=\"http:\/\/www.living-leedh.com\/wp-content\/uploads\/2015\/10\/G-\u00aeg-\u00ae-034INSTALLdoc-300x224.jpg\" alt=\"G+\u00aeg+\u00ae 034INSTALLdoc\" width=\"475\" height=\"355\" srcset=\"https:\/\/www.living-leedh.com\/wp-content\/uploads\/2015\/10\/G-\u00aeg-\u00ae-034INSTALLdoc-300x224.jpg 300w, https:\/\/www.living-leedh.com\/wp-content\/uploads\/2015\/10\/G-\u00aeg-\u00ae-034INSTALLdoc.jpg 1024w, https:\/\/www.living-leedh.com\/wp-content\/uploads\/2015\/10\/G-\u00aeg-\u00ae-034INSTALLdoc-400x299.jpg 400w\" sizes=\"auto, (max-width: 475px) 100vw, 475px\" \/><\/a><\/p>\n<p style=\"text-align: left;\">Donc , merci aux membres Leedhers : Jean-Luc (JustLiSten) &amp; G\u00e9g\u00e9 (M\u00e9lomane34) puisque<strong>&#8230; <\/strong><em>\u00c7a c\u2019est \u00a0<\/em><a href=\"http:\/\/www.living-leedh.com\/?page_id=17\"><em><img loading=\"lazy\" decoding=\"async\" class=\"alignnone wp-image-1191\" src=\"http:\/\/www.living-leedh.com\/wp-content\/uploads\/2015\/05\/LivingClubSign.jpg\" alt=\"LivingClubSign\" width=\"82\" height=\"31\" \/><\/em><\/a><em>\u00a0!<\/em><\/p>\n","protected":false},"excerpt":{"rendered":"<p>C&lsquo;\u00e9tait le jeudi 15 octobre, \u00e0 la Villa Carm\u00e9lie, Saint-Brieuc. Avec le prototype de l&rsquo;ampli Leedh ! &nbsp; Le Conservatoire de Saint-Brieuc, l&rsquo;Association Jazz Angle, et, ont organis\u00e9 cette\u00a0soir\u00e9e audiophile d&rsquo;\u00e9coute de vinyles de jazz. Cette session\u00a0couvrait essentiellement la riche p\u00e9riode des ann\u00e9es 1960\/70 o\u00f9 se m\u00ealent les d\u00e9couvertes harmoniques des musiciens issus du bop, &hellip; <a href=\"https:\/\/www.living-leedh.com\/?page_id=2206\" class=\"more-link\">Continuer la lecture de <span class=\"screen-reader-text\">Soir\u00e9e audiophile vinyles de jazz 2015<\/span>  <span class=\"meta-nav\">&rarr;<\/span><\/a><\/p>\n","protected":false},"author":1,"featured_media":0,"parent":0,"menu_order":0,"comment_status":"closed","ping_status":"closed","template":"","meta":{"_bbp_topic_count":0,"_bbp_reply_count":0,"_bbp_total_topic_count":0,"_bbp_total_reply_count":0,"_bbp_voice_count":0,"_bbp_anonymous_reply_count":0,"_bbp_topic_count_hidden":0,"_bbp_reply_count_hidden":0,"_bbp_forum_subforum_count":0,"footnotes":""},"class_list":["post-2206","page","type-page","status-publish","hentry"],"_links":{"self":[{"href":"https:\/\/www.living-leedh.com\/index.php?rest_route=\/wp\/v2\/pages\/2206","targetHints":{"allow":["GET"]}}],"collection":[{"href":"https:\/\/www.living-leedh.com\/index.php?rest_route=\/wp\/v2\/pages"}],"about":[{"href":"https:\/\/www.living-leedh.com\/index.php?rest_route=\/wp\/v2\/types\/page"}],"author":[{"embeddable":true,"href":"https:\/\/www.living-leedh.com\/index.php?rest_route=\/wp\/v2\/users\/1"}],"replies":[{"embeddable":true,"href":"https:\/\/www.living-leedh.com\/index.php?rest_route=%2Fwp%2Fv2%2Fcomments&post=2206"}],"version-history":[{"count":135,"href":"https:\/\/www.living-leedh.com\/index.php?rest_route=\/wp\/v2\/pages\/2206\/revisions"}],"predecessor-version":[{"id":4563,"href":"https:\/\/www.living-leedh.com\/index.php?rest_route=\/wp\/v2\/pages\/2206\/revisions\/4563"}],"wp:attachment":[{"href":"https:\/\/www.living-leedh.com\/index.php?rest_route=%2Fwp%2Fv2%2Fmedia&parent=2206"}],"curies":[{"name":"wp","href":"https:\/\/api.w.org\/{rel}","templated":true}]}}