{"id":24,"date":"2015-03-15T22:10:54","date_gmt":"2015-03-15T21:10:54","guid":{"rendered":"http:\/\/www.living-leedh.com\/?page_id=24"},"modified":"2022-03-08T12:04:15","modified_gmt":"2022-03-08T11:04:15","slug":"caisson","status":"publish","type":"page","link":"https:\/\/www.living-leedh.com\/?page_id=24","title":{"rendered":"Caisson 20.1"},"content":{"rendered":"<p><strong>20hz \u00e0 -1db<\/strong><\/p>\n<figure id=\"attachment_174\" aria-describedby=\"caption-attachment-174\" style=\"width: 297px\" class=\"wp-caption alignright\"><a href=\"http:\/\/www.living-leedh.com\/wp-content\/uploads\/2015\/03\/Caisson.jpe\"><img loading=\"lazy\" decoding=\"async\" class=\"size-full wp-image-174\" src=\"http:\/\/www.living-leedh.com\/wp-content\/uploads\/2015\/03\/Caisson.jpe\" alt=\"Caisson 20.1\" width=\"297\" height=\"170\" \/><\/a><figcaption id=\"caption-attachment-174\" class=\"wp-caption-text\">Caisson 20.1<\/figcaption><\/figure>\n<p>Tel est le challenge tenu.<br \/>\n2 haut-parleurs 38 cm Audax de la s\u00e9rie pro (fabrication sur cahier des charges Leedh), 2 Athom 23 cm, mont\u00e9s en charge infinie (caisson isobare)<br \/>\nTout ceci dans un volume \u00ab\u00a0presque\u00a0\u00bb ridicule : 16 litres seulement.<br \/>\n2 amplis caisson de chez Athom (classe D, 300W \u00e0 l&rsquo;origine, puis 500w chacun, technologie IcePower) dont l&rsquo;un est mont\u00e9 en esclave.<br \/>\nL&rsquo;un alimente les HP Athom, l&rsquo;autre les 38 cm.<br \/>\nCon\u00e7u \u00e0 l&rsquo;origine pour s&rsquo;int\u00e9grer parfaitement avec l&rsquo;ensemble E2 et c\u00e2ble Universel, il transcendera aussi tout syst\u00e8me audiophile ou home-cin\u00e9ma.<\/p>\n<p>Les membres du club utilisent parfois des r\u00e9glages personnalis\u00e9s et diff\u00e9rents de ceux pr\u00e9conis\u00e9s par le constructeur. Il en est aussi qui consid\u00e8rent que les E2 se suffisent \u00e0 elles-m\u00eames, sans ajout du Caisson.<br \/>\nSouvent, l&rsquo;inversion de phase secteur sur un des amplis donne de meilleurs r\u00e9sultats.<\/p>\n<p>Fiche technique :<\/p>\n<ul>\n<li>Bande passante : 110 Hz \u00e0 20 Hz \u00e0 -1 dB<\/li>\n<li>Facteur d&rsquo;amortissement : 2<\/li>\n<li>Puissance efficace : 2 x 300 Watts sous 4 \u03a9 *<\/li>\n<li>Filtre passe bas : 40 \u2212 150 Hz \u00e0 24 ou 12 dB\/octave et bypass LFE<\/li>\n<li>R\u00e9glage de phase progressif : 0 \u00e0 180\u00b0 *<\/li>\n<li>Dimensions du caisson ( L x H x P) : 450 x 480 x 480 mm<\/li>\n<li>Finitions : laque piano noire<\/li>\n<li>Poids : 45 kg<\/li>\n<li>Date de commercialisation : juin 2014<\/li>\n<li>Prix : 5 500 \u20ac *<\/li>\n<\/ul>\n<p>* Suite au changement de produit effectu\u00e9 par la soci\u00e9t\u00e9 Atohm, une nouvelle version du caisson est commercialis\u00e9e avec les modifications suivantes :<\/p>\n<ul>\n<li>Puissance efficace : 2 x 500 Watts sous 4 \u03a9<\/li>\n<li>R\u00e9glage de phase fixe 0\u00b0 ou 180\u00b0<\/li>\n<li>Date de commercialisation : Avril 2015<\/li>\n<li>Prix :\u00a06 000 \u20ac<\/li>\n<li><a href=\"http:\/\/www.living-leedh.com\/wp-content\/uploads\/2015\/03\/manuel-Subwoofer-Fr.pdf\" target=\"_blank\" rel=\"noopener\">Manuel <\/a>d&rsquo;installation (si le caisson n&rsquo;est pas au milieu, les m\u00eames mesures sont appliqu\u00e9es)<\/li>\n<li><a href=\"https:\/\/www.living-leedh.com\/wp-content\/uploads\/2021\/04\/Subwoofer-packing.mp4\" target=\"_blank\" rel=\"noopener\">Vid\u00e9o<\/a> pour l&#8217;emballage du caisson<\/li>\n<li>Voir\u00a0la rubrique \u00ab\u00a0Installations\u00a0\u00bb pour les mises en situation<\/li>\n<\/ul>\n<p><span style=\"color: #008000;\"><a style=\"color: #008000;\" title=\"Cableconstructeur\" href=\"https:\/\/www.living-leedh.com\/?page_id=7183\" target=\"_blank\" rel=\"noopener\"><span style=\"text-decoration: underline;\">En savoir plus :<\/span><\/a><\/span> (site du constructeur)<\/p>\n<p>Le test <a href=\"https:\/\/www.living-leedh.com\/wp-content\/uploads\/2022\/03\/2014-03-86-P44A47_BE-LEEDH-1.pdf\" target=\"_blank\" rel=\"noopener\">St\u00e9r\u00e9o Prestige et Image<\/a><\/p>\n<p>Test <a href=\"https:\/\/web.archive.org\/web\/20150331231321\/http:\/\/www.evmag.fr\/site.php?page=audio422\" target=\"_blank\" rel=\"noopener\">evmag\u00a0 <\/a><br \/>\nAcc\u00e8s aux archives du site ferm\u00e9, chargement lent &#8230;)<\/p>\n<p>Voir aussi la rubrique <a href=\"http:\/\/www.living-leedh.com\/?page_id=32\">ILS EN PARLENT<\/a><\/p>\n","protected":false},"excerpt":{"rendered":"<p>20hz \u00e0 -1db Tel est le challenge tenu. 2 haut-parleurs 38 cm Audax de la s\u00e9rie pro (fabrication sur cahier des charges Leedh), 2 Athom 23 cm, mont\u00e9s en charge infinie (caisson isobare) Tout ceci dans un volume \u00ab\u00a0presque\u00a0\u00bb ridicule : 16 litres seulement. 2 amplis caisson de chez Athom (classe D, 300W \u00e0 l&rsquo;origine, &hellip; <a href=\"https:\/\/www.living-leedh.com\/?page_id=24\" class=\"more-link\">Continuer la lecture de <span class=\"screen-reader-text\">Caisson 20.1<\/span>  <span class=\"meta-nav\">&rarr;<\/span><\/a><\/p>\n","protected":false},"author":1,"featured_media":0,"parent":0,"menu_order":0,"comment_status":"closed","ping_status":"open","template":"","meta":{"_bbp_topic_count":0,"_bbp_reply_count":0,"_bbp_total_topic_count":0,"_bbp_total_reply_count":0,"_bbp_voice_count":0,"_bbp_anonymous_reply_count":0,"_bbp_topic_count_hidden":0,"_bbp_reply_count_hidden":0,"_bbp_forum_subforum_count":0,"footnotes":""},"class_list":["post-24","page","type-page","status-publish","hentry"],"_links":{"self":[{"href":"https:\/\/www.living-leedh.com\/index.php?rest_route=\/wp\/v2\/pages\/24","targetHints":{"allow":["GET"]}}],"collection":[{"href":"https:\/\/www.living-leedh.com\/index.php?rest_route=\/wp\/v2\/pages"}],"about":[{"href":"https:\/\/www.living-leedh.com\/index.php?rest_route=\/wp\/v2\/types\/page"}],"author":[{"embeddable":true,"href":"https:\/\/www.living-leedh.com\/index.php?rest_route=\/wp\/v2\/users\/1"}],"replies":[{"embeddable":true,"href":"https:\/\/www.living-leedh.com\/index.php?rest_route=%2Fwp%2Fv2%2Fcomments&post=24"}],"version-history":[{"count":52,"href":"https:\/\/www.living-leedh.com\/index.php?rest_route=\/wp\/v2\/pages\/24\/revisions"}],"predecessor-version":[{"id":7394,"href":"https:\/\/www.living-leedh.com\/index.php?rest_route=\/wp\/v2\/pages\/24\/revisions\/7394"}],"wp:attachment":[{"href":"https:\/\/www.living-leedh.com\/index.php?rest_route=%2Fwp%2Fv2%2Fmedia&parent=24"}],"curies":[{"name":"wp","href":"https:\/\/api.w.org\/{rel}","templated":true}]}}