{"id":2503,"date":"2015-11-06T23:21:59","date_gmt":"2015-11-06T21:21:59","guid":{"rendered":"http:\/\/www.living-leedh.com\/?page_id=2503"},"modified":"2018-07-04T22:01:11","modified_gmt":"2018-07-04T20:01:11","slug":"vente-sources","status":"publish","type":"page","link":"https:\/\/www.living-leedh.com\/?page_id=2503","title":{"rendered":"Vente sources"},"content":{"rendered":"<p><em>Le vendeur assume l&rsquo;enti\u00e8re responsabilit\u00e9 du contenu de son annonce<\/em><\/p>\n<p><strong>Mis en ligne le 4\/7\/18<br \/>\n<\/strong><\/p>\n<pre>Bonsoir \u00e0 tous,\r\nJe c\u00e8de la source que j'ai gard\u00e9e le plus longtemps depuis mes 20 ans audiophilie. Parmi les tous meilleurs lecteurs CD \/ DAC \u00e0 ce niveau de prix : le Playback Design  MPS3\r\nLe DAC poss\u00e8de 3 entr\u00e9es num\u00e9riques usb \/ spdif \/ aes\r\nPremiere main - r\u00e9vis\u00e9 chez Finitus en avril 2017 (SAV officiel Europe). La m\u00e9ca CDPRO a \u00e9t\u00e9 remplac\u00e9e lors de la r\u00e9vision.\r\nEnvironnement non fumeur, ni animaux. Aucune d\u00e9faillance fonctionnel \u00e0 ma connaissance. Esth\u00e9tiquement comme neuf. Aucune \u00e9gratignure sauf une petite sur la t\u00e9l\u00e9commande.\r\nEmballage complet, facture et lettre de cession.\r\nLe prix demand\u00e9  est de 6400\u20ac \u00e0 d\u00e9battre pour les leedheurs...See you soon \r\nBible100\r\n<a href=\"http:\/\/www.living-leedh.com\/wp-content\/uploads\/2018\/07\/IMG_6048.jpg\"><img loading=\"lazy\" decoding=\"async\" class=\"alignnone size-full wp-image-6174\" src=\"http:\/\/www.living-leedh.com\/wp-content\/uploads\/2018\/07\/IMG_6048.jpg\" alt=\"\" width=\"1400\" height=\"787\" srcset=\"https:\/\/www.living-leedh.com\/wp-content\/uploads\/2018\/07\/IMG_6048.jpg 1400w, https:\/\/www.living-leedh.com\/wp-content\/uploads\/2018\/07\/IMG_6048-300x169.jpg 300w, https:\/\/www.living-leedh.com\/wp-content\/uploads\/2018\/07\/IMG_6048-768x432.jpg 768w, https:\/\/www.living-leedh.com\/wp-content\/uploads\/2018\/07\/IMG_6048-1024x576.jpg 1024w, https:\/\/www.living-leedh.com\/wp-content\/uploads\/2018\/07\/IMG_6048-128x72.jpg 128w, https:\/\/www.living-leedh.com\/wp-content\/uploads\/2018\/07\/IMG_6048-400x225.jpg 400w\" sizes=\"auto, (max-width: 1400px) 100vw, 1400px\" \/><\/a><div role=\"form\" class=\"wpcf7\" id=\"wpcf7-f5359-o1\" lang=\"fr-FR\" dir=\"ltr\">\n<div class=\"screen-reader-response\"><p role=\"status\" aria-live=\"polite\" aria-atomic=\"true\"><\/p> <ul><\/ul><\/div>\n<form action=\"\/index.php?rest_route=%2Fwp%2Fv2%2Fpages%2F2503#wpcf7-f5359-o1\" method=\"post\" class=\"wpcf7-form init\" novalidate=\"novalidate\" data-status=\"init\">\n<div style=\"display: none;\">\n<input type=\"hidden\" name=\"_wpcf7\" value=\"5359\" \/>\n<input type=\"hidden\" name=\"_wpcf7_version\" value=\"5.5.6\" \/>\n<input type=\"hidden\" name=\"_wpcf7_locale\" value=\"fr_FR\" \/>\n<input type=\"hidden\" name=\"_wpcf7_unit_tag\" value=\"wpcf7-f5359-o1\" \/>\n<input type=\"hidden\" name=\"_wpcf7_container_post\" value=\"0\" \/>\n<input type=\"hidden\" name=\"_wpcf7_posted_data_hash\" value=\"\" \/>\n<input type=\"hidden\" name=\"_wpcf7_recaptcha_response\" value=\"\" \/>\n<\/div>\n<p>Votre nom*<br \/>\n    <span class=\"wpcf7-form-control-wrap your-name\"><input type=\"text\" name=\"your-name\" value=\"\" size=\"40\" class=\"wpcf7-form-control wpcf7-text wpcf7-validates-as-required\" aria-required=\"true\" aria-invalid=\"false\" \/><\/span> <\/p>\n<p>Votre email*<br \/>\n    <span class=\"wpcf7-form-control-wrap your-email\"><input type=\"email\" name=\"your-email\" value=\"\" size=\"40\" class=\"wpcf7-form-control wpcf7-text wpcf7-email wpcf7-validates-as-required wpcf7-validates-as-email\" aria-required=\"true\" aria-invalid=\"false\" \/><\/span> <\/p>\n<p>Sujet<br \/>\n    <span class=\"wpcf7-form-control-wrap text-388\"><input type=\"text\" name=\"text-388\" value=\"Vente Play Back\" size=\"40\" class=\"wpcf7-form-control wpcf7-text\" aria-invalid=\"false\" \/><\/span> <\/p>\n<p>Votre message<br \/>\n    <span class=\"wpcf7-form-control-wrap your-message\"><textarea name=\"your-message\" cols=\"40\" rows=\"10\" class=\"wpcf7-form-control wpcf7-textarea\" aria-invalid=\"false\"><\/textarea><\/span> <\/p>\n\n<p><input type=\"submit\" value=\"Envoyer\" class=\"wpcf7-form-control has-spinner wpcf7-submit\" \/><\/p>\n<p style=\"display: none !important;\"><label>&#916;<textarea name=\"_wpcf7_ak_hp_textarea\" cols=\"45\" rows=\"8\" maxlength=\"100\"><\/textarea><\/label><input type=\"hidden\" id=\"ak_js_1\" name=\"_wpcf7_ak_js\" value=\"189\"\/><script>document.getElementById( \"ak_js_1\" ).setAttribute( \"value\", ( new Date() ).getTime() );<\/script><\/p><div class=\"wpcf7-response-output\" aria-hidden=\"true\"><\/div><\/form><\/div><\/pre>\n<p>&nbsp;<\/p>\n","protected":false},"excerpt":{"rendered":"<p>Le vendeur assume l&rsquo;enti\u00e8re responsabilit\u00e9 du contenu de son annonce Mis en ligne le 4\/7\/18 Bonsoir \u00e0 tous, Je c\u00e8de la source que j&rsquo;ai gard\u00e9e le plus longtemps depuis mes 20 ans audiophilie. Parmi les tous meilleurs lecteurs CD \/ DAC \u00e0 ce niveau de prix : le Playback Design MPS3 Le DAC poss\u00e8de 3 &hellip; <a href=\"https:\/\/www.living-leedh.com\/?page_id=2503\" class=\"more-link\">Continuer la lecture de <span class=\"screen-reader-text\">Vente sources<\/span>  <span class=\"meta-nav\">&rarr;<\/span><\/a><\/p>\n","protected":false},"author":1,"featured_media":0,"parent":0,"menu_order":0,"comment_status":"closed","ping_status":"closed","template":"","meta":{"_bbp_topic_count":0,"_bbp_reply_count":0,"_bbp_total_topic_count":0,"_bbp_total_reply_count":0,"_bbp_voice_count":0,"_bbp_anonymous_reply_count":0,"_bbp_topic_count_hidden":0,"_bbp_reply_count_hidden":0,"_bbp_forum_subforum_count":0,"footnotes":""},"class_list":["post-2503","page","type-page","status-publish","hentry"],"_links":{"self":[{"href":"https:\/\/www.living-leedh.com\/index.php?rest_route=\/wp\/v2\/pages\/2503","targetHints":{"allow":["GET"]}}],"collection":[{"href":"https:\/\/www.living-leedh.com\/index.php?rest_route=\/wp\/v2\/pages"}],"about":[{"href":"https:\/\/www.living-leedh.com\/index.php?rest_route=\/wp\/v2\/types\/page"}],"author":[{"embeddable":true,"href":"https:\/\/www.living-leedh.com\/index.php?rest_route=\/wp\/v2\/users\/1"}],"replies":[{"embeddable":true,"href":"https:\/\/www.living-leedh.com\/index.php?rest_route=%2Fwp%2Fv2%2Fcomments&post=2503"}],"version-history":[{"count":21,"href":"https:\/\/www.living-leedh.com\/index.php?rest_route=\/wp\/v2\/pages\/2503\/revisions"}],"predecessor-version":[{"id":6176,"href":"https:\/\/www.living-leedh.com\/index.php?rest_route=\/wp\/v2\/pages\/2503\/revisions\/6176"}],"wp:attachment":[{"href":"https:\/\/www.living-leedh.com\/index.php?rest_route=%2Fwp%2Fv2%2Fmedia&parent=2503"}],"curies":[{"name":"wp","href":"https:\/\/api.w.org\/{rel}","templated":true}]}}