{"id":26,"date":"2015-03-15T22:11:20","date_gmt":"2015-03-15T21:11:20","guid":{"rendered":"http:\/\/www.living-leedh.com\/?page_id=26"},"modified":"2022-02-14T10:34:08","modified_gmt":"2022-02-14T09:34:08","slug":"cables","status":"publish","type":"page","link":"https:\/\/www.living-leedh.com\/?page_id=26","title":{"rendered":"C\u00e2ble \u00ab\u00a0Universel\u00a0\u00bb"},"content":{"rendered":"<p>Un c\u00e2ble \u00ab\u00a0universel\u00a0\u00bb con\u00e7u \u00e0 l&rsquo;origine pour s&rsquo;adosser aux Leedh E2 mais qui se r\u00e9v\u00e8le, de par sa transparence et sa neutralit\u00e9, utilisable sur tout syst\u00e8me.<\/p>\n<p><em>Gilles Milot, dans les ann\u00e9es 80, a \u00e9t\u00e9 l&rsquo;un des premiers \u00e0 mettre en avant <\/em><span style=\"color: #008000;\"><a style=\"color: #008000;\" href=\"http:\/\/www.living-leedh.com\/wp-content\/uploads\/2015\/05\/Gille-MILOT-Revue-lAudiophile.pdf\" target=\"_blank\" rel=\"noopener\"><em><span style=\"text-decoration: underline;\">l&rsquo;importance des c\u00e2bles de liaison.<\/span><\/em><\/a><\/span><\/p>\n<figure id=\"attachment_769\" aria-describedby=\"caption-attachment-769\" style=\"width: 300px\" class=\"wp-caption alignleft\"><a href=\"http:\/\/www.living-leedh.com\/wp-content\/uploads\/2015\/03\/cables1-HD.jpg\"><img loading=\"lazy\" decoding=\"async\" class=\"size-medium wp-image-769\" src=\"http:\/\/www.living-leedh.com\/wp-content\/uploads\/2015\/03\/cables1-HD-300x224.jpg\" alt=\"C\u00e2ble Universel fiches bananes\" width=\"300\" height=\"224\" srcset=\"https:\/\/www.living-leedh.com\/wp-content\/uploads\/2015\/03\/cables1-HD-300x224.jpg 300w, https:\/\/www.living-leedh.com\/wp-content\/uploads\/2015\/03\/cables1-HD-1024x765.jpg 1024w, https:\/\/www.living-leedh.com\/wp-content\/uploads\/2015\/03\/cables1-HD-400x299.jpg 400w\" sizes=\"auto, (max-width: 300px) 100vw, 300px\" \/><\/a><figcaption id=\"caption-attachment-769\" class=\"wp-caption-text\">C\u00e2ble Universel fiches bananes<\/figcaption><\/figure>\n<p>Le c\u00e2ble de base est identique \u00e0 celui employ\u00e9 en interne dans les E2\u00a0: monobrin cuivre de 8\/10 mm, isolant fibre de verre cru.<br \/>\nTress\u00e9 par 16 brins, chacun ayant son blindage propre, le tout entour\u00e9 d&rsquo;un blindage avec une polarisation fixe par pile au lithium. Cette pile ne d\u00e9bitant pas, sa dur\u00e9e de vie est estim\u00e9e entre 8 et 10 ans.<\/p>\n<p>Enfin, un filtre passif de type RC vient compenser la capacit\u00e9 parasite inh\u00e9rente \u00e0 tout c\u00e2ble. Les fiches bananes aux extr\u00e9mit\u00e9s comportent une tr\u00e8s petite surface de contact.<\/p>\n<figure id=\"attachment_770\" aria-describedby=\"caption-attachment-770\" style=\"width: 300px\" class=\"wp-caption alignright\"><a href=\"http:\/\/www.living-leedh.com\/wp-content\/uploads\/2015\/03\/cables2-HD.jpg\"><img loading=\"lazy\" decoding=\"async\" class=\"size-medium wp-image-770\" src=\"http:\/\/www.living-leedh.com\/wp-content\/uploads\/2015\/03\/cables2-HD-300x224.jpg\" alt=\"C\u00f4t\u00e9 ampli\" width=\"300\" height=\"224\" srcset=\"https:\/\/www.living-leedh.com\/wp-content\/uploads\/2015\/03\/cables2-HD-300x224.jpg 300w, https:\/\/www.living-leedh.com\/wp-content\/uploads\/2015\/03\/cables2-HD-1024x765.jpg 1024w, https:\/\/www.living-leedh.com\/wp-content\/uploads\/2015\/03\/cables2-HD-400x299.jpg 400w\" sizes=\"auto, (max-width: 300px) 100vw, 300px\" \/><\/a><figcaption id=\"caption-attachment-770\" class=\"wp-caption-text\">C\u00f4t\u00e9 ampli<\/figcaption><\/figure>\n<p>Le filtre est enferm\u00e9 dans un bo\u00eetier rempli de sable.<\/p>\n<p>&nbsp;<\/p>\n<p>&nbsp;<\/p>\n<p>&nbsp;<\/p>\n<p>&nbsp;<\/p>\n<p><span style=\"color: #000000;\"><span style=\"text-decoration: underline;\">Pour le boitier de la pile :<\/span>\u00a0A<span style=\"background: white; font-family: 'Arial','sans-serif';\"> savoir concernant ces <strong>piles<\/strong>, en tant <a style=\"color: #000000;\" href=\"http:\/\/www.living-leedh.com\/wp-content\/uploads\/2015\/03\/ref-pile.jpg\"><img loading=\"lazy\" decoding=\"async\" class=\" size-medium wp-image-1621 alignright\" src=\"http:\/\/www.living-leedh.com\/wp-content\/uploads\/2015\/03\/ref-pile-225x300.jpg\" alt=\"ref-pile\" width=\"225\" height=\"300\" srcset=\"https:\/\/www.living-leedh.com\/wp-content\/uploads\/2015\/03\/ref-pile-225x300.jpg 225w, https:\/\/www.living-leedh.com\/wp-content\/uploads\/2015\/03\/ref-pile.jpg 768w, https:\/\/www.living-leedh.com\/wp-content\/uploads\/2015\/03\/ref-pile-400x533.jpg 400w\" sizes=\"auto, (max-width: 225px) 100vw, 225px\" \/><\/a>qu&rsquo;\u00e9l\u00e9ment lithium, elles int\u00e8grent un fusible sous la capsule du +, voil\u00e0 pourquoi un contact entre la cosse et le blindage les rend inutilisables, la pile se retrouvant en court circuit, le fusible fait son office. Il faut alors remplacer la pile.<\/span><\/span><\/p>\n<p><span style=\"color: #000000;\">La r\u00e9f\u00e9rence de <strong>la pile est LSH 20<\/strong>.<\/span><\/p>\n<p>&nbsp;<\/p>\n<p style=\"text-align: left;\">La pile ne d\u00e9bite pas. Elle polarise le blindage. Elle doit \u00eatre remplac\u00e9e \u00e0 sa date de p\u00e9remption, not\u00e9e sur le boitier :\u00a0<a href=\"http:\/\/www.living-leedh.com\/wp-content\/uploads\/2015\/03\/etiquette-pile.jpg\"><img loading=\"lazy\" decoding=\"async\" class=\" size-medium wp-image-1623 aligncenter\" src=\"http:\/\/www.living-leedh.com\/wp-content\/uploads\/2015\/03\/etiquette-pile-300x133.jpg\" alt=\"etiquette-pile\" width=\"300\" height=\"133\" srcset=\"https:\/\/www.living-leedh.com\/wp-content\/uploads\/2015\/03\/etiquette-pile-300x133.jpg 300w, https:\/\/www.living-leedh.com\/wp-content\/uploads\/2015\/03\/etiquette-pile-400x177.jpg 400w, https:\/\/www.living-leedh.com\/wp-content\/uploads\/2015\/03\/etiquette-pile.jpg 448w\" sizes=\"auto, (max-width: 300px) 100vw, 300px\" \/><\/a>\u00a0Pour v\u00e9rifier l&rsquo;\u00e9tat des piles, avec un voltm\u00e8tre en position DC (tension continu), 2 m\u00e9thodes : <img loading=\"lazy\" decoding=\"async\" class=\" wp-image-1624 alignleft\" src=\"http:\/\/www.living-leedh.com\/wp-content\/uploads\/2015\/03\/mesure-pile-direct-300x275.jpg\" alt=\"mesure-pile-direct\" width=\"183\" height=\"168\" srcset=\"https:\/\/www.living-leedh.com\/wp-content\/uploads\/2015\/03\/mesure-pile-direct-300x275.jpg 300w, https:\/\/www.living-leedh.com\/wp-content\/uploads\/2015\/03\/mesure-pile-direct-400x366.jpg 400w, https:\/\/www.living-leedh.com\/wp-content\/uploads\/2015\/03\/mesure-pile-direct.jpg 839w\" sizes=\"auto, (max-width: 183px) 100vw, 183px\" \/>Aux bornes de la pile, ou bien entre la fourche et le blindage du c\u00e2ble \u00e0 travers la gaine, avec une touche pointue.<\/p>\n<p style=\"text-align: left;\"><a href=\"http:\/\/www.living-leedh.com\/wp-content\/uploads\/2015\/03\/mesure-pile.jpg\"><img loading=\"lazy\" decoding=\"async\" class=\"alignnone wp-image-1625\" src=\"http:\/\/www.living-leedh.com\/wp-content\/uploads\/2015\/03\/mesure-pile-228x300.jpg\" alt=\"mesure-pile\" width=\"170\" height=\"224\" srcset=\"https:\/\/www.living-leedh.com\/wp-content\/uploads\/2015\/03\/mesure-pile-228x300.jpg 228w, https:\/\/www.living-leedh.com\/wp-content\/uploads\/2015\/03\/mesure-pile-400x527.jpg 400w, https:\/\/www.living-leedh.com\/wp-content\/uploads\/2015\/03\/mesure-pile.jpg 768w\" sizes=\"auto, (max-width: 170px) 100vw, 170px\" \/><\/a><\/p>\n<p>&nbsp;<\/p>\n<p>Prix de vente constat\u00e9\u00a0: 2500 \u20ac TTC<\/p>\n<p><a href=\"http:\/\/www.living-leedh.com\/wp-content\/uploads\/2015\/03\/SCAN0004.jpg\" target=\"_blank\" rel=\"noopener\">BE du c\u00e2ble Universel<\/a><\/p>\n<p><em>Tranche de vie : ce c\u00e2ble \u00ab\u00a0Universel\u00a0\u00bb a failli s&rsquo;appeler \u00ab\u00a0Impec-c\u00e2ble\u00a0\u00bb &#8230;<\/em><\/p>\n<p style=\"text-align: right;\"><em>\u00c7a c\u2019est <\/em><a href=\"http:\/\/www.living-leedh.com\/?page_id=17\"><em><img loading=\"lazy\" decoding=\"async\" class=\"alignnone wp-image-1191\" src=\"http:\/\/www.living-leedh.com\/wp-content\/uploads\/2015\/05\/LivingClubSign.jpg\" alt=\"LivingClubSign\" width=\"82\" height=\"31\" \/><\/em><\/a><em> !<\/em><\/p>\n<p><a title=\"Cableconstructeur\" href=\"https:\/\/www.living-leedh.com\/?page_id=7183\" target=\"_blank\" rel=\"noopener\">En savoir plus :<\/a> (site du constructeur)<\/p>\n<p>&nbsp;<\/p>\n<p>&nbsp;<\/p>\n","protected":false},"excerpt":{"rendered":"<p>Un c\u00e2ble \u00ab\u00a0universel\u00a0\u00bb con\u00e7u \u00e0 l&rsquo;origine pour s&rsquo;adosser aux Leedh E2 mais qui se r\u00e9v\u00e8le, de par sa transparence et sa neutralit\u00e9, utilisable sur tout syst\u00e8me. Gilles Milot, dans les ann\u00e9es 80, a \u00e9t\u00e9 l&rsquo;un des premiers \u00e0 mettre en avant l&rsquo;importance des c\u00e2bles de liaison. Le c\u00e2ble de base est identique \u00e0 celui employ\u00e9 &hellip; <a href=\"https:\/\/www.living-leedh.com\/?page_id=26\" class=\"more-link\">Continuer la lecture de <span class=\"screen-reader-text\">C\u00e2ble \u00ab\u00a0Universel\u00a0\u00bb<\/span>  <span class=\"meta-nav\">&rarr;<\/span><\/a><\/p>\n","protected":false},"author":1,"featured_media":0,"parent":0,"menu_order":0,"comment_status":"open","ping_status":"open","template":"","meta":{"_bbp_topic_count":0,"_bbp_reply_count":0,"_bbp_total_topic_count":0,"_bbp_total_reply_count":0,"_bbp_voice_count":0,"_bbp_anonymous_reply_count":0,"_bbp_topic_count_hidden":0,"_bbp_reply_count_hidden":0,"_bbp_forum_subforum_count":0,"footnotes":""},"class_list":["post-26","page","type-page","status-publish","hentry"],"_links":{"self":[{"href":"https:\/\/www.living-leedh.com\/index.php?rest_route=\/wp\/v2\/pages\/26","targetHints":{"allow":["GET"]}}],"collection":[{"href":"https:\/\/www.living-leedh.com\/index.php?rest_route=\/wp\/v2\/pages"}],"about":[{"href":"https:\/\/www.living-leedh.com\/index.php?rest_route=\/wp\/v2\/types\/page"}],"author":[{"embeddable":true,"href":"https:\/\/www.living-leedh.com\/index.php?rest_route=\/wp\/v2\/users\/1"}],"replies":[{"embeddable":true,"href":"https:\/\/www.living-leedh.com\/index.php?rest_route=%2Fwp%2Fv2%2Fcomments&post=26"}],"version-history":[{"count":27,"href":"https:\/\/www.living-leedh.com\/index.php?rest_route=\/wp\/v2\/pages\/26\/revisions"}],"predecessor-version":[{"id":7318,"href":"https:\/\/www.living-leedh.com\/index.php?rest_route=\/wp\/v2\/pages\/26\/revisions\/7318"}],"wp:attachment":[{"href":"https:\/\/www.living-leedh.com\/index.php?rest_route=%2Fwp%2Fv2%2Fmedia&parent=26"}],"curies":[{"name":"wp","href":"https:\/\/api.w.org\/{rel}","templated":true}]}}