{"id":2694,"date":"2015-12-01T08:42:44","date_gmt":"2015-12-01T07:42:44","guid":{"rendered":"http:\/\/www.living-leedh.com\/?page_id=2694"},"modified":"2022-04-04T15:18:00","modified_gmt":"2022-04-04T13:18:00","slug":"kophos","status":"publish","type":"page","link":"https:\/\/www.living-leedh.com\/?page_id=2694","title":{"rendered":"Kophos"},"content":{"rendered":"<p><strong>L&rsquo;armoire \u00e0 musique !<\/strong><\/p>\n<p>Sur la route des abbayes normandes, l&rsquo;un des premiers possesseurs de Leedh C, pass\u00e9 maintenant aux E2.<br \/>\nParmi les \u00e9lectroniques, quelques raret\u00e9s de la marque ReVar, peu connue du grand public, et des \u00ab\u00a0incunables\u00a0\u00bb comme la platine Linn LP12 &#8230;<\/p>\n<div id='gallery-1' class='gallery galleryid-2694 gallery-columns-3 gallery-size-thumbnail'><figure class='gallery-item'>\n\t\t\t<div class='gallery-icon landscape'>\n\t\t\t\t<a href='https:\/\/www.living-leedh.com\/?attachment_id=2695'><img loading=\"lazy\" decoding=\"async\" width=\"150\" height=\"150\" src=\"https:\/\/www.living-leedh.com\/wp-content\/uploads\/2015\/12\/DSC_0001-150x150.jpg\" class=\"attachment-thumbnail size-thumbnail\" alt=\"\" srcset=\"https:\/\/www.living-leedh.com\/wp-content\/uploads\/2015\/12\/DSC_0001-150x150.jpg 150w, https:\/\/www.living-leedh.com\/wp-content\/uploads\/2015\/12\/DSC_0001-200x200.jpg 200w\" sizes=\"auto, (max-width: 150px) 100vw, 150px\" \/><\/a>\n\t\t\t<\/div><\/figure><figure class='gallery-item'>\n\t\t\t<div class='gallery-icon portrait'>\n\t\t\t\t<a href='https:\/\/www.living-leedh.com\/?attachment_id=2696'><img loading=\"lazy\" decoding=\"async\" width=\"150\" height=\"150\" src=\"https:\/\/www.living-leedh.com\/wp-content\/uploads\/2015\/12\/DSC_0007-150x150.jpg\" class=\"attachment-thumbnail size-thumbnail\" alt=\"\" srcset=\"https:\/\/www.living-leedh.com\/wp-content\/uploads\/2015\/12\/DSC_0007-150x150.jpg 150w, https:\/\/www.living-leedh.com\/wp-content\/uploads\/2015\/12\/DSC_0007-200x200.jpg 200w\" sizes=\"auto, (max-width: 150px) 100vw, 150px\" \/><\/a>\n\t\t\t<\/div><\/figure><figure class='gallery-item'>\n\t\t\t<div class='gallery-icon portrait'>\n\t\t\t\t<a href='https:\/\/www.living-leedh.com\/?attachment_id=2697'><img loading=\"lazy\" decoding=\"async\" width=\"150\" height=\"150\" src=\"https:\/\/www.living-leedh.com\/wp-content\/uploads\/2015\/12\/DSC_0009-150x150.jpg\" class=\"attachment-thumbnail size-thumbnail\" alt=\"\" srcset=\"https:\/\/www.living-leedh.com\/wp-content\/uploads\/2015\/12\/DSC_0009-150x150.jpg 150w, https:\/\/www.living-leedh.com\/wp-content\/uploads\/2015\/12\/DSC_0009-200x200.jpg 200w\" sizes=\"auto, (max-width: 150px) 100vw, 150px\" \/><\/a>\n\t\t\t<\/div><\/figure><figure class='gallery-item'>\n\t\t\t<div class='gallery-icon landscape'>\n\t\t\t\t<a href='https:\/\/www.living-leedh.com\/?attachment_id=2698'><img loading=\"lazy\" decoding=\"async\" width=\"150\" height=\"150\" src=\"https:\/\/www.living-leedh.com\/wp-content\/uploads\/2015\/12\/DSC_0011-150x150.jpg\" class=\"attachment-thumbnail size-thumbnail\" alt=\"\" srcset=\"https:\/\/www.living-leedh.com\/wp-content\/uploads\/2015\/12\/DSC_0011-150x150.jpg 150w, https:\/\/www.living-leedh.com\/wp-content\/uploads\/2015\/12\/DSC_0011-200x200.jpg 200w\" sizes=\"auto, (max-width: 150px) 100vw, 150px\" \/><\/a>\n\t\t\t<\/div><\/figure><figure class='gallery-item'>\n\t\t\t<div class='gallery-icon landscape'>\n\t\t\t\t<a href='https:\/\/www.living-leedh.com\/?attachment_id=2699'><img loading=\"lazy\" decoding=\"async\" width=\"150\" height=\"150\" src=\"https:\/\/www.living-leedh.com\/wp-content\/uploads\/2015\/12\/DSC_0018-150x150.jpg\" class=\"attachment-thumbnail size-thumbnail\" alt=\"\" srcset=\"https:\/\/www.living-leedh.com\/wp-content\/uploads\/2015\/12\/DSC_0018-150x150.jpg 150w, https:\/\/www.living-leedh.com\/wp-content\/uploads\/2015\/12\/DSC_0018-200x200.jpg 200w\" sizes=\"auto, (max-width: 150px) 100vw, 150px\" \/><\/a>\n\t\t\t<\/div><\/figure><figure class='gallery-item'>\n\t\t\t<div class='gallery-icon landscape'>\n\t\t\t\t<a href='https:\/\/www.living-leedh.com\/?attachment_id=2700'><img loading=\"lazy\" decoding=\"async\" width=\"150\" height=\"150\" src=\"https:\/\/www.living-leedh.com\/wp-content\/uploads\/2015\/12\/DSC_0020-150x150.jpg\" class=\"attachment-thumbnail size-thumbnail\" alt=\"\" srcset=\"https:\/\/www.living-leedh.com\/wp-content\/uploads\/2015\/12\/DSC_0020-150x150.jpg 150w, https:\/\/www.living-leedh.com\/wp-content\/uploads\/2015\/12\/DSC_0020-200x200.jpg 200w\" sizes=\"auto, (max-width: 150px) 100vw, 150px\" \/><\/a>\n\t\t\t<\/div><\/figure><figure class='gallery-item'>\n\t\t\t<div class='gallery-icon landscape'>\n\t\t\t\t<a href='https:\/\/www.living-leedh.com\/?attachment_id=2701'><img loading=\"lazy\" decoding=\"async\" width=\"150\" height=\"150\" src=\"https:\/\/www.living-leedh.com\/wp-content\/uploads\/2015\/12\/DSC_0022-150x150.jpg\" class=\"attachment-thumbnail size-thumbnail\" alt=\"\" srcset=\"https:\/\/www.living-leedh.com\/wp-content\/uploads\/2015\/12\/DSC_0022-150x150.jpg 150w, https:\/\/www.living-leedh.com\/wp-content\/uploads\/2015\/12\/DSC_0022-200x200.jpg 200w\" sizes=\"auto, (max-width: 150px) 100vw, 150px\" \/><\/a>\n\t\t\t<\/div><\/figure><figure class='gallery-item'>\n\t\t\t<div class='gallery-icon landscape'>\n\t\t\t\t<a href='https:\/\/www.living-leedh.com\/?attachment_id=2702'><img loading=\"lazy\" decoding=\"async\" width=\"150\" height=\"150\" src=\"https:\/\/www.living-leedh.com\/wp-content\/uploads\/2015\/12\/DSC_0024-150x150.jpg\" class=\"attachment-thumbnail size-thumbnail\" alt=\"\" srcset=\"https:\/\/www.living-leedh.com\/wp-content\/uploads\/2015\/12\/DSC_0024-150x150.jpg 150w, https:\/\/www.living-leedh.com\/wp-content\/uploads\/2015\/12\/DSC_0024-200x200.jpg 200w\" sizes=\"auto, (max-width: 150px) 100vw, 150px\" \/><\/a>\n\t\t\t<\/div><\/figure><figure class='gallery-item'>\n\t\t\t<div class='gallery-icon landscape'>\n\t\t\t\t<a href='https:\/\/www.living-leedh.com\/?attachment_id=2703'><img loading=\"lazy\" decoding=\"async\" width=\"150\" height=\"150\" src=\"https:\/\/www.living-leedh.com\/wp-content\/uploads\/2015\/12\/DSC_0032-150x150.jpg\" class=\"attachment-thumbnail size-thumbnail\" alt=\"\" srcset=\"https:\/\/www.living-leedh.com\/wp-content\/uploads\/2015\/12\/DSC_0032-150x150.jpg 150w, https:\/\/www.living-leedh.com\/wp-content\/uploads\/2015\/12\/DSC_0032-200x200.jpg 200w\" sizes=\"auto, (max-width: 150px) 100vw, 150px\" \/><\/a>\n\t\t\t<\/div><\/figure>\n\t\t<\/div>\n\n<p>Les sources analogiques : Linn <a href=\"http:\/\/www.linn.co.uk\/hifi-separates\/turntables\" target=\"_blank\" rel=\"noopener\">LP12<\/a> (et sa <a href=\"http:\/\/kiseki-eu.com\/\" target=\"_blank\" rel=\"noopener\">Kiseki<\/a> blue + tranfo. T30 Ortofon), le <a href=\"http:\/\/www.hifiengine.com\/manual_library\/nakamichi\/cr-4.shtml\" target=\"_blank\" rel=\"noopener\">Nakamichi CR4e <\/a>et le <a href=\"http:\/\/magnumdynalab.com\/products.html\" target=\"_blank\" rel=\"noopener\">Magnum Dynalab<\/a> upgrad\u00e9 en \u00ab\u00a0Etude\u00a0\u00bb c\u00f4toient un Zero Oversampling <a href=\"http:\/\/www.living-leedh.com\/wp-content\/uploads\/2015\/12\/DAC.pdf\" target=\"_blank\" rel=\"noopener\">ReVar Eleven <\/a>en convertisseur, sur les \u00e9tag\u00e8res de l&rsquo;armoire.<\/p>\n<p>Le lecteur CD <a href=\"http:\/\/www.living-leedh.com\/wp-content\/uploads\/2015\/12\/MimeLectCD.pdf\" target=\"_blank\" rel=\"noopener\">Mimetism 20.1<\/a>, situ\u00e9 sur la table (avec \u00e9tag\u00e8re en poirier+ granit), est reli\u00e9 au DAC par une liaison num\u00e9rique ReVar AES\/EBU.<\/p>\n<p>Pr\u00e9amplificateur ReVar One T (4 tubes \u00e9tage ligne+ 4 tubes \u00e9tage phono), amplificateur <a href=\"http:\/\/www.living-leedh.com\/wp-content\/uploads\/2015\/12\/RevarM5B-Banc-essai.pdf\" target=\"_blank\" rel=\"noopener\">M5C ReVar <\/a>modifi\u00e9 par <a href=\"http:\/\/www.living-leedh.com\/?page_id=40\" target=\"_blank\" rel=\"noopener\"><em>Port Royal Audio<\/em> <\/a>pour fonctionner avec des KT 120 puis KT 150 ; les autres tubes sont New Old Stock.<\/p>\n<p>Les c\u00e2bles modulation DAC- pr\u00e9ampli et pr\u00e9ampli-ampli sont de fabrication ReVar. La sortie SPDIF du DAC est reli\u00e9e, via un c\u00e2ble <a href=\"http:\/\/www.kimber.com\/\" target=\"_blank\" rel=\"noopener\">Illuminati<\/a>, \u00e0\u00a0un PC Acer avec l&rsquo;interface <a href=\"https:\/\/lnx.m2tech.biz\/fr\/products\/pens\/\" target=\"_blank\" rel=\"noopener\">M2Tech <\/a>pour lire les CD import\u00e9s sur Itunes et\u00a0 enregistrer des concerts sur France Musique par le biais d&rsquo;<a href=\"http:\/\/audacity.fr\/\" target=\"_blank\" rel=\"noopener\">Audacity<\/a>. Reste \u00e0 num\u00e9riser les quelques 500 cassettes de concerts live\u00a0r\u00e9alis\u00e9es avec\u00a0la technologie pr\u00e9c\u00e9dente !<\/p>\n<p>Ligne directe en provenance du compteur EDF et multiprise HMS Energia. C\u00e2ble secteur OSH pour l&rsquo;ampli et Music Pro sur chaque E2.<\/p>\n<p style=\"text-align: right;\">&#8230; <em><strong>du bon usage d&rsquo;une armoire normande.<\/strong><\/em><\/p>\n","protected":false},"excerpt":{"rendered":"<p>L&rsquo;armoire \u00e0 musique ! Sur la route des abbayes normandes, l&rsquo;un des premiers possesseurs de Leedh C, pass\u00e9 maintenant aux E2. Parmi les \u00e9lectroniques, quelques raret\u00e9s de la marque ReVar, peu connue du grand public, et des \u00ab\u00a0incunables\u00a0\u00bb comme la platine Linn LP12 &#8230; Les sources analogiques : Linn LP12 (et sa Kiseki blue + &hellip; <a href=\"https:\/\/www.living-leedh.com\/?page_id=2694\" class=\"more-link\">Continuer la lecture de <span class=\"screen-reader-text\">Kophos<\/span>  <span class=\"meta-nav\">&rarr;<\/span><\/a><\/p>\n","protected":false},"author":1,"featured_media":0,"parent":0,"menu_order":0,"comment_status":"open","ping_status":"closed","template":"page-templates\/full-width.php","meta":{"_bbp_topic_count":0,"_bbp_reply_count":0,"_bbp_total_topic_count":0,"_bbp_total_reply_count":0,"_bbp_voice_count":0,"_bbp_anonymous_reply_count":0,"_bbp_topic_count_hidden":0,"_bbp_reply_count_hidden":0,"_bbp_forum_subforum_count":0,"footnotes":""},"class_list":["post-2694","page","type-page","status-publish","hentry"],"_links":{"self":[{"href":"https:\/\/www.living-leedh.com\/index.php?rest_route=\/wp\/v2\/pages\/2694","targetHints":{"allow":["GET"]}}],"collection":[{"href":"https:\/\/www.living-leedh.com\/index.php?rest_route=\/wp\/v2\/pages"}],"about":[{"href":"https:\/\/www.living-leedh.com\/index.php?rest_route=\/wp\/v2\/types\/page"}],"author":[{"embeddable":true,"href":"https:\/\/www.living-leedh.com\/index.php?rest_route=\/wp\/v2\/users\/1"}],"replies":[{"embeddable":true,"href":"https:\/\/www.living-leedh.com\/index.php?rest_route=%2Fwp%2Fv2%2Fcomments&post=2694"}],"version-history":[{"count":22,"href":"https:\/\/www.living-leedh.com\/index.php?rest_route=\/wp\/v2\/pages\/2694\/revisions"}],"predecessor-version":[{"id":7436,"href":"https:\/\/www.living-leedh.com\/index.php?rest_route=\/wp\/v2\/pages\/2694\/revisions\/7436"}],"wp:attachment":[{"href":"https:\/\/www.living-leedh.com\/index.php?rest_route=%2Fwp%2Fv2%2Fmedia&parent=2694"}],"curies":[{"name":"wp","href":"https:\/\/api.w.org\/{rel}","templated":true}]}}