{"id":28,"date":"2015-03-15T22:12:06","date_gmt":"2015-03-15T21:12:06","guid":{"rendered":"http:\/\/www.living-leedh.com\/?page_id=28"},"modified":"2016-01-10T14:43:32","modified_gmt":"2016-01-10T13:43:32","slug":"installations","status":"publish","type":"page","link":"https:\/\/www.living-leedh.com\/?page_id=28","title":{"rendered":"Installations"},"content":{"rendered":"<h4 style=\"text-align: center;\">De la diversit\u00e9 nait l&rsquo;intelligence :<\/h4>\n<p>N&rsquo;h\u00e9sitez pas \u00e0 nous <a href=\"http:\/\/www.living-leedh.com\/?page_id=71\">contacter <\/a>pour pr\u00e9senter vos installations.<\/p>\n<p><a href=\"http:\/\/www.living-leedh.com\/?page_id=28\"><img loading=\"lazy\" decoding=\"async\" class=\" wp-image-1438 aligncenter\" src=\"http:\/\/www.living-leedh.com\/wp-content\/uploads\/2015\/03\/Captureinstall-300x184.png\" alt=\"Captureinstall\" width=\"368\" height=\"226\" srcset=\"https:\/\/www.living-leedh.com\/wp-content\/uploads\/2015\/03\/Captureinstall-300x184.png 300w, https:\/\/www.living-leedh.com\/wp-content\/uploads\/2015\/03\/Captureinstall-400x245.png 400w, https:\/\/www.living-leedh.com\/wp-content\/uploads\/2015\/03\/Captureinstall.png 521w\" sizes=\"auto, (max-width: 368px) 100vw, 368px\" \/><\/a><\/p>\n<h4 style=\"text-align: center;\"><\/h4>\n","protected":false},"excerpt":{"rendered":"<p>De la diversit\u00e9 nait l&rsquo;intelligence : N&rsquo;h\u00e9sitez pas \u00e0 nous contacter pour pr\u00e9senter vos installations.<\/p>\n","protected":false},"author":1,"featured_media":0,"parent":0,"menu_order":0,"comment_status":"open","ping_status":"open","template":"","meta":{"_bbp_topic_count":0,"_bbp_reply_count":0,"_bbp_total_topic_count":0,"_bbp_total_reply_count":0,"_bbp_voice_count":0,"_bbp_anonymous_reply_count":0,"_bbp_topic_count_hidden":0,"_bbp_reply_count_hidden":0,"_bbp_forum_subforum_count":0,"footnotes":""},"class_list":["post-28","page","type-page","status-publish","hentry"],"_links":{"self":[{"href":"https:\/\/www.living-leedh.com\/index.php?rest_route=\/wp\/v2\/pages\/28","targetHints":{"allow":["GET"]}}],"collection":[{"href":"https:\/\/www.living-leedh.com\/index.php?rest_route=\/wp\/v2\/pages"}],"about":[{"href":"https:\/\/www.living-leedh.com\/index.php?rest_route=\/wp\/v2\/types\/page"}],"author":[{"embeddable":true,"href":"https:\/\/www.living-leedh.com\/index.php?rest_route=\/wp\/v2\/users\/1"}],"replies":[{"embeddable":true,"href":"https:\/\/www.living-leedh.com\/index.php?rest_route=%2Fwp%2Fv2%2Fcomments&post=28"}],"version-history":[{"count":13,"href":"https:\/\/www.living-leedh.com\/index.php?rest_route=\/wp\/v2\/pages\/28\/revisions"}],"predecessor-version":[{"id":2933,"href":"https:\/\/www.living-leedh.com\/index.php?rest_route=\/wp\/v2\/pages\/28\/revisions\/2933"}],"wp:attachment":[{"href":"https:\/\/www.living-leedh.com\/index.php?rest_route=%2Fwp%2Fv2%2Fmedia&parent=28"}],"curies":[{"name":"wp","href":"https:\/\/api.w.org\/{rel}","templated":true}]}}