{"id":2856,"date":"2016-01-05T16:49:39","date_gmt":"2016-01-05T15:49:39","guid":{"rendered":"http:\/\/www.living-leedh.com\/?page_id=2856"},"modified":"2022-04-04T15:27:31","modified_gmt":"2022-04-04T13:27:31","slug":"pascal","status":"publish","type":"page","link":"https:\/\/www.living-leedh.com\/?page_id=2856","title":{"rendered":"LeedhLinn"},"content":{"rendered":"<p><b>Sur les toits de Paris\u2026 on peut vivre heureux <\/b>(air connu)<\/p>\n<p>Pascal ne nous dira pas le contraire, ni \u00ab\u00a0<em>qu&rsquo;\u00e0 Linn<\/em>\u00ab\u00a0, j&rsquo;avais trop de peine \u2026 sic\u00a0!<\/p>\n<p>Le choix de voir ET entendre a conduit Pascal \u00e0 trouver un \u00e9quipement audio compatible avec une vue magnifique sur Paris.<\/p>\n<p>Aussi, apr\u00e8s des Cabasse Baltic, il a investi dans un syst\u00e8me E2 + caisson + c\u00e2bles \u00ab\u00a0Universel\u00a0\u00bb, install\u00e9s par Gilles Milot et Antoine Gresland en juin 2014.<br \/>\nHistoire de passer des cyclopes aux flamants (noirs), en c\u00e9dant toujours au chant des sir\u00e8nes\u2026<\/p>\n<p>Preuve, s&rsquo;il en est, que le syst\u00e8me Leedh est compatible avec une belle pi\u00e8ce \u00e0 vivre.<\/p>\n<p>Une image sonore en ad\u00e9quation avec le panorama plongeant.<\/p>\n<p><a href=\"http:\/\/www.living-leedh.com\/wp-content\/uploads\/2016\/01\/Pascal1.jpeg\"><img loading=\"lazy\" decoding=\"async\" class=\"alignnone wp-image-2857\" src=\"http:\/\/www.living-leedh.com\/wp-content\/uploads\/2016\/01\/Pascal1-300x224.jpeg\" alt=\"Pascal1\" width=\"351\" height=\"262\" srcset=\"https:\/\/www.living-leedh.com\/wp-content\/uploads\/2016\/01\/Pascal1-300x224.jpeg 300w, https:\/\/www.living-leedh.com\/wp-content\/uploads\/2016\/01\/Pascal1-1024x765.jpeg 1024w, https:\/\/www.living-leedh.com\/wp-content\/uploads\/2016\/01\/Pascal1-400x299.jpeg 400w, https:\/\/www.living-leedh.com\/wp-content\/uploads\/2016\/01\/Pascal1.jpeg 1296w\" sizes=\"auto, (max-width: 351px) 100vw, 351px\" \/><\/a><\/p>\n<p>Coh\u00e9rence des <a href=\"http:\/\/www.linn.co.uk\/\" target=\"_blank\" rel=\"noopener\">\u00e9lectroniques Linn <\/a>assorties de l&rsquo;ind\u00e9modable <a href=\"http:\/\/www.linn.co.uk\/hifi-separates\/turntables\" target=\"_blank\" rel=\"noopener\">LP12<\/a>.<\/p>\n<ul>\n<li>sources : Cellule Akiva sur\u00a0LP 12, CD 12<\/li>\n<li>pr\u00e9ampli : <a href=\"https:\/\/docs.linn.co.uk\/wiki\/images\/temp\/9\/94\/20130627111057!FRENCH_Klimax_kontrol_owner_manual.pdf\" target=\"_blank\" rel=\"noopener\">Klimax Kontrol <\/a>upgrad\u00e9, alimentation \u00e0 d\u00e9coupage<\/li>\n<li>amplis : Linn Solo upgrad\u00e9s avec nouvelle alimentation<\/li>\n<li>connectique : c\u00e2bles Linn<\/li>\n<\/ul>\n<p><strong>Une particularit\u00e9 :<\/strong> les c\u00e2bles HP ont une longueur inhabituelle de 10 m. R\u00e9alis\u00e9s sur mesure dans l&rsquo;atelier Leedh, Gilles Milot confirme que cela sonne comme les c\u00e2bles d&rsquo;une longueur plus \u00ab\u00a0standard\u00a0\u00bb.<\/p>\n<div id='gallery-1' class='gallery galleryid-2856 gallery-columns-3 gallery-size-thumbnail'><figure class='gallery-item'>\n\t\t\t<div class='gallery-icon portrait'>\n\t\t\t\t<a href='https:\/\/www.living-leedh.com\/?attachment_id=2863'><img loading=\"lazy\" decoding=\"async\" width=\"150\" height=\"150\" src=\"https:\/\/www.living-leedh.com\/wp-content\/uploads\/2016\/01\/Pascal2-e1452118056424-150x150.jpeg\" class=\"attachment-thumbnail size-thumbnail\" alt=\"\" srcset=\"https:\/\/www.living-leedh.com\/wp-content\/uploads\/2016\/01\/Pascal2-e1452118056424-150x150.jpeg 150w, https:\/\/www.living-leedh.com\/wp-content\/uploads\/2016\/01\/Pascal2-e1452118056424-200x200.jpeg 200w\" sizes=\"auto, (max-width: 150px) 100vw, 150px\" \/><\/a>\n\t\t\t<\/div><\/figure><figure class='gallery-item'>\n\t\t\t<div class='gallery-icon landscape'>\n\t\t\t\t<a href='https:\/\/www.living-leedh.com\/?attachment_id=2864'><img loading=\"lazy\" decoding=\"async\" width=\"150\" height=\"150\" src=\"https:\/\/www.living-leedh.com\/wp-content\/uploads\/2016\/01\/Pascal3-150x150.jpeg\" class=\"attachment-thumbnail size-thumbnail\" alt=\"\" srcset=\"https:\/\/www.living-leedh.com\/wp-content\/uploads\/2016\/01\/Pascal3-150x150.jpeg 150w, https:\/\/www.living-leedh.com\/wp-content\/uploads\/2016\/01\/Pascal3-200x200.jpeg 200w\" sizes=\"auto, (max-width: 150px) 100vw, 150px\" \/><\/a>\n\t\t\t<\/div><\/figure><figure class='gallery-item'>\n\t\t\t<div class='gallery-icon landscape'>\n\t\t\t\t<a href='https:\/\/www.living-leedh.com\/?attachment_id=2865'><img loading=\"lazy\" decoding=\"async\" width=\"150\" height=\"150\" src=\"https:\/\/www.living-leedh.com\/wp-content\/uploads\/2016\/01\/Pascal4-150x150.jpeg\" class=\"attachment-thumbnail size-thumbnail\" alt=\"\" srcset=\"https:\/\/www.living-leedh.com\/wp-content\/uploads\/2016\/01\/Pascal4-150x150.jpeg 150w, https:\/\/www.living-leedh.com\/wp-content\/uploads\/2016\/01\/Pascal4-200x200.jpeg 200w\" sizes=\"auto, (max-width: 150px) 100vw, 150px\" \/><\/a>\n\t\t\t<\/div><\/figure>\n\t\t<\/div>\n\n<p>&nbsp;<\/p>\n<p><strong>Contacter LeedhLinn :<\/strong><br \/>\n<div role=\"form\" class=\"wpcf7\" id=\"wpcf7-f2870-o1\" lang=\"fr-FR\" dir=\"ltr\">\n<div class=\"screen-reader-response\"><p role=\"status\" aria-live=\"polite\" aria-atomic=\"true\"><\/p> <ul><\/ul><\/div>\n<form action=\"\/index.php?rest_route=%2Fwp%2Fv2%2Fpages%2F2856#wpcf7-f2870-o1\" method=\"post\" class=\"wpcf7-form init\" novalidate=\"novalidate\" data-status=\"init\">\n<div style=\"display: none;\">\n<input type=\"hidden\" name=\"_wpcf7\" value=\"2870\" \/>\n<input type=\"hidden\" name=\"_wpcf7_version\" value=\"5.5.6\" \/>\n<input type=\"hidden\" name=\"_wpcf7_locale\" value=\"fr_FR\" \/>\n<input type=\"hidden\" name=\"_wpcf7_unit_tag\" value=\"wpcf7-f2870-o1\" \/>\n<input type=\"hidden\" name=\"_wpcf7_container_post\" value=\"0\" \/>\n<input type=\"hidden\" name=\"_wpcf7_posted_data_hash\" value=\"\" \/>\n<input type=\"hidden\" name=\"_wpcf7_recaptcha_response\" value=\"\" \/>\n<\/div>\n<p>Votre nom*<br \/>\n    <span class=\"wpcf7-form-control-wrap your-name\"><input type=\"text\" name=\"your-name\" value=\"\" size=\"40\" class=\"wpcf7-form-control wpcf7-text wpcf7-validates-as-required\" aria-required=\"true\" aria-invalid=\"false\" \/><\/span> <\/p>\n<p>Votre email*<br \/>\n    <span class=\"wpcf7-form-control-wrap your-email\"><input type=\"email\" name=\"your-email\" value=\"\" size=\"40\" class=\"wpcf7-form-control wpcf7-text wpcf7-email wpcf7-validates-as-required wpcf7-validates-as-email\" aria-required=\"true\" aria-invalid=\"false\" \/><\/span> <\/p>\n<p>Sujet*<br \/>\n    <span class=\"wpcf7-form-control-wrap your-subject\"><input type=\"text\" name=\"your-subject\" value=\"\" size=\"40\" class=\"wpcf7-form-control wpcf7-text wpcf7-validates-as-required\" aria-required=\"true\" aria-invalid=\"false\" \/><\/span> <\/p>\n<p>Votre message<br \/>\n    <span class=\"wpcf7-form-control-wrap your-message\"><textarea name=\"your-message\" cols=\"40\" rows=\"10\" class=\"wpcf7-form-control wpcf7-textarea\" aria-invalid=\"false\"><\/textarea><\/span> <\/p>\n\n<p><input type=\"submit\" value=\"Envoyer\" class=\"wpcf7-form-control has-spinner wpcf7-submit\" \/><\/p>\n<p style=\"display: none !important;\"><label>&#916;<textarea name=\"_wpcf7_ak_hp_textarea\" cols=\"45\" rows=\"8\" maxlength=\"100\"><\/textarea><\/label><input type=\"hidden\" id=\"ak_js_1\" name=\"_wpcf7_ak_js\" value=\"92\"\/><script>document.getElementById( \"ak_js_1\" ).setAttribute( \"value\", ( new Date() ).getTime() );<\/script><\/p><div class=\"wpcf7-response-output\" aria-hidden=\"true\"><\/div><\/form><\/div><\/p>\n","protected":false},"excerpt":{"rendered":"<p>Sur les toits de Paris\u2026 on peut vivre heureux (air connu) Pascal ne nous dira pas le contraire, ni \u00ab\u00a0qu&rsquo;\u00e0 Linn\u00ab\u00a0, j&rsquo;avais trop de peine \u2026 sic\u00a0! Le choix de voir ET entendre a conduit Pascal \u00e0 trouver un \u00e9quipement audio compatible avec une vue magnifique sur Paris. Aussi, apr\u00e8s des Cabasse Baltic, il a &hellip; <a href=\"https:\/\/www.living-leedh.com\/?page_id=2856\" class=\"more-link\">Continuer la lecture de <span class=\"screen-reader-text\">LeedhLinn<\/span>  <span class=\"meta-nav\">&rarr;<\/span><\/a><\/p>\n","protected":false},"author":1,"featured_media":0,"parent":0,"menu_order":0,"comment_status":"closed","ping_status":"closed","template":"page-templates\/full-width.php","meta":{"_bbp_topic_count":0,"_bbp_reply_count":0,"_bbp_total_topic_count":0,"_bbp_total_reply_count":0,"_bbp_voice_count":0,"_bbp_anonymous_reply_count":0,"_bbp_topic_count_hidden":0,"_bbp_reply_count_hidden":0,"_bbp_forum_subforum_count":0,"footnotes":""},"class_list":["post-2856","page","type-page","status-publish","hentry"],"_links":{"self":[{"href":"https:\/\/www.living-leedh.com\/index.php?rest_route=\/wp\/v2\/pages\/2856","targetHints":{"allow":["GET"]}}],"collection":[{"href":"https:\/\/www.living-leedh.com\/index.php?rest_route=\/wp\/v2\/pages"}],"about":[{"href":"https:\/\/www.living-leedh.com\/index.php?rest_route=\/wp\/v2\/types\/page"}],"author":[{"embeddable":true,"href":"https:\/\/www.living-leedh.com\/index.php?rest_route=\/wp\/v2\/users\/1"}],"replies":[{"embeddable":true,"href":"https:\/\/www.living-leedh.com\/index.php?rest_route=%2Fwp%2Fv2%2Fcomments&post=2856"}],"version-history":[{"count":17,"href":"https:\/\/www.living-leedh.com\/index.php?rest_route=\/wp\/v2\/pages\/2856\/revisions"}],"predecessor-version":[{"id":7438,"href":"https:\/\/www.living-leedh.com\/index.php?rest_route=\/wp\/v2\/pages\/2856\/revisions\/7438"}],"wp:attachment":[{"href":"https:\/\/www.living-leedh.com\/index.php?rest_route=%2Fwp%2Fv2%2Fmedia&parent=2856"}],"curies":[{"name":"wp","href":"https:\/\/api.w.org\/{rel}","templated":true}]}}