{"id":2920,"date":"2016-01-10T13:35:24","date_gmt":"2016-01-10T12:35:24","guid":{"rendered":"http:\/\/www.living-leedh.com\/?page_id=2920"},"modified":"2022-03-10T11:47:32","modified_gmt":"2022-03-10T10:47:32","slug":"taipei-intl-hi-end-audio-show-2015","status":"publish","type":"page","link":"https:\/\/www.living-leedh.com\/?page_id=2920","title":{"rendered":"Taipei Int\u2019l Hi-End Audio Show 2015"},"content":{"rendered":"<p>L&rsquo;importateur LEEDH, <strong>Madison Audio<\/strong> pr\u00e9sentait les E2 au salon,\u00a0du 17 au 20 d\u00e9cembre.<\/p>\n<p style=\"text-align: left;\"><span style=\"color: #008000;\"><a style=\"color: #008000;\" href=\"http:\/\/ec004.so-buy.com\/m\/404-1765-2915.php\" target=\"_blank\" rel=\"noopener\">http:\/\/madisonaudio531.com\/<\/a> <\/span>&amp; <span style=\"color: #008000;\"><a style=\"color: #008000;\" href=\"https:\/\/www.facebook.com\/madisonaudio\" target=\"_blank\" rel=\"noopener\">https:\/\/www.facebook.com\/madisonaudio<\/a><\/span><\/p>\n<p><a href=\"http:\/\/www.living-leedh.com\/?page_id=17\"><em><img loading=\"lazy\" decoding=\"async\" class=\"alignnone wp-image-1191\" src=\"http:\/\/www.living-leedh.com\/wp-content\/uploads\/2015\/05\/LivingClubSign.jpg\" alt=\"LivingClubSign\" width=\"82\" height=\"31\" \/><\/em><\/a>\u00a0n&rsquo;y \u00e9tait pas&#8230; Mais nous avons pu obtenir quelques photos :<a href=\"http:\/\/www.living-leedh.com\/wp-content\/uploads\/2016\/01\/entree.jpg\"><img loading=\"lazy\" decoding=\"async\" class=\"size-medium wp-image-2921 aligncenter\" src=\"http:\/\/www.living-leedh.com\/wp-content\/uploads\/2016\/01\/entree-225x300.jpg\" alt=\"entree\" width=\"225\" height=\"300\" srcset=\"https:\/\/www.living-leedh.com\/wp-content\/uploads\/2016\/01\/entree-225x300.jpg 225w, https:\/\/www.living-leedh.com\/wp-content\/uploads\/2016\/01\/entree.jpg 768w, https:\/\/www.living-leedh.com\/wp-content\/uploads\/2016\/01\/entree-400x533.jpg 400w\" sizes=\"auto, (max-width: 225px) 100vw, 225px\" \/><\/a><\/p>\n<p><a href=\"http:\/\/www.living-leedh.com\/wp-content\/uploads\/2016\/01\/IMG_1010doc.jpg\"><img loading=\"lazy\" decoding=\"async\" class=\"alignnone wp-image-2922\" src=\"http:\/\/www.living-leedh.com\/wp-content\/uploads\/2016\/01\/IMG_1010doc-300x225.jpg\" alt=\"IMG_1010doc\" width=\"232\" height=\"174\" srcset=\"https:\/\/www.living-leedh.com\/wp-content\/uploads\/2016\/01\/IMG_1010doc-300x225.jpg 300w, https:\/\/www.living-leedh.com\/wp-content\/uploads\/2016\/01\/IMG_1010doc.jpg 1024w, https:\/\/www.living-leedh.com\/wp-content\/uploads\/2016\/01\/IMG_1010doc-400x300.jpg 400w\" sizes=\"auto, (max-width: 232px) 100vw, 232px\" \/><\/a>\u00a0\u00a0<a href=\"http:\/\/www.living-leedh.com\/wp-content\/uploads\/2015\/06\/Taiwan-dec-2015.jpg\"><img loading=\"lazy\" decoding=\"async\" class=\"wp-image-2799 alignnone\" src=\"http:\/\/www.living-leedh.com\/wp-content\/uploads\/2015\/06\/Taiwan-dec-2015-300x225.jpg\" alt=\"Taiwan dec 2015\" width=\"232\" height=\"174\" srcset=\"https:\/\/www.living-leedh.com\/wp-content\/uploads\/2015\/06\/Taiwan-dec-2015-300x225.jpg 300w, https:\/\/www.living-leedh.com\/wp-content\/uploads\/2015\/06\/Taiwan-dec-2015-400x300.jpg 400w, https:\/\/www.living-leedh.com\/wp-content\/uploads\/2015\/06\/Taiwan-dec-2015.jpg 960w\" sizes=\"auto, (max-width: 232px) 100vw, 232px\" \/><\/a>\u00a0 <strong><br \/>\n<\/strong><\/p>\n<p>A noter que, sensible au savoir faire fran\u00e7ais, Madison Audio importe <a href=\"http:\/\/www.icos-audio.com\/\" target=\"_blank\" rel=\"noopener\">ICOS <\/a>en \u00e9lectronique, visible sur ces photos.<\/p>\n<p><img loading=\"lazy\" decoding=\"async\" class=\"size-medium wp-image-2873 alignleft\" src=\"http:\/\/www.living-leedh.com\/wp-content\/uploads\/2015\/03\/troph\u00e9_web-222x300.jpg\" alt=\"troph\u00e9_web\" width=\"222\" height=\"300\" srcset=\"https:\/\/www.living-leedh.com\/wp-content\/uploads\/2015\/03\/troph\u00e9_web-222x300.jpg 222w, https:\/\/www.living-leedh.com\/wp-content\/uploads\/2015\/03\/troph\u00e9_web.jpg 332w\" sizes=\"auto, (max-width: 222px) 100vw, 222px\" \/><\/p>\n<p>&nbsp;<\/p>\n<p>LEEDH entreprend <span style=\"color: #008000;\"><a style=\"color: #008000;\" href=\"http:\/\/madisonaudio531.com\/?topic=leedh-%E8%B2%A0%E8%B2%AC%E4%BA%BA%E8%87%AA%E6%B3%95%E5%9C%8B%E8%A6%AA%E8%87%A8%E7%BE%8E%E5%BE%B7%E8%81%B2%E8%88%87%E5%B0%88%E8%A8%AA\" target=\"_blank\" rel=\"noopener\">la conqu\u00eate du march\u00e9 asiatique<\/a>\u00a0<span style=\"color: #000000;\">: <\/span><\/span>L&rsquo;importateur a re\u00e7u le \u00ab\u00a02016 best Audio equipment Award by <a href=\"http:\/\/www.living-leedh.com\/wp-content\/uploads\/2015\/06\/LEEDH-review-from-Audioart-Magazine.pdf\" target=\"_blank\" rel=\"noopener\">AudioArt Magazine<\/a>\u00a0\u00bb pour les LEEDH E2.<\/p>\n<p>&nbsp;<\/p>\n<p>&nbsp;<\/p>\n","protected":false},"excerpt":{"rendered":"<p>L&rsquo;importateur LEEDH, Madison Audio pr\u00e9sentait les E2 au salon,\u00a0du 17 au 20 d\u00e9cembre. http:\/\/madisonaudio531.com\/ &amp; https:\/\/www.facebook.com\/madisonaudio \u00a0n&rsquo;y \u00e9tait pas&#8230; Mais nous avons pu obtenir quelques photos : \u00a0\u00a0\u00a0 A noter que, sensible au savoir faire fran\u00e7ais, Madison Audio importe ICOS en \u00e9lectronique, visible sur ces photos. &nbsp; LEEDH entreprend la conqu\u00eate du march\u00e9 asiatique\u00a0: L&rsquo;importateur &hellip; <a href=\"https:\/\/www.living-leedh.com\/?page_id=2920\" class=\"more-link\">Continuer la lecture de <span class=\"screen-reader-text\">Taipei Int\u2019l Hi-End Audio Show 2015<\/span>  <span class=\"meta-nav\">&rarr;<\/span><\/a><\/p>\n","protected":false},"author":1,"featured_media":0,"parent":0,"menu_order":0,"comment_status":"closed","ping_status":"closed","template":"","meta":{"_bbp_topic_count":0,"_bbp_reply_count":0,"_bbp_total_topic_count":0,"_bbp_total_reply_count":0,"_bbp_voice_count":0,"_bbp_anonymous_reply_count":0,"_bbp_topic_count_hidden":0,"_bbp_reply_count_hidden":0,"_bbp_forum_subforum_count":0,"footnotes":""},"class_list":["post-2920","page","type-page","status-publish","hentry"],"_links":{"self":[{"href":"https:\/\/www.living-leedh.com\/index.php?rest_route=\/wp\/v2\/pages\/2920","targetHints":{"allow":["GET"]}}],"collection":[{"href":"https:\/\/www.living-leedh.com\/index.php?rest_route=\/wp\/v2\/pages"}],"about":[{"href":"https:\/\/www.living-leedh.com\/index.php?rest_route=\/wp\/v2\/types\/page"}],"author":[{"embeddable":true,"href":"https:\/\/www.living-leedh.com\/index.php?rest_route=\/wp\/v2\/users\/1"}],"replies":[{"embeddable":true,"href":"https:\/\/www.living-leedh.com\/index.php?rest_route=%2Fwp%2Fv2%2Fcomments&post=2920"}],"version-history":[{"count":6,"href":"https:\/\/www.living-leedh.com\/index.php?rest_route=\/wp\/v2\/pages\/2920\/revisions"}],"predecessor-version":[{"id":7412,"href":"https:\/\/www.living-leedh.com\/index.php?rest_route=\/wp\/v2\/pages\/2920\/revisions\/7412"}],"wp:attachment":[{"href":"https:\/\/www.living-leedh.com\/index.php?rest_route=%2Fwp%2Fv2%2Fmedia&parent=2920"}],"curies":[{"name":"wp","href":"https:\/\/api.w.org\/{rel}","templated":true}]}}