{"id":2954,"date":"2016-01-16T15:13:09","date_gmt":"2016-01-16T14:13:09","guid":{"rendered":"http:\/\/www.living-leedh.com\/?page_id=2954"},"modified":"2022-04-04T16:15:08","modified_gmt":"2022-04-04T14:15:08","slug":"zerode","status":"publish","type":"page","link":"https:\/\/www.living-leedh.com\/?page_id=2954","title":{"rendered":"ZERODE"},"content":{"rendered":"<h4 style=\"text-align: left;\"><strong>Des flamants noirs au bord des Lacs&#8230;<\/strong><\/h4>\n<p><a href=\"http:\/\/www.living-leedh.com\/wp-content\/uploads\/2016\/01\/Face.jpg\"><img loading=\"lazy\" decoding=\"async\" class=\"size-medium wp-image-2958 alignleft\" src=\"http:\/\/www.living-leedh.com\/wp-content\/uploads\/2016\/01\/Face-300x184.jpg\" alt=\"Face\" width=\"300\" height=\"184\" srcset=\"https:\/\/www.living-leedh.com\/wp-content\/uploads\/2016\/01\/Face-300x184.jpg 300w, https:\/\/www.living-leedh.com\/wp-content\/uploads\/2016\/01\/Face.jpg 1024w, https:\/\/www.living-leedh.com\/wp-content\/uploads\/2016\/01\/Face-400x246.jpg 400w\" sizes=\"auto, (max-width: 300px) 100vw, 300px\" \/><\/a><\/p>\n<p>Des LEEDH, <span style=\"color: #008000;\"><a style=\"color: #008000;\" href=\"http:\/\/www.noir-et-blanc.com\/blog\/gryphon-leedh-ouverture-musicalite\/\" target=\"_blank\" rel=\"noopener\">venant de Belgique<\/a>,<\/span> ont trouv\u00e9 \u00e0 se poser dans le <a href=\"http:\/\/www.juratroislacs.ch\/fr\/decouvertes.html\" target=\"_blank\" rel=\"noopener\">Pays des 3 Lacs<\/a> (Bienne-Neuch\u00e2tel-Morat) ; <a href=\"http:\/\/www.living-leedh.com\/wp-content\/uploads\/2016\/01\/ensemble.jpg\"><img loading=\"lazy\" decoding=\"async\" class=\"size-medium wp-image-2959 alignright\" src=\"http:\/\/www.living-leedh.com\/wp-content\/uploads\/2016\/01\/ensemble-300x204.jpg\" alt=\"ensemble\" width=\"300\" height=\"204\" srcset=\"https:\/\/www.living-leedh.com\/wp-content\/uploads\/2016\/01\/ensemble-300x204.jpg 300w, https:\/\/www.living-leedh.com\/wp-content\/uploads\/2016\/01\/ensemble.jpg 1024w, https:\/\/www.living-leedh.com\/wp-content\/uploads\/2016\/01\/ensemble-400x273.jpg 400w\" sizes=\"auto, (max-width: 300px) 100vw, 300px\" \/><\/a><\/p>\n<p>\u00e7a donne envie de les y rejoindre !<\/p>\n<p>&nbsp;<\/p>\n<p>Zerode \u00e9coute principalement du jazz et de la musique \u00e9lectronique. <img loading=\"lazy\" decoding=\"async\" class=\"size-medium wp-image-3033 alignleft\" src=\"http:\/\/www.living-leedh.com\/wp-content\/uploads\/2016\/01\/AmpliWeb-300x200.jpg\" alt=\"AmpliWeb\" width=\"300\" height=\"200\" srcset=\"https:\/\/www.living-leedh.com\/wp-content\/uploads\/2016\/01\/AmpliWeb-300x200.jpg 300w, https:\/\/www.living-leedh.com\/wp-content\/uploads\/2016\/01\/AmpliWeb-400x267.jpg 400w, https:\/\/www.living-leedh.com\/wp-content\/uploads\/2016\/01\/AmpliWeb.jpg 448w\" sizes=\"auto, (max-width: 300px) 100vw, 300px\" \/>Il a remplac\u00e9 des\u00a0panneaux plans \u00e9quip\u00e9s d&rsquo;un large bande <a href=\"http:\/\/www.phy-hp.com\/\" target=\"_blank\" rel=\"noopener\">Phy-HP<\/a> par les <a href=\"http:\/\/www.living-leedh.com\/?page_id=22\">LEEDH E2<\/a> aliment\u00e9s par un Gryphon Diablo. Avec un r\u00e9sultat vivant, dynamique et tr\u00e8s \u00ab\u00a0\u00e9nergique\u00a0\u00bb, on\u00a0 n&rsquo;en croit pas\u00a0le rendement des E2 (83dB sur le papier).<\/p>\n<p>La discoth\u00e8que est r\u00e9partie entre num\u00e9rique et\u00a0analogique.<a href=\"http:\/\/www.living-leedh.com\/wp-content\/uploads\/2016\/01\/gauche.jpg\"><img loading=\"lazy\" decoding=\"async\" class=\"wp-image-2961 alignright\" src=\"http:\/\/www.living-leedh.com\/wp-content\/uploads\/2016\/01\/gauche-202x300.jpg\" alt=\"gauche\" width=\"186\" height=\"277\" srcset=\"https:\/\/www.living-leedh.com\/wp-content\/uploads\/2016\/01\/gauche-202x300.jpg 202w, https:\/\/www.living-leedh.com\/wp-content\/uploads\/2016\/01\/gauche.jpg 691w, https:\/\/www.living-leedh.com\/wp-content\/uploads\/2016\/01\/gauche-400x593.jpg 400w\" sizes=\"auto, (max-width: 186px) 100vw, 186px\" \/><\/a>\u00a0<a href=\"http:\/\/www.living-leedh.com\/wp-content\/uploads\/2016\/01\/platine.jpg\"><img loading=\"lazy\" decoding=\"async\" class=\"wp-image-2956 aligncenter\" src=\"http:\/\/www.living-leedh.com\/wp-content\/uploads\/2016\/01\/platine-300x200.jpg\" alt=\"platine\" width=\"263\" height=\"175\" srcset=\"https:\/\/www.living-leedh.com\/wp-content\/uploads\/2016\/01\/platine-300x200.jpg 300w, https:\/\/www.living-leedh.com\/wp-content\/uploads\/2016\/01\/platine.jpg 1024w, https:\/\/www.living-leedh.com\/wp-content\/uploads\/2016\/01\/platine-400x267.jpg 400w\" sizes=\"auto, (max-width: 263px) 100vw, 263px\" \/><\/a>\u00a0Les vinyles sont lus\u00a0sur une <a href=\"http:\/\/www.welltemperedlab.net\" target=\"_blank\" rel=\"noopener\">Well Tempered Record Player<\/a>,\u00a0\u00a0bras optimis\u00e9 avec le XTC Fits Counterweight.<a href=\"http:\/\/www.living-leedh.com\/wp-content\/uploads\/2016\/01\/bras.jpg\"><img loading=\"lazy\" decoding=\"async\" class=\"size-medium wp-image-2960 aligncenter\" src=\"http:\/\/www.living-leedh.com\/wp-content\/uploads\/2016\/01\/bras-300x200.jpg\" alt=\"bras\" width=\"300\" height=\"200\" srcset=\"https:\/\/www.living-leedh.com\/wp-content\/uploads\/2016\/01\/bras-300x200.jpg 300w, https:\/\/www.living-leedh.com\/wp-content\/uploads\/2016\/01\/bras.jpg 1024w, https:\/\/www.living-leedh.com\/wp-content\/uploads\/2016\/01\/bras-400x267.jpg 400w\" sizes=\"auto, (max-width: 300px) 100vw, 300px\" \/><\/a><\/p>\n<p style=\"text-align: right;\"><a href=\"http:\/\/www.living-leedh.com\/wp-content\/uploads\/2016\/01\/cellule.jpg\"><img loading=\"lazy\" decoding=\"async\" class=\" wp-image-2964 alignright\" src=\"http:\/\/www.living-leedh.com\/wp-content\/uploads\/2016\/01\/cellule-300x213.jpg\" alt=\"cellule\" width=\"323\" height=\"229\" srcset=\"https:\/\/www.living-leedh.com\/wp-content\/uploads\/2016\/01\/cellule-300x213.jpg 300w, https:\/\/www.living-leedh.com\/wp-content\/uploads\/2016\/01\/cellule.jpg 1024w, https:\/\/www.living-leedh.com\/wp-content\/uploads\/2016\/01\/cellule-400x284.jpg 400w\" sizes=\"auto, (max-width: 323px) 100vw, 323px\" \/><\/a><\/p>\n<p style=\"text-align: right;\">Fabriqu\u00e9e en Suisse, la cellule est une \u00ab\u00a0mc\u00a0\u00bb de\u00a0<a href=\"https:\/\/www.technologyfactory.eu\/en\/benz-micro\/g-90\" target=\"_blank\" rel=\"noopener\">Benz Micro<\/a> mod\u00e8le ACE SH.<\/p>\n<p><a href=\"http:\/\/www.living-leedh.com\/wp-content\/uploads\/2016\/01\/perspective.jpg\"><img loading=\"lazy\" decoding=\"async\" class=\"size-medium wp-image-2955 alignleft\" src=\"http:\/\/www.living-leedh.com\/wp-content\/uploads\/2016\/01\/perspective-300x174.jpg\" alt=\"perspective\" width=\"300\" height=\"174\" srcset=\"https:\/\/www.living-leedh.com\/wp-content\/uploads\/2016\/01\/perspective-300x174.jpg 300w, https:\/\/www.living-leedh.com\/wp-content\/uploads\/2016\/01\/perspective.jpg 1024w, https:\/\/www.living-leedh.com\/wp-content\/uploads\/2016\/01\/perspective-400x232.jpg 400w\" sizes=\"auto, (max-width: 300px) 100vw, 300px\" \/><\/a><\/p>\n<p>&nbsp;<\/p>\n<p>&nbsp;<\/p>\n<p>&nbsp;<\/p>\n<p>La lecture num\u00e9rique est confi\u00e9e \u00e0 un <a href=\"http:\/\/www.linn.co.uk\/hifi-separates\/network-music-players\/akurate#akurate-dsm\" target=\"_blank\" rel=\"noopener\">Linn Akurate DSM<\/a>, les fichiers \u00e9tant stock\u00e9s sur un NAS Synology.<\/p>\n<p><a href=\"http:\/\/www.living-leedh.com\/wp-content\/uploads\/2016\/01\/Cables.jpg\"><img loading=\"lazy\" decoding=\"async\" class=\"size-medium wp-image-2963 alignright\" src=\"http:\/\/www.living-leedh.com\/wp-content\/uploads\/2016\/01\/Cables-294x300.jpg\" alt=\"Cables\" width=\"294\" height=\"300\" srcset=\"https:\/\/www.living-leedh.com\/wp-content\/uploads\/2016\/01\/Cables-294x300.jpg 294w, https:\/\/www.living-leedh.com\/wp-content\/uploads\/2016\/01\/Cables-400x408.jpg 400w, https:\/\/www.living-leedh.com\/wp-content\/uploads\/2016\/01\/Cables.jpg 768w\" sizes=\"auto, (max-width: 294px) 100vw, 294px\" \/><\/a>L&rsquo;optimisation est soign\u00e9e ; ainsi, le Gryphon est \u00e9quip\u00e9 d&rsquo;un fusible <a href=\"http:\/\/www.synergisticresearch.com\/synergistic-researchs-new-reference-red-fuse\/\" target=\"_blank\" rel=\"noopener\">SR Red<\/a>. Les c\u00e2bles de modulation sont des <a href=\"http:\/\/audioprana.free.fr\/\" target=\"_blank\" rel=\"noopener\">Audioprana<\/a> Argent OCC Cryo, fiches bois. Les\u00a0E2 sont reli\u00e9s par le <a href=\"http:\/\/www.living-leedh.com\/?page_id=26\">c\u00e2ble \u00ab universel \u00bb<\/a> LEEDH.<\/p>\n<p style=\"text-align: left;\"><a href=\"http:\/\/www.living-leedh.com\/wp-content\/uploads\/2016\/01\/LHAudio.jpg\"><img loading=\"lazy\" decoding=\"async\" class=\"size-medium wp-image-2957 alignleft\" src=\"http:\/\/www.living-leedh.com\/wp-content\/uploads\/2016\/01\/LHAudio-186x300.jpg\" alt=\"LHAudio\" width=\"186\" height=\"300\" srcset=\"https:\/\/www.living-leedh.com\/wp-content\/uploads\/2016\/01\/LHAudio-186x300.jpg 186w, https:\/\/www.living-leedh.com\/wp-content\/uploads\/2016\/01\/LHAudio.jpg 635w, https:\/\/www.living-leedh.com\/wp-content\/uploads\/2016\/01\/LHAudio-372x600.jpg 372w\" sizes=\"auto, (max-width: 186px) 100vw, 186px\" \/><\/a>Les cordons secteur sont des Digital et High Power Digital de chez <a href=\"https:\/\/triodewirelabs.com\/\" target=\"_blank\" rel=\"noopener\">TWL<\/a>, reli\u00e9s \u00e0 une \u00ab\u00a0boite barrette\u00a0\u00bb de <a href=\"https:\/\/lhaudio.fr\/\" target=\"_blank\" rel=\"noopener\">LHAudio<\/a>.<\/p>\n<p style=\"text-align: left;\">Avec ces \u00e9quipements, le peaufinage de la mise en \u0153uvre est en cours : Arriv\u00e9e de c\u00e2bles <a href=\"http:\/\/legato-audio.com\/\" target=\"_blank\" rel=\"noopener\">Legato<\/a> Referenza Superiore 3, en f\u00e9vrier 2016.<\/p>\n<p style=\"text-align: left;\"><a href=\"http:\/\/www.living-leedh.com\/wp-content\/uploads\/2016\/01\/LegatoCABLESdoc.jpg\"><img loading=\"lazy\" decoding=\"async\" class=\"wp-image-3077 alignnone\" src=\"http:\/\/www.living-leedh.com\/wp-content\/uploads\/2016\/01\/LegatoCABLESdoc-300x225.jpg\" alt=\"LegatoCABLESdoc\" width=\"315\" height=\"236\" srcset=\"https:\/\/www.living-leedh.com\/wp-content\/uploads\/2016\/01\/LegatoCABLESdoc-300x225.jpg 300w, https:\/\/www.living-leedh.com\/wp-content\/uploads\/2016\/01\/LegatoCABLESdoc.jpg 1024w, https:\/\/www.living-leedh.com\/wp-content\/uploads\/2016\/01\/LegatoCABLESdoc-400x300.jpg 400w\" sizes=\"auto, (max-width: 315px) 100vw, 315px\" \/><\/a><\/p>\n<p style=\"text-align: left;\">Premi\u00e8res impressions : <em>je gagne au niveau du grave et la sc\u00e8ne sonore a plus de relief sans pour autant perdre en transparence. A part cela, j&rsquo;ai retir\u00e9 les supports sous mon meuble et les supports en pierre sous les Leedh et obtenu une meilleure densit\u00e9 du son.<\/em><\/p>\n<p><strong>Changements d\u00e9but 2018<\/strong> : page 2<span style=\"color: #000080;\"><br \/>\n<\/span><\/p>\n<p><!--nextpage--><strong>2018&#8230; L&rsquo;ann\u00e9e des sources :<\/strong><\/p>\n<p><a href=\"http:\/\/www.living-leedh.com\/wp-content\/uploads\/2018\/04\/Ensemble.jpg\"><img loading=\"lazy\" decoding=\"async\" class=\"alignnone size-full wp-image-5928\" src=\"http:\/\/www.living-leedh.com\/wp-content\/uploads\/2018\/04\/Ensemble.jpg\" alt=\"\" width=\"1024\" height=\"693\" srcset=\"https:\/\/www.living-leedh.com\/wp-content\/uploads\/2018\/04\/Ensemble.jpg 1024w, https:\/\/www.living-leedh.com\/wp-content\/uploads\/2018\/04\/Ensemble-300x203.jpg 300w, https:\/\/www.living-leedh.com\/wp-content\/uploads\/2018\/04\/Ensemble-768x520.jpg 768w, https:\/\/www.living-leedh.com\/wp-content\/uploads\/2018\/04\/Ensemble-400x271.jpg 400w\" sizes=\"auto, (max-width: 1024px) 100vw, 1024px\" \/><\/a><\/p>\n<p>Pour <strong>l&rsquo;analogique<\/strong>, le Gryphon est maintenant \u00e9quip\u00e9 de sa carte Phono RIAA. <a href=\"http:\/\/www.living-leedh.com\/wp-content\/uploads\/2018\/04\/Carte-phono.jpg\"><img loading=\"lazy\" decoding=\"async\" class=\"alignnone size-full wp-image-5929\" src=\"http:\/\/www.living-leedh.com\/wp-content\/uploads\/2018\/04\/Carte-phono.jpg\" alt=\"\" width=\"768\" height=\"1024\" srcset=\"https:\/\/www.living-leedh.com\/wp-content\/uploads\/2018\/04\/Carte-phono.jpg 768w, https:\/\/www.living-leedh.com\/wp-content\/uploads\/2018\/04\/Carte-phono-225x300.jpg 225w, https:\/\/www.living-leedh.com\/wp-content\/uploads\/2018\/04\/Carte-phono-400x533.jpg 400w\" sizes=\"auto, (max-width: 768px) 100vw, 768px\" \/><\/a><\/p>\n<p>C\u00f4t\u00e9 <strong>d\u00e9mat&rsquo; num\u00e9rique<\/strong> : Pour commencer un Mac mini de course aliment\u00e9 par une alimentation lin\u00e9aire JS-2 <a href=\"https:\/\/uptoneaudio.com\/\" target=\"_blank\" rel=\"noopener\">d\u2019UpTone Audio<\/a>. <a href=\"http:\/\/www.living-leedh.com\/wp-content\/uploads\/2018\/04\/Cable-SONORE.jpg\"><img loading=\"lazy\" decoding=\"async\" class=\"wp-image-5930 alignleft\" src=\"http:\/\/www.living-leedh.com\/wp-content\/uploads\/2018\/04\/Cable-SONORE.jpg\" alt=\"\" width=\"321\" height=\"241\" srcset=\"https:\/\/www.living-leedh.com\/wp-content\/uploads\/2018\/04\/Cable-SONORE.jpg 1024w, https:\/\/www.living-leedh.com\/wp-content\/uploads\/2018\/04\/Cable-SONORE-300x225.jpg 300w, https:\/\/www.living-leedh.com\/wp-content\/uploads\/2018\/04\/Cable-SONORE-768x576.jpg 768w, https:\/\/www.living-leedh.com\/wp-content\/uploads\/2018\/04\/Cable-SONORE-400x300.jpg 400w\" sizes=\"auto, (max-width: 321px) 100vw, 321px\" \/><\/a>Les fichiers audio sont stock\u00e9s sur un disque dur externe \u00e9galement aliment\u00e9 par la JS-2.<\/p>\n<p>Je sors du Mac mini en USB sur <a href=\"https:\/\/uptoneaudio.com\/products\/iso-regen\" target=\"_blank\" rel=\"noopener\">l\u2019ISO Regen<\/a> (qui \u00a0est aliment\u00e9 par l&rsquo;UltraCap LPS-1 d\u2019UpTone Audio le tout avec un c\u00e2ble DC-4 de Sonore).<\/p>\n<p>Ensuite un DAC <a href=\"http:\/\/www.aquahifi.com\/la_scala.html\" target=\"_blank\" rel=\"noopener\">la Scala MKII Optologic<\/a>\u00a0d\u2019Aqua Acoustic reli\u00e9 \u00e0 l\u2019ISO Regen par un excellent c\u00e2ble USB Phasure Lush.<a href=\"http:\/\/www.living-leedh.com\/wp-content\/uploads\/2018\/04\/DAC-La-Scala.jpg\"><img loading=\"lazy\" decoding=\"async\" class=\"alignnone size-full wp-image-5931\" src=\"http:\/\/www.living-leedh.com\/wp-content\/uploads\/2018\/04\/DAC-La-Scala.jpg\" alt=\"\" width=\"1024\" height=\"650\" srcset=\"https:\/\/www.living-leedh.com\/wp-content\/uploads\/2018\/04\/DAC-La-Scala.jpg 1024w, https:\/\/www.living-leedh.com\/wp-content\/uploads\/2018\/04\/DAC-La-Scala-300x190.jpg 300w, https:\/\/www.living-leedh.com\/wp-content\/uploads\/2018\/04\/DAC-La-Scala-768x488.jpg 768w, https:\/\/www.living-leedh.com\/wp-content\/uploads\/2018\/04\/DAC-La-Scala-400x254.jpg 400w\" sizes=\"auto, (max-width: 1024px) 100vw, 1024px\" \/><\/a><\/p>\n<p>Actuellement j\u2019utilise les programmes <a href=\"https:\/\/roonlabs.com\/\" target=\"_blank\" rel=\"noopener\">Roon<\/a> et <a href=\"https:\/\/www.signalyst.com\/consumer.html\" target=\"_blank\" rel=\"noopener\">HQplayer<\/a> pour g\u00e9rer la biblioth\u00e8que.<\/p>\n<p>Le Gryphon et le Dac sont \u00e9quip\u00e9s de fusibles <a href=\"http:\/\/www.synergisticresearch.com\/fuses\/blue\/\" target=\"_blank\" rel=\"noopener\">Synergistic Research Blue Quantum<\/a>.<\/p>\n","protected":false},"excerpt":{"rendered":"<p>Des flamants noirs au bord des Lacs&#8230; Des LEEDH, venant de Belgique, ont trouv\u00e9 \u00e0 se poser dans le Pays des 3 Lacs (Bienne-Neuch\u00e2tel-Morat) ; \u00e7a donne envie de les y rejoindre ! &nbsp; Zerode \u00e9coute principalement du jazz et de la musique \u00e9lectronique. Il a remplac\u00e9 des\u00a0panneaux plans \u00e9quip\u00e9s d&rsquo;un large bande Phy-HP par &hellip; <a href=\"https:\/\/www.living-leedh.com\/?page_id=2954\" class=\"more-link\">Continuer la lecture de <span class=\"screen-reader-text\">ZERODE<\/span>  <span class=\"meta-nav\">&rarr;<\/span><\/a><\/p>\n","protected":false},"author":1,"featured_media":0,"parent":0,"menu_order":0,"comment_status":"closed","ping_status":"closed","template":"page-templates\/full-width.php","meta":{"_bbp_topic_count":0,"_bbp_reply_count":0,"_bbp_total_topic_count":0,"_bbp_total_reply_count":0,"_bbp_voice_count":0,"_bbp_anonymous_reply_count":0,"_bbp_topic_count_hidden":0,"_bbp_reply_count_hidden":0,"_bbp_forum_subforum_count":0,"footnotes":""},"class_list":["post-2954","page","type-page","status-publish","hentry"],"_links":{"self":[{"href":"https:\/\/www.living-leedh.com\/index.php?rest_route=\/wp\/v2\/pages\/2954","targetHints":{"allow":["GET"]}}],"collection":[{"href":"https:\/\/www.living-leedh.com\/index.php?rest_route=\/wp\/v2\/pages"}],"about":[{"href":"https:\/\/www.living-leedh.com\/index.php?rest_route=\/wp\/v2\/types\/page"}],"author":[{"embeddable":true,"href":"https:\/\/www.living-leedh.com\/index.php?rest_route=\/wp\/v2\/users\/1"}],"replies":[{"embeddable":true,"href":"https:\/\/www.living-leedh.com\/index.php?rest_route=%2Fwp%2Fv2%2Fcomments&post=2954"}],"version-history":[{"count":100,"href":"https:\/\/www.living-leedh.com\/index.php?rest_route=\/wp\/v2\/pages\/2954\/revisions"}],"predecessor-version":[{"id":7456,"href":"https:\/\/www.living-leedh.com\/index.php?rest_route=\/wp\/v2\/pages\/2954\/revisions\/7456"}],"wp:attachment":[{"href":"https:\/\/www.living-leedh.com\/index.php?rest_route=%2Fwp%2Fv2%2Fmedia&parent=2954"}],"curies":[{"name":"wp","href":"https:\/\/api.w.org\/{rel}","templated":true}]}}