{"id":30,"date":"2015-03-15T22:12:36","date_gmt":"2015-03-15T21:12:36","guid":{"rendered":"http:\/\/www.living-leedh.com\/?page_id=30"},"modified":"2022-03-11T11:48:08","modified_gmt":"2022-03-11T10:48:08","slug":"justlisten","status":"publish","type":"page","link":"https:\/\/www.living-leedh.com\/?page_id=30","title":{"rendered":"JustLiSten"},"content":{"rendered":"<p><strong>Bienvenue en Leedh&rsquo;Armor.<\/strong><br \/>\nUne installation originale en Bretagne (22), dans une d\u00e9pendance d\u00e9di\u00e9e, en pierres bretonnes.<br \/>\nLeedh E2 Glass, c\u00e2bles \u00ab\u00a0universel\u00a0\u00bb, caisson 20.1, CD vintage <a href=\"http:\/\/www.living-leedh.com\/?page_id=5521\" target=\"_blank\" rel=\"noopener\">Leedh CDF1<\/a>, et m\u00eame un c\u00e2ble modulation Leedh des ann\u00e9es 90 !<\/p>\n<p>\u00c9coute priv\u00e9e possible en laissant un message ci-dessous<br \/>\n(galettes-saucisses \u00e0 volont\u00e9, chambre d&rsquo;amis), juste pour le plaisir.<\/p>\n<p><strong>Nouvelle installation :<\/strong><\/p>\n<div id='gallery-1' class='gallery galleryid-30 gallery-columns-3 gallery-size-large'><figure class='gallery-item'>\n\t\t\t<div class='gallery-icon landscape'>\n\t\t\t\t<a href='https:\/\/www.living-leedh.com\/wp-content\/uploads\/2020\/12\/IMG_1648.jpg'><img loading=\"lazy\" decoding=\"async\" width=\"474\" height=\"356\" src=\"https:\/\/www.living-leedh.com\/wp-content\/uploads\/2020\/12\/IMG_1648-1024x768.jpg\" class=\"attachment-large size-large\" alt=\"\" aria-describedby=\"gallery-1-7004\" srcset=\"https:\/\/www.living-leedh.com\/wp-content\/uploads\/2020\/12\/IMG_1648-1024x768.jpg 1024w, https:\/\/www.living-leedh.com\/wp-content\/uploads\/2020\/12\/IMG_1648-300x225.jpg 300w, https:\/\/www.living-leedh.com\/wp-content\/uploads\/2020\/12\/IMG_1648-768x576.jpg 768w, https:\/\/www.living-leedh.com\/wp-content\/uploads\/2020\/12\/IMG_1648-400x300.jpg 400w, https:\/\/www.living-leedh.com\/wp-content\/uploads\/2020\/12\/IMG_1648.jpg 1632w\" sizes=\"auto, (max-width: 474px) 100vw, 474px\" \/><\/a>\n\t\t\t<\/div>\n\t\t\t\t<figcaption class='wp-caption-text gallery-caption' id='gallery-1-7004'>\n\t\t\t\tVue du point d&rsquo;\u00e9coute\n\t\t\t\t<\/figcaption><\/figure><figure class='gallery-item'>\n\t\t\t<div class='gallery-icon landscape'>\n\t\t\t\t<a href='https:\/\/www.living-leedh.com\/wp-content\/uploads\/2020\/12\/IMG_1649.jpg'><img loading=\"lazy\" decoding=\"async\" width=\"474\" height=\"356\" src=\"https:\/\/www.living-leedh.com\/wp-content\/uploads\/2020\/12\/IMG_1649-1024x768.jpg\" class=\"attachment-large size-large\" alt=\"\" aria-describedby=\"gallery-1-7005\" srcset=\"https:\/\/www.living-leedh.com\/wp-content\/uploads\/2020\/12\/IMG_1649-1024x768.jpg 1024w, https:\/\/www.living-leedh.com\/wp-content\/uploads\/2020\/12\/IMG_1649-300x225.jpg 300w, https:\/\/www.living-leedh.com\/wp-content\/uploads\/2020\/12\/IMG_1649-768x576.jpg 768w, https:\/\/www.living-leedh.com\/wp-content\/uploads\/2020\/12\/IMG_1649-400x300.jpg 400w, https:\/\/www.living-leedh.com\/wp-content\/uploads\/2020\/12\/IMG_1649.jpg 1632w\" sizes=\"auto, (max-width: 474px) 100vw, 474px\" \/><\/a>\n\t\t\t<\/div>\n\t\t\t\t<figcaption class='wp-caption-text gallery-caption' id='gallery-1-7005'>\n\t\t\t\tC\u00f4t\u00e9 d\u00e9mat\n\t\t\t\t<\/figcaption><\/figure><figure class='gallery-item'>\n\t\t\t<div class='gallery-icon landscape'>\n\t\t\t\t<a href='https:\/\/www.living-leedh.com\/wp-content\/uploads\/2020\/12\/IMG_1650.jpg'><img loading=\"lazy\" decoding=\"async\" width=\"474\" height=\"356\" src=\"https:\/\/www.living-leedh.com\/wp-content\/uploads\/2020\/12\/IMG_1650-1024x768.jpg\" class=\"attachment-large size-large\" alt=\"\" aria-describedby=\"gallery-1-7006\" srcset=\"https:\/\/www.living-leedh.com\/wp-content\/uploads\/2020\/12\/IMG_1650-1024x768.jpg 1024w, https:\/\/www.living-leedh.com\/wp-content\/uploads\/2020\/12\/IMG_1650-300x225.jpg 300w, https:\/\/www.living-leedh.com\/wp-content\/uploads\/2020\/12\/IMG_1650-768x576.jpg 768w, https:\/\/www.living-leedh.com\/wp-content\/uploads\/2020\/12\/IMG_1650-400x300.jpg 400w, https:\/\/www.living-leedh.com\/wp-content\/uploads\/2020\/12\/IMG_1650.jpg 1632w\" sizes=\"auto, (max-width: 474px) 100vw, 474px\" \/><\/a>\n\t\t\t<\/div>\n\t\t\t\t<figcaption class='wp-caption-text gallery-caption' id='gallery-1-7006'>\n\t\t\t\tC\u00f4t\u00e9 analogique\n\t\t\t\t<\/figcaption><\/figure>\n\t\t<\/div>\n\n<p><em>C\u00f4t\u00e9 D\u00e9mat :<\/em><br \/>\n<a href=\"http:\/\/forum-hifi.fr\/thread-1189.html\" target=\"_blank\" rel=\"noopener\">Mac mini fin 2012<\/a>, boot sur carte SD, SSD externe<br \/>\nAppli Leedh Processing (r\u00e9glage de volume et sur-\u00e9chantillonnage)<br \/>\nDAC<a href=\"https:\/\/www.bursonaudio.com\/products\/swing\/\" target=\"_blank\" rel=\"noopener\"> Burson Swing<\/a><br \/>\nRoon server<\/p>\n<p><em>Entre deux :<\/em><br \/>\nCD <a href=\"http:\/\/www.hifi-review.com\/152577-c-e-c--tl51xr.html\" target=\"_blank\" rel=\"noopener\">CEC TL51XR<\/a>, liaison optique vers Mac mini et RCA vers pr\u00e9ampli<\/p>\n<p><em>C\u00f4t\u00e9 analogique :<\/em><br \/>\nPr\u00e9ampli DIY ECL86, EZ 81, alimentation s\u00e9par\u00e9e<br \/>\nPlatine Wilson Benesch, bras Origin Live Silver, <a href=\"https:\/\/www.druide-audio.fr\/index.php\/plateaux-sur-mesure\/\" target=\"_blank\" rel=\"noopener\">plateau INERTA<\/a><\/p>\n<p>Supports INERTA de<a href=\"http:\/\/www.druide-audio.fr\" target=\"_blank\" rel=\"noopener\"> Druide-Audio<\/a><\/p>\n<p>Amplificateur DIY Neurochrome <a href=\"https:\/\/www.canva.com\/design\/DAENNFgF5Nk\/ScRSdf4DW4wJCRRPqAk9fQ\/view?utm_content=DAENNFgF5Nk&amp;utm_campaign=designshare&amp;utm_medium=link&amp;utm_source=publishpresent\" target=\"_blank\" rel=\"noopener\">Modulus-686<\/a><\/p>\n<p>&nbsp;<\/p>\n<p><strong>Anciennement :<\/strong><\/p>\n<div id='gallery-2' class='gallery galleryid-30 gallery-columns-3 gallery-size-large'><figure class='gallery-item'>\n\t\t\t<div class='gallery-icon landscape'>\n\t\t\t\t<a href='https:\/\/www.living-leedh.com\/?attachment_id=1632'><img loading=\"lazy\" decoding=\"async\" width=\"474\" height=\"356\" src=\"https:\/\/www.living-leedh.com\/wp-content\/uploads\/2015\/03\/jls1-1024x768.jpg\" class=\"attachment-large size-large\" alt=\"\" srcset=\"https:\/\/www.living-leedh.com\/wp-content\/uploads\/2015\/03\/jls1-1024x768.jpg 1024w, https:\/\/www.living-leedh.com\/wp-content\/uploads\/2015\/03\/jls1-300x225.jpg 300w, https:\/\/www.living-leedh.com\/wp-content\/uploads\/2015\/03\/jls1-400x300.jpg 400w\" sizes=\"auto, (max-width: 474px) 100vw, 474px\" \/><\/a>\n\t\t\t<\/div><\/figure><figure class='gallery-item'>\n\t\t\t<div class='gallery-icon landscape'>\n\t\t\t\t<a href='https:\/\/www.living-leedh.com\/?attachment_id=1633'><img loading=\"lazy\" decoding=\"async\" width=\"474\" height=\"356\" src=\"https:\/\/www.living-leedh.com\/wp-content\/uploads\/2015\/03\/jls2-1024x768.jpg\" class=\"attachment-large size-large\" alt=\"\" srcset=\"https:\/\/www.living-leedh.com\/wp-content\/uploads\/2015\/03\/jls2-1024x768.jpg 1024w, https:\/\/www.living-leedh.com\/wp-content\/uploads\/2015\/03\/jls2-300x225.jpg 300w, https:\/\/www.living-leedh.com\/wp-content\/uploads\/2015\/03\/jls2-400x300.jpg 400w\" sizes=\"auto, (max-width: 474px) 100vw, 474px\" \/><\/a>\n\t\t\t<\/div><\/figure><figure class='gallery-item'>\n\t\t\t<div class='gallery-icon landscape'>\n\t\t\t\t<a href='https:\/\/www.living-leedh.com\/?attachment_id=1634'><img loading=\"lazy\" decoding=\"async\" width=\"474\" height=\"356\" src=\"https:\/\/www.living-leedh.com\/wp-content\/uploads\/2015\/03\/jls3-1024x768.jpg\" class=\"attachment-large size-large\" alt=\"\" srcset=\"https:\/\/www.living-leedh.com\/wp-content\/uploads\/2015\/03\/jls3-1024x768.jpg 1024w, https:\/\/www.living-leedh.com\/wp-content\/uploads\/2015\/03\/jls3-300x225.jpg 300w, https:\/\/www.living-leedh.com\/wp-content\/uploads\/2015\/03\/jls3-400x300.jpg 400w\" sizes=\"auto, (max-width: 474px) 100vw, 474px\" \/><\/a>\n\t\t\t<\/div><\/figure><figure class='gallery-item'>\n\t\t\t<div class='gallery-icon landscape'>\n\t\t\t\t<a href='https:\/\/www.living-leedh.com\/?attachment_id=1635'><img loading=\"lazy\" decoding=\"async\" width=\"474\" height=\"356\" src=\"https:\/\/www.living-leedh.com\/wp-content\/uploads\/2015\/03\/jls4-1024x768.jpg\" class=\"attachment-large size-large\" alt=\"\" srcset=\"https:\/\/www.living-leedh.com\/wp-content\/uploads\/2015\/03\/jls4-1024x768.jpg 1024w, https:\/\/www.living-leedh.com\/wp-content\/uploads\/2015\/03\/jls4-300x225.jpg 300w, https:\/\/www.living-leedh.com\/wp-content\/uploads\/2015\/03\/jls4-400x300.jpg 400w\" sizes=\"auto, (max-width: 474px) 100vw, 474px\" \/><\/a>\n\t\t\t<\/div><\/figure><figure class='gallery-item'>\n\t\t\t<div class='gallery-icon landscape'>\n\t\t\t\t<a href='https:\/\/www.living-leedh.com\/?attachment_id=1636'><img loading=\"lazy\" decoding=\"async\" width=\"474\" height=\"356\" src=\"https:\/\/www.living-leedh.com\/wp-content\/uploads\/2015\/03\/jls5-1024x768.jpg\" class=\"attachment-large size-large\" alt=\"\" srcset=\"https:\/\/www.living-leedh.com\/wp-content\/uploads\/2015\/03\/jls5-1024x768.jpg 1024w, https:\/\/www.living-leedh.com\/wp-content\/uploads\/2015\/03\/jls5-300x225.jpg 300w, https:\/\/www.living-leedh.com\/wp-content\/uploads\/2015\/03\/jls5-400x300.jpg 400w\" sizes=\"auto, (max-width: 474px) 100vw, 474px\" \/><\/a>\n\t\t\t<\/div><\/figure><figure class='gallery-item'>\n\t\t\t<div class='gallery-icon landscape'>\n\t\t\t\t<a href='https:\/\/www.living-leedh.com\/?attachment_id=1867'><img loading=\"lazy\" decoding=\"async\" width=\"474\" height=\"354\" src=\"https:\/\/www.living-leedh.com\/wp-content\/uploads\/2015\/03\/IMG_0482-1024x765.jpg\" class=\"attachment-large size-large\" alt=\"\" srcset=\"https:\/\/www.living-leedh.com\/wp-content\/uploads\/2015\/03\/IMG_0482-1024x765.jpg 1024w, https:\/\/www.living-leedh.com\/wp-content\/uploads\/2015\/03\/IMG_0482-300x224.jpg 300w, https:\/\/www.living-leedh.com\/wp-content\/uploads\/2015\/03\/IMG_0482-400x299.jpg 400w\" sizes=\"auto, (max-width: 474px) 100vw, 474px\" \/><\/a>\n\t\t\t<\/div><\/figure>\n\t\t<\/div>\n\n<p>Le constructeur pr\u00e9conise une diff\u00e9rence\u00a0 de 439 mm de plus entre l&rsquo;avant de l&rsquo;enceinte et le centre d&rsquo;\u00e9coute et l&rsquo;avant du caisson et le centre d&rsquo;\u00e9coute, r\u00e9glage de la\u00a0 phase du caisson \u00e0 0\u00b0 : Voir <a href=\"http:\/\/www.living-leedh.com\/wp-content\/uploads\/2015\/03\/manuel-Subwoofer-Fr.pdf\" target=\"_blank\" rel=\"noopener\">le Manuel<\/a>. Si le caisson n&rsquo;est pas au milieu, les m\u00eames mesures sont appliqu\u00e9es.<\/p>\n<p>Autres \u00e9l\u00e9ments du syst\u00e8me :<\/p>\n<ul>\n<li>CD Primaluna <a title=\"JLSprologue8\" href=\"https:\/\/www.homecinesolutions.fr\/p\/5353-platine-cd-prima-luna-prologue-eight-argent\" target=\"_blank\" rel=\"noopener\">Prologue 8,\u00a0 <\/a>ou CD <a href=\"http:\/\/www.living-leedh.com\/?page_id=5473\" target=\"_blank\" rel=\"noopener\">Leedh CDF1<\/a>, CEC TL51XR entra\u00eenement courroie<\/li>\n<li>Pr\u00e9ampli <a title=\"JLSprologue3\" href=\"https:\/\/www.homecinesolutions.fr\/p\/1426-preamplificateur-stereo-prima-luna-prologue-three-noir\" target=\"_blank\" rel=\"noopener\">Prologue 3<\/a>, Blocs mono <a title=\"JLSprologue6\" href=\"https:\/\/www.homecinesolutions.fr\/p\/8989-amplificateur-de-puissance-stereo-prima-luna-prologue-six-noir\" target=\"_blank\" rel=\"noopener\">Prologue 6<\/a> (tubes KT 77 Golden Lion\u00a0 ou 6CA7 Pier Audio)<\/li>\n<li>Vinyle Wilson Benesch <a title=\"JLScircle\" href=\"http:\/\/wilson-benesch.com\/\" target=\"_blank\" rel=\"noopener\">\u00ab\u00a0The Circle\u00a0\u00bb<\/a> , bras <a title=\"JLSoriginlive\" href=\"https:\/\/www.originlive.com\/hi-fi\/tonearm\/high-performance-tonearm-silver\/\" target=\"_blank\" rel=\"noopener\">Origin Live Silver<\/a><\/li>\n<li>PP <a title=\"JLSswissonor\" href=\"http:\/\/www.swissonor.ch\/pdf\/MiniSeries_f.pdf\" target=\"_blank\" rel=\"noopener\">RIAA Swissonor<\/a>, Cellule Ortofon\u00a0 2M Blue<\/li>\n<li>Surface 3 pro et sa station d&rsquo;accueil ,\u00a0 USB M2TECH <a title=\"JLShighface2\" href=\"http:\/\/www.m2tech.biz\/it\/hiface2.html\" target=\"_blank\" rel=\"noopener\">Hiface2<\/a> sur DAC\u00a0 <a href=\"http:\/\/www.6moons.com\/audioreviews\/easternelectric\/dac.html\" target=\"_blank\" rel=\"noopener\">Eastern Electric Minimax<\/a>,\u00a0 <a href=\"https:\/\/www.jriver.com\/\" target=\"_blank\" rel=\"noopener\">Jriver<\/a>.<\/li>\n<li><a href=\"http:\/\/www.living-leedh.com\/?page_id=4667\" target=\"_blank\" rel=\"noopener\">Pont optique<\/a> sur disque NAS<\/li>\n<li>C\u00e2bles modulation : Leedh et Kimbercable,\u00a0 Baie-Audio<\/li>\n<\/ul>\n<p>Pas d&rsquo;installation home-cin\u00e9ma (JustLiSten &#8230;)<\/p>\n<p><strong>Suivre<\/strong> JustLiSten sur <a href=\"http:\/\/www.homecinema-fr.com\/forum\/enceintes-haute-fidelite\/leedh-c-e-by-acoustical-beauty-t29954051.html\" target=\"_blank\" rel=\"noopener\">le forum HCFR<\/a><\/p>\n<p><strong>L&rsquo;histoire et l&rsquo;installation<\/strong>, parution en anglais : <a href=\"http:\/\/www.living-leedh.com\/wp-content\/uploads\/2015\/03\/HiFiPig-may2014.pdf\" target=\"_blank\" rel=\"noopener\">HiFiPig may2014<\/a><\/p>\n<p><strong>Contacter<\/strong> JustLiSten :<br \/>\n<div role=\"form\" class=\"wpcf7\" id=\"wpcf7-f82-o1\" lang=\"fr-FR\" dir=\"ltr\">\n<div class=\"screen-reader-response\"><p role=\"status\" aria-live=\"polite\" aria-atomic=\"true\"><\/p> <ul><\/ul><\/div>\n<form action=\"\/index.php?rest_route=%2Fwp%2Fv2%2Fpages%2F30#wpcf7-f82-o1\" method=\"post\" class=\"wpcf7-form init\" novalidate=\"novalidate\" data-status=\"init\">\n<div style=\"display: none;\">\n<input type=\"hidden\" name=\"_wpcf7\" value=\"82\" \/>\n<input type=\"hidden\" name=\"_wpcf7_version\" value=\"5.5.6\" \/>\n<input type=\"hidden\" name=\"_wpcf7_locale\" value=\"fr_FR\" \/>\n<input type=\"hidden\" name=\"_wpcf7_unit_tag\" value=\"wpcf7-f82-o1\" \/>\n<input type=\"hidden\" name=\"_wpcf7_container_post\" value=\"0\" \/>\n<input type=\"hidden\" name=\"_wpcf7_posted_data_hash\" value=\"\" \/>\n<input type=\"hidden\" name=\"_wpcf7_recaptcha_response\" value=\"\" \/>\n<\/div>\n<p>Votre nom (obligatoire)<br \/>\n    <span class=\"wpcf7-form-control-wrap your-name\"><input type=\"text\" name=\"your-name\" value=\"\" size=\"40\" class=\"wpcf7-form-control wpcf7-text wpcf7-validates-as-required\" aria-required=\"true\" aria-invalid=\"false\" \/><\/span> <\/p>\n<p>Votre email (obligatoire)<br \/>\n    <span class=\"wpcf7-form-control-wrap your-email\"><input type=\"email\" name=\"your-email\" value=\"\" size=\"40\" class=\"wpcf7-form-control wpcf7-text wpcf7-email wpcf7-validates-as-required wpcf7-validates-as-email\" aria-required=\"true\" aria-invalid=\"false\" \/><\/span> <\/p>\n<p>Sujet<br \/>\n    <span class=\"wpcf7-form-control-wrap your-subject\"><input type=\"text\" name=\"your-subject\" value=\"\" size=\"40\" class=\"wpcf7-form-control wpcf7-text wpcf7-validates-as-required\" aria-required=\"true\" aria-invalid=\"false\" \/><\/span> <\/p>\n<p>Votre message<br \/>\n    <span class=\"wpcf7-form-control-wrap your-message\"><textarea name=\"your-message\" cols=\"40\" rows=\"10\" class=\"wpcf7-form-control wpcf7-textarea\" aria-invalid=\"false\"><\/textarea><\/span> <\/p>\n\n<p><input type=\"submit\" value=\"Envoyer\" class=\"wpcf7-form-control has-spinner wpcf7-submit\" \/><\/p>\n<p style=\"display: none !important;\"><label>&#916;<textarea name=\"_wpcf7_ak_hp_textarea\" cols=\"45\" rows=\"8\" maxlength=\"100\"><\/textarea><\/label><input type=\"hidden\" id=\"ak_js_1\" name=\"_wpcf7_ak_js\" value=\"141\"\/><script>document.getElementById( \"ak_js_1\" ).setAttribute( \"value\", ( new Date() ).getTime() );<\/script><\/p><div class=\"wpcf7-response-output\" aria-hidden=\"true\"><\/div><\/form><\/div><\/p>\n","protected":false},"excerpt":{"rendered":"<p>Bienvenue en Leedh&rsquo;Armor. Une installation originale en Bretagne (22), dans une d\u00e9pendance d\u00e9di\u00e9e, en pierres bretonnes. Leedh E2 Glass, c\u00e2bles \u00ab\u00a0universel\u00a0\u00bb, caisson 20.1, CD vintage Leedh CDF1, et m\u00eame un c\u00e2ble modulation Leedh des ann\u00e9es 90 ! \u00c9coute priv\u00e9e possible en laissant un message ci-dessous (galettes-saucisses \u00e0 volont\u00e9, chambre d&rsquo;amis), juste pour le plaisir. Nouvelle &hellip; <a href=\"https:\/\/www.living-leedh.com\/?page_id=30\" class=\"more-link\">Continuer la lecture de <span class=\"screen-reader-text\">JustLiSten<\/span>  <span class=\"meta-nav\">&rarr;<\/span><\/a><\/p>\n","protected":false},"author":1,"featured_media":0,"parent":0,"menu_order":0,"comment_status":"open","ping_status":"open","template":"page-templates\/full-width.php","meta":{"_bbp_topic_count":0,"_bbp_reply_count":0,"_bbp_total_topic_count":0,"_bbp_total_reply_count":0,"_bbp_voice_count":0,"_bbp_anonymous_reply_count":0,"_bbp_topic_count_hidden":0,"_bbp_reply_count_hidden":0,"_bbp_forum_subforum_count":0,"footnotes":""},"class_list":["post-30","page","type-page","status-publish","hentry"],"_links":{"self":[{"href":"https:\/\/www.living-leedh.com\/index.php?rest_route=\/wp\/v2\/pages\/30","targetHints":{"allow":["GET"]}}],"collection":[{"href":"https:\/\/www.living-leedh.com\/index.php?rest_route=\/wp\/v2\/pages"}],"about":[{"href":"https:\/\/www.living-leedh.com\/index.php?rest_route=\/wp\/v2\/types\/page"}],"author":[{"embeddable":true,"href":"https:\/\/www.living-leedh.com\/index.php?rest_route=\/wp\/v2\/users\/1"}],"replies":[{"embeddable":true,"href":"https:\/\/www.living-leedh.com\/index.php?rest_route=%2Fwp%2Fv2%2Fcomments&post=30"}],"version-history":[{"count":67,"href":"https:\/\/www.living-leedh.com\/index.php?rest_route=\/wp\/v2\/pages\/30\/revisions"}],"predecessor-version":[{"id":7421,"href":"https:\/\/www.living-leedh.com\/index.php?rest_route=\/wp\/v2\/pages\/30\/revisions\/7421"}],"wp:attachment":[{"href":"https:\/\/www.living-leedh.com\/index.php?rest_route=%2Fwp%2Fv2%2Fmedia&parent=30"}],"curies":[{"name":"wp","href":"https:\/\/api.w.org\/{rel}","templated":true}]}}