{"id":3277,"date":"2016-04-01T18:03:19","date_gmt":"2016-04-01T17:03:19","guid":{"rendered":"http:\/\/www.living-leedh.com\/?page_id=3277"},"modified":"2020-04-15T12:19:29","modified_gmt":"2020-04-15T10:19:29","slug":"sur-le-zinc","status":"publish","type":"page","link":"https:\/\/www.living-leedh.com\/?page_id=3277","title":{"rendered":"Sur le zinc (Forum)"},"content":{"rendered":"<p>Ici vos commentaires et r\u00e9flexions sur des sujets divers et vari\u00e9s, presque comme un forum\u00a0 \ud83d\ude42 <img src=\"https:\/\/www.living-leedh.com\/wp-includes\/images\/smilies\/mrgreen.png\" alt=\":mrgreen:\" class=\"wp-smiley\" style=\"height: 1em; max-height: 1em;\" \/>\u00a0 \ud83d\ude21 \u00a0 <strong>\u00a0\u00a0\u00a0 &#8211; <\/strong>Pour y ouvrir une nouvelle rubrique, <a href=\"https:\/\/www.living-leedh.com\/?page_id=71\" target=\"_blank\" rel=\"noopener\"><u>contactez-nous<\/u><\/a>. Dans une rubrique, vous pouvez ouvrir les sujets.<br \/>\n<strong>aide sur ce Forum\u00a0:\u00a0<a href=\"http:\/\/www.living-leedh.com\/?page_id=3308\" target=\"_blank\" rel=\"noopener\"><img loading=\"lazy\" decoding=\"async\" class=\"alignnone wp-image-3503 size-full\" src=\"http:\/\/www.living-leedh.com\/wp-content\/uploads\/2016\/04\/Aide-e1460053470457.jpe\" alt=\"\" width=\"50\" height=\"50\" \/><\/a><\/strong><\/p>\n\n<div id=\"bbpress-forums\" class=\"bbpress-wrapper\">\n\n\t\n\t<div class=\"bbp-search-form\">\n\t\t<form role=\"search\" method=\"get\" id=\"bbp-search-form\">\n\t\t\t<div>\n\t\t\t\t<label class=\"screen-reader-text hidden\" for=\"bbp_search\">Rechercher<\/label>\n\t\t\t\t<input type=\"hidden\" name=\"action\" value=\"bbp-search-request\" \/>\n\t\t\t\t<input type=\"text\" value=\"\" name=\"bbp_search\" id=\"bbp_search\" \/>\n\t\t\t\t<input class=\"button\" type=\"submit\" id=\"bbp_search_submit\" value=\"Rechercher\" \/>\n\t\t\t<\/div>\n\t\t<\/form>\n\t<\/div>\n\n\n\t<div class=\"bbp-breadcrumb\"><p><a href=\"https:\/\/www.living-leedh.com\" class=\"bbp-breadcrumb-home\">Accueil<\/a> <span class=\"bbp-breadcrumb-sep\">&rsaquo;<\/span> <span class=\"bbp-breadcrumb-current\">Forums<\/span><\/p><\/div>\n\t\n\t\n\t\n\t\t\n<ul id=\"forums-list-0\" class=\"bbp-forums\">\n\n\t<li class=\"bbp-header\">\n\n\t\t<ul class=\"forum-titles\">\n\t\t\t<li class=\"bbp-forum-info\">Forum<\/li>\n\t\t\t<li class=\"bbp-forum-topic-count\">Sujets<\/li>\n\t\t\t<li class=\"bbp-forum-reply-count\">Messages<\/li>\n\t\t\t<li class=\"bbp-forum-freshness\">Derni\u00e8re publication<\/li>\n\t\t<\/ul>\n\n\t<\/li><!-- .bbp-header -->\n\n\t<li class=\"bbp-body\">\n\n\t\t\n\t\t\t\n<ul id=\"bbp-forum-3284\" class=\"loop-item-0 bbp-forum-status-open bbp-forum-visibility-publish odd  post-3284 forum type-forum status-publish hentry\">\n\t<li class=\"bbp-forum-info\">\n\n\t\t\n\t\t\n\t\t<a class=\"bbp-forum-title\" href=\"https:\/\/www.living-leedh.com\/?forum=forum-1\">Accessoires divers<\/a>\n\n\t\t\n\t\t\n\t\t<div class=\"bbp-forum-content\">Discussions autour des accessoires<\/div>\n\n\t\t\n\t\t\n\t\t\n\t\t\n\t\t\n\t<\/li>\n\n\t<li class=\"bbp-forum-topic-count\">4<\/li>\n\n\t<li class=\"bbp-forum-reply-count\">62<\/li>\n\n\t<li class=\"bbp-forum-freshness\">\n\n\t\t\n\t\t<a href=\"https:\/\/www.living-leedh.com\/?topic=resonateur-de-schumann&#038;paged=3#post-6355\" title=\"R\u00e9pondre \u00e0\u00a0: R\u00e9sonateur de Schumann\">il y a 7 ann\u00e9es et 4 mois<\/a>\n\t\t\n\t\t<p class=\"bbp-topic-meta\">\n\n\t\t\t\n\t\t\t<span class=\"bbp-topic-freshness-author\"><a href=\"https:\/\/www.living-leedh.com\/?bbp_user=4\" title=\"Voir le profil de Chet\" class=\"bbp-author-link\"><span  class=\"bbp-author-avatar\"><img alt='' src='https:\/\/secure.gravatar.com\/avatar\/e05b5acaeeaeba4d459ce9243bc5e6a2d99155b8064a5d5cd7f927b5a23d0125?s=14&#038;d=mm&#038;r=g' srcset='https:\/\/secure.gravatar.com\/avatar\/e05b5acaeeaeba4d459ce9243bc5e6a2d99155b8064a5d5cd7f927b5a23d0125?s=28&#038;d=mm&#038;r=g 2x' class='avatar avatar-14 photo' height='14' width='14' \/><\/span><span  class=\"bbp-author-name\">Chet<\/span><\/a><\/span>\n\n\t\t\t\n\t\t<\/p>\n\t<\/li>\n<\/ul><!-- #bbp-forum-3284 -->\n\n\t\t\n\t\t\t\n<ul id=\"bbp-forum-3842\" class=\"loop-item-1 bbp-forum-status-open bbp-forum-visibility-publish even  post-3842 forum type-forum status-publish hentry\">\n\t<li class=\"bbp-forum-info\">\n\n\t\t\n\t\t\n\t\t<a class=\"bbp-forum-title\" href=\"https:\/\/www.living-leedh.com\/?forum=caissons\">Caissons<\/a>\n\n\t\t\n\t\t\n\t\t<div class=\"bbp-forum-content\">Un sujet ouvert<\/div>\n\n\t\t\n\t\t\n\t\t\n\t\t\n\t\t\n\t<\/li>\n\n\t<li class=\"bbp-forum-topic-count\">4<\/li>\n\n\t<li class=\"bbp-forum-reply-count\">7<\/li>\n\n\t<li class=\"bbp-forum-freshness\">\n\n\t\t\n\t\t<a href=\"https:\/\/www.living-leedh.com\/?topic=caisson-avec-atohm-s-300\" title=\"Caisson avec Atohm S 300\">il y a 7 ann\u00e9es et 6 mois<\/a>\n\t\t\n\t\t<p class=\"bbp-topic-meta\">\n\n\t\t\t\n\t\t\t<span class=\"bbp-topic-freshness-author\"><a href=\"https:\/\/www.living-leedh.com\/?bbp_user=101\" title=\"Voir le profil de GOUAROUX\" class=\"bbp-author-link\"><span  class=\"bbp-author-avatar\"><img alt='' src='https:\/\/secure.gravatar.com\/avatar\/0c6278e8ea82681e9bc68f3b51b76be160ae06338a9806b92ab4932bd1e7516f?s=14&#038;d=mm&#038;r=g' srcset='https:\/\/secure.gravatar.com\/avatar\/0c6278e8ea82681e9bc68f3b51b76be160ae06338a9806b92ab4932bd1e7516f?s=28&#038;d=mm&#038;r=g 2x' class='avatar avatar-14 photo' height='14' width='14' \/><\/span><span  class=\"bbp-author-name\">GOUAROUX<\/span><\/a><\/span>\n\n\t\t\t\n\t\t<\/p>\n\t<\/li>\n<\/ul><!-- #bbp-forum-3842 -->\n\n\t\t\n\t\t\t\n<ul id=\"bbp-forum-3611\" class=\"loop-item-2 bbp-forum-status-open bbp-forum-visibility-publish odd  post-3611 forum type-forum status-publish hentry\">\n\t<li class=\"bbp-forum-info\">\n\n\t\t\n\t\t\n\t\t<a class=\"bbp-forum-title\" href=\"https:\/\/www.living-leedh.com\/?forum=chez-les-uns-chez-les-autres\">Chez les uns, chez les autres<\/a>\n\n\t\t\n\t\t\n\t\t<div class=\"bbp-forum-content\">Reportages, comptes-rendus de nos visites et de nos visiteurs<\/div>\n\n\t\t\n\t\t\n\t\t\n\t\t\n\t\t\n\t<\/li>\n\n\t<li class=\"bbp-forum-topic-count\">3<\/li>\n\n\t<li class=\"bbp-forum-reply-count\">7<\/li>\n\n\t<li class=\"bbp-forum-freshness\">\n\n\t\t\n\t\t<a href=\"https:\/\/www.living-leedh.com\/?topic=chez-gege\" title=\"Chez Gege\">il y a 9 ann\u00e9es et 8 mois<\/a>\n\t\t\n\t\t<p class=\"bbp-topic-meta\">\n\n\t\t\t\n\t\t\t<span class=\"bbp-topic-freshness-author\"><a href=\"https:\/\/www.living-leedh.com\/?bbp_user=7\" title=\"Voir le profil de PatCam\" class=\"bbp-author-link\"><span  class=\"bbp-author-avatar\"><img alt='' src='https:\/\/secure.gravatar.com\/avatar\/0734601394effa9dfe80138d248a7de853a754129a8290adfb5c80af2db09a11?s=14&#038;d=mm&#038;r=g' srcset='https:\/\/secure.gravatar.com\/avatar\/0734601394effa9dfe80138d248a7de853a754129a8290adfb5c80af2db09a11?s=28&#038;d=mm&#038;r=g 2x' class='avatar avatar-14 photo' height='14' width='14' \/><\/span><span  class=\"bbp-author-name\">PatCam<\/span><\/a><\/span>\n\n\t\t\t\n\t\t<\/p>\n\t<\/li>\n<\/ul><!-- #bbp-forum-3611 -->\n\n\t\t\n\t\t\t\n<ul id=\"bbp-forum-3548\" class=\"loop-item-3 bbp-forum-status-open bbp-forum-visibility-publish even  post-3548 forum type-forum status-publish hentry\">\n\t<li class=\"bbp-forum-info\">\n\n\t\t\n\t\t\n\t\t<a class=\"bbp-forum-title\" href=\"https:\/\/www.living-leedh.com\/?forum=de-tout-de-rien-le-vrac-quoi\">De tout, de rien, le vrac quoi !<\/a>\n\n\t\t\n\t\t\n\t\t<div class=\"bbp-forum-content\">Cr\u00e9ez ici vos sujets, en fonction de vos envies<\/div>\n\n\t\t\n\t\t\n\t\t\n\t\t\n\t\t\n\t<\/li>\n\n\t<li class=\"bbp-forum-topic-count\">9<\/li>\n\n\t<li class=\"bbp-forum-reply-count\">44<\/li>\n\n\t<li class=\"bbp-forum-freshness\">\n\n\t\t\n\t\t<a href=\"https:\/\/www.living-leedh.com\/?topic=leedh-c#post-7700\" title=\"R\u00e9pondre \u00e0\u00a0: Leedh C\">il y a 2 mois et 2 semaines<\/a>\n\t\t\n\t\t<p class=\"bbp-topic-meta\">\n\n\t\t\t\n\t\t\t<span class=\"bbp-topic-freshness-author\"><a href=\"https:\/\/www.living-leedh.com\/?bbp_user=120\" title=\"Voir le profil de Octuor\" class=\"bbp-author-link\"><span  class=\"bbp-author-avatar\"><img alt='' src='https:\/\/secure.gravatar.com\/avatar\/07288a580395dc4ce2d2675175a0334418796866164022f60b3086ea2d23844a?s=14&#038;d=mm&#038;r=g' srcset='https:\/\/secure.gravatar.com\/avatar\/07288a580395dc4ce2d2675175a0334418796866164022f60b3086ea2d23844a?s=28&#038;d=mm&#038;r=g 2x' class='avatar avatar-14 photo' height='14' width='14' \/><\/span><span  class=\"bbp-author-name\">Octuor<\/span><\/a><\/span>\n\n\t\t\t\n\t\t<\/p>\n\t<\/li>\n<\/ul><!-- #bbp-forum-3548 -->\n\n\t\t\n\t\t\t\n<ul id=\"bbp-forum-3520\" class=\"loop-item-4 bbp-forum-status-open bbp-forum-visibility-publish odd  post-3520 forum type-forum status-publish hentry\">\n\t<li class=\"bbp-forum-info\">\n\n\t\t\n\t\t\n\t\t<a class=\"bbp-forum-title\" href=\"https:\/\/www.living-leedh.com\/?forum=e2-glass\">E2 Glass<\/a>\n\n\t\t\n\t\t\n\t\t<div class=\"bbp-forum-content\">Une r\u00e9volution en marche ?<\/div>\n\n\t\t\n\t\t\n\t\t\n\t\t\n\t\t\n\t<\/li>\n\n\t<li class=\"bbp-forum-topic-count\">3<\/li>\n\n\t<li class=\"bbp-forum-reply-count\">81<\/li>\n\n\t<li class=\"bbp-forum-freshness\">\n\n\t\t\n\t\t<a href=\"https:\/\/www.living-leedh.com\/?topic=essai-e2-glass#post-6335\" title=\"R\u00e9pondre \u00e0\u00a0: Essai E2 Glass\">il y a 7 ann\u00e9es et 5 mois<\/a>\n\t\t\n\t\t<p class=\"bbp-topic-meta\">\n\n\t\t\t\n\t\t\t<span class=\"bbp-topic-freshness-author\"><a href=\"https:\/\/www.living-leedh.com\/?bbp_user=35\" title=\"Voir le profil de Kophos\" class=\"bbp-author-link\"><span  class=\"bbp-author-avatar\"><img alt='' src='https:\/\/secure.gravatar.com\/avatar\/8cb012adcf3b9ec333eb00cb6d6dc1dd4d3984c3cbb854c597df7b554c069db9?s=14&#038;d=mm&#038;r=g' srcset='https:\/\/secure.gravatar.com\/avatar\/8cb012adcf3b9ec333eb00cb6d6dc1dd4d3984c3cbb854c597df7b554c069db9?s=28&#038;d=mm&#038;r=g 2x' class='avatar avatar-14 photo' height='14' width='14' \/><\/span><span  class=\"bbp-author-name\">Kophos<\/span><\/a><\/span>\n\n\t\t\t\n\t\t<\/p>\n\t<\/li>\n<\/ul><!-- #bbp-forum-3520 -->\n\n\t\t\n\t\t\t\n<ul id=\"bbp-forum-7130\" class=\"loop-item-5 bbp-forum-status-open bbp-forum-visibility-publish even  post-7130 forum type-forum status-publish hentry\">\n\t<li class=\"bbp-forum-info\">\n\n\t\t\n\t\t\n\t\t<a class=\"bbp-forum-title\" href=\"https:\/\/www.living-leedh.com\/?forum=inerta-de-druide-audio\">INERTA de Druide Audio<\/a>\n\n\t\t\n\t\t\n\t\t<div class=\"bbp-forum-content\">Ici un fil de discussion sur les supports d\u00e9di\u00e9s au mat\u00e9riel Leedh de chez www.druide-audio.fr\r\n<\/div>\n\n\t\t\n\t\t\n\t\t\n\t\t\n\t\t\n\t<\/li>\n\n\t<li class=\"bbp-forum-topic-count\">1<\/li>\n\n\t<li class=\"bbp-forum-reply-count\">2<\/li>\n\n\t<li class=\"bbp-forum-freshness\">\n\n\t\t\n\t\t<a href=\"https:\/\/www.living-leedh.com\/?topic=inerta-pour-leedh#post-7138\" title=\"R\u00e9pondre \u00e0\u00a0: Inerta pour Leedh\">il y a 4 ann\u00e9es et 7 mois<\/a>\n\t\t\n\t\t<p class=\"bbp-topic-meta\">\n\n\t\t\t\n\t\t\t<span class=\"bbp-topic-freshness-author\"><a href=\"https:\/\/www.living-leedh.com\/?bbp_user=1\" title=\"Voir le profil de livingleedh\" class=\"bbp-author-link\"><span  class=\"bbp-author-avatar\"><img alt='' src='https:\/\/secure.gravatar.com\/avatar\/03c59394a64eb7c472d81666d4e1292e5c181c67d43876beb32dadf2df58811c?s=14&#038;d=mm&#038;r=g' srcset='https:\/\/secure.gravatar.com\/avatar\/03c59394a64eb7c472d81666d4e1292e5c181c67d43876beb32dadf2df58811c?s=28&#038;d=mm&#038;r=g 2x' class='avatar avatar-14 photo' height='14' width='14' \/><\/span><span  class=\"bbp-author-name\">livingleedh<\/span><\/a><\/span>\n\n\t\t\t\n\t\t<\/p>\n\t<\/li>\n<\/ul><!-- #bbp-forum-7130 -->\n\n\t\t\n\t\t\t\n<ul id=\"bbp-forum-3938\" class=\"loop-item-6 bbp-forum-status-open bbp-forum-visibility-publish odd  post-3938 forum type-forum status-publish hentry\">\n\t<li class=\"bbp-forum-info\">\n\n\t\t\n\t\t\n\t\t<a class=\"bbp-forum-title\" href=\"https:\/\/www.living-leedh.com\/?forum=la-demat\">La D\u00e9mat&rsquo; &#8230;<\/a>\n\n\t\t\n\t\t\n\t\t<div class=\"bbp-forum-content\">Ceux qui savent \u00e0 ceux qui cherchent !<\/div>\n\n\t\t\n\t\t\n\t\t\n\t\t\n\t\t\n\t<\/li>\n\n\t<li class=\"bbp-forum-topic-count\">2<\/li>\n\n\t<li class=\"bbp-forum-reply-count\">10<\/li>\n\n\t<li class=\"bbp-forum-freshness\">\n\n\t\t\n\t\t<a href=\"https:\/\/www.living-leedh.com\/?topic=buzz-pour-qobuz#post-4898\" title=\"R\u00e9pondre \u00e0\u00a0: Buzz pour QOBUZ\">il y a 9 ann\u00e9es et 4 mois<\/a>\n\t\t\n\t\t<p class=\"bbp-topic-meta\">\n\n\t\t\t\n\t\t\t<span class=\"bbp-topic-freshness-author\"><a href=\"https:\/\/www.living-leedh.com\/?bbp_user=1\" title=\"Voir le profil de livingleedh\" class=\"bbp-author-link\"><span  class=\"bbp-author-avatar\"><img alt='' src='https:\/\/secure.gravatar.com\/avatar\/03c59394a64eb7c472d81666d4e1292e5c181c67d43876beb32dadf2df58811c?s=14&#038;d=mm&#038;r=g' srcset='https:\/\/secure.gravatar.com\/avatar\/03c59394a64eb7c472d81666d4e1292e5c181c67d43876beb32dadf2df58811c?s=28&#038;d=mm&#038;r=g 2x' class='avatar avatar-14 photo' height='14' width='14' \/><\/span><span  class=\"bbp-author-name\">livingleedh<\/span><\/a><\/span>\n\n\t\t\t\n\t\t<\/p>\n\t<\/li>\n<\/ul><!-- #bbp-forum-3938 -->\n\n\t\t\n\t\t\t\n<ul id=\"bbp-forum-3301\" class=\"loop-item-7 bbp-forum-status-open bbp-forum-visibility-publish even  post-3301 forum type-forum status-publish hentry\">\n\t<li class=\"bbp-forum-info\">\n\n\t\t\n\t\t\n\t\t<a class=\"bbp-forum-title\" href=\"https:\/\/www.living-leedh.com\/?forum=les-amplis-qui-vont-bien\">Les amplis qui vont bien &#8230;<\/a>\n\n\t\t\n\t\t\n\t\t<div class=\"bbp-forum-content\">Vos impressions sur les divers amplis<\/div>\n\n\t\t\n\t\t\n\t\t\n\t\t\n\t\t\n\t<\/li>\n\n\t<li class=\"bbp-forum-topic-count\">8<\/li>\n\n\t<li class=\"bbp-forum-reply-count\">35<\/li>\n\n\t<li class=\"bbp-forum-freshness\">\n\n\t\t\n\t\t<a href=\"https:\/\/www.living-leedh.com\/?topic=ampli-de-classe-a&#038;paged=2#post-7581\" title=\"R\u00e9pondre \u00e0\u00a0: Ampli de classe A\">il y a 3 ann\u00e9es<\/a>\n\t\t\n\t\t<p class=\"bbp-topic-meta\">\n\n\t\t\t\n\t\t\t<span class=\"bbp-topic-freshness-author\"><a href=\"https:\/\/www.living-leedh.com\/?bbp_user=28\" title=\"Voir le profil de myfavoritething\" class=\"bbp-author-link\"><span  class=\"bbp-author-avatar\"><img alt='' src='https:\/\/secure.gravatar.com\/avatar\/7d69a132ce29b915108e52ddde7a0db44b3e8e892e6c736c051c028f2d138e97?s=14&#038;d=mm&#038;r=g' srcset='https:\/\/secure.gravatar.com\/avatar\/7d69a132ce29b915108e52ddde7a0db44b3e8e892e6c736c051c028f2d138e97?s=28&#038;d=mm&#038;r=g 2x' class='avatar avatar-14 photo' height='14' width='14' \/><\/span><span  class=\"bbp-author-name\">myfavoritething<\/span><\/a><\/span>\n\n\t\t\t\n\t\t<\/p>\n\t<\/li>\n<\/ul><!-- #bbp-forum-3301 -->\n\n\t\t\n\t\t\t\n<ul id=\"bbp-forum-3839\" class=\"loop-item-8 bbp-forum-status-open bbp-forum-visibility-publish odd  post-3839 forum type-forum status-publish hentry\">\n\t<li class=\"bbp-forum-info\">\n\n\t\t\n\t\t\n\t\t<a class=\"bbp-forum-title\" href=\"https:\/\/www.living-leedh.com\/?forum=nos-belles-ecoutes\">Nos belles \u00e9coutes<\/a>\n\n\t\t\n\t\t\n\t\t<div class=\"bbp-forum-content\">Partager musique et \u00e9motions<\/div>\n\n\t\t\n\t\t\n\t\t\n\t\t\n\t\t\n\t<\/li>\n\n\t<li class=\"bbp-forum-topic-count\">6<\/li>\n\n\t<li class=\"bbp-forum-reply-count\">10<\/li>\n\n\t<li class=\"bbp-forum-freshness\">\n\n\t\t\n\t\t<a href=\"https:\/\/www.living-leedh.com\/?topic=ecoute-evenement-au-salon-piano-marcelle-meyer\" title=\"\u00e9coute \u00e9v\u00e8nement au Salon &#8211; piano Marcelle MEYER\">il y a 6 ann\u00e9es et 4 mois<\/a>\n\t\t\n\t\t<p class=\"bbp-topic-meta\">\n\n\t\t\t\n\t\t\t<span class=\"bbp-topic-freshness-author\"><a href=\"https:\/\/www.living-leedh.com\/?bbp_user=91\" title=\"Voir le profil de Abendroth\" class=\"bbp-author-link\"><span  class=\"bbp-author-avatar\"><img alt='' src='https:\/\/secure.gravatar.com\/avatar\/392094d7929ae7d9d969697e961ba679cfc593151a1df5cd2f1ffbcf1e80589d?s=14&#038;d=mm&#038;r=g' srcset='https:\/\/secure.gravatar.com\/avatar\/392094d7929ae7d9d969697e961ba679cfc593151a1df5cd2f1ffbcf1e80589d?s=28&#038;d=mm&#038;r=g 2x' class='avatar avatar-14 photo' height='14' width='14' \/><\/span><span  class=\"bbp-author-name\">Abendroth<\/span><\/a><\/span>\n\n\t\t\t\n\t\t<\/p>\n\t<\/li>\n<\/ul><!-- #bbp-forum-3839 -->\n\n\t\t\n\t\t\t\n<ul id=\"bbp-forum-7279\" class=\"loop-item-9 bbp-forum-status-open bbp-forum-visibility-publish even  post-7279 forum type-forum status-publish hentry\">\n\t<li class=\"bbp-forum-info\">\n\n\t\t\n\t\t\n\t\t<a class=\"bbp-forum-title\" href=\"https:\/\/www.living-leedh.com\/?forum=origami-86\">Origami 86<\/a>\n\n\t\t\n\t\t\n\t\t<div class=\"bbp-forum-content\">Tout savoir sur ce nouveau concept<\/div>\n\n\t\t\n\t\t\n\t\t\n\t\t\n\t\t\n\t<\/li>\n\n\t<li class=\"bbp-forum-topic-count\">2<\/li>\n\n\t<li class=\"bbp-forum-reply-count\">2<\/li>\n\n\t<li class=\"bbp-forum-freshness\">\n\n\t\t\n\t\t<a href=\"https:\/\/www.living-leedh.com\/?topic=origami-86-2\" title=\"Origami 86\">il y a 4 ann\u00e9es et 2 mois<\/a>\n\t\t\n\t\t<p class=\"bbp-topic-meta\">\n\n\t\t\t\n\t\t\t<span class=\"bbp-topic-freshness-author\"><a href=\"https:\/\/www.living-leedh.com\/?bbp_user=1\" title=\"Voir le profil de livingleedh\" class=\"bbp-author-link\"><span  class=\"bbp-author-avatar\"><img alt='' src='https:\/\/secure.gravatar.com\/avatar\/03c59394a64eb7c472d81666d4e1292e5c181c67d43876beb32dadf2df58811c?s=14&#038;d=mm&#038;r=g' srcset='https:\/\/secure.gravatar.com\/avatar\/03c59394a64eb7c472d81666d4e1292e5c181c67d43876beb32dadf2df58811c?s=28&#038;d=mm&#038;r=g 2x' class='avatar avatar-14 photo' height='14' width='14' \/><\/span><span  class=\"bbp-author-name\">livingleedh<\/span><\/a><\/span>\n\n\t\t\t\n\t\t<\/p>\n\t<\/li>\n<\/ul><!-- #bbp-forum-7279 -->\n\n\t\t\n\t\t\t\n<ul id=\"bbp-forum-3338\" class=\"loop-item-10 bbp-forum-status-open bbp-forum-visibility-publish odd  post-3338 forum type-forum status-publish hentry\">\n\t<li class=\"bbp-forum-info\">\n\n\t\t\n\t\t\n\t\t<a class=\"bbp-forum-title\" href=\"https:\/\/www.living-leedh.com\/?forum=retroleedh\">R\u00e9tro&rsquo;Leedh<\/a>\n\n\t\t\n\t\t\n\t\t<div class=\"bbp-forum-content\">Nostalgiques, c'est pour vous<\/div>\n\n\t\t\n\t\t\n\t\t\n\t\t\n\t\t\n\t<\/li>\n\n\t<li class=\"bbp-forum-topic-count\">12<\/li>\n\n\t<li class=\"bbp-forum-reply-count\">165<\/li>\n\n\t<li class=\"bbp-forum-freshness\">\n\n\t\t\n\t\t<a href=\"https:\/\/www.living-leedh.com\/?topic=repare-leedh#post-7554\" title=\"R\u00e9pondre \u00e0\u00a0: repare leedh\">il y a 3 ann\u00e9es et 6 mois<\/a>\n\t\t\n\t\t<p class=\"bbp-topic-meta\">\n\n\t\t\t\n\t\t\t<span class=\"bbp-topic-freshness-author\"><a href=\"https:\/\/www.living-leedh.com\/?bbp_user=1\" title=\"Voir le profil de livingleedh\" class=\"bbp-author-link\"><span  class=\"bbp-author-avatar\"><img alt='' src='https:\/\/secure.gravatar.com\/avatar\/03c59394a64eb7c472d81666d4e1292e5c181c67d43876beb32dadf2df58811c?s=14&#038;d=mm&#038;r=g' srcset='https:\/\/secure.gravatar.com\/avatar\/03c59394a64eb7c472d81666d4e1292e5c181c67d43876beb32dadf2df58811c?s=28&#038;d=mm&#038;r=g 2x' class='avatar avatar-14 photo' height='14' width='14' \/><\/span><span  class=\"bbp-author-name\">livingleedh<\/span><\/a><\/span>\n\n\t\t\t\n\t\t<\/p>\n\t<\/li>\n<\/ul><!-- #bbp-forum-3338 -->\n\n\t\t\n\t<\/li><!-- .bbp-body -->\n\n\t<li class=\"bbp-footer\">\n\n\t\t<div class=\"tr\">\n\t\t\t<p class=\"td colspan4\">&nbsp;<\/p>\n\t\t<\/div><!-- .tr -->\n\n\t<\/li><!-- .bbp-footer -->\n\n<\/ul><!-- .forums-directory -->\n\n\n\t\n\t\n<\/div>\n\n","protected":false},"excerpt":{"rendered":"<p>Ici vos commentaires et r\u00e9flexions sur des sujets divers et vari\u00e9s, presque comme un forum\u00a0 \ud83d\ude42 \u00a0 \ud83d\ude21 \u00a0 \u00a0\u00a0\u00a0 &#8211; Pour y ouvrir une nouvelle rubrique, contactez-nous. Dans une rubrique, vous pouvez ouvrir les sujets. aide sur ce Forum\u00a0:\u00a0<\/p>\n","protected":false},"author":1,"featured_media":0,"parent":0,"menu_order":0,"comment_status":"closed","ping_status":"open","template":"","meta":{"_bbp_topic_count":0,"_bbp_reply_count":0,"_bbp_total_topic_count":0,"_bbp_total_reply_count":0,"_bbp_voice_count":0,"_bbp_anonymous_reply_count":0,"_bbp_topic_count_hidden":0,"_bbp_reply_count_hidden":0,"_bbp_forum_subforum_count":0,"footnotes":""},"class_list":["post-3277","page","type-page","status-publish","hentry"],"_links":{"self":[{"href":"https:\/\/www.living-leedh.com\/index.php?rest_route=\/wp\/v2\/pages\/3277","targetHints":{"allow":["GET"]}}],"collection":[{"href":"https:\/\/www.living-leedh.com\/index.php?rest_route=\/wp\/v2\/pages"}],"about":[{"href":"https:\/\/www.living-leedh.com\/index.php?rest_route=\/wp\/v2\/types\/page"}],"author":[{"embeddable":true,"href":"https:\/\/www.living-leedh.com\/index.php?rest_route=\/wp\/v2\/users\/1"}],"replies":[{"embeddable":true,"href":"https:\/\/www.living-leedh.com\/index.php?rest_route=%2Fwp%2Fv2%2Fcomments&post=3277"}],"version-history":[{"count":23,"href":"https:\/\/www.living-leedh.com\/index.php?rest_route=\/wp\/v2\/pages\/3277\/revisions"}],"predecessor-version":[{"id":6799,"href":"https:\/\/www.living-leedh.com\/index.php?rest_route=\/wp\/v2\/pages\/3277\/revisions\/6799"}],"wp:attachment":[{"href":"https:\/\/www.living-leedh.com\/index.php?rest_route=%2Fwp%2Fv2%2Fmedia&parent=3277"}],"curies":[{"name":"wp","href":"https:\/\/api.w.org\/{rel}","templated":true}]}}