{"id":34,"date":"2015-03-15T22:13:45","date_gmt":"2015-03-15T21:13:45","guid":{"rendered":"http:\/\/www.living-leedh.com\/?page_id=34"},"modified":"2015-10-22T23:41:13","modified_gmt":"2015-10-22T21:41:13","slug":"retroleedh","status":"publish","type":"page","link":"https:\/\/www.living-leedh.com\/?page_id=34","title":{"rendered":"R\u00e9tro&rsquo;Leedh"},"content":{"rendered":"<p><strong>1er mod\u00e8le en 1975 :\u00a0entre ces 2 LEEDH, toute la gamme des enceintes \u00ab\u00a0classiques\u00a0\u00bb de G. Milot.<a href=\"http:\/\/www.living-leedh.com\/wp-content\/uploads\/2015\/03\/Perspective-Nazcales2Web1.jpg\"><img loading=\"lazy\" decoding=\"async\" class=\"alignnone wp-image-820\" src=\"http:\/\/www.living-leedh.com\/wp-content\/uploads\/2015\/03\/Perspective-Nazcales2Web1-300x243.jpg\" alt=\"Perspective Nazcales2Web1\" width=\"510\" height=\"413\" srcset=\"https:\/\/www.living-leedh.com\/wp-content\/uploads\/2015\/03\/Perspective-Nazcales2Web1-300x243.jpg 300w, https:\/\/www.living-leedh.com\/wp-content\/uploads\/2015\/03\/Perspective-Nazcales2Web1-400x324.jpg 400w, https:\/\/www.living-leedh.com\/wp-content\/uploads\/2015\/03\/Perspective-Nazcales2Web1.jpg 415w\" sizes=\"auto, (max-width: 510px) 100vw, 510px\" \/><\/a><\/strong><\/p>\n<p style=\"text-align: center;\">De la Perspective \u00e0 la Nazca&#8230;<\/p>\n<p style=\"text-align: center;\">Consultez le menu R\u00e9tro&rsquo;Leedh ci-dessus<\/p>\n<p style=\"text-align: left;\"><strong>Vous \u00eates possesseur, utilisateur, collectionneur d&rsquo;un ancien mod\u00e8le ?<\/strong><\/p>\n<p><strong>Vous avez en cave ou grenier des Bancs d&rsquo;Essai ou d&rsquo;autres revues et informations, <\/strong><a href=\"http:\/\/www.living-leedh.com\/?page_id=71\"><strong>Contactez nous.<\/strong><\/a><\/p>\n<p><a href=\"http:\/\/www.living-leedh.com\/?page_id=34\"><img loading=\"lazy\" decoding=\"async\" class=\" size-full wp-image-80 aligncenter\" src=\"http:\/\/www.living-leedh.com\/wp-content\/uploads\/2015\/03\/workinprogress.jpe\" alt=\"workinprogress\" width=\"228\" height=\"202\" \/><\/a><\/p>\n<p>&nbsp;<\/p>\n","protected":false},"excerpt":{"rendered":"<p>1er mod\u00e8le en 1975 :\u00a0entre ces 2 LEEDH, toute la gamme des enceintes \u00ab\u00a0classiques\u00a0\u00bb de G. Milot. De la Perspective \u00e0 la Nazca&#8230; Consultez le menu R\u00e9tro&rsquo;Leedh ci-dessus Vous \u00eates possesseur, utilisateur, collectionneur d&rsquo;un ancien mod\u00e8le ? Vous avez en cave ou grenier des Bancs d&rsquo;Essai ou d&rsquo;autres revues et informations, Contactez nous. &nbsp;<\/p>\n","protected":false},"author":1,"featured_media":0,"parent":0,"menu_order":0,"comment_status":"closed","ping_status":"open","template":"","meta":{"_bbp_topic_count":0,"_bbp_reply_count":0,"_bbp_total_topic_count":0,"_bbp_total_reply_count":0,"_bbp_voice_count":0,"_bbp_anonymous_reply_count":0,"_bbp_topic_count_hidden":0,"_bbp_reply_count_hidden":0,"_bbp_forum_subforum_count":0,"footnotes":""},"class_list":["post-34","page","type-page","status-publish","hentry"],"_links":{"self":[{"href":"https:\/\/www.living-leedh.com\/index.php?rest_route=\/wp\/v2\/pages\/34","targetHints":{"allow":["GET"]}}],"collection":[{"href":"https:\/\/www.living-leedh.com\/index.php?rest_route=\/wp\/v2\/pages"}],"about":[{"href":"https:\/\/www.living-leedh.com\/index.php?rest_route=\/wp\/v2\/types\/page"}],"author":[{"embeddable":true,"href":"https:\/\/www.living-leedh.com\/index.php?rest_route=\/wp\/v2\/users\/1"}],"replies":[{"embeddable":true,"href":"https:\/\/www.living-leedh.com\/index.php?rest_route=%2Fwp%2Fv2%2Fcomments&post=34"}],"version-history":[{"count":16,"href":"https:\/\/www.living-leedh.com\/index.php?rest_route=\/wp\/v2\/pages\/34\/revisions"}],"predecessor-version":[{"id":2378,"href":"https:\/\/www.living-leedh.com\/index.php?rest_route=\/wp\/v2\/pages\/34\/revisions\/2378"}],"wp:attachment":[{"href":"https:\/\/www.living-leedh.com\/index.php?rest_route=%2Fwp%2Fv2%2Fmedia&parent=34"}],"curies":[{"name":"wp","href":"https:\/\/api.w.org\/{rel}","templated":true}]}}