{"id":36,"date":"2015-03-15T22:14:01","date_gmt":"2015-03-15T21:14:01","guid":{"rendered":"http:\/\/www.living-leedh.com\/?page_id=36"},"modified":"2017-02-21T15:13:14","modified_gmt":"2017-02-21T14:13:14","slug":"elfe","status":"publish","type":"page","link":"https:\/\/www.living-leedh.com\/?page_id=36","title":{"rendered":"Psych\u00e9"},"content":{"rendered":"<p><img loading=\"lazy\" decoding=\"async\" id=\"il_fi\" src=\"http:\/\/medias.audiofanzine.com\/images\/normal\/leedh-psyche-2-872558.jpg\" alt=\"Afficher l'image d'origine\" width=\"480\" height=\"640\" \/><\/p>\n<p><strong>Plaquettes commerciales : <a href=\"http:\/\/www.living-leedh.com\/wp-content\/uploads\/2015\/03\/Doc_16_4.pdf\" target=\"_blank\"><img loading=\"lazy\" decoding=\"async\" class=\"size-medium wp-image-2025 alignnone\" src=\"http:\/\/www.living-leedh.com\/wp-content\/uploads\/2015\/03\/psyche2-300x43.png\" alt=\"psyche2\" width=\"300\" height=\"43\" srcset=\"https:\/\/www.living-leedh.com\/wp-content\/uploads\/2015\/03\/psyche2-300x43.png 300w, https:\/\/www.living-leedh.com\/wp-content\/uploads\/2015\/03\/psyche2-400x58.png 400w, https:\/\/www.living-leedh.com\/wp-content\/uploads\/2015\/03\/psyche2.png 574w\" sizes=\"auto, (max-width: 300px) 100vw, 300px\" \/><\/a><\/strong><\/p>\n<p><strong><a href=\"http:\/\/www.living-leedh.com\/wp-content\/uploads\/2015\/03\/Doc_13_4.pdf\" target=\"_blank\"><img loading=\"lazy\" decoding=\"async\" class=\"size-medium wp-image-2029 alignright\" src=\"http:\/\/www.living-leedh.com\/wp-content\/uploads\/2015\/03\/psyche1-300x24.png\" alt=\"psyche1\" width=\"300\" height=\"24\" srcset=\"https:\/\/www.living-leedh.com\/wp-content\/uploads\/2015\/03\/psyche1-300x24.png 300w, https:\/\/www.living-leedh.com\/wp-content\/uploads\/2015\/03\/psyche1-400x31.png 400w, https:\/\/www.living-leedh.com\/wp-content\/uploads\/2015\/03\/psyche1.png 980w\" sizes=\"auto, (max-width: 300px) 100vw, 300px\" \/><\/a><\/strong><\/p>\n<p style=\"text-align: right;\"><em><strong>&#8230; &amp; &#8230;<\/strong><\/em><\/p>\n<p><strong>1992 :<\/strong><\/p>\n<p><a href=\"http:\/\/www.living-leedh.com\/wp-content\/uploads\/2015\/03\/Doc_14_4.pdf\" target=\"_blank\"><img loading=\"lazy\" decoding=\"async\" class=\"alignnone size-medium wp-image-2032\" src=\"http:\/\/www.living-leedh.com\/wp-content\/uploads\/2015\/03\/BE-NRdS92-300x103.png\" alt=\"BE NRdS92\" width=\"300\" height=\"103\" srcset=\"https:\/\/www.living-leedh.com\/wp-content\/uploads\/2015\/03\/BE-NRdS92-300x103.png 300w, https:\/\/www.living-leedh.com\/wp-content\/uploads\/2015\/03\/BE-NRdS92-672x234.png 672w, https:\/\/www.living-leedh.com\/wp-content\/uploads\/2015\/03\/BE-NRdS92-400x137.png 400w, https:\/\/www.living-leedh.com\/wp-content\/uploads\/2015\/03\/BE-NRdS92.png 681w\" sizes=\"auto, (max-width: 300px) 100vw, 300px\" \/><\/a><\/p>\n<p>D\u00e9c. : <a href=\"http:\/\/www.living-leedh.com\/wp-content\/uploads\/2015\/03\/Doc_15_4.pdf\" target=\"_blank\">Haute Fid\u00e9lit\u00e9 N\u00b0 2<\/a><\/p>\n<p><strong>1996 : Psych\u00e9 Version 2 <\/strong><\/p>\n<p>F\u00e9vrier : <a href=\"http:\/\/www.living-leedh.com\/wp-content\/uploads\/2015\/03\/Doc_17_4.pdf\" target=\"_blank\">Haute Fid\u00e9lit\u00e9 N\u00b0 21<\/a><\/p>\n<p>Sept\/Oct. : <a href=\"http:\/\/www.living-leedh.com\/wp-content\/uploads\/2015\/03\/Doc_18_4.pdf\" target=\"_blank\">HiFi Magazine N\u00b0 12<\/a><\/p>\n<p><strong>1997 :<\/strong><\/p>\n<p><a href=\"http:\/\/www.living-leedh.com\/wp-content\/uploads\/2015\/03\/LEEDHretro1Web.jpg\"><img loading=\"lazy\" decoding=\"async\" class=\"alignnone size-medium wp-image-604\" src=\"http:\/\/www.living-leedh.com\/wp-content\/uploads\/2015\/03\/LEEDHretro1Web-232x300.jpg\" alt=\"LEEDHretro1Web\" width=\"232\" height=\"300\" srcset=\"https:\/\/www.living-leedh.com\/wp-content\/uploads\/2015\/03\/LEEDHretro1Web-232x300.jpg 232w, https:\/\/www.living-leedh.com\/wp-content\/uploads\/2015\/03\/LEEDHretro1Web.jpg 336w\" sizes=\"auto, (max-width: 232px) 100vw, 232px\" \/><\/a><a href=\"http:\/\/www.living-leedh.com\/wp-content\/uploads\/2015\/03\/LEEDHretro2Web.jpg\"><img loading=\"lazy\" decoding=\"async\" class=\"alignnone size-medium wp-image-606\" src=\"http:\/\/www.living-leedh.com\/wp-content\/uploads\/2015\/03\/LEEDHretro2Web-225x300.jpg\" alt=\"LEEDHretro2Web\" width=\"225\" height=\"300\" srcset=\"https:\/\/www.living-leedh.com\/wp-content\/uploads\/2015\/03\/LEEDHretro2Web-225x300.jpg 225w, https:\/\/www.living-leedh.com\/wp-content\/uploads\/2015\/03\/LEEDHretro2Web.jpg 768w, https:\/\/www.living-leedh.com\/wp-content\/uploads\/2015\/03\/LEEDHretro2Web-400x533.jpg 400w\" sizes=\"auto, (max-width: 225px) 100vw, 225px\" \/><\/a><\/p>\n<p>Un autre banc d&rsquo;essais\u00a0de la version\u00a0fin XX\u00e8me si\u00e8cle\u00a0:\u00a0 <a href=\"http:\/\/www.living-leedh.com\/wp-content\/uploads\/2015\/03\/Pssych\u00e92.pdf\" target=\"_blank\">Psych\u00e92<\/a><\/p>\n<p>&#8212;&#8212;&#8212;&#8212;&#8212;&#8212;&#8212;&#8212;&#8212;&#8212;&#8212;&#8212;&#8212;&#8212;&#8212;&#8212;&#8212;&#8212;&#8212;&#8212;&#8212;-<\/p>\n<p>Vous \u00eates possesseur, utilisateur, collectionneur d&rsquo;un ancien mod\u00e8le ?<\/p>\n<p>Vous pouvez nous apporter des pr\u00e9cisions (dates, \u00e9volutions des mod\u00e8les&#8230;) ?<\/p>\n<p>Merci de nous <span style=\"color: #008000;\"><a style=\"color: #008000;\" title=\"Contact\" href=\"http:\/\/www.living-leedh.com\/?page_id=71\"><u>contacter<\/u><\/a> <\/span>pour alimenter ces rubriques<\/p>\n<p>&nbsp;<\/p>\n","protected":false},"excerpt":{"rendered":"<p>Plaquettes commerciales : &#8230; &amp; &#8230; 1992 : D\u00e9c. : Haute Fid\u00e9lit\u00e9 N\u00b0 2 1996 : Psych\u00e9 Version 2 F\u00e9vrier : Haute Fid\u00e9lit\u00e9 N\u00b0 21 Sept\/Oct. : HiFi Magazine N\u00b0 12 1997 : Un autre banc d&rsquo;essais\u00a0de la version\u00a0fin XX\u00e8me si\u00e8cle\u00a0:\u00a0 Psych\u00e92 &#8212;&#8212;&#8212;&#8212;&#8212;&#8212;&#8212;&#8212;&#8212;&#8212;&#8212;&#8212;&#8212;&#8212;&#8212;&#8212;&#8212;&#8212;&#8212;&#8212;&#8212;- Vous \u00eates possesseur, utilisateur, collectionneur d&rsquo;un ancien mod\u00e8le ? Vous pouvez nous &hellip; <a href=\"https:\/\/www.living-leedh.com\/?page_id=36\" class=\"more-link\">Continuer la lecture de <span class=\"screen-reader-text\">Psych\u00e9<\/span>  <span class=\"meta-nav\">&rarr;<\/span><\/a><\/p>\n","protected":false},"author":1,"featured_media":0,"parent":0,"menu_order":0,"comment_status":"closed","ping_status":"open","template":"","meta":{"_bbp_topic_count":0,"_bbp_reply_count":0,"_bbp_total_topic_count":0,"_bbp_total_reply_count":0,"_bbp_voice_count":0,"_bbp_anonymous_reply_count":0,"_bbp_topic_count_hidden":0,"_bbp_reply_count_hidden":0,"_bbp_forum_subforum_count":0,"footnotes":""},"class_list":["post-36","page","type-page","status-publish","hentry"],"_links":{"self":[{"href":"https:\/\/www.living-leedh.com\/index.php?rest_route=\/wp\/v2\/pages\/36","targetHints":{"allow":["GET"]}}],"collection":[{"href":"https:\/\/www.living-leedh.com\/index.php?rest_route=\/wp\/v2\/pages"}],"about":[{"href":"https:\/\/www.living-leedh.com\/index.php?rest_route=\/wp\/v2\/types\/page"}],"author":[{"embeddable":true,"href":"https:\/\/www.living-leedh.com\/index.php?rest_route=\/wp\/v2\/users\/1"}],"replies":[{"embeddable":true,"href":"https:\/\/www.living-leedh.com\/index.php?rest_route=%2Fwp%2Fv2%2Fcomments&post=36"}],"version-history":[{"count":34,"href":"https:\/\/www.living-leedh.com\/index.php?rest_route=\/wp\/v2\/pages\/36\/revisions"}],"predecessor-version":[{"id":5154,"href":"https:\/\/www.living-leedh.com\/index.php?rest_route=\/wp\/v2\/pages\/36\/revisions\/5154"}],"wp:attachment":[{"href":"https:\/\/www.living-leedh.com\/index.php?rest_route=%2Fwp%2Fv2%2Fmedia&parent=36"}],"curies":[{"name":"wp","href":"https:\/\/api.w.org\/{rel}","templated":true}]}}