{"id":38,"date":"2015-03-15T22:14:22","date_gmt":"2015-03-15T21:14:22","guid":{"rendered":"http:\/\/www.living-leedh.com\/?page_id=38"},"modified":"2017-02-02T10:30:34","modified_gmt":"2017-02-02T09:30:34","slug":"ether","status":"publish","type":"page","link":"https:\/\/www.living-leedh.com\/?page_id=38","title":{"rendered":"Flirt"},"content":{"rendered":"<p><strong>Juin 1994 :<\/strong> <a href=\"http:\/\/www.living-leedh.com\/wp-content\/uploads\/2015\/03\/Doc_19_4.pdf\" target=\"_blank\">Haute Fid\u00e9lit\u00e9 N\u00b011<\/a><\/p>\n<p><strong>Mars 1996 :<\/strong><\/p>\n<p style=\"text-align: left;\"><a href=\"http:\/\/www.living-leedh.com\/wp-content\/uploads\/2015\/03\/LEEDHFlirt.jpg\"><img loading=\"lazy\" decoding=\"async\" class=\"alignnone size-medium wp-image-608\" src=\"http:\/\/www.living-leedh.com\/wp-content\/uploads\/2015\/03\/LEEDHFlirt-236x300.jpg\" alt=\"LEEDHFlirt\" width=\"236\" height=\"300\" srcset=\"https:\/\/www.living-leedh.com\/wp-content\/uploads\/2015\/03\/LEEDHFlirt-236x300.jpg 236w, https:\/\/www.living-leedh.com\/wp-content\/uploads\/2015\/03\/LEEDHFlirt.jpg 336w\" sizes=\"auto, (max-width: 236px) 100vw, 236px\" \/><\/a><a href=\"http:\/\/www.living-leedh.com\/wp-content\/uploads\/2015\/03\/LEEDHFlirt1.jpg\"><img loading=\"lazy\" decoding=\"async\" class=\"alignnone size-medium wp-image-609\" src=\"http:\/\/www.living-leedh.com\/wp-content\/uploads\/2015\/03\/LEEDHFlirt1-220x300.jpg\" alt=\"LEEDHFlirt1\" width=\"220\" height=\"300\" srcset=\"https:\/\/www.living-leedh.com\/wp-content\/uploads\/2015\/03\/LEEDHFlirt1-220x300.jpg 220w, https:\/\/www.living-leedh.com\/wp-content\/uploads\/2015\/03\/LEEDHFlirt1.jpg 751w, https:\/\/www.living-leedh.com\/wp-content\/uploads\/2015\/03\/LEEDHFlirt1-400x545.jpg 400w\" sizes=\"auto, (max-width: 220px) 100vw, 220px\" \/><\/a><\/p>\n<p>&#8212;&#8212;&#8212;&#8212;&#8212;&#8212;&#8212;&#8212;&#8212;&#8212;&#8212;&#8212;&#8212;&#8212;&#8212;&#8212;&#8212;&#8212;&#8212;&#8212;&#8212;&#8212;&#8212;&#8212;&#8212;&#8212;-<\/p>\n<p>Photos attrap\u00e9es sur le Net&#8230;<a href=\"http:\/\/www.living-leedh.com\/wp-content\/uploads\/2015\/03\/Arriere.jpg\"><img loading=\"lazy\" decoding=\"async\" class=\"wp-image-1941 alignright\" src=\"http:\/\/www.living-leedh.com\/wp-content\/uploads\/2015\/03\/Arriere-225x300.jpg\" alt=\"Arriere\" width=\"186\" height=\"248\" srcset=\"https:\/\/www.living-leedh.com\/wp-content\/uploads\/2015\/03\/Arriere-225x300.jpg 225w, https:\/\/www.living-leedh.com\/wp-content\/uploads\/2015\/03\/Arriere-400x533.jpg 400w, https:\/\/www.living-leedh.com\/wp-content\/uploads\/2015\/03\/Arriere.jpg 563w\" sizes=\"auto, (max-width: 186px) 100vw, 186px\" \/><\/a><a href=\"http:\/\/www.living-leedh.com\/wp-content\/uploads\/2015\/03\/Avant-HP.jpg\"><img loading=\"lazy\" decoding=\"async\" class=\" wp-image-1940 alignleft\" src=\"http:\/\/www.living-leedh.com\/wp-content\/uploads\/2015\/03\/Avant-HP-225x300.jpg\" alt=\"Avant HP\" width=\"167\" height=\"222\" srcset=\"https:\/\/www.living-leedh.com\/wp-content\/uploads\/2015\/03\/Avant-HP-225x300.jpg 225w, https:\/\/www.living-leedh.com\/wp-content\/uploads\/2015\/03\/Avant-HP-400x533.jpg 400w, https:\/\/www.living-leedh.com\/wp-content\/uploads\/2015\/03\/Avant-HP.jpg 563w\" sizes=\"auto, (max-width: 167px) 100vw, 167px\" \/><br \/>\n<\/a><\/p>\n<p>&nbsp;<\/p>\n<p>&nbsp;<\/p>\n<p>&nbsp;<\/p>\n<p>&nbsp;<\/p>\n<p>&nbsp;<\/p>\n<p>Plus d&rsquo;infos sur <a href=\"http:\/\/www.audiovintage.fr\/leforum\/viewtopic.php?f=20&amp;t=45723\" target=\"_blank\">audiovintage<\/a><\/p>\n<p>&#8212;&#8212;&#8212;&#8212;&#8212;&#8212;&#8212;&#8212;&#8212;&#8212;&#8212;&#8212;&#8212;&#8212;&#8212;&#8212;&#8212;&#8212;&#8212;&#8212;&#8212;-<\/p>\n<p>Vous \u00eates possesseur, utilisateur, collectionneur d&rsquo;un ancien mod\u00e8le ?<\/p>\n<p>Vous pouvez nous apporter des pr\u00e9cisions (dates, \u00e9volutions des mod\u00e8les&#8230;) ?<\/p>\n<p>Merci de nous <span style=\"color: #008000;\"><a style=\"color: #008000;\" title=\"Contact\" href=\"http:\/\/www.living-leedh.com\/?page_id=71\"><u>contacter<\/u><\/a> <\/span>pour alimenter ces rubriques<\/p>\n<p><a href=\"http:\/\/www.living-leedh.com\/?page_id=38\"><img loading=\"lazy\" decoding=\"async\" class=\"alignnone size-full wp-image-80\" src=\"http:\/\/www.living-leedh.com\/wp-content\/uploads\/2015\/03\/workinprogress.jpe\" alt=\"workinprogress\" width=\"228\" height=\"202\" \/><\/a><\/p>\n","protected":false},"excerpt":{"rendered":"<p>Juin 1994 : Haute Fid\u00e9lit\u00e9 N\u00b011 Mars 1996 : &#8212;&#8212;&#8212;&#8212;&#8212;&#8212;&#8212;&#8212;&#8212;&#8212;&#8212;&#8212;&#8212;&#8212;&#8212;&#8212;&#8212;&#8212;&#8212;&#8212;&#8212;&#8212;&#8212;&#8212;&#8212;&#8212;- Photos attrap\u00e9es sur le Net&#8230; &nbsp; &nbsp; &nbsp; &nbsp; &nbsp; Plus d&rsquo;infos sur audiovintage &#8212;&#8212;&#8212;&#8212;&#8212;&#8212;&#8212;&#8212;&#8212;&#8212;&#8212;&#8212;&#8212;&#8212;&#8212;&#8212;&#8212;&#8212;&#8212;&#8212;&#8212;- Vous \u00eates possesseur, utilisateur, collectionneur d&rsquo;un ancien mod\u00e8le ? Vous pouvez nous apporter des pr\u00e9cisions (dates, \u00e9volutions des mod\u00e8les&#8230;) ? Merci de nous contacter pour alimenter ces rubriques<\/p>\n","protected":false},"author":1,"featured_media":0,"parent":0,"menu_order":0,"comment_status":"closed","ping_status":"open","template":"","meta":{"_bbp_topic_count":0,"_bbp_reply_count":0,"_bbp_total_topic_count":0,"_bbp_total_reply_count":0,"_bbp_voice_count":0,"_bbp_anonymous_reply_count":0,"_bbp_topic_count_hidden":0,"_bbp_reply_count_hidden":0,"_bbp_forum_subforum_count":0,"footnotes":""},"class_list":["post-38","page","type-page","status-publish","hentry"],"_links":{"self":[{"href":"https:\/\/www.living-leedh.com\/index.php?rest_route=\/wp\/v2\/pages\/38","targetHints":{"allow":["GET"]}}],"collection":[{"href":"https:\/\/www.living-leedh.com\/index.php?rest_route=\/wp\/v2\/pages"}],"about":[{"href":"https:\/\/www.living-leedh.com\/index.php?rest_route=\/wp\/v2\/types\/page"}],"author":[{"embeddable":true,"href":"https:\/\/www.living-leedh.com\/index.php?rest_route=\/wp\/v2\/users\/1"}],"replies":[{"embeddable":true,"href":"https:\/\/www.living-leedh.com\/index.php?rest_route=%2Fwp%2Fv2%2Fcomments&post=38"}],"version-history":[{"count":18,"href":"https:\/\/www.living-leedh.com\/index.php?rest_route=\/wp\/v2\/pages\/38\/revisions"}],"predecessor-version":[{"id":5134,"href":"https:\/\/www.living-leedh.com\/index.php?rest_route=\/wp\/v2\/pages\/38\/revisions\/5134"}],"wp:attachment":[{"href":"https:\/\/www.living-leedh.com\/index.php?rest_route=%2Fwp%2Fv2%2Fmedia&parent=38"}],"curies":[{"name":"wp","href":"https:\/\/api.w.org\/{rel}","templated":true}]}}