{"id":3849,"date":"2016-05-12T10:28:07","date_gmt":"2016-05-12T08:28:07","guid":{"rendered":"http:\/\/www.living-leedh.com\/?page_id=3849"},"modified":"2022-03-05T16:47:35","modified_gmt":"2022-03-05T15:47:35","slug":"vente-accessoires","status":"publish","type":"page","link":"https:\/\/www.living-leedh.com\/?page_id=3849","title":{"rendered":"Vente accessoires"},"content":{"rendered":"<p>Le vendeur assume l&rsquo;enti\u00e8re responsabilit\u00e9 de son annonce<\/p>\n<p><strong>Mise en ligne : 04\/03\/2022<\/strong><\/p>\n<p><span style=\"color: #333333;\"><span style=\"font-family: Times New Roman, serif;\">Mod\u00e8le et options : <\/span><\/span><span style=\"color: #333333;\"><span style=\"font-family: Times New Roman, serif;\"><b>Plaque Druide Audio Inerta (45&#215;37 cm)<\/b><\/span><\/span><span style=\"font-family: Times New Roman, serif;\"><br \/>\n<\/span><span style=\"color: #333333;\"><span style=\"font-family: Times New Roman, serif;\">Prix de vente : <\/span><\/span><span style=\"color: #333333;\"><span style=\"font-family: Times New Roman, serif;\"><b>400\u20ac<\/b><\/span><\/span><span style=\"font-family: Times New Roman, serif;\"><br \/>\n<\/span><span style=\"color: #333333;\"><span style=\"font-family: Times New Roman, serif;\">D\u00e9partement o\u00f9 la marchandise est visible : 31<\/span><\/span><span style=\"font-family: Times New Roman, serif;\"><br \/>\n<\/span><span style=\"color: #333333;\"><span style=\"font-family: Times New Roman, serif;\">Possibilit\u00e9 d&rsquo;exp\u00e9dition : Oui,\u00a0 \u00e0 discuter\u00a0 <\/span><\/span><span style=\"font-family: Times New Roman, serif;\"><br \/>\n<\/span><span style=\"color: #333333;\"><span style=\"font-family: Times New Roman, serif;\">\u00c9tat de la marchandise : Bon \u00e9tat.<\/span><\/span><span style=\"font-family: Times New Roman, serif;\"><br \/>\n<\/span><span style=\"color: #333333;\"><span style=\"font-family: Times New Roman, serif;\">Premi\u00e8re main : Oui\u00a0<\/span><\/span><span style=\"font-family: Times New Roman, serif;\"><br \/>\n<\/span><span style=\"color: #333333;\"><span style=\"font-family: Times New Roman, serif;\">Prix neuf : 620\u20ac <\/span><\/span><span style=\"font-family: Times New Roman, serif;\"><br \/>\n<\/span><span style=\"color: #333333;\"><span style=\"font-family: Times New Roman, serif;\">Facture disponible : Oui<\/span><\/span><span style=\"font-family: Times New Roman, serif;\"><br \/>\n<\/span><span style=\"color: #333333;\"><span style=\"font-family: Times New Roman, serif;\">Date, pays et lieu d&rsquo;achat :\u00a0Druide Audio, novembre 2020<\/span><\/span><\/p>\n<p><span style=\"color: #333333;\"><span style=\"font-family: Times New Roman, serif;\">Site constructeur\u00a0: https:\/\/www.druide-audio.fr\/<br \/>\nLien vers revue\u00a0: https:\/\/patatorz.com\/2021\/02\/21\/inerta-une-solution-innovante-de-decouplage-de-vos-electroniques-et-enceintes\/<\/span><\/span><\/p>\n<p><a name=\"_GoBack\"><\/a><span style=\"font-family: Times New Roman, serif;\">Les plaques Inerta sont des dispositifs antivibratoires qui rencontrent un franc succ\u00e8s. Le support se base \u00e0 la fois sur un plateau d\u2019une \u00e9paisseur de 2.5 cm dans laquelle diff\u00e9rents mat\u00e9riaux sont incorpor\u00e9s pour assurer la performance attendue, mais \u00e9galement sur un d\u00e9couplage entre ce plateau et le sol, par une bille. En fait le d\u00e9couplage est op\u00e9r\u00e9 via 3 de ces billes et leurs supports sp\u00e9cifiques. Ce mod\u00e8le \u00e9tait destin\u00e9 \u00e0 mon ampli Devialet, mais il convient \u00e0 toutes les \u00e9lectroniques. Il est particuli\u00e8rement efficace sous les \u00e9lectroniques num\u00e9riques (streamer, Dac, switch Ethernet). Il apporte beaucoup d\u2019extension dans les basses, mais c\u2019est surtout une a\u00e9ration avec beaucoup plus de naturel et moins de duret\u00e9s.<\/span><\/p>\n<p><a href=\"https:\/\/www.living-leedh.com\/wp-content\/uploads\/2022\/03\/patCam.jpg\"><img loading=\"lazy\" decoding=\"async\" class=\"alignnone size-full wp-image-7369\" src=\"https:\/\/www.living-leedh.com\/wp-content\/uploads\/2022\/03\/patCam.jpg\" alt=\"\" width=\"715\" height=\"402\" srcset=\"https:\/\/www.living-leedh.com\/wp-content\/uploads\/2022\/03\/patCam.jpg 715w, https:\/\/www.living-leedh.com\/wp-content\/uploads\/2022\/03\/patCam-300x169.jpg 300w, https:\/\/www.living-leedh.com\/wp-content\/uploads\/2022\/03\/patCam-128x72.jpg 128w, https:\/\/www.living-leedh.com\/wp-content\/uploads\/2022\/03\/patCam-400x225.jpg 400w\" sizes=\"auto, (max-width: 715px) 100vw, 715px\" \/><\/a><\/p>\n<p><a href=\"https:\/\/www.living-leedh.com\/wp-content\/uploads\/2022\/03\/PatCam3.jpg\"><img loading=\"lazy\" decoding=\"async\" class=\"alignnone size-full wp-image-7374\" src=\"https:\/\/www.living-leedh.com\/wp-content\/uploads\/2022\/03\/PatCam3.jpg\" alt=\"\" width=\"663\" height=\"373\" srcset=\"https:\/\/www.living-leedh.com\/wp-content\/uploads\/2022\/03\/PatCam3.jpg 663w, https:\/\/www.living-leedh.com\/wp-content\/uploads\/2022\/03\/PatCam3-300x169.jpg 300w, https:\/\/www.living-leedh.com\/wp-content\/uploads\/2022\/03\/PatCam3-128x72.jpg 128w, https:\/\/www.living-leedh.com\/wp-content\/uploads\/2022\/03\/PatCam3-400x225.jpg 400w\" sizes=\"auto, (max-width: 663px) 100vw, 663px\" \/><\/a><\/p>\n<p><a href=\"https:\/\/www.living-leedh.com\/wp-content\/uploads\/2022\/03\/Patcam2.jpg\"><img loading=\"lazy\" decoding=\"async\" class=\"alignnone size-full wp-image-7373\" src=\"https:\/\/www.living-leedh.com\/wp-content\/uploads\/2022\/03\/Patcam2.jpg\" alt=\"\" width=\"662\" height=\"372\" srcset=\"https:\/\/www.living-leedh.com\/wp-content\/uploads\/2022\/03\/Patcam2.jpg 662w, https:\/\/www.living-leedh.com\/wp-content\/uploads\/2022\/03\/Patcam2-300x169.jpg 300w, https:\/\/www.living-leedh.com\/wp-content\/uploads\/2022\/03\/Patcam2-128x72.jpg 128w, https:\/\/www.living-leedh.com\/wp-content\/uploads\/2022\/03\/Patcam2-400x225.jpg 400w\" sizes=\"auto, (max-width: 662px) 100vw, 662px\" \/><\/a><\/p>\n<p>Contacter : Patrick, 06 71 50 60 26<\/p>\n","protected":false},"excerpt":{"rendered":"<p>Le vendeur assume l&rsquo;enti\u00e8re responsabilit\u00e9 de son annonce Mise en ligne : 04\/03\/2022 Mod\u00e8le et options : Plaque Druide Audio Inerta (45&#215;37 cm) Prix de vente : 400\u20ac D\u00e9partement o\u00f9 la marchandise est visible : 31 Possibilit\u00e9 d&rsquo;exp\u00e9dition : Oui,\u00a0 \u00e0 discuter\u00a0 \u00c9tat de la marchandise : Bon \u00e9tat. Premi\u00e8re main : Oui\u00a0 Prix neuf &hellip; <a href=\"https:\/\/www.living-leedh.com\/?page_id=3849\" class=\"more-link\">Continuer la lecture de <span class=\"screen-reader-text\">Vente accessoires<\/span>  <span class=\"meta-nav\">&rarr;<\/span><\/a><\/p>\n","protected":false},"author":1,"featured_media":0,"parent":0,"menu_order":0,"comment_status":"closed","ping_status":"closed","template":"","meta":{"_bbp_topic_count":0,"_bbp_reply_count":0,"_bbp_total_topic_count":0,"_bbp_total_reply_count":0,"_bbp_voice_count":0,"_bbp_anonymous_reply_count":0,"_bbp_topic_count_hidden":0,"_bbp_reply_count_hidden":0,"_bbp_forum_subforum_count":0,"footnotes":""},"class_list":["post-3849","page","type-page","status-publish","hentry"],"_links":{"self":[{"href":"https:\/\/www.living-leedh.com\/index.php?rest_route=\/wp\/v2\/pages\/3849","targetHints":{"allow":["GET"]}}],"collection":[{"href":"https:\/\/www.living-leedh.com\/index.php?rest_route=\/wp\/v2\/pages"}],"about":[{"href":"https:\/\/www.living-leedh.com\/index.php?rest_route=\/wp\/v2\/types\/page"}],"author":[{"embeddable":true,"href":"https:\/\/www.living-leedh.com\/index.php?rest_route=\/wp\/v2\/users\/1"}],"replies":[{"embeddable":true,"href":"https:\/\/www.living-leedh.com\/index.php?rest_route=%2Fwp%2Fv2%2Fcomments&post=3849"}],"version-history":[{"count":9,"href":"https:\/\/www.living-leedh.com\/index.php?rest_route=\/wp\/v2\/pages\/3849\/revisions"}],"predecessor-version":[{"id":7378,"href":"https:\/\/www.living-leedh.com\/index.php?rest_route=\/wp\/v2\/pages\/3849\/revisions\/7378"}],"wp:attachment":[{"href":"https:\/\/www.living-leedh.com\/index.php?rest_route=%2Fwp%2Fv2%2Fmedia&parent=3849"}],"curies":[{"name":"wp","href":"https:\/\/api.w.org\/{rel}","templated":true}]}}