{"id":3895,"date":"2016-05-16T19:00:52","date_gmt":"2016-05-16T17:00:52","guid":{"rendered":"http:\/\/www.living-leedh.com\/?page_id=3895"},"modified":"2022-03-08T14:38:57","modified_gmt":"2022-03-08T13:38:57","slug":"e2-glass","status":"publish","type":"page","link":"https:\/\/www.living-leedh.com\/?page_id=3895","title":{"rendered":"E2 Glass, le prototype"},"content":{"rendered":"<h5 style=\"text-align: center;\">En avant-premi\u00e8re chez un Leedher : Mai 2016<\/h5>\n<p><img loading=\"lazy\" decoding=\"async\" class=\"alignnone size-full wp-image-3168\" src=\"http:\/\/www.living-leedh.com\/wp-content\/uploads\/2016\/03\/glass1-e1457860647371.jpg\" alt=\"glass1\" width=\"1936\" height=\"2592\" srcset=\"https:\/\/www.living-leedh.com\/wp-content\/uploads\/2016\/03\/glass1-e1457860647371.jpg 1936w, https:\/\/www.living-leedh.com\/wp-content\/uploads\/2016\/03\/glass1-e1457860647371-224x300.jpg 224w, https:\/\/www.living-leedh.com\/wp-content\/uploads\/2016\/03\/glass1-e1457860647371-765x1024.jpg 765w, https:\/\/www.living-leedh.com\/wp-content\/uploads\/2016\/03\/glass1-e1457860647371-400x536.jpg 400w\" sizes=\"auto, (max-width: 1936px) 100vw, 1936px\" \/><\/p>\n<p>Nous \u00e9voquions dans notre <span style=\"color: #000000;\">page anniversaire <\/span>une \u00e9volution majeure dans le monde des transducteurs.<br \/>\nNous pouvons enfin r\u00e9v\u00e9ler ce qui se pr\u00e9parait dans les laboratoires Acoustical Beauty.<\/p>\n<p>Des transducteurs \u00e9quip\u00e9s de<strong> membranes en verre<\/strong>.<br \/>\nOui, celui qui l&rsquo;a r\u00eav\u00e9 l&rsquo;a fait.<br \/>\nNous avions m\u00eame pu \u00e9couter, l&rsquo;an dernier, au retour du salon de Munich, un petit haut-parleur mont\u00e9 dans une petite enceinte qui servait \u00e0 \u00e9couter la radio, le soir.<br \/>\nUn d\u00f4me en verre de 5 cm de diam\u00e8tre. Une \u00e9coute attachante qui laissait transpara\u00eetre des qualit\u00e9s surprenantes.<\/p>\n<p>Plus de 10 ans qu&rsquo;il y travaillait.<br \/>\nDu verre !<br \/>\nMoins rigide que le diamant, que le carbone, et pourtant beaucoup plus naturel.<br \/>\nApr\u00e8s avoir fabriqu\u00e9 lui-m\u00eame la premi\u00e8re membrane, il lui aura fallu trouver un ma\u00eetre-verrier suffisamment audacieux pour accepter de mettre en fabrication la premi\u00e8re pr\u00e9-s\u00e9rie, car compte-tenu de la complexit\u00e9 de fabrication et des tol\u00e9rances draconiennes impos\u00e9es, beaucoup de rebuts pour seulement\u00a0 quelques exemplaires\u00a0 utilisables.<br \/>\n<strong>\u00a0<\/strong><img loading=\"lazy\" decoding=\"async\" class=\"wp-image-3589 alignnone\" src=\"http:\/\/www.living-leedh.com\/wp-content\/uploads\/2016\/04\/non_ebavur\u00e9.jpg\" alt=\"non_ebavur\u00e9\" width=\"223\" height=\"298\" \/>\u00a0 <img loading=\"lazy\" decoding=\"async\" class=\"alignnone wp-image-3590\" src=\"http:\/\/www.living-leedh.com\/wp-content\/uploads\/2016\/04\/non_ebavur\u00e92.jpg\" alt=\"non_ebavur\u00e92\" width=\"225\" height=\"301\" srcset=\"https:\/\/www.living-leedh.com\/wp-content\/uploads\/2016\/04\/non_ebavur\u00e92.jpg 765w, https:\/\/www.living-leedh.com\/wp-content\/uploads\/2016\/04\/non_ebavur\u00e92-224x300.jpg 224w, https:\/\/www.living-leedh.com\/wp-content\/uploads\/2016\/04\/non_ebavur\u00e92-400x535.jpg 400w\" sizes=\"auto, (max-width: 225px) 100vw, 225px\" \/><em>Photos lors \u00a0de la premi\u00e8re \u00e9coute des HP \u00e0 peine secs, avant d&rsquo;\u00eatre \u00e9barb\u00e9s.<\/em><\/p>\n<p>Un upgrade sera possible pour les membres du club d\u00e9j\u00e0 \u00e9quip\u00e9s de E2. Cet upgrade pourra se faire sur un seul\u00a0 haut-parleur (le m\u00e9dium) ou bien sur l&rsquo;ensemble de l&rsquo;enceinte. Pour l\u2019instant il va falloir ma\u00eetriser la production des membranes en verre :<br \/>\nAucune soci\u00e9t\u00e9 au monde n\u2019en a l\u2019exp\u00e9rience. Il s\u2019agit vraiment d\u2019une premi\u00e8re.<br \/>\nPar contre l\u2019upgrade est tout \u00e0 fait r\u00e9alisable dans la mesure o\u00f9 les photos\u00a0pr\u00e9sentent un HP de E2 modifi\u00e9, originellement mont\u00e9 avec une membrane carbone.<img loading=\"lazy\" decoding=\"async\" class=\"alignnone wp-image-3593 size-full\" src=\"https:\/\/www.living-leedh.com\/wp-content\/uploads\/2016\/04\/Plan-large-e1646746673549.jpg\" alt=\"Plan large\" width=\"765\" height=\"1024\" srcset=\"https:\/\/www.living-leedh.com\/wp-content\/uploads\/2016\/04\/Plan-large-e1646746673549.jpg 765w, https:\/\/www.living-leedh.com\/wp-content\/uploads\/2016\/04\/Plan-large-e1646746673549-224x300.jpg 224w, https:\/\/www.living-leedh.com\/wp-content\/uploads\/2016\/04\/Plan-large-e1646746673549-400x535.jpg 400w\" sizes=\"auto, (max-width: 765px) 100vw, 765px\" \/><br \/>\nLiving Leedh a \u00e9t\u00e9 parmi les premiers \u00e0 pouvoir \u00e9couter la version avec un seul HP par enceinte : ce n&rsquo;est pas une am\u00e9lioration, c&rsquo;est une r\u00e9volution dans le monde de la reproduction sonore.<\/p>\n<p><em><span style=\"color: #000000; font-family: Times New Roman;\">Gilles en train d&rsquo;\u00e9barber le tour de la membrane : il est arriv\u00e9 un lundi vers 16h. <\/span><span style=\"color: #000000; font-family: Times New Roman;\">Ils avaient coll\u00e9 les membranes le matin m\u00eame.<img loading=\"lazy\" decoding=\"async\" class=\"alignnone size-full wp-image-3591\" src=\"http:\/\/www.living-leedh.com\/wp-content\/uploads\/2016\/04\/Ebavurage.jpg\" alt=\"Ebavurage\" width=\"765\" height=\"1024\" srcset=\"https:\/\/www.living-leedh.com\/wp-content\/uploads\/2016\/04\/Ebavurage.jpg 765w, https:\/\/www.living-leedh.com\/wp-content\/uploads\/2016\/04\/Ebavurage-224x300.jpg 224w, https:\/\/www.living-leedh.com\/wp-content\/uploads\/2016\/04\/Ebavurage-400x535.jpg 400w\" sizes=\"auto, (max-width: 765px) 100vw, 765px\" \/><\/span><\/em><\/p>\n<p><em><span style=\"color: #000000; font-family: Times New Roman;\">Il restait des asp\u00e9rit\u00e9s sur le pourtour. <\/span><\/em><em><span style=\"color: #000000; font-family: Times New Roman;\">On a \u00e9cout\u00e9 comme \u00e7a le lundi et le mardi matin il a d\u00e9cid\u00e9, avec du papier de verre, d&rsquo;enlever les bavures du pourtour. <img loading=\"lazy\" decoding=\"async\" class=\"alignnone size-full wp-image-3592\" src=\"http:\/\/www.living-leedh.com\/wp-content\/uploads\/2016\/04\/Fin.jpg\" alt=\"Fin\" width=\"765\" height=\"1024\" srcset=\"https:\/\/www.living-leedh.com\/wp-content\/uploads\/2016\/04\/Fin.jpg 765w, https:\/\/www.living-leedh.com\/wp-content\/uploads\/2016\/04\/Fin-224x300.jpg 224w, https:\/\/www.living-leedh.com\/wp-content\/uploads\/2016\/04\/Fin-400x535.jpg 400w\" sizes=\"auto, (max-width: 765px) 100vw, 765px\" \/>Je r\u00e9cup\u00e9rais les petits bouts dans une coupelle. C&rsquo;\u00e9tait de minuscules miettes&#8230; <\/span><\/em><em><span style=\"color: #000000; font-family: Times New Roman;\">Et bien, \u00e7a a tout chang\u00e9 &#8230;<\/span><\/em><\/p>\n<p style=\"text-align: right;\"><em>\u00c7a c\u2019est \u00a0<\/em><a href=\"http:\/\/www.living-leedh.com\/?page_id=17\"><em><img loading=\"lazy\" decoding=\"async\" class=\"alignnone wp-image-1191\" src=\"http:\/\/www.living-leedh.com\/wp-content\/uploads\/2015\/05\/LivingClubSign.jpg\" alt=\"LivingClubSign\" width=\"82\" height=\"31\" \/><\/em><\/a><em>\u00a0!<\/em><\/p>\n<ul>\n<li><span style=\"color: #000000;\">Le <a href=\"http:\/\/www.6moons.com\/audioreviews2\/leedh\/1.html\" target=\"_blank\" rel=\"noopener\">premier <\/a>article publi\u00e9.<br \/>\n<\/span><\/li>\n<li>En <a href=\"http:\/\/www.living-leedh.com\/?page_id=3618\">\u00e9coute<\/a> \u00e0<span style=\"color: #000000;\"> Munich, et <a href=\"http:\/\/www.living-leedh.com\/?page_id=3618&amp;page=2\">la presse <\/a>de retour du Salon\u00a0<\/span>High End 2016<\/li>\n<li>On en parle sur le <span style=\"color: #008000;\"><a style=\"color: #008000;\" href=\"http:\/\/www.living-leedh.com\/?forum=e2-glass\" target=\"_blank\" rel=\"noopener\">Forum<\/a><\/span><\/li>\n<\/ul>\n","protected":false},"excerpt":{"rendered":"<p>En avant-premi\u00e8re chez un Leedher : Mai 2016 Nous \u00e9voquions dans notre page anniversaire une \u00e9volution majeure dans le monde des transducteurs. Nous pouvons enfin r\u00e9v\u00e9ler ce qui se pr\u00e9parait dans les laboratoires Acoustical Beauty. Des transducteurs \u00e9quip\u00e9s de membranes en verre. Oui, celui qui l&rsquo;a r\u00eav\u00e9 l&rsquo;a fait. Nous avions m\u00eame pu \u00e9couter, l&rsquo;an &hellip; <a href=\"https:\/\/www.living-leedh.com\/?page_id=3895\" class=\"more-link\">Continuer la lecture de <span class=\"screen-reader-text\">E2 Glass, le prototype<\/span>  <span class=\"meta-nav\">&rarr;<\/span><\/a><\/p>\n","protected":false},"author":1,"featured_media":0,"parent":0,"menu_order":0,"comment_status":"closed","ping_status":"closed","template":"","meta":{"_bbp_topic_count":0,"_bbp_reply_count":0,"_bbp_total_topic_count":0,"_bbp_total_reply_count":0,"_bbp_voice_count":0,"_bbp_anonymous_reply_count":0,"_bbp_topic_count_hidden":0,"_bbp_reply_count_hidden":0,"_bbp_forum_subforum_count":0,"footnotes":""},"class_list":["post-3895","page","type-page","status-publish","hentry"],"_links":{"self":[{"href":"https:\/\/www.living-leedh.com\/index.php?rest_route=\/wp\/v2\/pages\/3895","targetHints":{"allow":["GET"]}}],"collection":[{"href":"https:\/\/www.living-leedh.com\/index.php?rest_route=\/wp\/v2\/pages"}],"about":[{"href":"https:\/\/www.living-leedh.com\/index.php?rest_route=\/wp\/v2\/types\/page"}],"author":[{"embeddable":true,"href":"https:\/\/www.living-leedh.com\/index.php?rest_route=\/wp\/v2\/users\/1"}],"replies":[{"embeddable":true,"href":"https:\/\/www.living-leedh.com\/index.php?rest_route=%2Fwp%2Fv2%2Fcomments&post=3895"}],"version-history":[{"count":20,"href":"https:\/\/www.living-leedh.com\/index.php?rest_route=\/wp\/v2\/pages\/3895\/revisions"}],"predecessor-version":[{"id":7403,"href":"https:\/\/www.living-leedh.com\/index.php?rest_route=\/wp\/v2\/pages\/3895\/revisions\/7403"}],"wp:attachment":[{"href":"https:\/\/www.living-leedh.com\/index.php?rest_route=%2Fwp%2Fv2%2Fmedia&parent=3895"}],"curies":[{"name":"wp","href":"https:\/\/api.w.org\/{rel}","templated":true}]}}