{"id":3910,"date":"2016-05-16T19:45:43","date_gmt":"2016-05-16T17:45:43","guid":{"rendered":"http:\/\/www.living-leedh.com\/?page_id=3910"},"modified":"2020-04-13T11:19:15","modified_gmt":"2020-04-13T09:19:15","slug":"voie-centrale","status":"publish","type":"page","link":"https:\/\/www.living-leedh.com\/?page_id=3910","title":{"rendered":"Voie Centrale"},"content":{"rendered":"<p>Quelques pr\u00e9cisions sur ce qui peut se nommer la <strong>Voie Centrale C2 <\/strong>:<br \/>\n<a href=\"http:\/\/www.living-leedh.com\/wp-content\/uploads\/2020\/04\/3w.jpg\"><img loading=\"lazy\" decoding=\"async\" class=\"alignnone size-full wp-image-6774\" src=\"http:\/\/www.living-leedh.com\/wp-content\/uploads\/2020\/04\/3w.jpg\" alt=\"\" width=\"716\" height=\"933\" srcset=\"https:\/\/www.living-leedh.com\/wp-content\/uploads\/2020\/04\/3w.jpg 716w, https:\/\/www.living-leedh.com\/wp-content\/uploads\/2020\/04\/3w-230x300.jpg 230w, https:\/\/www.living-leedh.com\/wp-content\/uploads\/2020\/04\/3w-400x521.jpg 400w\" sizes=\"auto, (max-width: 716px) 100vw, 716px\" \/><\/a><\/p>\n<ul>\n<li>Transducteurs de m\u00eame g\u00e9n\u00e9ration que la E2<\/li>\n<li>Hauteur <strong>r\u00e9alis\u00e9e sur mesure<\/strong>, selon l\u2019am\u00e9nagement souhait\u00e9. Ici, 0,65 m<\/li>\n<li>Assimil\u00e9e \u00e0 une C par l\u2019absence des transducteurs au pied de l\u2019enceinte<\/li>\n<\/ul>\n<p><a href=\"http:\/\/www.living-leedh.com\/wp-content\/uploads\/2020\/04\/voie-censtrale.jpg\"><img loading=\"lazy\" decoding=\"async\" class=\"wp-image-6771 alignleft\" src=\"http:\/\/www.living-leedh.com\/wp-content\/uploads\/2020\/04\/voie-censtrale.jpg\" alt=\"\" width=\"165\" height=\"272\" srcset=\"https:\/\/www.living-leedh.com\/wp-content\/uploads\/2020\/04\/voie-censtrale.jpg 606w, https:\/\/www.living-leedh.com\/wp-content\/uploads\/2020\/04\/voie-censtrale-182x300.jpg 182w, https:\/\/www.living-leedh.com\/wp-content\/uploads\/2020\/04\/voie-censtrale-364x600.jpg 364w\" sizes=\"auto, (max-width: 165px) 100vw, 165px\" \/><\/a><\/p>\n<p>Superbe design, discret au pied de votre \u00e9cran.<\/p>\n<p>Voir <a href=\"http:\/\/www.living-leedh.com\/?page_id=692\"><u>en installation<\/u><\/a><\/p>\n<p>On attend des voies arri\u00e8res\u2026<\/p>\n<p>&nbsp;<\/p>\n<p>&nbsp;<\/p>\n<p>&nbsp;<\/p>\n<p>&nbsp;<\/p>\n","protected":false},"excerpt":{"rendered":"<p>Quelques pr\u00e9cisions sur ce qui peut se nommer la Voie Centrale C2 : Transducteurs de m\u00eame g\u00e9n\u00e9ration que la E2 Hauteur r\u00e9alis\u00e9e sur mesure, selon l\u2019am\u00e9nagement souhait\u00e9. Ici, 0,65 m Assimil\u00e9e \u00e0 une C par l\u2019absence des transducteurs au pied de l\u2019enceinte Superbe design, discret au pied de votre \u00e9cran. Voir en installation On attend &hellip; <a href=\"https:\/\/www.living-leedh.com\/?page_id=3910\" class=\"more-link\">Continuer la lecture de <span class=\"screen-reader-text\">Voie Centrale<\/span>  <span class=\"meta-nav\">&rarr;<\/span><\/a><\/p>\n","protected":false},"author":1,"featured_media":0,"parent":0,"menu_order":0,"comment_status":"closed","ping_status":"closed","template":"","meta":{"_bbp_topic_count":0,"_bbp_reply_count":0,"_bbp_total_topic_count":0,"_bbp_total_reply_count":0,"_bbp_voice_count":0,"_bbp_anonymous_reply_count":0,"_bbp_topic_count_hidden":0,"_bbp_reply_count_hidden":0,"_bbp_forum_subforum_count":0,"footnotes":""},"class_list":["post-3910","page","type-page","status-publish","hentry"],"_links":{"self":[{"href":"https:\/\/www.living-leedh.com\/index.php?rest_route=\/wp\/v2\/pages\/3910","targetHints":{"allow":["GET"]}}],"collection":[{"href":"https:\/\/www.living-leedh.com\/index.php?rest_route=\/wp\/v2\/pages"}],"about":[{"href":"https:\/\/www.living-leedh.com\/index.php?rest_route=\/wp\/v2\/types\/page"}],"author":[{"embeddable":true,"href":"https:\/\/www.living-leedh.com\/index.php?rest_route=\/wp\/v2\/users\/1"}],"replies":[{"embeddable":true,"href":"https:\/\/www.living-leedh.com\/index.php?rest_route=%2Fwp%2Fv2%2Fcomments&post=3910"}],"version-history":[{"count":4,"href":"https:\/\/www.living-leedh.com\/index.php?rest_route=\/wp\/v2\/pages\/3910\/revisions"}],"predecessor-version":[{"id":6775,"href":"https:\/\/www.living-leedh.com\/index.php?rest_route=\/wp\/v2\/pages\/3910\/revisions\/6775"}],"wp:attachment":[{"href":"https:\/\/www.living-leedh.com\/index.php?rest_route=%2Fwp%2Fv2%2Fmedia&parent=3910"}],"curies":[{"name":"wp","href":"https:\/\/api.w.org\/{rel}","templated":true}]}}