{"id":3915,"date":"2016-05-16T19:58:06","date_gmt":"2016-05-16T17:58:06","guid":{"rendered":"http:\/\/www.living-leedh.com\/?page_id=3915"},"modified":"2020-06-22T15:22:21","modified_gmt":"2020-06-22T13:22:21","slug":"lampli","status":"publish","type":"page","link":"https:\/\/www.living-leedh.com\/?page_id=3915","title":{"rendered":"\u00ab L\u2019Ampli \u00bb, un prototype"},"content":{"rendered":"<p>Quelques \u00e9coutes ont d\u00e9j\u00e0 eu lieu, et le <a href=\"http:\/\/www.living-leedh.com\/?page_id=659\"><u>Salon Haute-Fid\u00e9lit\u00e9<\/u><\/a><br \/>\n<em>21 &amp; 22 novembre 2015<\/em>\u00a0est l\u2019occasion d\u2019en faire plus ample connaissance.<\/p>\n<p><a href=\"https:\/\/www.living-leedh.com\/wp-content\/uploads\/2015\/07\/P1010129doc.jpg\"><img loading=\"lazy\" decoding=\"async\" class=\"alignnone size-full wp-image-2434\" src=\"https:\/\/www.living-leedh.com\/wp-content\/uploads\/2015\/07\/P1010129doc.jpg\" alt=\"\" width=\"1024\" height=\"425\" srcset=\"https:\/\/www.living-leedh.com\/wp-content\/uploads\/2015\/07\/P1010129doc.jpg 1024w, https:\/\/www.living-leedh.com\/wp-content\/uploads\/2015\/07\/P1010129doc-300x125.jpg 300w, https:\/\/www.living-leedh.com\/wp-content\/uploads\/2015\/07\/P1010129doc-400x166.jpg 400w\" sizes=\"auto, (max-width: 1024px) 100vw, 1024px\" \/><\/a><\/p>\n<p>Voici, \u00e0 fin octobre 2015, ce que nous en savons, sous toute r\u00e9serve\u00a0: <em>Le prototype actuel est <strong>un bloc de puissance st\u00e9r\u00e9o <\/strong>sans potentiom\u00e8tre de r\u00e9glage de niveau. Technologie de multi-modules d\u2019amplis int\u00e9gr\u00e9s de tr\u00e8s haut niveau de qualit\u00e9 parall\u00e9lis\u00e9s et bridg\u00e9s. Modules d\u00e9j\u00e0 identifi\u00e9s par les grands audiophiles japonais comme \u00e9tant les seuls circuits transistoris\u00e9s capables de rivaliser avec les meilleurs montages \u00e0 tubes de type single-ended (type 300B, par exemple). Chaque canal utilise actuellement\u00a06\u00a0de ces modules pour une puissance de 200W\/8ohms puissance qui devrait doubler sous 4 ohms.<\/em><\/p>\n<p><em><a href=\"https:\/\/www.living-leedh.com\/wp-content\/uploads\/2015\/07\/P1010127doc.jpg\"><img loading=\"lazy\" decoding=\"async\" class=\"alignnone size-full wp-image-2435\" src=\"https:\/\/www.living-leedh.com\/wp-content\/uploads\/2015\/07\/P1010127doc.jpg\" alt=\"\" width=\"775\" height=\"768\" srcset=\"https:\/\/www.living-leedh.com\/wp-content\/uploads\/2015\/07\/P1010127doc.jpg 775w, https:\/\/www.living-leedh.com\/wp-content\/uploads\/2015\/07\/P1010127doc-150x150.jpg 150w, https:\/\/www.living-leedh.com\/wp-content\/uploads\/2015\/07\/P1010127doc-300x297.jpg 300w, https:\/\/www.living-leedh.com\/wp-content\/uploads\/2015\/07\/P1010127doc-400x396.jpg 400w\" sizes=\"auto, (max-width: 775px) 100vw, 775px\" \/><\/a>La vocation de cet appareil est de rivaliser avec les quelques amplificateurs de r\u00e9f\u00e9rence mondiale, mais \u00e0 un co\u00fbt non prohibitif, gr\u00e2ce aux technologies originales astucieusement mises en \u0153uvre et \u00e0 une pr\u00e9sentation professionnelle, mais non luxueuse. L\u2019objectif recherch\u00e9 est la fid\u00e9lit\u00e9 musicale des lampes associ\u00e9e \u00e0 la puissance et \u00e0 la dynamique des transistors : Qualit\u00e9 sonore rappelant les amplis \u00e0 tubes sans leur coloration et avec un grave mieux ma\u00eetris\u00e9.<\/em><\/p>\n<p><em><a href=\"https:\/\/www.living-leedh.com\/wp-content\/uploads\/2015\/07\/P1010126Web.jpg\"><img loading=\"lazy\" decoding=\"async\" class=\"alignnone size-full wp-image-2436\" src=\"https:\/\/www.living-leedh.com\/wp-content\/uploads\/2015\/07\/P1010126Web.jpg\" alt=\"\" width=\"448\" height=\"328\" srcset=\"https:\/\/www.living-leedh.com\/wp-content\/uploads\/2015\/07\/P1010126Web.jpg 448w, https:\/\/www.living-leedh.com\/wp-content\/uploads\/2015\/07\/P1010126Web-300x220.jpg 300w, https:\/\/www.living-leedh.com\/wp-content\/uploads\/2015\/07\/P1010126Web-400x293.jpg 400w\" sizes=\"auto, (max-width: 448px) 100vw, 448px\" \/><\/a>Une technique particuli\u00e8re est mise en \u0153uvre pour contr\u00f4ler la stabilit\u00e9 <\/em><em>thermique des modules et de tous les composants.<\/em><\/p>\n<p><em>Un inverseur int\u00e9gr\u00e9 permet de mettre ou non en service un condensateur en s\u00e9rie sur l\u2019entr\u00e9e en cas d\u2019utilisation d\u2019un caisson.<\/em><\/p>\n<p><em>L\u2019alimentation est particuli\u00e8rement soign\u00e9e avec des condensateurs \u00e0 tr\u00e8s faible r\u00e9sistance interne. Toute la construction est en pure double mono sym\u00e9trique (2 alimentations s\u00e9par\u00e9es, etc\u2026) avec, pour l\u2019instant, entr\u00e9es asym\u00e9triques sur RCA.\u00a0<a href=\"https:\/\/www.living-leedh.com\/wp-content\/uploads\/2015\/07\/P1010123doc.jpg\"><img loading=\"lazy\" decoding=\"async\" class=\"alignnone size-full wp-image-2438\" src=\"https:\/\/www.living-leedh.com\/wp-content\/uploads\/2015\/07\/P1010123doc.jpg\" alt=\"\" width=\"1024\" height=\"510\" srcset=\"https:\/\/www.living-leedh.com\/wp-content\/uploads\/2015\/07\/P1010123doc.jpg 1024w, https:\/\/www.living-leedh.com\/wp-content\/uploads\/2015\/07\/P1010123doc-300x149.jpg 300w, https:\/\/www.living-leedh.com\/wp-content\/uploads\/2015\/07\/P1010123doc-400x199.jpg 400w\" sizes=\"auto, (max-width: 1024px) 100vw, 1024px\" \/><\/a><\/em><\/p>\n<p><a href=\"http:\/\/www.living-leedh.com\/wp-content\/uploads\/2015\/09\/ProtoDoc.jpg\"><img loading=\"lazy\" decoding=\"async\" class=\"alignnone size-full wp-image-2825\" src=\"http:\/\/www.living-leedh.com\/wp-content\/uploads\/2015\/09\/ProtoDoc.jpg\" alt=\"\" width=\"1024\" height=\"632\" srcset=\"https:\/\/www.living-leedh.com\/wp-content\/uploads\/2015\/09\/ProtoDoc.jpg 1024w, https:\/\/www.living-leedh.com\/wp-content\/uploads\/2015\/09\/ProtoDoc-300x185.jpg 300w, https:\/\/www.living-leedh.com\/wp-content\/uploads\/2015\/09\/ProtoDoc-400x247.jpg 400w\" sizes=\"auto, (max-width: 1024px) 100vw, 1024px\" \/><\/a><\/p>\n<p>Compl\u00e9ment : Information obtenue lors du Salon de la Haute-Fid\u00e9lit\u00e9 Nov.2015 \u00ab\u00a0<em>Les modules utilis\u00e9s sont des LM3886 de Texas Inst.\u00a0\u00bb.<\/em><\/p>\n<p>Voir\u00a0les \u00e9coutes\u00a0:<a href=\"http:\/\/staccato-hifi.fr\/Blog_actualit%C3%A9s_%C3%A9v%C3%A9nements_compte%20rendu%20JPO%20Leedh%203%20octobre%202015.aspx#liste\" target=\"_blank\" rel=\"noopener\"><u> compte rendu JPO Leedh 3 octobre 15<\/u><\/a>, celui de <a href=\"http:\/\/www.homecinema-fr.com\/forum\/post178659308.html#p178659308\" target=\"_blank\" rel=\"noopener\"><u>JustLiSten<\/u><\/a>\u00a0et lors de<a href=\"http:\/\/www.living-leedh.com\/?page_id=2206\"><u> la soir\u00e9e vinyle<\/u><\/a>.<\/p>\n<p>Cet ampli n\u2019est pas un coup d\u2019essai pour la marque LEEDH qui a d\u00e9j\u00e0 con\u00e7u des <a href=\"http:\/\/www.living-leedh.com\/?page_id=2097\"><u>\u00e9lectroniques reconnues<\/u><\/a>.<\/p>\n","protected":false},"excerpt":{"rendered":"<p>Quelques \u00e9coutes ont d\u00e9j\u00e0 eu lieu, et le Salon Haute-Fid\u00e9lit\u00e9 21 &amp; 22 novembre 2015\u00a0est l\u2019occasion d\u2019en faire plus ample connaissance. Voici, \u00e0 fin octobre 2015, ce que nous en savons, sous toute r\u00e9serve\u00a0: Le prototype actuel est un bloc de puissance st\u00e9r\u00e9o sans potentiom\u00e8tre de r\u00e9glage de niveau. Technologie de multi-modules d\u2019amplis int\u00e9gr\u00e9s de &hellip; <a href=\"https:\/\/www.living-leedh.com\/?page_id=3915\" class=\"more-link\">Continuer la lecture de <span class=\"screen-reader-text\">\u00ab L\u2019Ampli \u00bb, un prototype<\/span>  <span class=\"meta-nav\">&rarr;<\/span><\/a><\/p>\n","protected":false},"author":1,"featured_media":0,"parent":0,"menu_order":0,"comment_status":"closed","ping_status":"closed","template":"","meta":{"_bbp_topic_count":0,"_bbp_reply_count":0,"_bbp_total_topic_count":0,"_bbp_total_reply_count":0,"_bbp_voice_count":0,"_bbp_anonymous_reply_count":0,"_bbp_topic_count_hidden":0,"_bbp_reply_count_hidden":0,"_bbp_forum_subforum_count":0,"footnotes":""},"class_list":["post-3915","page","type-page","status-publish","hentry"],"_links":{"self":[{"href":"https:\/\/www.living-leedh.com\/index.php?rest_route=\/wp\/v2\/pages\/3915","targetHints":{"allow":["GET"]}}],"collection":[{"href":"https:\/\/www.living-leedh.com\/index.php?rest_route=\/wp\/v2\/pages"}],"about":[{"href":"https:\/\/www.living-leedh.com\/index.php?rest_route=\/wp\/v2\/types\/page"}],"author":[{"embeddable":true,"href":"https:\/\/www.living-leedh.com\/index.php?rest_route=\/wp\/v2\/users\/1"}],"replies":[{"embeddable":true,"href":"https:\/\/www.living-leedh.com\/index.php?rest_route=%2Fwp%2Fv2%2Fcomments&post=3915"}],"version-history":[{"count":7,"href":"https:\/\/www.living-leedh.com\/index.php?rest_route=\/wp\/v2\/pages\/3915\/revisions"}],"predecessor-version":[{"id":6927,"href":"https:\/\/www.living-leedh.com\/index.php?rest_route=\/wp\/v2\/pages\/3915\/revisions\/6927"}],"wp:attachment":[{"href":"https:\/\/www.living-leedh.com\/index.php?rest_route=%2Fwp%2Fv2%2Fmedia&parent=3915"}],"curies":[{"name":"wp","href":"https:\/\/api.w.org\/{rel}","templated":true}]}}