{"id":3948,"date":"2016-05-17T16:57:03","date_gmt":"2016-05-17T14:57:03","guid":{"rendered":"http:\/\/www.living-leedh.com\/?page_id=3948"},"modified":"2020-04-14T17:04:04","modified_gmt":"2020-04-14T15:04:04","slug":"la-presse-en-ligne","status":"publish","type":"page","link":"https:\/\/www.living-leedh.com\/?page_id=3948","title":{"rendered":"La presse en ligne"},"content":{"rendered":"<h6><a href=\"https:\/\/fr.wikipedia.org\/wiki\/Leedh\" target=\"_blank\" rel=\"noopener\"><img loading=\"lazy\" decoding=\"async\" class=\"rg_i\" src=\"https:\/\/encrypted-tbn0.gstatic.com\/images?q=tbn:ANd9GcSodTg8ntIF2OrYUL1U83EIFWswRb4VIRbSftAtU9vi3W33s6zPzk1YFZLo\" alt=\"\" width=\"64\" height=\"77\" \/><\/a><\/h6>\n<p>&nbsp;<\/p>\n<p><a href=\"http:\/\/www.letelegramme.fr\/ar\/viewarticle1024.php?aaaammjj=20080704&amp;article=20080704-3141161&amp;type=ar\" target=\"_blank\" rel=\"noopener\"><img decoding=\"async\" src=\"http:\/\/www.letelegramme.fr\/img\/letelegramme_logo.png\" alt=\"Le T\u00e9l\u00e9gramme, l'info vous suit partout\" \/><\/a><\/p>\n<h2><img loading=\"lazy\" decoding=\"async\" class=\"alignnone size-full wp-image-206\" src=\"http:\/\/www.living-leedh.com\/wp-content\/uploads\/2015\/03\/logoEVMAG.jpe\" alt=\"logoEVMAG\" width=\"144\" height=\"105\" \/><\/h2>\n<p>Le site d&rsquo;Antoine Gresland, fervent amateur de tous les produits Leedh<br \/>\n<span style=\"color: #0000ff;\"><em>(site ferm\u00e9, archives chargement lent)<\/em><\/span><\/p>\n<ul>\n<li><a title=\"EVMAGE2\" href=\"https:\/\/web.archive.org\/web\/20150331231321\/http:\/\/www.evmag.fr\/site.php?page=audio390\" target=\"_blank\" rel=\"noopener\">Leedh E2<\/a><br \/>\n<a title=\"EVMAGE\" href=\"https:\/\/web.archive.org\/web\/20150331231321\/http:\/\/www.evmag.fr\/site.php?page=audio256\" target=\"_blank\" rel=\"noopener\">Leedh E<\/a><br \/>\n<a title=\"EVMAGC\" href=\"http:\/\/www.evmag.fr\/site.php?page=audio122\" target=\"_blank\" rel=\"noopener\">Leedh C<br \/>\n<\/a><a title=\"EVMAGcaisson\" href=\"https:\/\/web.archive.org\/web\/20150331231321\/http:\/\/www.evmag.fr\/site.php?page=audio422\" target=\"_blank\" rel=\"noopener\">Caisson 20.1<\/a><\/li>\n<\/ul>\n<p><strong><img loading=\"lazy\" decoding=\"async\" class=\"alignnone size-full wp-image-209\" src=\"http:\/\/www.living-leedh.com\/wp-content\/uploads\/2015\/03\/logoHifiPig.jpe\" alt=\"logoHifiPig\" width=\"192\" height=\"44\" \/><\/strong><br \/>\n<span style=\"color: #0000ff;\"><em>Site en langue anglaise<\/em><\/span><\/p>\n<ul>\n<li><a href=\"http:\/\/hifipig.com\/leedh-e2-loudspeakers\/\" target=\"_blank\" rel=\"noopener\">Leedh E2 aliment\u00e9es par un ampli de 20 watts &#8230;<\/a><br \/>\n<em>par Linette and Stuart Smith<\/em><\/li>\n<li>CR soir\u00e9e \u00e9coute vinyles de jazz du <a href=\"http:\/\/www.living-leedh.com\/wp-content\/uploads\/2015\/03\/HifipigApril2014.pdf\" target=\"_blank\" rel=\"noopener\">31 mars 2014<\/a><\/li>\n<li>Munich 2015 : Voir <a href=\"http:\/\/hifipig.com\/wp-content\/uploads\/2015\/06\/MUNICH_BOOK_FINAL.pdf\" target=\"_blank\" rel=\"noopener\">page 25<\/a><\/li>\n<li>Ecoute vinyles de jazz <a href=\"http:\/\/hifipig.com\/a-night-with-lassociation-jazz-angle-in-st-brieuc\/\" target=\"_blank\" rel=\"noopener\">octobre 2015<\/a>\u00a0&amp; <a href=\"http:\/\/www.living-leedh.com\/wp-content\/uploads\/2015\/03\/HiFiPig.pdf\" target=\"_blank\" rel=\"noopener\">chronique<\/a><\/li>\n<li>Chronique du salon <a href=\"http:\/\/hifipig.com\/the-haute-fidelite-hifi-show-paris-21-22-november-2015\/\" target=\"_blank\" rel=\"noopener\">Marriot 2015<\/a><\/li>\n<li><span style=\"color: #000000;\">LEEDH E2 With Glass Diaphragms\u00a0<\/span><a href=\"http:\/\/hifipig.com\/leedh-e2-with-glass-diaphragms\/\" target=\"_blank\" rel=\"noopener\">Munich 2016<\/a><\/li>\n<li>Ecoute vinyles de jazz, <a href=\"http:\/\/hifipig.com\/jazz-vinyl-at-the-conservatoire\/\" target=\"_blank\" rel=\"noopener\">Octobre 2016<\/a><\/li>\n<\/ul>\n<p><img loading=\"lazy\" decoding=\"async\" class=\"alignnone size-medium wp-image-227\" src=\"http:\/\/www.living-leedh.com\/wp-content\/uploads\/2015\/03\/logo-onvMag-300x80.png\" alt=\"logo-onvMag\" width=\"300\" height=\"80\" \/><\/p>\n<ul>\n<li><a title=\"OnMagCaisson\" href=\"http:\/\/on-mag.fr\/index.php\/news\/12432-avant-premiere-le-caisson-de-grave-leedh-20-1\" target=\"_blank\" rel=\"noopener\">Caisson 20.1<\/a> , description technique tr\u00e8s document\u00e9e<\/li>\n<\/ul>\n<p><img loading=\"lazy\" decoding=\"async\" class=\"alignnone size-medium wp-image-229\" src=\"http:\/\/www.living-leedh.com\/wp-content\/uploads\/2015\/03\/Logoaudiophilefr-300x35.jpg\" alt=\"Logoaudiophilefr\" width=\"300\" height=\"35\" srcset=\"https:\/\/www.living-leedh.com\/wp-content\/uploads\/2015\/03\/Logoaudiophilefr-300x35.jpg 300w, https:\/\/www.living-leedh.com\/wp-content\/uploads\/2015\/03\/Logoaudiophilefr.jpg 320w\" sizes=\"auto, (max-width: 300px) 100vw, 300px\" \/><\/p>\n<ul>\n<li><a title=\"AudiophilefrE\" href=\"http:\/\/audiophilefr.com\/leedh-e.html\" target=\"_blank\" rel=\"noopener\">Leedh E , <\/a>tr\u00e8s bon article de Lionel Schmitt<\/li>\n<li>Test du <a href=\"http:\/\/audiophilefr.com\/gryphon-diablo.html\" target=\"_blank\" rel=\"noopener\">Gryphon DIABLO sur Leedh E2<\/a><\/li>\n<\/ul>\n<p><img loading=\"lazy\" decoding=\"async\" class=\"alignnone size-medium wp-image-471\" src=\"http:\/\/www.living-leedh.com\/wp-content\/uploads\/2015\/03\/SignalSurBruit-300x101.jpg\" alt=\"SignalSurBruit\" width=\"300\" height=\"101\" srcset=\"https:\/\/www.living-leedh.com\/wp-content\/uploads\/2015\/03\/SignalSurBruit-300x101.jpg 300w, https:\/\/www.living-leedh.com\/wp-content\/uploads\/2015\/03\/SignalSurBruit.jpg 391w\" sizes=\"auto, (max-width: 300px) 100vw, 300px\" \/><\/p>\n<ul>\n<li>Juin 2010 : <a href=\"http:\/\/signalsurbruit.blogspot.fr\/2010\/06\/entretien-avec-gilles-millot-leedh.html\" target=\"_blank\" rel=\"noopener\">Entretien avec Gilles Milot <\/a>et technologie expliqu\u00e9e<\/li>\n<\/ul>\n<p><img loading=\"lazy\" decoding=\"async\" class=\"alignnone size-full wp-image-270\" src=\"http:\/\/www.living-leedh.com\/wp-content\/uploads\/2015\/03\/AudioDe.png\" alt=\"AudioDe\" width=\"260\" height=\"87\" \/><\/p>\n<ul>\n<li><a title=\"AudioDeE2\" href=\"http:\/\/www.audio.de\/testbericht\/leedh-e2-im-test-1539943.html\" target=\"_blank\" rel=\"noopener\">Leedh E2<\/a><br \/>\n<em><span style=\"color: #000080;\">site en langue allemande<\/span><\/em><\/li>\n<\/ul>\n<p><img loading=\"lazy\" decoding=\"async\" class=\"alignnone size-medium wp-image-466\" src=\"http:\/\/www.living-leedh.com\/wp-content\/uploads\/2015\/03\/logoStereophil-300x68.jpg\" alt=\"logoStereophil\" width=\"300\" height=\"68\" srcset=\"https:\/\/www.living-leedh.com\/wp-content\/uploads\/2015\/03\/logoStereophil-300x68.jpg 300w, https:\/\/www.living-leedh.com\/wp-content\/uploads\/2015\/03\/logoStereophil.jpg 375w\" sizes=\"auto, (max-width: 300px) 100vw, 300px\" \/><\/p>\n<ul>\n<li>Montreal SSI 2013 : <a href=\"http:\/\/www.stereophile.com\/content\/live-leedh\" target=\"_blank\" rel=\"noopener\">Stereophile se pose des questions !<\/a><br \/>\n<span style=\"color: #0000ff;\"><em>Site en langue anglaise<\/em><\/span><\/li>\n<\/ul>\n<p><img loading=\"lazy\" decoding=\"async\" class=\"alignnone size-full wp-image-235\" src=\"http:\/\/www.living-leedh.com\/wp-content\/uploads\/2015\/03\/LogoAudiof\u00e9d\u00e9ration2.png\" alt=\"LogoAudiof\u00e9d\u00e9ration2\" width=\"178\" height=\"36\" \/><\/p>\n<ul>\n<li><a title=\"AudiofederationMontageE\" href=\"https:\/\/www.audiofederation.fr\/leedh\/leedh-c-chapitre-1-le-montage-en-images\" target=\"_blank\" rel=\"noopener\">Le montage des Leedh C<\/a>, reportage de Laurent Thorin chez le constructeur. Une plong\u00e9e dans les secrets de fabrication.<\/li>\n<li><a href=\"https:\/\/www.audiofederation.fr\/leedh\/leedh-c-chapitre-2-linterview-de-gilles-milot\/\" target=\"_blank\" rel=\"noopener\">Interview de Gilles MILOT<\/a>, par Laurent Thorin.<\/li>\n<li>Test de la <a href=\"https:\/\/www.audiofederation.fr\/leedh\/test-leedh-e\/\" target=\"_blank\" rel=\"noopener\">LEEDH E<\/a><\/li>\n<\/ul>\n<p><img loading=\"lazy\" decoding=\"async\" class=\"alignnone wp-image-1256\" src=\"http:\/\/www.living-leedh.com\/wp-content\/uploads\/2015\/03\/RepubliqueDuSon.jpg\" alt=\"RepubliqueDuSon\" width=\"93\" height=\"68\" \/><img loading=\"lazy\" decoding=\"async\" class=\"alignnone wp-image-1259\" src=\"http:\/\/www.living-leedh.com\/wp-content\/uploads\/2015\/03\/RepubliqueDuSon2-300x34.jpg\" alt=\"RepubliqueDuSon2\" width=\"212\" height=\"24\" srcset=\"https:\/\/www.living-leedh.com\/wp-content\/uploads\/2015\/03\/RepubliqueDuSon2-300x34.jpg 300w, https:\/\/www.living-leedh.com\/wp-content\/uploads\/2015\/03\/RepubliqueDuSon2.jpg 339w\" sizes=\"auto, (max-width: 212px) 100vw, 212px\" \/><\/p>\n<ul>\n<li><a href=\"http:\/\/larepubliqueduson.com\/2014\/06\/20\/ovni-acoustique\/\" target=\"_blank\" rel=\"noopener\">Article\u00a0<\/a>r\u00e9dig\u00e9 <span style=\"color: #000000;\">par Michel Aublanc<\/span><\/li>\n<\/ul>\n<p>Haute-Fid\u00e9lit\u00e9<\/p>\n<ul>\n<li><a href=\"http:\/\/www.living-leedh.com\/wp-content\/uploads\/2016\/01\/doc-leedh.pdf\" target=\"_blank\" rel=\"noopener\">N\u00b0210<\/a><\/li>\n<\/ul>\n<p><img loading=\"lazy\" decoding=\"async\" class=\"alignnone size-full wp-image-3578\" src=\"http:\/\/www.living-leedh.com\/wp-content\/uploads\/2015\/03\/6moons.png\" alt=\"6moons\" width=\"207\" height=\"100\" \/><\/p>\n<ul>\n<li>Septembre 2016 : banc d&rsquo;essai du syst\u00e8me complet\u00a0 <a href=\"http:\/\/www.6moons.com\/audioreviews2\/leedh\/1.html\" target=\"_blank\" rel=\"noopener\">E2 Glass<br \/>\n<\/a>par Jo\u00ebl Chevassus<\/li>\n<li>Mai 2018 : <a href=\"http:\/\/www.6moons.com\/industryfeatures\/munich2018\/9.html\" target=\"_blank\" rel=\"noopener\">Article<\/a> sur le LEEDH Processing au salon de Munich 2018.<br \/>\n<span style=\"color: #0000ff;\"><em>Site en langue anglaise<\/em><\/span><\/li>\n<\/ul>\n<p><img loading=\"lazy\" decoding=\"async\" class=\"alignnone wp-image-3882\" src=\"http:\/\/www.living-leedh.com\/wp-content\/uploads\/2015\/03\/monostereoweb.jpg\" alt=\"mono&amp;stereoweb\" width=\"199\" height=\"71\" \/><\/p>\n<ul>\n<li>Munich High End 2016 : And finally, <a href=\"http:\/\/www.monoandstereo.com\/2016\/05\/impressions-on-munich-high-end-2016.html#more\" target=\"_blank\" rel=\"noopener\">a room that won my heart<\/a>&#8230;<br \/>\n<span style=\"color: #0000ff;\"><em>Site en langue anglaise<\/em><\/span><\/li>\n<\/ul>\n<p><a href=\"http:\/\/www.letelegramme.fr\/ar\/viewarticle1024.php?aaaammjj=20080704&amp;article=20080704-3141161&amp;type=ar#\" target=\"_blank\" rel=\"noopener\">\u00a0<\/a><\/p>\n","protected":false},"excerpt":{"rendered":"<p>&nbsp; Le site d&rsquo;Antoine Gresland, fervent amateur de tous les produits Leedh (site ferm\u00e9, archives chargement lent) Leedh E2 Leedh E Leedh C Caisson 20.1 Site en langue anglaise Leedh E2 aliment\u00e9es par un ampli de 20 watts &#8230; par Linette and Stuart Smith CR soir\u00e9e \u00e9coute vinyles de jazz du 31 mars 2014 Munich &hellip; <a href=\"https:\/\/www.living-leedh.com\/?page_id=3948\" class=\"more-link\">Continuer la lecture de <span class=\"screen-reader-text\">La presse en ligne<\/span>  <span class=\"meta-nav\">&rarr;<\/span><\/a><\/p>\n","protected":false},"author":1,"featured_media":0,"parent":0,"menu_order":0,"comment_status":"closed","ping_status":"closed","template":"","meta":{"_bbp_topic_count":0,"_bbp_reply_count":0,"_bbp_total_topic_count":0,"_bbp_total_reply_count":0,"_bbp_voice_count":0,"_bbp_anonymous_reply_count":0,"_bbp_topic_count_hidden":0,"_bbp_reply_count_hidden":0,"_bbp_forum_subforum_count":0,"footnotes":""},"class_list":["post-3948","page","type-page","status-publish","hentry"],"_links":{"self":[{"href":"https:\/\/www.living-leedh.com\/index.php?rest_route=\/wp\/v2\/pages\/3948","targetHints":{"allow":["GET"]}}],"collection":[{"href":"https:\/\/www.living-leedh.com\/index.php?rest_route=\/wp\/v2\/pages"}],"about":[{"href":"https:\/\/www.living-leedh.com\/index.php?rest_route=\/wp\/v2\/types\/page"}],"author":[{"embeddable":true,"href":"https:\/\/www.living-leedh.com\/index.php?rest_route=\/wp\/v2\/users\/1"}],"replies":[{"embeddable":true,"href":"https:\/\/www.living-leedh.com\/index.php?rest_route=%2Fwp%2Fv2%2Fcomments&post=3948"}],"version-history":[{"count":29,"href":"https:\/\/www.living-leedh.com\/index.php?rest_route=\/wp\/v2\/pages\/3948\/revisions"}],"predecessor-version":[{"id":6789,"href":"https:\/\/www.living-leedh.com\/index.php?rest_route=\/wp\/v2\/pages\/3948\/revisions\/6789"}],"wp:attachment":[{"href":"https:\/\/www.living-leedh.com\/index.php?rest_route=%2Fwp%2Fv2%2Fmedia&parent=3948"}],"curies":[{"name":"wp","href":"https:\/\/api.w.org\/{rel}","templated":true}]}}