{"id":3979,"date":"2016-05-21T15:21:15","date_gmt":"2016-05-21T13:21:15","guid":{"rendered":"http:\/\/www.living-leedh.com\/?page_id=3979"},"modified":"2022-04-04T16:02:47","modified_gmt":"2022-04-04T14:02:47","slug":"xdr","status":"publish","type":"page","link":"https:\/\/www.living-leedh.com\/?page_id=3979","title":{"rendered":"XdR"},"content":{"rendered":"<p><strong>Une pi\u00e8ce \u00e0 vivre \u2026 Lecture &amp;\u00a0musique<\/strong><\/p>\n<p><em>Depuis \u00a0l&rsquo;\u00e2ge de 14 ans, je suis passionn\u00e9 de reproduction sonore jusqu&rsquo;\u00e0 envisager d&rsquo;en faire mon m\u00e9tier mais les maths eurent raison de moi et de potentielles \u00e9tudes d&rsquo;ing\u00e9nieur.<\/em><\/p>\n<p><em>C&rsquo;est en effet la conception qui m&rsquo;int\u00e9ressait et les innovations des concepteurs qui m&rsquo;ont toujours guid\u00e9es dans mes choix de produits avec une pr\u00e9f\u00e9rence pour les fabrications fran\u00e7aises, lorsque cela est possible.<\/em><\/p>\n<p><em>Beaucoup de mat\u00e9riels sont pass\u00e9s entre mes mains mais seuls sont rest\u00e9s comme points d&rsquo;ancrage les vinyles et ma cellule Jan Allaerts MK1 boron !<\/em><\/p>\n<p><a href=\"http:\/\/www.living-leedh.com\/wp-content\/uploads\/2016\/05\/Ensemble.jpg\"><img loading=\"lazy\" decoding=\"async\" class=\"wp-image-3983 aligncenter\" src=\"http:\/\/www.living-leedh.com\/wp-content\/uploads\/2016\/05\/Ensemble.jpg\" alt=\"Ensemble\" width=\"525\" height=\"394\" srcset=\"https:\/\/www.living-leedh.com\/wp-content\/uploads\/2016\/05\/Ensemble.jpg 1024w, https:\/\/www.living-leedh.com\/wp-content\/uploads\/2016\/05\/Ensemble-300x225.jpg 300w, https:\/\/www.living-leedh.com\/wp-content\/uploads\/2016\/05\/Ensemble-768x576.jpg 768w, https:\/\/www.living-leedh.com\/wp-content\/uploads\/2016\/05\/Ensemble-400x300.jpg 400w\" sizes=\"auto, (max-width: 525px) 100vw, 525px\" \/><\/a><\/p>\n<p>Le syst\u00e8me est dans la \u00ab\u00a0pi\u00e8ce \u00e0 vivre\u00a0\u00bb et quelques rayonnages sont destin\u00e9s aux appareils.<br \/>\nLes \u00e9quipements disposent d&rsquo;une ligne \u00e9lectrique d\u00e9di\u00e9e pour alimenter le syst\u00e8me hifi et d&rsquo;une seconde pour un syst\u00e8me 5.1.<\/p>\n<p>XdR est f\u00e9ru de solutions originales d&rsquo;ing\u00e9nieurs, au service de la musique :<br \/>\n<a href=\"http:\/\/www.living-leedh.com\/wp-content\/uploads\/2016\/05\/Chaine.jpg\"><img loading=\"lazy\" decoding=\"async\" class=\"alignnone size-full wp-image-4134\" src=\"http:\/\/www.living-leedh.com\/wp-content\/uploads\/2016\/05\/Chaine.jpg\" alt=\"Chaine\" width=\"1024\" height=\"768\" srcset=\"https:\/\/www.living-leedh.com\/wp-content\/uploads\/2016\/05\/Chaine.jpg 1024w, https:\/\/www.living-leedh.com\/wp-content\/uploads\/2016\/05\/Chaine-300x225.jpg 300w, https:\/\/www.living-leedh.com\/wp-content\/uploads\/2016\/05\/Chaine-768x576.jpg 768w, https:\/\/www.living-leedh.com\/wp-content\/uploads\/2016\/05\/Chaine-400x300.jpg 400w\" sizes=\"auto, (max-width: 1024px) 100vw, 1024px\" \/><\/a><br \/>\nComme <strong>source analogique, <\/strong>partie particuli\u00e8rement soign\u00e9e : La Nouvelle <a href=\"http:\/\/www.jcverdier.com\/ADSL\/Nouvelle_Platine.html\" target=\"_blank\" rel=\"noopener\">Platine Verdier<\/a>, \u00e9quip\u00e9e d&rsquo;un couvre plateau en graphite (Cham\u00e9leon Audio) d&rsquo;un bras <a href=\"http:\/\/www.vinylengine.com\/library\/schroder\/model-2.shtml\" target=\"_blank\" rel=\"noopener\">Schroeder 2 <\/a>et d\u2019une cellule <a href=\"http:\/\/users.telenet.be\/jallaerts\/welcome.htm\" target=\"_blank\" rel=\"noopener\">Jan Allaerts<\/a>.<br \/>\nLa Verdier est \u00e9patante dans sa conception et novatrice (bain d&rsquo;huile en rotation pour isoler), le Shroeder l&rsquo;est tout autant, un uni-pivot par r\u00e9pulsion magn\u00e9tique. La cellule est faite sans concessions totalement \u00e0 la main.<br \/>\nSuivent une paire de <a href=\"https:\/\/acoustic-precision.fr\/index.php\/acteon\/\" target=\"_blank\" rel=\"noopener\">transfos Act\u00e9on <\/a>pour charger la cellule. Ces transfos sont les h\u00e9ritiers des transfos micros LEM, soci\u00e9t\u00e9 fran\u00e7aise r\u00e9put\u00e9e dans les ann\u00e9es 70 pour ses r\u00e9alisations qui sont encore utilis\u00e9es. Suit un pr\u00e9ampli phono\u00a0 Audiofolia Black &amp; Blue qui permet de g\u00e9rer 2 cellules et deux bras. Le signal est pris par la sortie \u00ab\u00a0tape\u00a0\u00bb vers&#8230;<br \/>\n&#8230;Le <strong>pr\u00e9ampli<\/strong> est un <a href=\"http:\/\/www.accuphase.com\/model\/c-2810.html\" target=\"_blank\" rel=\"noopener\">Accuphase C-2810<\/a>. La fa\u00e7on de g\u00e9rer le volume sort de l&rsquo;ordinaire et cette conceptions originale est \u00e0 l&rsquo;origine du choix.<\/p>\n<p>Le\u00a0<strong>bloc de puissance<\/strong> est un\u00a0<a href=\"http:\/\/www.helixir-audio.com\/produits-audio\/amplificateur-hplsd\" target=\"_blank\" rel=\"noopener\">Helixir Audio <\/a>HPLSD500 2&#215;275 w sous 4 ohms, largement suffisant pour les Leedhs E2, les 30 premiers watts sont en classe A. Helixir Audio est anim\u00e9 par des ing\u00e9nieurs fous furieux qui con\u00e7oivent de A \u00e0 Z leurs \u00e9lectroniques \u00e0 Marseille. Christian Catauro, son dirigeant, est le concepteur de l&rsquo;H\u00e9lios Stargate, lecteur de Cd mythique.<\/p>\n<p><strong>Autres sources<\/strong> : Un tuner <a href=\"http:\/\/www.6moons.com\/audioreviews\/accuphase\/t1000.html\" target=\"_blank\" rel=\"noopener\">Accuphase T1000 <\/a>(antenne METZ) via\u00a0le convertisseur <a href=\"http:\/\/www.helixir-audio.com\/produits-audio\/convertisseur-hrddac\" target=\"_blank\" rel=\"noopener\">Helixir Audio HRDDAC<\/a>. Le T1000 est un produit innovant : le signal est num\u00e9ris\u00e9 pour supprimer la porteuse FM, puis converti en analogique par le DAC Helixir.<br \/>\nCe DAC est une merveille. Sa conception tranche sur\u00a0les produits standards :\u00a0Pas de Burr Brown, de Cristal, ou de Sabre, mais des puces programmables comme DCS ou Chord, .<br \/>\nC&rsquo;est une des plus belle r\u00e9alisation en conversion num\u00e9rique\/analogique, qui fait honneur \u00e0 nos ing\u00e9nieurs.<br \/>\nLe Drive, un Forsell Air R\u00e9f\u00e9rence, fourni une lecture du CD sur coussin d&rsquo;air !<br \/>\n<iframe loading=\"lazy\" title=\"Forsell AIR Reference CD-Transport\" width=\"474\" height=\"267\" src=\"https:\/\/www.youtube.com\/embed\/T-0vEPOOJ3s?feature=oembed\" frameborder=\"0\" allow=\"accelerometer; autoplay; clipboard-write; encrypted-media; gyroscope; picture-in-picture; web-share\" referrerpolicy=\"strict-origin-when-cross-origin\" allowfullscreen><\/iframe><br \/>\n<em>NON, ce n&rsquo;est pas un moule \u00e0 gaufre !<\/em><\/p>\n<p>Enfin en demat : un NAS Synology avec un serveur <a href=\"https:\/\/www.on-mag.fr\/index.php\/topaudio\/actualites-news\/12393-mini-serveur-reseau-sotm-sms-100-une-solution-intelligente\" target=\"_blank\" rel=\"noopener\">SOTM SMS100 <\/a>reli\u00e9 \u00e0 une interface Helixir Audio reli\u00e9 \u00e0 l&rsquo;HRDDAC, pilot\u00e9 par un Ipad.<\/p>\n<p><em><a href=\"http:\/\/www.living-leedh.com\/wp-content\/uploads\/2016\/05\/Droite.jpg\"><img loading=\"lazy\" decoding=\"async\" class=\"alignnone size-full wp-image-4138\" src=\"http:\/\/www.living-leedh.com\/wp-content\/uploads\/2016\/05\/Droite.jpg\" alt=\"Droite\" width=\"695\" height=\"768\" srcset=\"https:\/\/www.living-leedh.com\/wp-content\/uploads\/2016\/05\/Droite.jpg 695w, https:\/\/www.living-leedh.com\/wp-content\/uploads\/2016\/05\/Droite-271x300.jpg 271w, https:\/\/www.living-leedh.com\/wp-content\/uploads\/2016\/05\/Droite-400x442.jpg 400w\" sizes=\"auto, (max-width: 695px) 100vw, 695px\" \/><\/a>Pour finir les E2 ! Je les lorgne depuis les premi\u00e8res C, l&rsquo;innovation embarqu\u00e9e est ph\u00e9nom\u00e9nale mais les premiers mod\u00e8les manquaient, pour moi, d&rsquo;assise ; les E2 que j&rsquo;ai \u00e9cout\u00e9es lors du dernier salon ont fini de me convaincre. L&rsquo;opportunit\u00e9 d&rsquo;une paire de d\u00e9mo s&rsquo;est pr\u00e9sent\u00e9e et j&rsquo;ai franchi le pas. Depuis qu&rsquo;elles sont miennes je me r\u00e9gale, comme vous tous. <\/em><\/p>\n<p><em>Bravo \u00e0 Monsieur Millot. Bravo \u00e0 nos ing\u00e9nieurs.<\/em><\/p>\n","protected":false},"excerpt":{"rendered":"<p>Une pi\u00e8ce \u00e0 vivre \u2026 Lecture &amp;\u00a0musique Depuis \u00a0l&rsquo;\u00e2ge de 14 ans, je suis passionn\u00e9 de reproduction sonore jusqu&rsquo;\u00e0 envisager d&rsquo;en faire mon m\u00e9tier mais les maths eurent raison de moi et de potentielles \u00e9tudes d&rsquo;ing\u00e9nieur. C&rsquo;est en effet la conception qui m&rsquo;int\u00e9ressait et les innovations des concepteurs qui m&rsquo;ont toujours guid\u00e9es dans mes choix &hellip; <a href=\"https:\/\/www.living-leedh.com\/?page_id=3979\" class=\"more-link\">Continuer la lecture de <span class=\"screen-reader-text\">XdR<\/span>  <span class=\"meta-nav\">&rarr;<\/span><\/a><\/p>\n","protected":false},"author":1,"featured_media":0,"parent":0,"menu_order":0,"comment_status":"closed","ping_status":"closed","template":"page-templates\/full-width.php","meta":{"_bbp_topic_count":0,"_bbp_reply_count":0,"_bbp_total_topic_count":0,"_bbp_total_reply_count":0,"_bbp_voice_count":0,"_bbp_anonymous_reply_count":0,"_bbp_topic_count_hidden":0,"_bbp_reply_count_hidden":0,"_bbp_forum_subforum_count":0,"footnotes":""},"class_list":["post-3979","page","type-page","status-publish","hentry"],"_links":{"self":[{"href":"https:\/\/www.living-leedh.com\/index.php?rest_route=\/wp\/v2\/pages\/3979","targetHints":{"allow":["GET"]}}],"collection":[{"href":"https:\/\/www.living-leedh.com\/index.php?rest_route=\/wp\/v2\/pages"}],"about":[{"href":"https:\/\/www.living-leedh.com\/index.php?rest_route=\/wp\/v2\/types\/page"}],"author":[{"embeddable":true,"href":"https:\/\/www.living-leedh.com\/index.php?rest_route=\/wp\/v2\/users\/1"}],"replies":[{"embeddable":true,"href":"https:\/\/www.living-leedh.com\/index.php?rest_route=%2Fwp%2Fv2%2Fcomments&post=3979"}],"version-history":[{"count":31,"href":"https:\/\/www.living-leedh.com\/index.php?rest_route=\/wp\/v2\/pages\/3979\/revisions"}],"predecessor-version":[{"id":7451,"href":"https:\/\/www.living-leedh.com\/index.php?rest_route=\/wp\/v2\/pages\/3979\/revisions\/7451"}],"wp:attachment":[{"href":"https:\/\/www.living-leedh.com\/index.php?rest_route=%2Fwp%2Fv2%2Fmedia&parent=3979"}],"curies":[{"name":"wp","href":"https:\/\/api.w.org\/{rel}","templated":true}]}}