{"id":40,"date":"2015-03-15T22:14:48","date_gmt":"2015-03-15T21:14:48","guid":{"rendered":"http:\/\/www.living-leedh.com\/?page_id=40"},"modified":"2022-04-04T16:48:36","modified_gmt":"2022-04-04T14:48:36","slug":"ou-ecouter","status":"publish","type":"page","link":"https:\/\/www.living-leedh.com\/?page_id=40","title":{"rendered":"O\u00f9 \u00e9couter ?"},"content":{"rendered":"<p><strong><em>Le mat\u00e9riel Leedh n&rsquo;\u00e9tant plus fabriqu\u00e9 ces adresses sont donc obsol\u00e8tes mais : peut-\u00eatre pourront-ils vous trouver des occasions &#8230;<\/em><\/strong><\/p>\n<p><strong>Les auditoriums Leedh<\/strong><\/p>\n<p><img loading=\"lazy\" decoding=\"async\" class=\"alignright\" src=\"http:\/\/www.living-leedh.com\/wp-content\/uploads\/2015\/06\/PorteOuverteWeb.jpg\" alt=\"\" width=\"108\" height=\"297\" \/>En attendant un tour fa\u00e7on \u00ab\u00a0Guide Michelin\u00a0\u00bb des auditoriums proposant les produits Leedh, et en fonction des infos glan\u00e9es de droite et de gauche, nous vous proposons une premi\u00e8re liste &#8211; \u00e9volutive &#8211; des professionnels chez qui nous avons trouv\u00e9 des \u00e9coutes faites dans de bonnes conditions.<\/p>\n<p><strong>Revendeurs, faites vous conna\u00eetre, communiquez nous vos r\u00e9alisations, vos \u00e9v\u00e9nements.<\/strong><\/p>\n<p>&nbsp;<\/p>\n<p><a href=\"https:\/\/www.audio-prestigevintage.com\/\" target=\"_blank\" rel=\"noopener\">Audio Prestige et Vintage<\/a>, Bretagne<br \/>\nnouvelle adresse : 4, impasse Louis Cadoudal, 56880 PLoeren<\/p>\n<p><a href=\"http:\/\/elecson.com\/\" target=\"_blank\" rel=\"noopener\">Elecson<\/a>, Paris (produit non encore disponible \u00e0 Vannes)<\/p>\n<p><a href=\"https:\/\/musicadomia.com\/\" target=\"_blank\" rel=\"noopener\">Musicadomia<\/a>, Le V\u00e9sinet (78), 01 75 26 28 83, contact@musicadomia.com<\/p>\n<p><a href=\"https:\/\/fr.mappy.com\/poi\/4f43eb3ce4b0d0988902e025#\/1\/M2\/TGeoentity\/F4f43eb3ce4b0d0988902e025\/N151.12061,6.11309,2.29441,48.8425\/Z8\/\" target=\"_blank\" rel=\"noopener\"><span style=\"text-decoration: underline;\">NewTone<\/span><\/a>, 112 rue de la Croix NIvert, 75015 Paris, 01 45 30 06 44<\/p>\n<p><a href=\"http:\/\/www.noir-et-blanc.com\/\" target=\"_blank\" rel=\"noopener\">Noir &amp; Blanc<\/a>, Bruxelles (c&rsquo;est en Belgique !)<\/p>\n<p><span style=\"text-decoration: underline;\">Port Royal Audio<\/span>,\u00a017550 DOLUS, Charente Maritime,\u00a0\u00a006\u00a0 68 35 70 48<\/p>\n<p><a href=\"https:\/\/www.presence-audio.com\/\" target=\"_blank\" rel=\"noopener\">Pr\u00e9sence Audio Conseil<\/a>, Paris<\/p>\n<p><a href=\"https:\/\/www.staccato-hifi.fr\/\" target=\"_blank\" rel=\"noopener\">staCCato<\/a>, Nantes<\/p>\n<p><a href=\"https:\/\/madisonaudio531.com\/\" target=\"_blank\" rel=\"noopener\">Madison Audio Co. Ltd.<\/a>, Taipei, Taiwan<\/p>\n<p>Sur les <strong>r\u00e9gions sans revendeur<\/strong> : <a href=\"http:\/\/www.leedh-acoustic.com\/contact-Leedh.php\" target=\"_blank\" rel=\"noopener\">Contact direct<\/a> avec Gilles Milot<\/p>\n<p><em>Recherchons aussi testeurs &#8230;<\/em> N&rsquo;h\u00e9sitez pas \u00e0 faire vos retours dans les commentaires de la page.<\/p>\n<p><strong>On peut aussi \u00e9couter chez certains membres du Club :\u00a0<a href=\"http:\/\/www.living-leedh.com\/?page_id=71\">Contactez nous.<\/a><\/strong><\/p>\n","protected":false},"excerpt":{"rendered":"<p>Le mat\u00e9riel Leedh n&rsquo;\u00e9tant plus fabriqu\u00e9 ces adresses sont donc obsol\u00e8tes mais : peut-\u00eatre pourront-ils vous trouver des occasions &#8230; Les auditoriums Leedh En attendant un tour fa\u00e7on \u00ab\u00a0Guide Michelin\u00a0\u00bb des auditoriums proposant les produits Leedh, et en fonction des infos glan\u00e9es de droite et de gauche, nous vous proposons une premi\u00e8re liste &#8211; \u00e9volutive &hellip; <a href=\"https:\/\/www.living-leedh.com\/?page_id=40\" class=\"more-link\">Continuer la lecture de <span class=\"screen-reader-text\">O\u00f9 \u00e9couter ?<\/span>  <span class=\"meta-nav\">&rarr;<\/span><\/a><\/p>\n","protected":false},"author":1,"featured_media":0,"parent":0,"menu_order":0,"comment_status":"open","ping_status":"open","template":"","meta":{"_bbp_topic_count":0,"_bbp_reply_count":0,"_bbp_total_topic_count":0,"_bbp_total_reply_count":0,"_bbp_voice_count":0,"_bbp_anonymous_reply_count":0,"_bbp_topic_count_hidden":0,"_bbp_reply_count_hidden":0,"_bbp_forum_subforum_count":0,"footnotes":""},"class_list":["post-40","page","type-page","status-publish","hentry"],"_links":{"self":[{"href":"https:\/\/www.living-leedh.com\/index.php?rest_route=\/wp\/v2\/pages\/40","targetHints":{"allow":["GET"]}}],"collection":[{"href":"https:\/\/www.living-leedh.com\/index.php?rest_route=\/wp\/v2\/pages"}],"about":[{"href":"https:\/\/www.living-leedh.com\/index.php?rest_route=\/wp\/v2\/types\/page"}],"author":[{"embeddable":true,"href":"https:\/\/www.living-leedh.com\/index.php?rest_route=\/wp\/v2\/users\/1"}],"replies":[{"embeddable":true,"href":"https:\/\/www.living-leedh.com\/index.php?rest_route=%2Fwp%2Fv2%2Fcomments&post=40"}],"version-history":[{"count":48,"href":"https:\/\/www.living-leedh.com\/index.php?rest_route=\/wp\/v2\/pages\/40\/revisions"}],"predecessor-version":[{"id":7460,"href":"https:\/\/www.living-leedh.com\/index.php?rest_route=\/wp\/v2\/pages\/40\/revisions\/7460"}],"wp:attachment":[{"href":"https:\/\/www.living-leedh.com\/index.php?rest_route=%2Fwp%2Fv2%2Fmedia&parent=40"}],"curies":[{"name":"wp","href":"https:\/\/api.w.org\/{rel}","templated":true}]}}