{"id":4024,"date":"2016-05-31T20:17:02","date_gmt":"2016-05-31T18:17:02","guid":{"rendered":"http:\/\/www.living-leedh.com\/?page_id=4024"},"modified":"2016-09-08T00:00:27","modified_gmt":"2016-09-07T22:00:27","slug":"pont-des-arts-sonores-2016","status":"publish","type":"page","link":"https:\/\/www.living-leedh.com\/?page_id=4024","title":{"rendered":"Pont des Arts Sonores 2016"},"content":{"rendered":"<p style=\"text-align: justify;\"><strong><img loading=\"lazy\" decoding=\"async\" class=\"alignnone size-full wp-image-4108\" src=\"http:\/\/www.living-leedh.com\/wp-content\/uploads\/2016\/05\/photo1Web2.jpg\" alt=\"photo1Web2\" width=\"448\" height=\"286\" srcset=\"https:\/\/www.living-leedh.com\/wp-content\/uploads\/2016\/05\/photo1Web2.jpg 448w, https:\/\/www.living-leedh.com\/wp-content\/uploads\/2016\/05\/photo1Web2-300x192.jpg 300w, https:\/\/www.living-leedh.com\/wp-content\/uploads\/2016\/05\/photo1Web2-400x255.jpg 400w\" sizes=\"auto, (max-width: 448px) 100vw, 448px\" \/>Pont des Arts Sonores : du 27 au 29 mai, <strong>Baie de St Brieuc.<\/strong><\/strong><\/p>\n<p>Cette ann\u00e9e, la th\u00e9matique tournait autour du roman <a href=\"https:\/\/fr.wikipedia.org\/wiki\/L%27%C3%88ve_future\" target=\"_blank\">\u00ab\u00a0L&rsquo;Eve Future\u00a0\u00bb<\/a> de Villiers de l&rsquo;Isle Adam, \u00e9crivain n\u00e9 \u00e0 Saint Brieuc.<a href=\"http:\/\/www.living-leedh.com\/wp-content\/uploads\/2016\/05\/eve.jpg\"><img loading=\"lazy\" decoding=\"async\" class=\"wp-image-4059 alignleft\" src=\"http:\/\/www.living-leedh.com\/wp-content\/uploads\/2016\/05\/eve.jpg\" alt=\"eve future\" width=\"173\" height=\"218\" \/><\/a><br \/>\n<span style=\"font-size: small;\"><i>Le jeune Lord Ewald tombe amoureux d&rsquo;une femme tr\u00e8s belle mais tr\u00e8s sotte. Afin de remplacer cette femme dans le c\u0153ur du jeune homme, l&rsquo;ing\u00e9nieur Edison fabrique de toutes pi\u00e8ces une andr\u00e9ide qui ressemble physiquement \u00e0 son mod\u00e8le humain, mais qui lui est spirituellement bien sup\u00e9rieure.<br \/>\n<\/i><\/span>Beaucoup de r\u00e9f\u00e9rences musicales, techniques, relatives au monde sonore dans l&rsquo;ouvrage.<br \/>\nPour le salon d&rsquo;\u00e9coute audiophile \u00ab\u00a0living leedh\u00a0\u00bb, une salle du mus\u00e9e \u00e0 la disposition particuli\u00e8re, loin des canons habituels d&rsquo;une pi\u00e8ce d\u00e9di\u00e9e\u00a0: salle ouverte, enceinte gauche contre une cloison arrondie en brique, qui donne sur un couloir ouvert sur l&rsquo;ext\u00e9rieur, enceinte droite dans un angle vitr\u00e9, public assis en arrondi, beaucoup d&rsquo;espace derri\u00e8re les enceintes, fond en angle, vue sur mer\u00a0 &#8230;<br \/>\n<a href=\"http:\/\/www.living-leedh.com\/wp-content\/uploads\/2016\/05\/photo2w.jpg\"><img loading=\"lazy\" decoding=\"async\" class=\"alignnone size-full wp-image-4115\" src=\"http:\/\/www.living-leedh.com\/wp-content\/uploads\/2016\/05\/photo2w.jpg\" alt=\"photo2w\" width=\"1024\" height=\"683\" srcset=\"https:\/\/www.living-leedh.com\/wp-content\/uploads\/2016\/05\/photo2w.jpg 1024w, https:\/\/www.living-leedh.com\/wp-content\/uploads\/2016\/05\/photo2w-300x200.jpg 300w, https:\/\/www.living-leedh.com\/wp-content\/uploads\/2016\/05\/photo2w-768x512.jpg 768w, https:\/\/www.living-leedh.com\/wp-content\/uploads\/2016\/05\/photo2w-400x267.jpg 400w\" sizes=\"auto, (max-width: 1024px) 100vw, 1024px\" \/><\/a><br \/>\nChaque enceinte a \u00e9t\u00e9 dispos\u00e9e en prenant la plus grande largeur possible, distance identique de 3,15 m par rapport au point d&rsquo;\u00e9coute central. On a eu tout de suite une belle image, comme la premi\u00e8re impression \u00e0 Munich.<\/p>\n<p>Puis, j&rsquo;ai install\u00e9 le caisson suivant \u00ab\u00a0les normes\u00a0\u00bb (- 439 mm). Je n&rsquo;ai pas pu essayer en le mettant sur un bord ext\u00e9rieur (manque de longueur des c\u00e2bles modulation) pour reproduire la disposition au High End. Je l&rsquo;ai donc plac\u00e9 pas tout \u00e0 fait au centre pour pouvoir acc\u00e9der aux \u00e9lectroniques. Toutefois, il n&rsquo;a jamais \u00e9t\u00e9 trop pr\u00e9sent. Certains ont remarqu\u00e9 sa pr\u00e9sence physique mais pensaient qu&rsquo;il n&rsquo;\u00e9tait pas raccord\u00e9 au syst\u00e8me. M\u00eame sur <i>Le temps Passe <\/i>de Jonasz<i>, <\/i>\u00e9cout\u00e9 une fois en public. Je n&rsquo;ai jamais eu l&rsquo;impression de l&rsquo;entendre se d\u00e9clencher.<br \/>\nEnsuite, orientation des enceintes par rapport aux si\u00e8ges ext\u00e9rieurs droit et gauche. Le principe de l&rsquo;alignement \u00ab\u00a0\u00e0 l\u2019\u0153il\u00a0\u00bb est efficace. On ne doit voir qu&rsquo;un seul montant carbone de sa place si l&rsquo;on regarde l&rsquo;enceinte situ\u00e9e dans la diagonale oppos\u00e9e.<\/p>\n<p>Le syst\u00e8me a march\u00e9 du feu de Dieu. Une superbe image (un petit air de Munich) : j&rsquo;ai l&rsquo;impression que plus la salle est bizarre, mieux \u00e7a marche. Il y avait toutefois un d\u00e9s\u00e9quilibre si l&rsquo;on \u00e9tait assis sur les places les plus \u00e0 droite que je ne suis pas arriv\u00e9 \u00e0 r\u00e9gler correctement, du fait, vraisemblablement, de la configuration totalement asym\u00e9trique de la pi\u00e8ce. L&rsquo;angle du fond, derri\u00e8re le syst\u00e8me, donnait une profondeur impressionnante.<br \/>\nJe n&rsquo;ai pas pu prendre le temps de faire le sens des prises, en plus j&rsquo;aime pas faire, c&rsquo;est long \u00a0\ud83d\ude09<\/p>\n<p>Un samedi maussade (brume de mer), avec peu de monde, mais qui aura permis des \u00e9coutes \u00ab\u00a0priv\u00e9es\u00a0\u00bb, en particulier le retour du \u00ab\u00a0jeune ami\u00a0\u00bb de l&rsquo;an dernier, J\u00e9r\u00e9my, pour une sollicitation intense du mat\u00e9riel au travers de pi\u00e8ces \u00e9lectros sans concession &#8230;<\/p>\n<p>La petite d\u00e9ception du samedi (1 \u00e0 4 personnes en permanence) a toutefois \u00e9t\u00e9 largement compens\u00e9e le dimanche apr\u00e8s-midi\u00a0: \u00e9tant le seul a \u00eatre install\u00e9 \u00e0 l&rsquo;int\u00e9rieur du mus\u00e9e, les entr\u00e9es \u00e9taient comptabilis\u00e9es (s\u00e9curit\u00e9 oblige). 300 personnes sont donc pass\u00e9es au salon d&rsquo;\u00e9coute.<br \/>\nUne s\u00e9ance a m\u00eame \u00e9t\u00e9 applaudie et j&rsquo;ai \u00e9t\u00e9 assez longuement interview\u00e9 par une radio locale qui couvrait en direct la manifestation. <a href=\"http:\/\/www.radio-activ.com\/\" target=\"_blank\"><img loading=\"lazy\" decoding=\"async\" class=\"aligncenter\" src=\"http:\/\/www.radio-activ.com\/wp-content\/uploads\/2015\/05\/logoactiv.png\" alt=\"Radio Activ' 101.9 FM (Radio Ferarock) \u2013 Langueux \/ St. Brieuc et diffus\u00e9e sur le web vous propose un choix de programme musical vari\u00e9\" width=\"242\" height=\"84\" \/><\/a>J&rsquo;ai largement eu le temps de commenter le mat\u00e9riel (technologies etc&#8230;, l&rsquo;histoire du p\u00e8re Milot) et les contenus et raisons des choix d&rsquo;\u00e9coutes.<br \/>\nLe journaliste et son ing\u00e9nieur du son sont revenus \u00e0 la fin de leur programme pour profiter.<\/p>\n<p>Les artistes pros pr\u00e9sents &#8211; dont certains avec des propositions plut\u00f4t originales &#8211; sont \u00e9galement pass\u00e9s, le \u00ab\u00a0bouche \u00e0 oreille\u00a0\u00bb ayant produit son effet.<\/p>\n<figure id=\"attachment_4117\" aria-describedby=\"caption-attachment-4117\" style=\"width: 1024px\" class=\"wp-caption alignnone\"><a href=\"http:\/\/www.living-leedh.com\/wp-content\/uploads\/2016\/05\/25platinesw.jpg\"><img loading=\"lazy\" decoding=\"async\" class=\"wp-image-4117 size-full\" src=\"http:\/\/www.living-leedh.com\/wp-content\/uploads\/2016\/05\/25platinesw.jpg\" width=\"1024\" height=\"765\" srcset=\"https:\/\/www.living-leedh.com\/wp-content\/uploads\/2016\/05\/25platinesw.jpg 1024w, https:\/\/www.living-leedh.com\/wp-content\/uploads\/2016\/05\/25platinesw-300x224.jpg 300w, https:\/\/www.living-leedh.com\/wp-content\/uploads\/2016\/05\/25platinesw-768x574.jpg 768w, https:\/\/www.living-leedh.com\/wp-content\/uploads\/2016\/05\/25platinesw-400x299.jpg 400w\" sizes=\"auto, (max-width: 1024px) 100vw, 1024px\" \/><\/a><figcaption id=\"caption-attachment-4117\" class=\"wp-caption-text\">Symphonie aux 25 platines, j&rsquo;ai essay\u00e9, c&rsquo;est g\u00e9ant !<\/figcaption><\/figure>\n<p>La d\u00e9mat a tr\u00e8s bien march\u00e9, aucune agressivit\u00e9, un peu trop \u00ab\u00a0propre\u00a0\u00bb peut-\u00eatre.<br \/>\n<a href=\"http:\/\/www.living-leedh.com\/wp-content\/uploads\/2016\/05\/photo3w.jpg\"><img loading=\"lazy\" decoding=\"async\" class=\"alignnone size-full wp-image-4113\" src=\"http:\/\/www.living-leedh.com\/wp-content\/uploads\/2016\/05\/photo3w.jpg\" alt=\"photo3w\" width=\"1024\" height=\"683\" srcset=\"https:\/\/www.living-leedh.com\/wp-content\/uploads\/2016\/05\/photo3w.jpg 1024w, https:\/\/www.living-leedh.com\/wp-content\/uploads\/2016\/05\/photo3w-300x200.jpg 300w, https:\/\/www.living-leedh.com\/wp-content\/uploads\/2016\/05\/photo3w-768x512.jpg 768w, https:\/\/www.living-leedh.com\/wp-content\/uploads\/2016\/05\/photo3w-400x267.jpg 400w\" sizes=\"auto, (max-width: 1024px) 100vw, 1024px\" \/><\/a><br \/>\nLe grand gagnant aura \u00e9t\u00e9 le vinyle\u00a0: collection personnelle, mais aussi des acheteurs qui venaient de s\u2019approvisionner au march\u00e9 pr\u00e9sent sur le site.<br \/>\nUne comparaison Pink Floyd avec ma r\u00e9\u00e9dition r\u00e9cente de Dark Side of The Moon et un vintage achet\u00e9 sur place a tourn\u00e9 \u00e0 l&rsquo;avantage de l&rsquo;original &#8230;<br \/>\nA noter quelques probl\u00e8mes d&rsquo;\u00e9lectricit\u00e9 statique sur certains disques lorsque l&rsquo;hygrom\u00e9trie est pass\u00e9e en dessous des 44\u00a0% &#8211; il fait sec en Bretagne &#8211; et a n\u00e9cessit\u00e9 un lavage suppl\u00e9mentaire.<br \/>\n(la machine \u00e0 laver en a intrigu\u00e9s plus d&rsquo;un).<\/p>\n<p>Des \u00e9coutes \u00e0 tr\u00e8s bas niveau lors de la pr\u00e9sence d&rsquo;une maman avec son b\u00e9b\u00e9 au sein : Bobby Mcferin, <i>Baby , <\/i>Musica Nuda, <i>Eleanor Rigby.<\/i> Le b\u00e9b\u00e9 s&rsquo;est endormi, mais peut-\u00eatre l&rsquo;aurait-il fait sans musique\u00a0! Un moment intense tout de m\u00eame, avec un public p\u00e9n\u00e9tr\u00e9 par cet instant inattendu, original et touchant. Merci petit Tiwann pour cet espace de vie tranquille.<br \/>\nEh oui, Gilles, on peut \u00e9couter en tendant l&rsquo;oreille.\u00a0 \u00a0\ud83d\ude06<br \/>\nMais aussi des d\u00e9lires de dB, et l\u00e0 mes amplis ont montr\u00e9 un peu leurs limites \u00e0 remplir l&rsquo;espace en perdant en dynamique.<br \/>\nLe passage le plus os\u00e9\u00a0: <i>Moments Newtoniens, <\/i>une pi\u00e8ce de Jean-Claude Risset avec dispositifs \u00e9lectroniques, quatuor \u00e0 cordes, piano et trombone, avec, vers la fin, un <a href=\"https:\/\/fr.wikipedia.org\/wiki\/Gamme_de_Shepard\" target=\"_blank\">glissando de Shepard-Risset<\/a> \u00e0 ne pas manquer (il faut savoir vivre dangereusement ). <img loading=\"lazy\" decoding=\"async\" class=\"wp-image-4054 aligncenter\" src=\"http:\/\/www.living-leedh.com\/wp-content\/uploads\/2016\/05\/Risset.jpg\" alt=\"Risset\" width=\"126\" height=\"128\" \/><\/p>\n<p>Beaucoup de compliments, de merci, de poign\u00e9es de mains chaleureuses.<br \/>\nLes retours de l&rsquo;organisation : \u00ab\u00a0on en parlait beaucoup \u00ab\u00a0en bas\u00a0\u00bb\u00a0\u00bb, \u00ab\u00a0il faut absolument monter au salon d&rsquo;\u00e9coute\u00a0\u00bb &#8230;<br \/>\nAssez gratifiant en somme, car c&rsquo;est n&rsquo;est pas vraiment juste tranquille \u00e0 d\u00e9sinstaller, transporter, etc&#8230;<a href=\"http:\/\/www.living-leedh.com\/wp-content\/uploads\/2016\/05\/photo4w.jpg\"><img loading=\"lazy\" decoding=\"async\" class=\"alignnone wp-image-4111 size-full\" src=\"http:\/\/www.living-leedh.com\/wp-content\/uploads\/2016\/05\/photo4w.jpg\" alt=\"photo4w\" width=\"1024\" height=\"683\" srcset=\"https:\/\/www.living-leedh.com\/wp-content\/uploads\/2016\/05\/photo4w.jpg 1024w, https:\/\/www.living-leedh.com\/wp-content\/uploads\/2016\/05\/photo4w-300x200.jpg 300w, https:\/\/www.living-leedh.com\/wp-content\/uploads\/2016\/05\/photo4w-768x512.jpg 768w, https:\/\/www.living-leedh.com\/wp-content\/uploads\/2016\/05\/photo4w-400x267.jpg 400w\" sizes=\"auto, (max-width: 1024px) 100vw, 1024px\" \/><\/a><br \/>\nEt les petits g\u00e2teaux bretons \u00e0 l&rsquo;entr\u00e9e ont favoris\u00e9 une razzia de cartes de visites du club, disponibles dans la m\u00eame coupe\u2026 en vinyle.<\/p>\n<p>Un retour sympathique :<br \/>\n<em>Bonjour,<br \/>\n<\/em><em> Encore merci pour ce pur moment de bonheur musical, dimanche soir \u00e0 la Briqueterie !<br \/>\n<\/em><em>J&rsquo;ai beaucoup aim\u00e9\u00a0la beaut\u00e9 et la sensualit\u00e9 de vos choix musicaux.<\/em><em>Je m&rsquo;aper\u00e7ois que je n&rsquo;ai ni personnellement ni professionnellement \u00ab\u00a0Asturias\u00a0\u00bb de Alb\u00e9niz. <\/em><em>Avez vous une version \u00e0 me conseiller en cd (pro) ? ou en vinyle (perso) ?<\/em><em>J&rsquo;ai \u00e9t\u00e9 hypnotis\u00e9e par l&rsquo;intensit\u00e9, la chaleur\u00a0et la pr\u00e9cision du son ; Est-ce que ces petites merveilles technologiques sont commercialis\u00e9es ?<\/em><em>Si oui, savez vous si elles valent le prix d&rsquo;une Rolls\u00a0\u00a0\ud83d\ude25\u00a0 ?<\/em><em>Au plaisir de vous lire ou \u00e9couter une de vos d\u00e9licieuses auditions musicales,<\/em><br \/>\n<em>Cordialement,<br \/>\n<\/em>EJ<\/p>\n","protected":false},"excerpt":{"rendered":"<p>Pont des Arts Sonores : du 27 au 29 mai, Baie de St Brieuc. Cette ann\u00e9e, la th\u00e9matique tournait autour du roman \u00ab\u00a0L&rsquo;Eve Future\u00a0\u00bb de Villiers de l&rsquo;Isle Adam, \u00e9crivain n\u00e9 \u00e0 Saint Brieuc. Le jeune Lord Ewald tombe amoureux d&rsquo;une femme tr\u00e8s belle mais tr\u00e8s sotte. Afin de remplacer cette femme dans le c\u0153ur &hellip; <a href=\"https:\/\/www.living-leedh.com\/?page_id=4024\" class=\"more-link\">Continuer la lecture de <span class=\"screen-reader-text\">Pont des Arts Sonores 2016<\/span>  <span class=\"meta-nav\">&rarr;<\/span><\/a><\/p>\n","protected":false},"author":1,"featured_media":0,"parent":0,"menu_order":0,"comment_status":"closed","ping_status":"closed","template":"","meta":{"_bbp_topic_count":0,"_bbp_reply_count":0,"_bbp_total_topic_count":0,"_bbp_total_reply_count":0,"_bbp_voice_count":0,"_bbp_anonymous_reply_count":0,"_bbp_topic_count_hidden":0,"_bbp_reply_count_hidden":0,"_bbp_forum_subforum_count":0,"footnotes":""},"class_list":["post-4024","page","type-page","status-publish","hentry"],"_links":{"self":[{"href":"https:\/\/www.living-leedh.com\/index.php?rest_route=\/wp\/v2\/pages\/4024","targetHints":{"allow":["GET"]}}],"collection":[{"href":"https:\/\/www.living-leedh.com\/index.php?rest_route=\/wp\/v2\/pages"}],"about":[{"href":"https:\/\/www.living-leedh.com\/index.php?rest_route=\/wp\/v2\/types\/page"}],"author":[{"embeddable":true,"href":"https:\/\/www.living-leedh.com\/index.php?rest_route=\/wp\/v2\/users\/1"}],"replies":[{"embeddable":true,"href":"https:\/\/www.living-leedh.com\/index.php?rest_route=%2Fwp%2Fv2%2Fcomments&post=4024"}],"version-history":[{"count":32,"href":"https:\/\/www.living-leedh.com\/index.php?rest_route=\/wp\/v2\/pages\/4024\/revisions"}],"predecessor-version":[{"id":4521,"href":"https:\/\/www.living-leedh.com\/index.php?rest_route=\/wp\/v2\/pages\/4024\/revisions\/4521"}],"wp:attachment":[{"href":"https:\/\/www.living-leedh.com\/index.php?rest_route=%2Fwp%2Fv2%2Fmedia&parent=4024"}],"curies":[{"name":"wp","href":"https:\/\/api.w.org\/{rel}","templated":true}]}}