{"id":415,"date":"2015-03-30T12:54:58","date_gmt":"2015-03-30T11:54:58","guid":{"rendered":"http:\/\/www.living-leedh.com\/?page_id=415"},"modified":"2022-04-04T15:40:28","modified_gmt":"2022-04-04T13:40:28","slug":"lhanslo","status":"publish","type":"page","link":"https:\/\/www.living-leedh.com\/?page_id=415","title":{"rendered":"Lhanslo"},"content":{"rendered":"<p>Depuis Gilles est rentr\u00e9 en France.<\/p>\n<p><strong>Au fond, les Belges ne sont pas si &#8230; press\u00e9s<br \/>\n<\/strong>de Bruxelles<strong><br \/>\n<\/strong><\/p>\n<p>Gilles s&rsquo;est int\u00e9ress\u00e9 de longue date \u00e0 la haute-fid\u00e9lit\u00e9,\u00a0 mais d&rsquo;autres passions l&rsquo;ont pr\u00e9c\u00e9d\u00e9e dans ses investissements plaisir. Il a commenc\u00e9 timidement\u00a0et au moindre effort avec l&rsquo;achat du r\u00e9volutionnaire\u00a0(pour l&rsquo;\u00e9poque pas si ancienne) Naim Uniti et une paire d&rsquo;enceintes biblioth\u00e8que dont il vaut mieux taire le nom&#8230; Il avait d\u00e9j\u00e0 entendu parler de Leedh alors inaccessible et de son cr\u00e9ateur, ce\u00a0qui a\u00a0n\u00e9anmoins laiss\u00e9 dans son inconscient une curiosit\u00e9\u00a0qu&rsquo;il faudrait bien un jour assouvir.<\/p>\n<div><\/div>\n<div>Apr\u00e8s avoir pris un poste en Belgique, le virus de la HiFi qui couvait en lui s&rsquo;est d\u00e9clar\u00e9 et il a\u00a0 rattrap\u00e9\u00a0au cours des 2 derni\u00e8res ann\u00e9es, le plus que demi-si\u00e8cle pass\u00e9 dans la m\u00e9diocrit\u00e9 musicale ! Sa recherche\u00a0du Graal musical a toutefois manqu\u00e9 d&rsquo;inspiration et de sagesse.<\/div>\n<div>Peu satisfait du r\u00e9sultat, il a\u00a0 d\u00e9cid\u00e9 de reprendre \u00e0 z\u00e9ro tout ou presque pour arriver au syst\u00e8me actuel. Il aurait pu encore une fois\u00a0passer\u00a0\u00e0 c\u00f4t\u00e9 des Leedhs&#8230;\u00a0mais cette marque lui est\u00a0 revenue spontan\u00e9ment \u00e0 l&rsquo;esprit quand\u00a0Fred, \u00e9minent vendeur\u00a0chez\u00a0l&rsquo;un des deux grands sp\u00e9cialistes de la HiFi \u00e0 Bruxelles, lui a fait part de la prochaine arriv\u00e9e de nouvelles vedettes fran\u00e7aises dans les rayons.<\/div>\n<div><\/div>\n<div>C&rsquo;est ainsi que Gilles Milot a d\u00e9barqu\u00e9 \u00e0 Bruxelles en d\u00e9cembre 2014 avec un peu de retard car tomb\u00e9 en panne s\u00e8che sur l&rsquo;autoroute ! Il n&rsquo;a pas compt\u00e9 son temps pour installer au millim\u00e8tre les enceintes ainsi que\u00a0le caisson (les marques au sol sont toujours en place). Ces derniers mois ont \u00e9t\u00e9 pass\u00e9s\u00a0 \u00e0 r\u00f4der et \u00e0 am\u00e9liorer la mise en \u0153uvre du syst\u00e8me. Et c&rsquo;est tout derni\u00e8rement que le plaisir musical est devenu total\u00a0gr\u00e2ce\u00a0\u00e0 l&rsquo;intervention, au niveau\u00a0des\u00a0accessoires \u00f4 combien essentiels (prises secteur, c\u00e2bles et supports), d&rsquo;un autre\u00a0cr\u00e9ateur de\u00a0produits HiFi et ami, Panayotis Gioulos.<\/div>\n<div>Vous trouverez la\u00a0version longue de\u00a0cette qu\u00eate sur <a title=\"LhansloHCFR\" href=\"http:\/\/www.homecinema-fr.com\/forum\/enceintes-haute-fidelite\/leedh-c-e-by-acoustical-beauty-t29954051.html\" target=\"_blank\" rel=\"noopener\">le forum HCFR<\/a><\/div>\n<div><\/div>\n<div>Leedh E2, Caisson 20.1<\/div>\n<div><\/div>\n<div><\/div>\n<div>\n<div id='gallery-1' class='gallery galleryid-415 gallery-columns-3 gallery-size-thumbnail'><figure class='gallery-item'>\n\t\t\t<div class='gallery-icon landscape'>\n\t\t\t\t<a href='https:\/\/www.living-leedh.com\/?attachment_id=428'><img loading=\"lazy\" decoding=\"async\" width=\"150\" height=\"150\" src=\"https:\/\/www.living-leedh.com\/wp-content\/uploads\/2015\/03\/Lh_vue_ensemble_Leedh-BD-150x150.jpg\" class=\"attachment-thumbnail size-thumbnail\" alt=\"\" aria-describedby=\"gallery-1-428\" srcset=\"https:\/\/www.living-leedh.com\/wp-content\/uploads\/2015\/03\/Lh_vue_ensemble_Leedh-BD-150x150.jpg 150w, https:\/\/www.living-leedh.com\/wp-content\/uploads\/2015\/03\/Lh_vue_ensemble_Leedh-BD-200x200.jpg 200w\" sizes=\"auto, (max-width: 150px) 100vw, 150px\" \/><\/a>\n\t\t\t<\/div>\n\t\t\t\t<figcaption class='wp-caption-text gallery-caption' id='gallery-1-428'>\n\t\t\t\tLhanslo vue g\u00e9n\u00e9rale\n\t\t\t\t<\/figcaption><\/figure><figure class='gallery-item'>\n\t\t\t<div class='gallery-icon portrait'>\n\t\t\t\t<a href='https:\/\/www.living-leedh.com\/?attachment_id=425'><img loading=\"lazy\" decoding=\"async\" width=\"150\" height=\"150\" src=\"https:\/\/www.living-leedh.com\/wp-content\/uploads\/2015\/03\/DAC_TAD_DA100_Pr\u00e9_Gryphon_Athena_Bloc_Luxman_M900U-bd-150x150.jpg\" class=\"attachment-thumbnail size-thumbnail\" alt=\"\" aria-describedby=\"gallery-1-425\" srcset=\"https:\/\/www.living-leedh.com\/wp-content\/uploads\/2015\/03\/DAC_TAD_DA100_Pr\u00e9_Gryphon_Athena_Bloc_Luxman_M900U-bd-150x150.jpg 150w, https:\/\/www.living-leedh.com\/wp-content\/uploads\/2015\/03\/DAC_TAD_DA100_Pr\u00e9_Gryphon_Athena_Bloc_Luxman_M900U-bd-200x200.jpg 200w\" sizes=\"auto, (max-width: 150px) 100vw, 150px\" \/><\/a>\n\t\t\t<\/div>\n\t\t\t\t<figcaption class='wp-caption-text gallery-caption' id='gallery-1-425'>\n\t\t\t\tLhanslo \u00e9l\u00e9ctroniques\n\t\t\t\t<\/figcaption><\/figure><figure class='gallery-item'>\n\t\t\t<div class='gallery-icon portrait'>\n\t\t\t\t<a href='https:\/\/www.living-leedh.com\/?attachment_id=426'><img loading=\"lazy\" decoding=\"async\" width=\"150\" height=\"150\" src=\"https:\/\/www.living-leedh.com\/wp-content\/uploads\/2015\/03\/Lh_Enceintecaisson_leedh-bd-150x150.jpg\" class=\"attachment-thumbnail size-thumbnail\" alt=\"\" aria-describedby=\"gallery-1-426\" srcset=\"https:\/\/www.living-leedh.com\/wp-content\/uploads\/2015\/03\/Lh_Enceintecaisson_leedh-bd-150x150.jpg 150w, https:\/\/www.living-leedh.com\/wp-content\/uploads\/2015\/03\/Lh_Enceintecaisson_leedh-bd-200x200.jpg 200w\" sizes=\"auto, (max-width: 150px) 100vw, 150px\" \/><\/a>\n\t\t\t<\/div>\n\t\t\t\t<figcaption class='wp-caption-text gallery-caption' id='gallery-1-426'>\n\t\t\t\tLhanslo E2+caisson\n\t\t\t\t<\/figcaption><\/figure><figure class='gallery-item'>\n\t\t\t<div class='gallery-icon portrait'>\n\t\t\t\t<a href='https:\/\/www.living-leedh.com\/?attachment_id=427'><img loading=\"lazy\" decoding=\"async\" width=\"150\" height=\"150\" src=\"https:\/\/www.living-leedh.com\/wp-content\/uploads\/2015\/03\/Lh_Leedh_20.1_c\u00e2blessupports_Aktyna-BD-150x150.jpg\" class=\"attachment-thumbnail size-thumbnail\" alt=\"\" aria-describedby=\"gallery-1-427\" srcset=\"https:\/\/www.living-leedh.com\/wp-content\/uploads\/2015\/03\/Lh_Leedh_20.1_c\u00e2blessupports_Aktyna-BD-150x150.jpg 150w, https:\/\/www.living-leedh.com\/wp-content\/uploads\/2015\/03\/Lh_Leedh_20.1_c\u00e2blessupports_Aktyna-BD-200x200.jpg 200w\" sizes=\"auto, (max-width: 150px) 100vw, 150px\" \/><\/a>\n\t\t\t<\/div>\n\t\t\t\t<figcaption class='wp-caption-text gallery-caption' id='gallery-1-427'>\n\t\t\t\tLhanslo c\u00e2bles+supports\n\t\t\t\t<\/figcaption><\/figure>\n\t\t<\/div>\n\n<\/div>\n<div><\/div>\n<p style=\"margin: 0px;\">Autres \u00e9l\u00e9ments de la cha\u00eene :<\/p>\n<ul>\n<li>Bloc de puissance <a title=\"LhansloM900U\" href=\"http:\/\/www.luxman.com\/product.php?pid=44\" target=\"_blank\" rel=\"noopener\">Luxman M-900U<\/a><\/li>\n<li>Pr\u00e9amplificateur <a title=\"LhansloAthena\" href=\"https:\/\/www.noir-et-blanc.com\/blog\/gryphon-athena-une-deesse-tout-simplement\/#:~:text=Le%20Gryphon%20Athena%20est%20le,est%20toujours%20au%20rendez%2Dvous.\" target=\"_blank\" rel=\"noopener\">Gryphon Athena<\/a><\/li>\n<li>Source <a title=\"LhansloAurenderS10\" href=\"http:\/\/www.aurender.com\/page\/s10\" target=\"_blank\" rel=\"noopener\">Aurender S10<\/a> + Convertisseur <a title=\"LhansloDA1000\" href=\"http:\/\/www.hifi-review.com\/152722-tad-da1000.html\" target=\"_blank\" rel=\"noopener\">TAD DA1000<\/a><\/li>\n<li>Conditionneur secteur <a title=\"LhansloGigawatt\" href=\"http:\/\/www.gigawatt.eu\/products_b.html\" target=\"_blank\" rel=\"noopener\">Gigawatt PC2 Evo<\/a><\/li>\n<li>Cordons secteur, c\u00e2bles de modulation et supports 100% <a title=\"LhansloAktyna\" href=\"https:\/\/www.noir-et-blanc.com\/aktyna.html\" target=\"_blank\" rel=\"noopener\">Aktyna<\/a> (Panayotis Gioulos)<\/li>\n<li>C\u00e2bles HP <a href=\"http:\/\/www.living-leedh.com\/?page_id=26\" target=\"_blank\" rel=\"noopener\">Leedh<\/a><\/li>\n<li>C\u00e2ble USB <a title=\"LhansloAbsolueCreation\" href=\"http:\/\/absoluecreations.com\/\" target=\"_blank\" rel=\"noopener\">Absolue Cr\u00e9ations<\/a> USB-TIM<\/li>\n<li>Panneaux acoustiques <a title=\"LhansloPYT\" href=\"http:\/\/www.pytaudio.com\/accueil\/nos-produits\/\" target=\"_blank\" rel=\"noopener\">PYT Audio<\/a> &#8211; SMAD R\u00e9f\u00e9rence\u00a0(d\u00e9j\u00e0 un best-seller \u00e0 Bruxelles !)<\/li>\n<\/ul>\n<p><strong>Le retour en France et \u00e9volution<\/strong> : page 2<span style=\"color: #000080;\"><br \/>\n<\/span><\/p>\n<p><!--nextpage--><\/p>\n<p><em>Lhanslo &#8211; Episode 2 :\u00a0 <strong>Clap de fin en Belgique, vive Meaux<\/strong> !<\/em><\/p>\n<p><em>Septembre 2015 : Apr\u00e8s 4 ans et demi pass\u00e9s en Belgique, l&rsquo;heure de revenir en France a sonn\u00e9. Je me suis finalement install\u00e9\u00a0\u00e0 Meaux en ayant perdu\u00a0quelques dizaines de m\u00b2 au passage. <\/em><\/p>\n<figure id=\"attachment_1869\" aria-describedby=\"caption-attachment-1869\" style=\"width: 300px\" class=\"wp-caption alignleft\"><a href=\"http:\/\/www.living-leedh.com\/wp-content\/uploads\/2015\/03\/general.jpg\"><img loading=\"lazy\" decoding=\"async\" class=\"wp-image-1869 size-medium\" src=\"http:\/\/www.living-leedh.com\/wp-content\/uploads\/2015\/03\/general-300x217.jpg\" alt=\"Beaucoup de mal pour caser un ensemble dans une petite pi\u00e8ce de vie avec un seul mur exploitable... \" width=\"300\" height=\"217\" srcset=\"https:\/\/www.living-leedh.com\/wp-content\/uploads\/2015\/03\/general-300x217.jpg 300w, https:\/\/www.living-leedh.com\/wp-content\/uploads\/2015\/03\/general.jpg 1024w, https:\/\/www.living-leedh.com\/wp-content\/uploads\/2015\/03\/general-400x289.jpg 400w\" sizes=\"auto, (max-width: 300px) 100vw, 300px\" \/><\/a><figcaption id=\"caption-attachment-1869\" class=\"wp-caption-text\">Beaucoup de mal pour caser un ensemble dans une petite pi\u00e8ce de vie avec un seul mur exploitable&#8230;<\/figcaption><\/figure>\n<p><em>Cela n&rsquo;a pas facilit\u00e9 la mise en place des \u00e9l\u00e9ments HiFi : <\/em><em>leur implantation d\u00e9fie toute logique, vous vous en rendrez compte sur <\/em><em>photos et l&rsquo;acoustique est\u00a0loin d&rsquo;\u00eatre optimale.\u00a0<\/em><em>Un d\u00e9montage de cloison pr\u00e9vu prochainement devrait am\u00e9liorer un peu la situation en donnant un peu plus de recul \u00e0 l&rsquo;auditeur ! <\/em><\/p>\n<p><em>Je m&rsquo;en contenterai pour le moment car d&rsquo;autres aspects tels que l&rsquo;isolation sont plus urgents. D&rsquo;autant que\u00a0j&rsquo;ai d\u00e9j\u00e0 \u00e9corn\u00e9 le budget en d\u00e9tournant quelques fonds pour&#8230; notamment pour le bien-\u00eatre\u00a0de mes oreilles. Non non, ce ne sont pas les 2 pi\u00e8ces Luxman de la s\u00e9rie U qui, pourtant,\u00a0ne d\u00e9pareraient pas \ud83d\ude09 <img loading=\"lazy\" decoding=\"async\" class=\"size-medium wp-image-1871 aligncenter\" src=\"http:\/\/www.living-leedh.com\/wp-content\/uploads\/2015\/03\/AurenderCarton-300x202.jpg\" alt=\"AurenderCarton\" width=\"300\" height=\"202\" srcset=\"https:\/\/www.living-leedh.com\/wp-content\/uploads\/2015\/03\/AurenderCarton-300x202.jpg 300w, https:\/\/www.living-leedh.com\/wp-content\/uploads\/2015\/03\/AurenderCarton.jpg 1024w, https:\/\/www.living-leedh.com\/wp-content\/uploads\/2015\/03\/AurenderCarton-400x270.jpg 400w\" sizes=\"auto, (max-width: 300px) 100vw, 300px\" \/><\/em><\/p>\n<figure id=\"attachment_1872\" aria-describedby=\"caption-attachment-1872\" style=\"width: 300px\" class=\"wp-caption alignright\"><a href=\"http:\/\/www.living-leedh.com\/wp-content\/uploads\/2015\/03\/Aurender-S10.jpg\"><img loading=\"lazy\" decoding=\"async\" class=\"wp-image-1872 size-medium\" src=\"http:\/\/www.living-leedh.com\/wp-content\/uploads\/2015\/03\/Aurender-S10-300x133.jpg\" alt=\"Aurender S10\" width=\"300\" height=\"133\" srcset=\"https:\/\/www.living-leedh.com\/wp-content\/uploads\/2015\/03\/Aurender-S10-300x133.jpg 300w, https:\/\/www.living-leedh.com\/wp-content\/uploads\/2015\/03\/Aurender-S10.jpg 1024w, https:\/\/www.living-leedh.com\/wp-content\/uploads\/2015\/03\/Aurender-S10-400x177.jpg 400w\" sizes=\"auto, (max-width: 300px) 100vw, 300px\" \/><\/a><figcaption id=\"caption-attachment-1872\" class=\"wp-caption-text\">Adieu S10 &#8230; loyal serviteur<\/figcaption><\/figure>\n<p><em>Depuis que j&rsquo;avais appris sa sortie qui s&rsquo;est longuement fait attendre, je savais que je craquerai&#8230; Je l&rsquo;ai command\u00e9 d\u00e8s qu&rsquo;il est arriv\u00e9 en Europe et\u00a0je suis all\u00e9 le chercher \u00e0 Bruxelles :\u00a0<\/em><em>l&rsquo;<a href=\"http:\/\/www.aurender.com\/page\/n10\" target=\"_blank\" rel=\"noopener\"><strong>Aurender N10<\/strong>\u00a0<\/a>remplace d\u00e9sormais\u00a0mon S10 qui a d\u00e9livr\u00e9 de nombreuses heures de bonheur mais qui est vraiment surpass\u00e9 par sa descendance !<\/em><\/p>\n<figure id=\"attachment_1878\" aria-describedby=\"caption-attachment-1878\" style=\"width: 300px\" class=\"wp-caption alignleft\"><a href=\"http:\/\/www.living-leedh.com\/wp-content\/uploads\/2015\/03\/Aurender-N10.jpg\"><img loading=\"lazy\" decoding=\"async\" class=\"size-medium wp-image-1878\" src=\"http:\/\/www.living-leedh.com\/wp-content\/uploads\/2015\/03\/Aurender-N10-300x102.jpg\" alt=\"La filiation du N10 est \u00e9vidente sur le plan esth\u00e9tique \" width=\"300\" height=\"102\" srcset=\"https:\/\/www.living-leedh.com\/wp-content\/uploads\/2015\/03\/Aurender-N10-300x102.jpg 300w, https:\/\/www.living-leedh.com\/wp-content\/uploads\/2015\/03\/Aurender-N10.jpg 1024w, https:\/\/www.living-leedh.com\/wp-content\/uploads\/2015\/03\/Aurender-N10-400x136.jpg 400w\" sizes=\"auto, (max-width: 300px) 100vw, 300px\" \/><\/a><figcaption id=\"caption-attachment-1878\" class=\"wp-caption-text\">La filiation du N10 est \u00e9vidente sur le plan esth\u00e9tique<\/figcaption><\/figure>\n<p><em>Je m&rsquo;abstiendrai de tout commentaire excessif mais l&rsquo;am\u00e9lioration est patente notamment\u00a0en ce qui concerne\u00a0la densit\u00e9 du son. La sc\u00e8ne sonore plus palpable n&rsquo;a en rien perdu de sa d\u00e9finition\u00a0qui \u00e9tait d\u00e9j\u00e0\u00a0tr\u00e8s bonne. La\u00a0musique qui \u00e9tait d\u00e9licate au point, parfois, de manquer d&rsquo;autorit\u00e9 et de basse (malgr\u00e9 le caisson)\u00a0est beaucoup plus \u00e9quilibr\u00e9e. Avis donc aux Leedhers, si\u00a0vous \u00eates tent\u00e9 ou simplement curieux\u00a0par ce bel objet, rien ne vaut une \u00e9coute : Je vous recevrai avec le plus grand plaisir pour des heures de musique\u00a0(encore que vu le d\u00e9bit de ma ligne ADSL, je ne peux m\u00eame plus vous proposer\u00a0du streaming HD de QOBUZ&#8230;). <\/em><\/p>\n<p><a href=\"http:\/\/www.living-leedh.com\/wp-content\/uploads\/2015\/03\/general2.jpg\"><img loading=\"lazy\" decoding=\"async\" class=\"size-medium wp-image-2186 alignleft\" src=\"http:\/\/www.living-leedh.com\/wp-content\/uploads\/2015\/03\/general2-300x214.jpg\" alt=\"general2\" width=\"300\" height=\"214\" srcset=\"https:\/\/www.living-leedh.com\/wp-content\/uploads\/2015\/03\/general2-300x214.jpg 300w, https:\/\/www.living-leedh.com\/wp-content\/uploads\/2015\/03\/general2.jpg 1024w, https:\/\/www.living-leedh.com\/wp-content\/uploads\/2015\/03\/general2-400x285.jpg 400w\" sizes=\"auto, (max-width: 300px) 100vw, 300px\" \/><\/a><u><\/u><\/p>\n<p><u><em>Octobre 2015 :<\/em> <\/u><em>Cloison abattue, l&rsquo;espace est\u00a0d\u00e9sormais plus rationnel. Les c\u00e2bles LEEDH sont venus compl\u00e9ter\u00a0pour \u00ab\u00a0une restitution d&rsquo;un naturel confondant &#8230;\u00a0\u00bb comme diraient certains critiques<\/em>\u00a0:p<\/p>\n<p><a href=\"http:\/\/www.living-leedh.com\/wp-content\/uploads\/2015\/03\/dec2015.jpg\"><img loading=\"lazy\" decoding=\"async\" class=\"size-medium wp-image-2759 alignright\" src=\"http:\/\/www.living-leedh.com\/wp-content\/uploads\/2015\/03\/dec2015-300x225.jpg\" alt=\"dec2015\" width=\"300\" height=\"225\" srcset=\"https:\/\/www.living-leedh.com\/wp-content\/uploads\/2015\/03\/dec2015-300x225.jpg 300w, https:\/\/www.living-leedh.com\/wp-content\/uploads\/2015\/03\/dec2015.jpg 1024w, https:\/\/www.living-leedh.com\/wp-content\/uploads\/2015\/03\/dec2015-400x300.jpg 400w\" sizes=\"auto, (max-width: 300px) 100vw, 300px\" \/><\/a>Evolution d\u00e9but <span style=\"text-decoration: underline;\">d\u00e9cembre 2015<\/span>, renversement dans la pi\u00e8ce. <span style=\"color: #000000; font-family: Times New Roman;\">\u00ab\u00a0<\/span><em>L&rsquo;\u00e9crin est d\u00e9sormais mieux assorti aux joyaux musicaux que diffusent les Leedh et leur caisson !\u00a0 <\/em><em>Les travaux ont consist\u00e9\u00a0\u00e0 isoler phoniquement le mur (mitoyen) avec un rev\u00eatement en ouate\u00a0synth\u00e9tique de 50 mm, ECOPEG 39, compress\u00e9e par des plaques de pl\u00e2tre Diamant Phonik.\u00a0Le relief est assur\u00e9 par un parement\u00a0adh\u00e9sif en bois massif quadricolore de 10 et 20 mm. Si l&rsquo;esth\u00e9tique est la principale gagnante, l&rsquo;acoustique y a \u00e9galement trouv\u00e9 son compte. Il s&rsquo;y ajoute\u00a0un changement de la disposition des panneaux PYT et quelques permutations au niveau des supports,\u00a0si bien que\u00a0la mati\u00e8re et le r\u00e9alisme ont atteint un nouveau palier. <\/em><em>Je pensais que cela calmerait pour un temps mes\u00a0pulsions perfectionnistes&#8230; las, ce temps appartient au pass\u00e9 et j&rsquo;ai d\u00e9j\u00e0 remis d&rsquo;autres projets sur l&rsquo;ouvrage !\u00a0Il faut bien\u00a0animer sa page sur son\u00a0site pr\u00e9f\u00e9r\u00e9, non ?\u00a0<\/em><span style=\"color: #000000; font-family: Times New Roman;\">\u00a0\u00bb\u00a0<\/span><\/p>\n<p>D&rsquo;autres <a href=\"https:\/\/www.noir-et-blanc.com\/blog\/aurender-n10-chainon-manquant\" target=\"_blank\" rel=\"noopener\">photos et reportage l\u00e0<\/a>.<\/p>\n<p><strong>Contacter<\/strong> Lhanslo (Gilles)<\/p>\n<div role=\"form\" class=\"wpcf7\" id=\"wpcf7-f432-o1\" lang=\"fr-FR\" dir=\"ltr\">\n<div class=\"screen-reader-response\"><p role=\"status\" aria-live=\"polite\" aria-atomic=\"true\"><\/p> <ul><\/ul><\/div>\n<form action=\"\/index.php?rest_route=%2Fwp%2Fv2%2Fpages%2F415#wpcf7-f432-o1\" method=\"post\" class=\"wpcf7-form init\" novalidate=\"novalidate\" data-status=\"init\">\n<div style=\"display: none;\">\n<input type=\"hidden\" name=\"_wpcf7\" value=\"432\" \/>\n<input type=\"hidden\" name=\"_wpcf7_version\" value=\"5.5.6\" \/>\n<input type=\"hidden\" name=\"_wpcf7_locale\" value=\"fr_FR\" \/>\n<input type=\"hidden\" name=\"_wpcf7_unit_tag\" value=\"wpcf7-f432-o1\" \/>\n<input type=\"hidden\" name=\"_wpcf7_container_post\" value=\"0\" \/>\n<input type=\"hidden\" name=\"_wpcf7_posted_data_hash\" value=\"\" \/>\n<input type=\"hidden\" name=\"_wpcf7_recaptcha_response\" value=\"\" \/>\n<\/div>\n<p>Votre nom*<br \/>\n    <span class=\"wpcf7-form-control-wrap your-name\"><input type=\"text\" name=\"your-name\" value=\"\" size=\"40\" class=\"wpcf7-form-control wpcf7-text wpcf7-validates-as-required\" aria-required=\"true\" aria-invalid=\"false\" \/><\/span> <\/p>\n<p>Votre email*<br \/>\n    <span class=\"wpcf7-form-control-wrap your-email\"><input type=\"email\" name=\"your-email\" value=\"\" size=\"40\" class=\"wpcf7-form-control wpcf7-text wpcf7-email wpcf7-validates-as-required wpcf7-validates-as-email\" aria-required=\"true\" aria-invalid=\"false\" \/><\/span> <\/p>\n<p>Sujet*<br \/>\n    <span class=\"wpcf7-form-control-wrap your-subject\"><input type=\"text\" name=\"your-subject\" value=\"\" size=\"40\" class=\"wpcf7-form-control wpcf7-text wpcf7-validates-as-required\" aria-required=\"true\" aria-invalid=\"false\" \/><\/span> <\/p>\n<p>Votre message<br \/>\n    <span class=\"wpcf7-form-control-wrap your-message\"><textarea name=\"your-message\" cols=\"40\" rows=\"10\" class=\"wpcf7-form-control wpcf7-textarea\" aria-invalid=\"false\"><\/textarea><\/span> <\/p>\n\n<p><input type=\"submit\" value=\"Envoyer\" class=\"wpcf7-form-control has-spinner wpcf7-submit\" \/><\/p>\n<p style=\"display: none !important;\"><label>&#916;<textarea name=\"_wpcf7_ak_hp_textarea\" cols=\"45\" rows=\"8\" maxlength=\"100\"><\/textarea><\/label><input type=\"hidden\" id=\"ak_js_1\" name=\"_wpcf7_ak_js\" value=\"64\"\/><script>document.getElementById( \"ak_js_1\" ).setAttribute( \"value\", ( new Date() ).getTime() );<\/script><\/p><div class=\"wpcf7-response-output\" aria-hidden=\"true\"><\/div><\/form><\/div>\n","protected":false},"excerpt":{"rendered":"<p>Depuis Gilles est rentr\u00e9 en France. Au fond, les Belges ne sont pas si &#8230; press\u00e9s de Bruxelles Gilles s&rsquo;est int\u00e9ress\u00e9 de longue date \u00e0 la haute-fid\u00e9lit\u00e9,\u00a0 mais d&rsquo;autres passions l&rsquo;ont pr\u00e9c\u00e9d\u00e9e dans ses investissements plaisir. Il a commenc\u00e9 timidement\u00a0et au moindre effort avec l&rsquo;achat du r\u00e9volutionnaire\u00a0(pour l&rsquo;\u00e9poque pas si ancienne) Naim Uniti et une &hellip; <a href=\"https:\/\/www.living-leedh.com\/?page_id=415\" class=\"more-link\">Continuer la lecture de <span class=\"screen-reader-text\">Lhanslo<\/span>  <span class=\"meta-nav\">&rarr;<\/span><\/a><\/p>\n","protected":false},"author":1,"featured_media":0,"parent":0,"menu_order":0,"comment_status":"open","ping_status":"open","template":"page-templates\/full-width.php","meta":{"_bbp_topic_count":0,"_bbp_reply_count":0,"_bbp_total_topic_count":0,"_bbp_total_reply_count":0,"_bbp_voice_count":0,"_bbp_anonymous_reply_count":0,"_bbp_topic_count_hidden":0,"_bbp_reply_count_hidden":0,"_bbp_forum_subforum_count":0,"footnotes":""},"class_list":["post-415","page","type-page","status-publish","hentry"],"_links":{"self":[{"href":"https:\/\/www.living-leedh.com\/index.php?rest_route=\/wp\/v2\/pages\/415","targetHints":{"allow":["GET"]}}],"collection":[{"href":"https:\/\/www.living-leedh.com\/index.php?rest_route=\/wp\/v2\/pages"}],"about":[{"href":"https:\/\/www.living-leedh.com\/index.php?rest_route=\/wp\/v2\/types\/page"}],"author":[{"embeddable":true,"href":"https:\/\/www.living-leedh.com\/index.php?rest_route=\/wp\/v2\/users\/1"}],"replies":[{"embeddable":true,"href":"https:\/\/www.living-leedh.com\/index.php?rest_route=%2Fwp%2Fv2%2Fcomments&post=415"}],"version-history":[{"count":57,"href":"https:\/\/www.living-leedh.com\/index.php?rest_route=\/wp\/v2\/pages\/415\/revisions"}],"predecessor-version":[{"id":7442,"href":"https:\/\/www.living-leedh.com\/index.php?rest_route=\/wp\/v2\/pages\/415\/revisions\/7442"}],"wp:attachment":[{"href":"https:\/\/www.living-leedh.com\/index.php?rest_route=%2Fwp%2Fv2%2Fmedia&parent=415"}],"curies":[{"name":"wp","href":"https:\/\/api.w.org\/{rel}","templated":true}]}}