{"id":4276,"date":"2017-02-01T14:33:30","date_gmt":"2017-02-01T13:33:30","guid":{"rendered":"http:\/\/www.living-leedh.com\/?page_id=4276"},"modified":"2019-01-07T16:08:09","modified_gmt":"2019-01-07T15:08:09","slug":"audience-iii","status":"publish","type":"page","link":"https:\/\/www.living-leedh.com\/?page_id=4276","title":{"rendered":"Audience III"},"content":{"rendered":"<h5><strong>Histoire d&rsquo;une restauration<br \/>\n<\/strong><\/h5>\n<p>par Nicolas L.<\/p>\n<p>Il ne reste que tr\u00e8s peu <a href=\"http:\/\/www.living-leedh.com\/wp-content\/uploads\/2019\/01\/Leedh_Audience_b.pdf\" target=\"_blank\" rel=\"noopener\">d&rsquo;informations<\/a> (AudioBulletin n\u00b09&amp;10, 1978)\u00a0 sur le mod\u00e8le Audience du nom de la soci\u00e9t\u00e9 cr\u00e9\u00e9e par Gilles Milot et <a href=\"http:\/\/www.ybahifi.com\/about-yba\/\" target=\"_blank\" rel=\"noopener\">Yves Bernard Andr\u00e9<\/a>.<br \/>\nNicolas nous livre ci-dessous son \u00ab\u00a0combat\u00a0\u00bb pour restaurer une paire ayant beaucoup souffert.<\/p>\n<p><strong>Phase 1 : satellite m\u00e9dium-aigu<\/strong><\/p>\n<figure id=\"attachment_4277\" aria-describedby=\"caption-attachment-4277\" style=\"width: 318px\" class=\"wp-caption alignleft\"><a href=\"http:\/\/www.living-leedh.com\/wp-content\/uploads\/2016\/08\/p1040184.jpg\"><img loading=\"lazy\" decoding=\"async\" class=\"wp-image-4277\" src=\"http:\/\/www.living-leedh.com\/wp-content\/uploads\/2016\/08\/p1040184.jpg\" alt=\"p1040184\" width=\"318\" height=\"343\" \/><\/a><figcaption id=\"caption-attachment-4277\" class=\"wp-caption-text\">Elles sont seulement depuis quelques jours d\u00e9connect\u00e9es, mais me manquent d\u00e9j\u00e0.<\/figcaption><\/figure>\n<p>&nbsp;<\/p>\n<p>&nbsp;<\/p>\n<p>&nbsp;<\/p>\n<p>&nbsp;<\/p>\n<p>&nbsp;<\/p>\n<p>&nbsp;<\/p>\n<p>&nbsp;<\/p>\n<p>&nbsp;<\/p>\n<p>&nbsp;<\/p>\n<p>&nbsp;<\/p>\n<p>&nbsp;<\/p>\n<p><em>\u00ab\u00a0J&rsquo;attaque par le petit morceau, le satellite m\u00e9dium aigu. J&rsquo;ai pu d\u00e9gotter une paire de WFR12, ceux d&rsquo;origine dans les enceintes \u00e9tant devenus carr\u00e9s. En fait ils ont du \u00eatre stock\u00e9s dans un endroit humide. La membrane s&rsquo;est d\u00e9form\u00e9e en cr\u00e9ant des plis. En soulevant l&rsquo;enceinte satellite on observe en effet un bois verdi par l&rsquo;humidit\u00e9. Il \u00e9tait temps que j&rsquo;arrive, hein !<a href=\"http:\/\/www.living-leedh.com\/wp-content\/uploads\/2016\/08\/p1040044.jpg\"><img loading=\"lazy\" decoding=\"async\" class=\"size-full wp-image-5112 alignright\" src=\"http:\/\/www.living-leedh.com\/wp-content\/uploads\/2016\/08\/p1040044.jpg\" alt=\"\" width=\"1024\" height=\"768\" srcset=\"https:\/\/www.living-leedh.com\/wp-content\/uploads\/2016\/08\/p1040044.jpg 1024w, https:\/\/www.living-leedh.com\/wp-content\/uploads\/2016\/08\/p1040044-300x225.jpg 300w, https:\/\/www.living-leedh.com\/wp-content\/uploads\/2016\/08\/p1040044-768x576.jpg 768w, https:\/\/www.living-leedh.com\/wp-content\/uploads\/2016\/08\/p1040044-400x300.jpg 400w\" sizes=\"auto, (max-width: 1024px) 100vw, 1024px\" \/><\/a><\/em><br \/>\n<em>Pon\u00e7age \u00e0 la main au gros grain pour enlever cette couche de peinture noire, \u00e9tal\u00e9e \u00e0 la va vite. 80 puis 120 et enfin premi\u00e8re couche d\u2019appr\u00eat. J&rsquo;aurais du faire un bon rebouchage mais je saute cette \u00e9tape. J&rsquo;aime que les choses racontent leur histoire.<\/em><\/p>\n<p><a href=\"http:\/\/www.living-leedh.com\/wp-content\/uploads\/2017\/02\/p1040075.jpg\"><img loading=\"lazy\" decoding=\"async\" class=\"alignnone size-full wp-image-5115\" src=\"http:\/\/www.living-leedh.com\/wp-content\/uploads\/2017\/02\/p1040075.jpg\" alt=\"\" width=\"1024\" height=\"768\" srcset=\"https:\/\/www.living-leedh.com\/wp-content\/uploads\/2017\/02\/p1040075.jpg 1024w, https:\/\/www.living-leedh.com\/wp-content\/uploads\/2017\/02\/p1040075-300x225.jpg 300w, https:\/\/www.living-leedh.com\/wp-content\/uploads\/2017\/02\/p1040075-768x576.jpg 768w, https:\/\/www.living-leedh.com\/wp-content\/uploads\/2017\/02\/p1040075-400x300.jpg 400w\" sizes=\"auto, (max-width: 1024px) 100vw, 1024px\" \/><\/a><em>Le noir me parait d&rsquo;ailleurs tr\u00e8s bien aussi. Laque ou pas laque ? On verra. Pour le moment la quatri\u00e8me couche d\u2019appr\u00eat doit \u00eatre appliqu\u00e9e.<a href=\"http:\/\/www.living-leedh.com\/wp-content\/uploads\/2017\/02\/p1040272.jpg\"><img loading=\"lazy\" decoding=\"async\" class=\"alignnone size-full wp-image-5127\" src=\"http:\/\/www.living-leedh.com\/wp-content\/uploads\/2017\/02\/p1040272.jpg\" alt=\"\" width=\"4000\" height=\"3000\" srcset=\"https:\/\/www.living-leedh.com\/wp-content\/uploads\/2017\/02\/p1040272.jpg 4000w, https:\/\/www.living-leedh.com\/wp-content\/uploads\/2017\/02\/p1040272-300x225.jpg 300w, https:\/\/www.living-leedh.com\/wp-content\/uploads\/2017\/02\/p1040272-768x576.jpg 768w, https:\/\/www.living-leedh.com\/wp-content\/uploads\/2017\/02\/p1040272-1024x768.jpg 1024w, https:\/\/www.living-leedh.com\/wp-content\/uploads\/2017\/02\/p1040272-400x300.jpg 400w\" sizes=\"auto, (max-width: 4000px) 100vw, 4000px\" \/><\/a><\/em><\/p>\n<p><em>En parall\u00e8le, <a href=\"http:\/\/www.living-leedh.com\/wp-content\/uploads\/2017\/02\/p1040062.jpg\"><img loading=\"lazy\" decoding=\"async\" class=\"size-full wp-image-5128 alignright\" src=\"http:\/\/www.living-leedh.com\/wp-content\/uploads\/2017\/02\/p1040062.jpg\" alt=\"\" width=\"4000\" height=\"3000\" srcset=\"https:\/\/www.living-leedh.com\/wp-content\/uploads\/2017\/02\/p1040062.jpg 4000w, https:\/\/www.living-leedh.com\/wp-content\/uploads\/2017\/02\/p1040062-300x225.jpg 300w, https:\/\/www.living-leedh.com\/wp-content\/uploads\/2017\/02\/p1040062-768x576.jpg 768w, https:\/\/www.living-leedh.com\/wp-content\/uploads\/2017\/02\/p1040062-1024x768.jpg 1024w, https:\/\/www.living-leedh.com\/wp-content\/uploads\/2017\/02\/p1040062-400x300.jpg 400w\" sizes=\"auto, (max-width: 4000px) 100vw, 4000px\" \/><\/a>une petite restauration surtout pr\u00e9ventive des WFR12. <\/em><\/p>\n<p><em>Un peu d&rsquo;antirouille et quelques retouches de peinture noire. Ils font 6 Ohms les bougres et je n&rsquo;ai aucune id\u00e9e de l&rsquo;impact que cela aura sur la r\u00e9ponse en fr\u00e9quence et l\u2019imp\u00e9dance vues de l&rsquo;ampli. Quoi qu&rsquo;il en soit, j&rsquo;ai pr\u00e9vu quelques r\u00e9sistances Vishay autour de 20 Ohms.<\/em><\/p>\n<p><em>Ah oui, ces enceintes vont \u00eatre driv\u00e9es par deux YBA Int\u00e9gr\u00e9, en bi-amplification. Un ampli se charge de la voie droite pendant que l&rsquo;autre alimente la voie gauche. Pour le moment un YBA est en pi\u00e8ce et attend quelques-uns de ses organes vitaux.<\/em><\/p>\n<p><em><a href=\"http:\/\/www.living-leedh.com\/wp-content\/uploads\/2017\/02\/p1040091.jpg\"><img loading=\"lazy\" decoding=\"async\" class=\"alignnone size-full wp-image-5113\" src=\"http:\/\/www.living-leedh.com\/wp-content\/uploads\/2017\/02\/p1040091.jpg\" alt=\"\" width=\"1024\" height=\"768\" srcset=\"https:\/\/www.living-leedh.com\/wp-content\/uploads\/2017\/02\/p1040091.jpg 1024w, https:\/\/www.living-leedh.com\/wp-content\/uploads\/2017\/02\/p1040091-300x225.jpg 300w, https:\/\/www.living-leedh.com\/wp-content\/uploads\/2017\/02\/p1040091-768x576.jpg 768w, https:\/\/www.living-leedh.com\/wp-content\/uploads\/2017\/02\/p1040091-400x300.jpg 400w\" sizes=\"auto, (max-width: 1024px) 100vw, 1024px\" \/><\/a>L&rsquo;un des tweeters Audax avait une membrane froiss\u00e9e. Je me suis dit qu&rsquo;il serait bien de le remplacer. Un TW8B en 4 Ohms, \u00e7a ne court pas les rues. J&rsquo;en trouve un sur Leboncoin, mais la chance ne fut pas enti\u00e8re. En effet je d\u00e9couvre apr\u00e8s l&rsquo;avoir nettoy\u00e9 que la membrane est bloqu\u00e9e. Je pensais \u00e0 une bobine HS mais en r\u00e9alit\u00e9 je me suis aper\u00e7u apr\u00e8s d\u00e9montage du moteur que le probl\u00e8me venait d&rsquo;ailleurs. Bien s\u00fbr, j&rsquo;ai contact\u00e9 le vendeur, qui \u00e0 r\u00e9torqu\u00e9 \u00ab\u00a0Mais comment voulez vous que je sois s\u00fbr que c&rsquo;est le tweeter que je vous ai vendu si vous l&rsquo;avez nettoy\u00e9 et repeint\u00a0\u00bb .Ainsi soit-il. Je d\u00e9couvre donc apr\u00e8s le d\u00e9montage du moteur qu&rsquo;en fait la bobine est bloqu\u00e9e dans l&rsquo;entrefer. L&rsquo;aimant s&rsquo;est d\u00e9coll\u00e9, puis \u00e0 gliss\u00e9 vers un bord pour prendre en \u00e9tau la bobine. Je veux bien que le vendeur ait test\u00e9 ce tweeter avant de le vendre, mais qu&rsquo;\u00e0- t- il entendu exactement ? Le genre de son que l&rsquo;on entend dans les coquillages ? Bon bref, apr\u00e8s quelques recherches sur internet, je trouve quelques images montrant ce TW8B dans un dr\u00f4le d&rsquo;objet en bois. \u00c7a fait du bien de ne plus \u00eatre seul au monde face \u00e0 ses probl\u00e8mes ! Je passe quelques heures avant de m&rsquo;endormir \u00e0 me demander comment construire cet objet avec ce que j&rsquo;ai sous la main et sans monopoliser mes outils de production. Apr\u00e8s avoir saisi puis repos\u00e9 diff\u00e9rents objets, j&rsquo;en saisi un qui me semble plut\u00f4t pas trop mal. Un touret de PLA EmotionTech ferait peut \u00eatre bien l&rsquo;affaire. Scie \u00e0 m\u00e9taux dans une main, perceuse dans l&rsquo;autre et c&rsquo;est parti. Une premi\u00e8re mise en place est n\u00e9cessaire afin de proc\u00e9der au marquage des vis de centrage. <a href=\"http:\/\/www.living-leedh.com\/wp-content\/uploads\/2017\/02\/p1040083.jpg\"><img loading=\"lazy\" decoding=\"async\" class=\"size-full wp-image-5116 aligncenter\" src=\"http:\/\/www.living-leedh.com\/wp-content\/uploads\/2017\/02\/p1040083.jpg\" alt=\"\" width=\"1024\" height=\"768\" srcset=\"https:\/\/www.living-leedh.com\/wp-content\/uploads\/2017\/02\/p1040083.jpg 1024w, https:\/\/www.living-leedh.com\/wp-content\/uploads\/2017\/02\/p1040083-300x225.jpg 300w, https:\/\/www.living-leedh.com\/wp-content\/uploads\/2017\/02\/p1040083-768x576.jpg 768w, https:\/\/www.living-leedh.com\/wp-content\/uploads\/2017\/02\/p1040083-400x300.jpg 400w\" sizes=\"auto, (max-width: 1024px) 100vw, 1024px\" \/><\/a><\/em><em>On d\u00e9monte d\u00e9licatement l&rsquo;aimant pour la mise en place de la colle Epoxy. Masque et gants sont de rigueur avec ces trucs l\u00e0. Ensuite, vient la remise en place et l\u00e0, on croise les doigts pour ne pas tout rater. Il faut rechercher la position la plus ad\u00e9quate pour recentrer l&rsquo;aimant avant que la colle Epoxy ne prenne. Bien sur les rep\u00e8res du premier positionnement sont l\u00e0 pour aider. Marquage au blanc sur les vis et le moteur, tout simplement. Le d\u00f4me peut \u00eatre d\u00e9coll\u00e9 pour visualiser le positionnement. J&rsquo;ai pr\u00e9f\u00e9r\u00e9 pour ma part \u00e9viter cette \u00e9tape qui risquait d\u2019endommager la membrane.\u00a0\u00bb<\/em><\/p>\n<div id='gallery-1' class='gallery galleryid-4276 gallery-columns-3 gallery-size-thumbnail'><figure class='gallery-item'>\n\t\t\t<div class='gallery-icon landscape'>\n\t\t\t\t<a href='https:\/\/www.living-leedh.com\/?attachment_id=5117'><img loading=\"lazy\" decoding=\"async\" width=\"150\" height=\"150\" src=\"https:\/\/www.living-leedh.com\/wp-content\/uploads\/2017\/02\/p1040143-150x150.jpg\" class=\"attachment-thumbnail size-thumbnail\" alt=\"\" srcset=\"https:\/\/www.living-leedh.com\/wp-content\/uploads\/2017\/02\/p1040143-150x150.jpg 150w, https:\/\/www.living-leedh.com\/wp-content\/uploads\/2017\/02\/p1040143-200x200.jpg 200w\" sizes=\"auto, (max-width: 150px) 100vw, 150px\" \/><\/a>\n\t\t\t<\/div><\/figure><figure class='gallery-item'>\n\t\t\t<div class='gallery-icon landscape'>\n\t\t\t\t<a href='https:\/\/www.living-leedh.com\/?attachment_id=5118'><img loading=\"lazy\" decoding=\"async\" width=\"150\" height=\"150\" src=\"https:\/\/www.living-leedh.com\/wp-content\/uploads\/2017\/02\/p1040144-150x150.jpg\" class=\"attachment-thumbnail size-thumbnail\" alt=\"\" srcset=\"https:\/\/www.living-leedh.com\/wp-content\/uploads\/2017\/02\/p1040144-150x150.jpg 150w, https:\/\/www.living-leedh.com\/wp-content\/uploads\/2017\/02\/p1040144-200x200.jpg 200w\" sizes=\"auto, (max-width: 150px) 100vw, 150px\" \/><\/a>\n\t\t\t<\/div><\/figure><figure class='gallery-item'>\n\t\t\t<div class='gallery-icon landscape'>\n\t\t\t\t<a href='https:\/\/www.living-leedh.com\/?attachment_id=5119'><img loading=\"lazy\" decoding=\"async\" width=\"150\" height=\"150\" src=\"https:\/\/www.living-leedh.com\/wp-content\/uploads\/2017\/02\/p1040158-150x150.jpg\" class=\"attachment-thumbnail size-thumbnail\" alt=\"\" srcset=\"https:\/\/www.living-leedh.com\/wp-content\/uploads\/2017\/02\/p1040158-150x150.jpg 150w, https:\/\/www.living-leedh.com\/wp-content\/uploads\/2017\/02\/p1040158-200x200.jpg 200w\" sizes=\"auto, (max-width: 150px) 100vw, 150px\" \/><\/a>\n\t\t\t<\/div><\/figure>\n\t\t<\/div>\n\n<p>En \u00e9coute, <a href=\"http:\/\/www.living-leedh.com\/wp-content\/uploads\/2017\/02\/p1040492.jpg\"><img loading=\"lazy\" decoding=\"async\" class=\"alignnone size-full wp-image-5136\" src=\"http:\/\/www.living-leedh.com\/wp-content\/uploads\/2017\/02\/p1040492.jpg\" alt=\"\" width=\"4000\" height=\"3000\" srcset=\"https:\/\/www.living-leedh.com\/wp-content\/uploads\/2017\/02\/p1040492.jpg 4000w, https:\/\/www.living-leedh.com\/wp-content\/uploads\/2017\/02\/p1040492-300x225.jpg 300w, https:\/\/www.living-leedh.com\/wp-content\/uploads\/2017\/02\/p1040492-768x576.jpg 768w, https:\/\/www.living-leedh.com\/wp-content\/uploads\/2017\/02\/p1040492-1024x768.jpg 1024w, https:\/\/www.living-leedh.com\/wp-content\/uploads\/2017\/02\/p1040492-400x300.jpg 400w\" sizes=\"auto, (max-width: 4000px) 100vw, 4000px\" \/><\/a><\/p>\n<p>\u00e0 suivre &#8230;<\/p>\n<p>Contacter Nicolas<br \/>\n<div role=\"form\" class=\"wpcf7\" id=\"wpcf7-f4286-o1\" lang=\"fr-FR\" dir=\"ltr\">\n<div class=\"screen-reader-response\"><p role=\"status\" aria-live=\"polite\" aria-atomic=\"true\"><\/p> <ul><\/ul><\/div>\n<form action=\"\/index.php?rest_route=%2Fwp%2Fv2%2Fpages%2F4276#wpcf7-f4286-o1\" method=\"post\" class=\"wpcf7-form init\" novalidate=\"novalidate\" data-status=\"init\">\n<div style=\"display: none;\">\n<input type=\"hidden\" name=\"_wpcf7\" value=\"4286\" \/>\n<input type=\"hidden\" name=\"_wpcf7_version\" value=\"5.5.6\" \/>\n<input type=\"hidden\" name=\"_wpcf7_locale\" value=\"fr_FR\" \/>\n<input type=\"hidden\" name=\"_wpcf7_unit_tag\" value=\"wpcf7-f4286-o1\" \/>\n<input type=\"hidden\" name=\"_wpcf7_container_post\" value=\"0\" \/>\n<input type=\"hidden\" name=\"_wpcf7_posted_data_hash\" value=\"\" \/>\n<input type=\"hidden\" name=\"_wpcf7_recaptcha_response\" value=\"\" \/>\n<\/div>\n<p>Votre nom*<br \/>\n    <span class=\"wpcf7-form-control-wrap your-name\"><input type=\"text\" name=\"your-name\" value=\"\" size=\"40\" class=\"wpcf7-form-control wpcf7-text wpcf7-validates-as-required\" aria-required=\"true\" aria-invalid=\"false\" \/><\/span> <\/p>\n<p>Votre email*<br \/>\n    <span class=\"wpcf7-form-control-wrap your-email\"><input type=\"email\" name=\"your-email\" value=\"\" size=\"40\" class=\"wpcf7-form-control wpcf7-text wpcf7-email wpcf7-validates-as-required wpcf7-validates-as-email\" aria-required=\"true\" aria-invalid=\"false\" \/><\/span> <\/p>\n<p>Sujet*<br \/>\n    <span class=\"wpcf7-form-control-wrap your-subject\"><input type=\"text\" name=\"your-subject\" value=\"\" size=\"40\" class=\"wpcf7-form-control wpcf7-text wpcf7-validates-as-required\" aria-required=\"true\" aria-invalid=\"false\" \/><\/span> <\/p>\n<p>Votre message<br \/>\n    <span class=\"wpcf7-form-control-wrap your-message\"><textarea name=\"your-message\" cols=\"40\" rows=\"10\" class=\"wpcf7-form-control wpcf7-textarea\" aria-invalid=\"false\"><\/textarea><\/span> <\/p>\n\n<p><input type=\"submit\" value=\"Envoyer\" class=\"wpcf7-form-control has-spinner wpcf7-submit\" \/><\/p>\n<p style=\"display: none !important;\"><label>&#916;<textarea name=\"_wpcf7_ak_hp_textarea\" cols=\"45\" rows=\"8\" maxlength=\"100\"><\/textarea><\/label><input type=\"hidden\" id=\"ak_js_1\" name=\"_wpcf7_ak_js\" value=\"227\"\/><script>document.getElementById( \"ak_js_1\" ).setAttribute( \"value\", ( new Date() ).getTime() );<\/script><\/p><div class=\"wpcf7-response-output\" aria-hidden=\"true\"><\/div><\/form><\/div><\/p>\n","protected":false},"excerpt":{"rendered":"<p>Histoire d&rsquo;une restauration par Nicolas L. Il ne reste que tr\u00e8s peu d&rsquo;informations (AudioBulletin n\u00b09&amp;10, 1978)\u00a0 sur le mod\u00e8le Audience du nom de la soci\u00e9t\u00e9 cr\u00e9\u00e9e par Gilles Milot et Yves Bernard Andr\u00e9. Nicolas nous livre ci-dessous son \u00ab\u00a0combat\u00a0\u00bb pour restaurer une paire ayant beaucoup souffert. Phase 1 : satellite m\u00e9dium-aigu &nbsp; &nbsp; &nbsp; &nbsp; &hellip; <a href=\"https:\/\/www.living-leedh.com\/?page_id=4276\" class=\"more-link\">Continuer la lecture de <span class=\"screen-reader-text\">Audience III<\/span>  <span class=\"meta-nav\">&rarr;<\/span><\/a><\/p>\n","protected":false},"author":1,"featured_media":0,"parent":0,"menu_order":0,"comment_status":"open","ping_status":"closed","template":"","meta":{"_bbp_topic_count":0,"_bbp_reply_count":0,"_bbp_total_topic_count":0,"_bbp_total_reply_count":0,"_bbp_voice_count":0,"_bbp_anonymous_reply_count":0,"_bbp_topic_count_hidden":0,"_bbp_reply_count_hidden":0,"_bbp_forum_subforum_count":0,"footnotes":""},"class_list":["post-4276","page","type-page","status-publish","hentry"],"_links":{"self":[{"href":"https:\/\/www.living-leedh.com\/index.php?rest_route=\/wp\/v2\/pages\/4276","targetHints":{"allow":["GET"]}}],"collection":[{"href":"https:\/\/www.living-leedh.com\/index.php?rest_route=\/wp\/v2\/pages"}],"about":[{"href":"https:\/\/www.living-leedh.com\/index.php?rest_route=\/wp\/v2\/types\/page"}],"author":[{"embeddable":true,"href":"https:\/\/www.living-leedh.com\/index.php?rest_route=\/wp\/v2\/users\/1"}],"replies":[{"embeddable":true,"href":"https:\/\/www.living-leedh.com\/index.php?rest_route=%2Fwp%2Fv2%2Fcomments&post=4276"}],"version-history":[{"count":24,"href":"https:\/\/www.living-leedh.com\/index.php?rest_route=\/wp\/v2\/pages\/4276\/revisions"}],"predecessor-version":[{"id":6417,"href":"https:\/\/www.living-leedh.com\/index.php?rest_route=\/wp\/v2\/pages\/4276\/revisions\/6417"}],"wp:attachment":[{"href":"https:\/\/www.living-leedh.com\/index.php?rest_route=%2Fwp%2Fv2%2Fmedia&parent=4276"}],"curies":[{"name":"wp","href":"https:\/\/api.w.org\/{rel}","templated":true}]}}