{"id":4294,"date":"2016-08-30T13:44:14","date_gmt":"2016-08-30T11:44:14","guid":{"rendered":"http:\/\/www.living-leedh.com\/?page_id=4294"},"modified":"2016-08-30T13:44:14","modified_gmt":"2016-08-30T11:44:14","slug":"2015-2","status":"publish","type":"page","link":"https:\/\/www.living-leedh.com\/?page_id=4294","title":{"rendered":"2015"},"content":{"rendered":"<h1 class=\"entry-title\"><\/h1>\n<h5><a href=\"http:\/\/www.living-leedh.com\/?page_id=1182\">Munich High-End<\/a><\/h5>\n<h5><a href=\"http:\/\/www.living-leedh.com\/?page_id=1393\">Pont des Arts Sonores<\/a><\/h5>\n<h5><a href=\"http:\/\/www.living-leedh.com\/?page_id=2206\">Soir\u00e9e audiophile vinyles de jazz<\/a><\/h5>\n<h5><a href=\"http:\/\/www.living-leedh.com\/?page_id=659\">Salon Haute Fid\u00e9lit\u00e9 \u00ab\u00a0Marriott\u00a0\u00bb<\/a><\/h5>\n<h5><a href=\"http:\/\/www.living-leedh.com\/?page_id=2920\">Taipei Int\u2019l Hi-End Audio Show<\/a><\/h5>\n<p>&nbsp;<\/p>\n","protected":false},"excerpt":{"rendered":"<p>Munich High-End Pont des Arts Sonores Soir\u00e9e audiophile vinyles de jazz Salon Haute Fid\u00e9lit\u00e9 \u00ab\u00a0Marriott\u00a0\u00bb Taipei Int\u2019l Hi-End Audio Show &nbsp;<\/p>\n","protected":false},"author":1,"featured_media":0,"parent":0,"menu_order":0,"comment_status":"closed","ping_status":"closed","template":"","meta":{"_bbp_topic_count":0,"_bbp_reply_count":0,"_bbp_total_topic_count":0,"_bbp_total_reply_count":0,"_bbp_voice_count":0,"_bbp_anonymous_reply_count":0,"_bbp_topic_count_hidden":0,"_bbp_reply_count_hidden":0,"_bbp_forum_subforum_count":0,"footnotes":""},"class_list":["post-4294","page","type-page","status-publish","hentry"],"_links":{"self":[{"href":"https:\/\/www.living-leedh.com\/index.php?rest_route=\/wp\/v2\/pages\/4294","targetHints":{"allow":["GET"]}}],"collection":[{"href":"https:\/\/www.living-leedh.com\/index.php?rest_route=\/wp\/v2\/pages"}],"about":[{"href":"https:\/\/www.living-leedh.com\/index.php?rest_route=\/wp\/v2\/types\/page"}],"author":[{"embeddable":true,"href":"https:\/\/www.living-leedh.com\/index.php?rest_route=\/wp\/v2\/users\/1"}],"replies":[{"embeddable":true,"href":"https:\/\/www.living-leedh.com\/index.php?rest_route=%2Fwp%2Fv2%2Fcomments&post=4294"}],"version-history":[{"count":6,"href":"https:\/\/www.living-leedh.com\/index.php?rest_route=\/wp\/v2\/pages\/4294\/revisions"}],"predecessor-version":[{"id":4302,"href":"https:\/\/www.living-leedh.com\/index.php?rest_route=\/wp\/v2\/pages\/4294\/revisions\/4302"}],"wp:attachment":[{"href":"https:\/\/www.living-leedh.com\/index.php?rest_route=%2Fwp%2Fv2%2Fmedia&parent=4294"}],"curies":[{"name":"wp","href":"https:\/\/api.w.org\/{rel}","templated":true}]}}