{"id":4667,"date":"2016-11-04T09:42:03","date_gmt":"2016-11-04T08:42:03","guid":{"rendered":"http:\/\/www.living-leedh.com\/?page_id=4667"},"modified":"2018-03-15T17:10:49","modified_gmt":"2018-03-15T16:10:49","slug":"pont-optique-audiophile-et-son-alimentation","status":"publish","type":"page","link":"https:\/\/www.living-leedh.com\/?page_id=4667","title":{"rendered":"Je fais le pont&#8230; optique pour d\u00e9mat&rsquo; et ses alim&rsquo;"},"content":{"rendered":"<ol>\n<li><b>Le principe\u00a0:<br \/>\n<\/b>Si les donn\u00e9es num\u00e9riques ne sont compos\u00e9es que de 0 et de 1, il n&rsquo;en reste pas moins que les c\u00e2bles par lesquels transitent les donn\u00e9es (ethernet) sont sujets aux interf\u00e9rences \u00e9lectromagn\u00e9tiques de toutes provenances. Ces interf\u00e9rences, qui ne passent pas dans le flux des donn\u00e9es num\u00e9riques, polluent toutefois les circuits audios des ordinateurs et se retrouvent donc aux sorties analogiques . Le moyen est de filtrer ces perturbations et de limiter au maximum la longueur du dernier c\u00e2ble ethernet qui arrive \u00e0 la prise de l&rsquo;ordinateur. On utilise pour ce faire un pont optique, avec des modules convertisseurs de m\u00e9dias (ethernet\/optique, optique\/ethernet), les perturbations \u00e9lectromagn\u00e9tiques ne pouvant pas transiter par un c\u00e2ble optique. On arrive ainsi \u00e0 bloquer les perturbations qui se trouvent en amont du dernier bloc optique, soit celles provenant du NAS, du routeur, &#8230;<\/li>\n<\/ol>\n<ol>\n<li><b>Le mat\u00e9riel\u00a0 : <\/b>Il existe 2 possibilit\u00e9s. R\u00e9seau ethernet 10\/100 Mb ou r\u00e9seau ethernet Gigabit (1000 Mb)<\/li>\n<\/ol>\n<ul>\n<li>R\u00e9seau 10\/100\u00a0: Dans l&rsquo;ordre de la \u00ab\u00a0cha\u00eene\u00a0\u00bb\u00a0: un disque dur NAS, un c\u00e2ble ethernet, 1 routeur (\u00e0 partir de 17 \u20ac ) ou sa box internet, 1 c\u00e2ble ethernet, 1 convertisseur de m\u00e9dias (30 \u20ac), un c\u00e2ble optique double (10 \u20ac en 2m, moi j&rsquo;ai pris 60 cm, on peut aller jusqu&rsquo;\u00e0 20 km) &#8230;), un convertisseur de m\u00e9dias (30 \u20ac), 1 c\u00e2ble ethernet (le plus court possible et de bonne qualit\u00e9), un ordinateur avec prise ethernet, 1 logiciel de lecture (Audivarna, JRiver, etc.), et le reste DAC etc&#8230; Pour les convertisseurs de m\u00e9dias on pr\u00e9f\u00e9rera les modules monomode (1 c\u00e2ble \u00e9metteur, 1 c\u00e2ble r\u00e9cepteur) plut\u00f4t que multimode (transit des donn\u00e9es Rx\/Tx dans le m\u00eame c\u00e2ble optique).<br \/>\nAttention, en monomode les fibres doivent \u00eatre crois\u00e9es : Rx sur Tx et Tx sur Rx.<\/li>\n<\/ul>\n<p><em>Exemple de mat\u00e9riel\u00a0:<a href=\"https:\/\/www.amazon.fr\/TP-Link-MC110CS-Convertisseur-Optique-Monomode\/dp\/B00172Q5M2\" target=\"_blank\" rel=\"noopener\"> convertisseur de m\u00e9dias<\/a> (il en faut 2), <a href=\"https:\/\/www.amazon.fr\/gp\/product\/B001FWYGJS\/ref=oh_aui_search_detailpage?ie=UTF8&amp;psc=1\" target=\"_blank\" rel=\"noopener\">routeur<\/a>, <a href=\"https:\/\/www.amazon.fr\/gp\/product\/B00DR4MNTW\/ref=oh_aui_search_detailpage?ie=UTF8&amp;psc=1\" target=\"_blank\" rel=\"noopener\">c\u00e2ble optique double<\/a><\/em><\/p>\n<div id='gallery-1' class='gallery galleryid-4667 gallery-columns-3 gallery-size-thumbnail'><figure class='gallery-item'>\n\t\t\t<div class='gallery-icon landscape'>\n\t\t\t\t<a href='https:\/\/www.living-leedh.com\/?attachment_id=4671'><img loading=\"lazy\" decoding=\"async\" width=\"150\" height=\"150\" src=\"https:\/\/www.living-leedh.com\/wp-content\/uploads\/2016\/10\/MC110-150x150.jpg\" class=\"attachment-thumbnail size-thumbnail\" alt=\"\" aria-describedby=\"gallery-1-4671\" srcset=\"https:\/\/www.living-leedh.com\/wp-content\/uploads\/2016\/10\/MC110-150x150.jpg 150w, https:\/\/www.living-leedh.com\/wp-content\/uploads\/2016\/10\/MC110-200x200.jpg 200w\" sizes=\"auto, (max-width: 150px) 100vw, 150px\" \/><\/a>\n\t\t\t<\/div>\n\t\t\t\t<figcaption class='wp-caption-text gallery-caption' id='gallery-1-4671'>\n\t\t\t\tConvertisseur\n\t\t\t\t<\/figcaption><\/figure><figure class='gallery-item'>\n\t\t\t<div class='gallery-icon portrait'>\n\t\t\t\t<a href='https:\/\/www.living-leedh.com\/?attachment_id=4672'><img loading=\"lazy\" decoding=\"async\" width=\"150\" height=\"150\" src=\"https:\/\/www.living-leedh.com\/wp-content\/uploads\/2016\/10\/Routeur1-150x150.png\" class=\"attachment-thumbnail size-thumbnail\" alt=\"\" aria-describedby=\"gallery-1-4672\" srcset=\"https:\/\/www.living-leedh.com\/wp-content\/uploads\/2016\/10\/Routeur1-150x150.png 150w, https:\/\/www.living-leedh.com\/wp-content\/uploads\/2016\/10\/Routeur1-200x200.png 200w\" sizes=\"auto, (max-width: 150px) 100vw, 150px\" \/><\/a>\n\t\t\t<\/div>\n\t\t\t\t<figcaption class='wp-caption-text gallery-caption' id='gallery-1-4672'>\n\t\t\t\tRouteur\n\t\t\t\t<\/figcaption><\/figure><figure class='gallery-item'>\n\t\t\t<div class='gallery-icon landscape'>\n\t\t\t\t<a href='https:\/\/www.living-leedh.com\/?attachment_id=4670'><img loading=\"lazy\" decoding=\"async\" width=\"150\" height=\"150\" src=\"https:\/\/www.living-leedh.com\/wp-content\/uploads\/2016\/10\/cbleopto1-150x150.png\" class=\"attachment-thumbnail size-thumbnail\" alt=\"\" aria-describedby=\"gallery-1-4670\" srcset=\"https:\/\/www.living-leedh.com\/wp-content\/uploads\/2016\/10\/cbleopto1-150x150.png 150w, https:\/\/www.living-leedh.com\/wp-content\/uploads\/2016\/10\/cbleopto1-300x300.png 300w, https:\/\/www.living-leedh.com\/wp-content\/uploads\/2016\/10\/cbleopto1-768x768.png 768w, https:\/\/www.living-leedh.com\/wp-content\/uploads\/2016\/10\/cbleopto1-200x200.png 200w, https:\/\/www.living-leedh.com\/wp-content\/uploads\/2016\/10\/cbleopto1-400x400.png 400w, https:\/\/www.living-leedh.com\/wp-content\/uploads\/2016\/10\/cbleopto1.png 1000w\" sizes=\"auto, (max-width: 150px) 100vw, 150px\" \/><\/a>\n\t\t\t<\/div>\n\t\t\t\t<figcaption class='wp-caption-text gallery-caption' id='gallery-1-4670'>\n\t\t\t\tFibre optique\n\t\t\t\t<\/figcaption><\/figure>\n\t\t<\/div>\n\n<ul>\n<li>R\u00e9seau Gigabit\u00a0 : Bien que le d\u00e9bit de 100 Mb soit largement suffisant pour faire transiter des donn\u00e9es audios, certains pr\u00e9conisent d&rsquo;utiliser un r\u00e9seau Gigabit (10 fois plus rapide) essentiellement pour une meilleure isolation contre les perturbations. Liaison jusqu&rsquo;\u00e0 10 km. Et si l&rsquo;on veut aussi stocker des vid\u00e9os, c&rsquo;est beaucoup plus confortable.<br \/>\nLe co\u00fbt est l\u00e9g\u00e8rement sup\u00e9rieur (routeur environ 50 \u20ac, convertisseurs \u00e0 un prix identique \u00e0 quelques \u20ac pr\u00e8s, mais il faut des adaptateurs d\u00e9di\u00e9s pour les c\u00e2bles optiques en rajoutant des modules SFP pour connecter les fibres optiques (40 \u00e0 50\u20ac pi\u00e8ce).<br \/>\n<div id='gallery-2' class='gallery galleryid-4667 gallery-columns-3 gallery-size-thumbnail'><figure class='gallery-item'>\n\t\t\t<div class='gallery-icon landscape'>\n\t\t\t\t<a href='https:\/\/www.living-leedh.com\/?attachment_id=4676'><img loading=\"lazy\" decoding=\"async\" width=\"150\" height=\"150\" src=\"https:\/\/www.living-leedh.com\/wp-content\/uploads\/2016\/10\/Pont2-150x150.png\" class=\"attachment-thumbnail size-thumbnail\" alt=\"\" aria-describedby=\"gallery-2-4676\" srcset=\"https:\/\/www.living-leedh.com\/wp-content\/uploads\/2016\/10\/Pont2-150x150.png 150w, https:\/\/www.living-leedh.com\/wp-content\/uploads\/2016\/10\/Pont2-200x200.png 200w\" sizes=\"auto, (max-width: 150px) 100vw, 150px\" \/><\/a>\n\t\t\t<\/div>\n\t\t\t\t<figcaption class='wp-caption-text gallery-caption' id='gallery-2-4676'>\n\t\t\t\tPont Giga\n\t\t\t\t<\/figcaption><\/figure><figure class='gallery-item'>\n\t\t\t<div class='gallery-icon landscape'>\n\t\t\t\t<a href='https:\/\/www.living-leedh.com\/?attachment_id=4675'><img loading=\"lazy\" decoding=\"async\" width=\"150\" height=\"150\" src=\"https:\/\/www.living-leedh.com\/wp-content\/uploads\/2016\/10\/opto-150x150.png\" class=\"attachment-thumbnail size-thumbnail\" alt=\"\" aria-describedby=\"gallery-2-4675\" srcset=\"https:\/\/www.living-leedh.com\/wp-content\/uploads\/2016\/10\/opto-150x150.png 150w, https:\/\/www.living-leedh.com\/wp-content\/uploads\/2016\/10\/opto-200x200.png 200w\" sizes=\"auto, (max-width: 150px) 100vw, 150px\" \/><\/a>\n\t\t\t<\/div>\n\t\t\t\t<figcaption class='wp-caption-text gallery-caption' id='gallery-2-4675'>\n\t\t\t\tAdapatateur Giga\n\t\t\t\t<\/figcaption><\/figure><figure class='gallery-item'>\n\t\t\t<div class='gallery-icon landscape'>\n\t\t\t\t<a href='https:\/\/www.living-leedh.com\/?attachment_id=4678'><img loading=\"lazy\" decoding=\"async\" width=\"150\" height=\"150\" src=\"https:\/\/www.living-leedh.com\/wp-content\/uploads\/2016\/10\/Routeur2-150x150.png\" class=\"attachment-thumbnail size-thumbnail\" alt=\"\" aria-describedby=\"gallery-2-4678\" srcset=\"https:\/\/www.living-leedh.com\/wp-content\/uploads\/2016\/10\/Routeur2-150x150.png 150w, https:\/\/www.living-leedh.com\/wp-content\/uploads\/2016\/10\/Routeur2.png 160w\" sizes=\"auto, (max-width: 150px) 100vw, 150px\" \/><\/a>\n\t\t\t<\/div>\n\t\t\t\t<figcaption class='wp-caption-text gallery-caption' id='gallery-2-4678'>\n\t\t\t\tRouteurGiga\n\t\t\t\t<\/figcaption><\/figure>\n\t\t<\/div>\n<\/p>\n<p>Pour de plus amples informations et corriger d&rsquo;\u00e9ventuelles erreurs de ma part, se r\u00e9f\u00e9rer aux diff\u00e9rents forums car je n&rsquo;ai pas encore exp\u00e9riment\u00e9 le Gigabit.<\/p>\n<p><b>L&rsquo;alimentation du dispositif\u00a0:<br \/>\n<\/b>C&rsquo;est la partie importante du syst\u00e8me. Il convient, a minima, d&rsquo;avoir une alimentation tr\u00e8s soign\u00e9e pour le dernier convertisseur de m\u00e9dias et l&rsquo;ordinateur. (les deux peuvent \u00eatre diff\u00e9rentes, mais soign\u00e9es).<br \/>\nLe syst\u00e8me d\u00e9crit est celui <strong>mis au point par Gilles Milot<\/strong> qu&rsquo;il utilise sur les salons, dans une bo\u00eete en plastique bleue&#8230;<a href=\"http:\/\/www.living-leedh.com\/wp-content\/uploads\/2015\/11\/AlimSourceDoc.jpg\"><img loading=\"lazy\" decoding=\"async\" class=\"alignnone size-full wp-image-2599\" src=\"http:\/\/www.living-leedh.com\/wp-content\/uploads\/2015\/11\/AlimSourceDoc.jpg\" alt=\"AlimSourceDoc\" width=\"1024\" height=\"687\" srcset=\"https:\/\/www.living-leedh.com\/wp-content\/uploads\/2015\/11\/AlimSourceDoc.jpg 1024w, https:\/\/www.living-leedh.com\/wp-content\/uploads\/2015\/11\/AlimSourceDoc-300x201.jpg 300w, https:\/\/www.living-leedh.com\/wp-content\/uploads\/2015\/11\/AlimSourceDoc-400x268.jpg 400w\" sizes=\"auto, (max-width: 1024px) 100vw, 1024px\" \/><\/a><br \/>\net qu&rsquo;il nous autorise \u00e0 publier ici.<br \/>\nApr\u00e8s avoir r\u00e9alis\u00e9 plusieurs configurations et de nombreuses \u00e9coutes comparatives, le dispositif retenu consiste en un filtrage drastique de l&rsquo;alimentation \u00e0 d\u00e9coupage d&rsquo;origine de la tablette en ins\u00e9rant un circuit avec une self de filtrage c\u00f4t\u00e9 + et une autre c\u00f4t\u00e9 \u2013 de l&rsquo;alimentation, avec en sortie une tr\u00e8s grosse capacit\u00e9 de filtrage, l&rsquo;objet \u00e9tant de faire tampon entre l&rsquo;alimentation \u00e0 d\u00e9coupage et les dispositifs \u00e0 alimenter.<br \/>\nPour am\u00e9liorer encore le syst\u00e8me, et se lib\u00e9rer du sens de la prise secteur, Gilles Milot utilise m\u00eame 2 alimentations identiques en \/\/ et dont les cordons secteurs sont invers\u00e9s (phases et neutres).<br \/>\nDans le calcul des valeurs des selfs et des condensateurs, il est important de v\u00e9rifier que la coupure se fasse tr\u00e8s bas (dans mon cas, avec 2&#215;200\u00a0 mH et 300 000 uF, on obtient 4,6 Hz, donc bien en de\u00e7\u00e0 de la bande audible).<br \/>\nJ&rsquo;ai rajout\u00e9 \u00e0 son syst\u00e8me, en sortie du filtrage, un r\u00e9gulateur\/abaisseur de tension 9v pour alimenter le dernier module convertisseur de m\u00e9dias. Que Gilles a d&rsquo;ailleurs adopt\u00e9 depuis.<br \/>\nPour un Mac, si l&rsquo;on veut filtrer l&rsquo;alimentation d&rsquo;origine, l&rsquo;op\u00e9ration est un peu plus complexe que pour un PC (alimentation + et -), le c\u00e2ble \u00e9tant plus sophistiqu\u00e9 (r\u00e9versible, et un fil pour la gestion de la charge). Mais rien de bien probl\u00e9matique semble-t-il.<\/p>\n<p>Gilles Milot a valid\u00e9 ce sch\u00e9ma d&rsquo;alimentation apr\u00e8s avoir exp\u00e9riment\u00e9 une alimentation analogique de labo,\u00a0 une \u00ab\u00a0grosse\u00a0\u00bb batterie de v\u00e9hicule, essais qui se sont r\u00e9v\u00e9l\u00e9s moins performants, en particulier en terme de dynamique.<\/li>\n<\/ul>\n<p>Depuis j&rsquo;ai r\u00e9alis\u00e9 une deuxi\u00e8me alimentation similaire pour alimenter le NAS, le routeur, et le convertisseur en amont.<\/p>\n<p><span style=\"font-size: small;\"><i>Mon alimentation, on peut faire moins lourd, je me suis l\u00e2ch\u00e9 sur les selfs que j&rsquo;ai fait fabriquer sur mesure.<br \/>\n<\/i><\/span><\/p>\n<div id='gallery-3' class='gallery galleryid-4667 gallery-columns-2 gallery-size-thumbnail'><figure class='gallery-item'>\n\t\t\t<div class='gallery-icon landscape'>\n\t\t\t\t<a href='https:\/\/www.living-leedh.com\/?attachment_id=4682'><img loading=\"lazy\" decoding=\"async\" width=\"150\" height=\"150\" src=\"https:\/\/www.living-leedh.com\/wp-content\/uploads\/2016\/10\/Alim2-150x150.png\" class=\"attachment-thumbnail size-thumbnail\" alt=\"\" srcset=\"https:\/\/www.living-leedh.com\/wp-content\/uploads\/2016\/10\/Alim2-150x150.png 150w, https:\/\/www.living-leedh.com\/wp-content\/uploads\/2016\/10\/Alim2-200x200.png 200w\" sizes=\"auto, (max-width: 150px) 100vw, 150px\" \/><\/a>\n\t\t\t<\/div><\/figure><figure class='gallery-item'>\n\t\t\t<div class='gallery-icon portrait'>\n\t\t\t\t<a href='https:\/\/www.living-leedh.com\/?attachment_id=4681'><img loading=\"lazy\" decoding=\"async\" width=\"150\" height=\"150\" src=\"https:\/\/www.living-leedh.com\/wp-content\/uploads\/2016\/10\/Alim1-e1478035054990-150x150.png\" class=\"attachment-thumbnail size-thumbnail\" alt=\"\" srcset=\"https:\/\/www.living-leedh.com\/wp-content\/uploads\/2016\/10\/Alim1-e1478035054990-150x150.png 150w, https:\/\/www.living-leedh.com\/wp-content\/uploads\/2016\/10\/Alim1-e1478035054990-200x200.png 200w\" sizes=\"auto, (max-width: 150px) 100vw, 150px\" \/><\/a>\n\t\t\t<\/div><\/figure>\n\t\t<\/div>\n\n<p><span style=\"font-size: small;\"><i>\u00a0<\/i><\/span><b><span style=\"text-decoration: underline;\">Conclusion\u00a0:<\/span><br \/>\n<\/b>Nous avons fait des essais avec Gilles Milot en utilisant les m\u00eames fichiers sur cl\u00e9 USB3 branch\u00e9e sur la tablette, ou un disque dur externe USB3, ou le syst\u00e8me avec le NAS.<\/p>\n<p>D&rsquo;une fa\u00e7on probante, c&rsquo;est le NAS qui donne les meilleurs r\u00e9sultats, bien que le PC avait d\u00e9j\u00e0 son alimentation filtr\u00e9e.<br \/>\nJ&rsquo;\u00e9tais au d\u00e9part persuad\u00e9 que la cl\u00e9 serait meilleure car plus pr\u00e8s du PC.<\/p>\n<p><a href=\"http:\/\/www.living-leedh.com\/wp-content\/uploads\/2016\/10\/Config-1.png\"><img loading=\"lazy\" decoding=\"async\" class=\"alignnone size-full wp-image-4717\" src=\"http:\/\/www.living-leedh.com\/wp-content\/uploads\/2016\/10\/Config-1.png\" alt=\"config\" width=\"1091\" height=\"493\" srcset=\"https:\/\/www.living-leedh.com\/wp-content\/uploads\/2016\/10\/Config-1.png 1091w, https:\/\/www.living-leedh.com\/wp-content\/uploads\/2016\/10\/Config-1-300x136.png 300w, https:\/\/www.living-leedh.com\/wp-content\/uploads\/2016\/10\/Config-1-768x347.png 768w, https:\/\/www.living-leedh.com\/wp-content\/uploads\/2016\/10\/Config-1-1024x463.png 1024w, https:\/\/www.living-leedh.com\/wp-content\/uploads\/2016\/10\/Config-1-400x181.png 400w\" sizes=\"auto, (max-width: 1091px) 100vw, 1091px\" \/><\/a><\/p>\n<p>Voil\u00e0, j&rsquo;esp\u00e8re avoir \u00e9t\u00e9 clair. \u00a0\ud83d\ude33<br \/>\nBonne bidouille.<br \/>\nJe reste \u00e0 votre disposition.<br \/>\n<a href=\"http:\/\/www.living-leedh.com\/?page_id=30\">Just LiSten<\/a><\/p>\n","protected":false},"excerpt":{"rendered":"<p>Le principe\u00a0: Si les donn\u00e9es num\u00e9riques ne sont compos\u00e9es que de 0 et de 1, il n&rsquo;en reste pas moins que les c\u00e2bles par lesquels transitent les donn\u00e9es (ethernet) sont sujets aux interf\u00e9rences \u00e9lectromagn\u00e9tiques de toutes provenances. Ces interf\u00e9rences, qui ne passent pas dans le flux des donn\u00e9es num\u00e9riques, polluent toutefois les circuits audios des &hellip; <a href=\"https:\/\/www.living-leedh.com\/?page_id=4667\" class=\"more-link\">Continuer la lecture de <span class=\"screen-reader-text\">Je fais le pont&#8230; optique pour d\u00e9mat&rsquo; et ses alim&rsquo;<\/span>  <span class=\"meta-nav\">&rarr;<\/span><\/a><\/p>\n","protected":false},"author":1,"featured_media":0,"parent":0,"menu_order":0,"comment_status":"open","ping_status":"open","template":"","meta":{"_bbp_topic_count":0,"_bbp_reply_count":0,"_bbp_total_topic_count":0,"_bbp_total_reply_count":0,"_bbp_voice_count":0,"_bbp_anonymous_reply_count":0,"_bbp_topic_count_hidden":0,"_bbp_reply_count_hidden":0,"_bbp_forum_subforum_count":0,"footnotes":""},"class_list":["post-4667","page","type-page","status-publish","hentry"],"_links":{"self":[{"href":"https:\/\/www.living-leedh.com\/index.php?rest_route=\/wp\/v2\/pages\/4667","targetHints":{"allow":["GET"]}}],"collection":[{"href":"https:\/\/www.living-leedh.com\/index.php?rest_route=\/wp\/v2\/pages"}],"about":[{"href":"https:\/\/www.living-leedh.com\/index.php?rest_route=\/wp\/v2\/types\/page"}],"author":[{"embeddable":true,"href":"https:\/\/www.living-leedh.com\/index.php?rest_route=\/wp\/v2\/users\/1"}],"replies":[{"embeddable":true,"href":"https:\/\/www.living-leedh.com\/index.php?rest_route=%2Fwp%2Fv2%2Fcomments&post=4667"}],"version-history":[{"count":53,"href":"https:\/\/www.living-leedh.com\/index.php?rest_route=\/wp\/v2\/pages\/4667\/revisions"}],"predecessor-version":[{"id":5863,"href":"https:\/\/www.living-leedh.com\/index.php?rest_route=\/wp\/v2\/pages\/4667\/revisions\/5863"}],"wp:attachment":[{"href":"https:\/\/www.living-leedh.com\/index.php?rest_route=%2Fwp%2Fv2%2Fmedia&parent=4667"}],"curies":[{"name":"wp","href":"https:\/\/api.w.org\/{rel}","templated":true}]}}