{"id":480,"date":"2015-04-01T12:42:23","date_gmt":"2015-04-01T11:42:23","guid":{"rendered":"http:\/\/www.living-leedh.com\/?page_id=480"},"modified":"2022-03-11T11:36:08","modified_gmt":"2022-03-11T10:36:08","slug":"la-gamme","status":"publish","type":"page","link":"https:\/\/www.living-leedh.com\/?page_id=480","title":{"rendered":"La Gamme"},"content":{"rendered":"<p style=\"text-align: left;\"><strong>\u00a0\u00a0\u00a0 <a href=\"http:\/\/www.living-leedh.com\/wp-content\/uploads\/2015\/03\/Leed-e.jpg\"><img loading=\"lazy\" decoding=\"async\" class=\" size-medium wp-image-283 aligncenter\" src=\"http:\/\/www.living-leedh.com\/wp-content\/uploads\/2015\/03\/Leed-e-228x300.jpg\" alt=\"Leed-e\" width=\"228\" height=\"300\" srcset=\"https:\/\/www.living-leedh.com\/wp-content\/uploads\/2015\/03\/Leed-e-228x300.jpg 228w, https:\/\/www.living-leedh.com\/wp-content\/uploads\/2015\/03\/Leed-e.jpg 377w\" sizes=\"auto, (max-width: 228px) 100vw, 228px\" \/><\/a><\/strong><\/p>\n<p style=\"text-align: center;\"><strong>La gen\u00e8se des LEEDH C, E et E2 : Le haut-parleur ACOUSTICAL BEAUTY.<\/strong><\/p>\n<p style=\"text-align: center;\"><a href=\"http:\/\/www.living-leedh.com\/wp-content\/uploads\/2015\/04\/HPBrevetAlexHorn.png\"><img loading=\"lazy\" decoding=\"async\" class=\"alignnone size-medium wp-image-486\" src=\"http:\/\/www.living-leedh.com\/wp-content\/uploads\/2015\/04\/HPBrevetAlexHorn-300x212.png\" alt=\"HPBrevetAlexHorn\" width=\"300\" height=\"212\" srcset=\"https:\/\/www.living-leedh.com\/wp-content\/uploads\/2015\/04\/HPBrevetAlexHorn-300x212.png 300w, https:\/\/www.living-leedh.com\/wp-content\/uploads\/2015\/04\/HPBrevetAlexHorn-1024x725.png 1024w, https:\/\/www.living-leedh.com\/wp-content\/uploads\/2015\/04\/HPBrevetAlexHorn-400x283.png 400w\" sizes=\"auto, (max-width: 300px) 100vw, 300px\" \/><\/a><\/p>\n<p>L&rsquo;article suivant, extrait de la Revue du Son de septembre 2008, pr\u00e9sente le prototype et la technologie utilis\u00e9e sur la gamme LEEDH\u00a0: <a href=\"http:\/\/www.living-leedh.com\/wp-content\/uploads\/2015\/03\/RevueDuSon-332-Septembre-2008.pdf\">Revue Du Son-332-Septembre-2008<\/a><\/p>\n<p>Un reportage sur la version commercialis\u00e9e de ce haut-parleur sur <a href=\"https:\/\/audiofederation.fr\/leedh-c-chapitre-1-le-montage-en-images\/\" target=\"_blank\" rel=\"noopener\">audiofederation.fr<\/a><\/p>\n<p><a href=\"https:\/\/www.living-leedh.com\/wp-content\/uploads\/2015\/03\/Stereo-Image-61-Novembre-2011-LEEDH.pdf\" target=\"_blank\" rel=\"noopener\"><span style=\"color: #0066cc;\"><span style=\"color: #008000;\">D\u00e9tails de fabrication<\/span> <\/span><\/a>(\u00e9poque s\u00e9rie C, mais encore bien actuel)<\/p>\n<p style=\"text-align: left;\"><strong>La gamme des LEEDH C, E et E2 ;\u00a0quelques informations\u00a0 :<\/strong><\/p>\n<p>La gamme a \u00e9volu\u00e9 du mod\u00e8le C, au mod\u00e8le E, puis, E2.<\/p>\n<p style=\"text-align: left;\">Leedh propose aux possesseurs de C ou E de faire les \u00ab\u00a0mises \u00e0 jour\u00a0\u00bb pour\u00a0obtenir le mod\u00e8le E2 actuel, incluant la version \u00ab\u00a0Glass\u00a0\u00bb.<\/p>\n<p>L&rsquo;esth\u00e9tique des 3 mod\u00e8les est identique ;\u00a0les mod\u00e8les E et E2 poss\u00e8dent 2 haut-parleurs\u00a0\u00ab\u00a0de grave\u00a0\u00bb de part et d&rsquo;autre du pied qui renferme le filtre.<\/p>\n<p>Pour distinguer une E d&rsquo;une E2 : Le N\u00b0 de s\u00e9rie des E commence par E1 et le N\u00b0 de s\u00e9rie des E2 commence par E2. Les \u00ab\u00a0upgrad\u00e9es\u00a0\u00bb sont renum\u00e9rot\u00e9es. Le N\u00b0 de s\u00e9rie est au niveau des cosses : <a href=\"http:\/\/www.living-leedh.com\/wp-content\/uploads\/2015\/04\/Cosses.jpg\"><img loading=\"lazy\" decoding=\"async\" class=\" size-medium wp-image-518 aligncenter\" src=\"http:\/\/www.living-leedh.com\/wp-content\/uploads\/2015\/04\/Cosses-202x300.jpg\" alt=\"Cosses\" width=\"202\" height=\"300\" srcset=\"https:\/\/www.living-leedh.com\/wp-content\/uploads\/2015\/04\/Cosses-202x300.jpg 202w, https:\/\/www.living-leedh.com\/wp-content\/uploads\/2015\/04\/Cosses.jpg 302w\" sizes=\"auto, (max-width: 202px) 100vw, 202px\" \/><\/a><\/p>\n<p>LEEDH C : A partir du 31\/10\/2010 jusqu&rsquo;\u00e0 12\/2011<\/p>\n<p>LEEDH E : Du 28\/12\/2011 jusqu&rsquo;\u00e0 01\/2013. Rajout de deux HP suppl\u00e9mentaires \u00e0 l&rsquo;avant du pied pour gagner 1 octave en basses fr\u00e9quences.<\/p>\n<p><a title=\"E2\" href=\"http:\/\/www.living-leedh.com\/?page_id=22\">LEEDH E2\u00a0:<\/a>\u00a0A partir du 31\/01\/2013. Nouvelle g\u00e9om\u00e9trie de moteur magn\u00e9tique permettant de doubler la puissance admissible, d&rsquo;am\u00e9liorer le rendu des micro-informations et d&rsquo;augmenter le rendement de 1dB (imp\u00e9dance minimum 3,4 \u03a9 au lieu de 2,8 \u03a9).<\/p>\n<p>Apparition en <span style=\"text-decoration: underline;\">septembre 2016<\/span> de la version<strong><a href=\"http:\/\/www.living-leedh.com\/?page_id=3895\" target=\"_blank\" rel=\"noopener\"> E2 Glass.<\/a>\u00a0<\/strong> Une LEEDH E2 avec membranes\u00a0en\u00a0verre\u00a0! En production depuis fin 2017.<\/p>\n<p>&nbsp;<\/p>\n<p><strong>R\u00e9partition des fr\u00e9quences d&rsquo;une E2 :<\/strong><span style=\"color: #008000;\"><em><span style=\"color: #000000;\"> Cliquez pour meilleure nettet\u00e9.<\/span><\/em><a style=\"color: #008000;\" href=\"http:\/\/www.living-leedh.com\/wp-content\/uploads\/2015\/03\/Leed-frequences.jpg\"><img loading=\"lazy\" decoding=\"async\" class=\" wp-image-447 aligncenter\" src=\"http:\/\/www.living-leedh.com\/wp-content\/uploads\/2015\/03\/Leed-frequences-292x300.jpg\" alt=\"Leed-frequences\" width=\"499\" height=\"512\" srcset=\"https:\/\/www.living-leedh.com\/wp-content\/uploads\/2015\/03\/Leed-frequences-292x300.jpg 292w, https:\/\/www.living-leedh.com\/wp-content\/uploads\/2015\/03\/Leed-frequences-400x411.jpg 400w, https:\/\/www.living-leedh.com\/wp-content\/uploads\/2015\/03\/Leed-frequences.jpg 486w\" sizes=\"auto, (max-width: 499px) 100vw, 499px\" \/><\/a><\/span><\/p>\n<p><strong>Compl\u00e9ments du catalogue :<\/strong><\/p>\n<p style=\"text-align: left;\"><span style=\"color: #008000;\"><a style=\"color: #008000;\" title=\"C\u00e2ble \u00ab\u00a0Universel\u00a0\u00bb\" href=\"http:\/\/www.living-leedh.com\/?page_id=26\"><span style=\"text-decoration: underline;\"><span style=\"text-decoration: underline;\">C\u00c2BLE UNIVERSEL :<\/span><\/span><\/a> <\/span>18\/12\/2013<\/p>\n<p style=\"text-align: left;\"><span style=\"color: #008000;\"><a style=\"color: #008000;\" title=\"Caisson 20.1\" href=\"http:\/\/www.living-leedh.com\/?page_id=24\"><span style=\"text-decoration: underline;\">CAISSON :<\/span><\/a> <\/span>26\/05\/2014<\/p>\n<p>&nbsp;<\/p>\n","protected":false},"excerpt":{"rendered":"<p>\u00a0\u00a0\u00a0 La gen\u00e8se des LEEDH C, E et E2 : Le haut-parleur ACOUSTICAL BEAUTY. L&rsquo;article suivant, extrait de la Revue du Son de septembre 2008, pr\u00e9sente le prototype et la technologie utilis\u00e9e sur la gamme LEEDH\u00a0: Revue Du Son-332-Septembre-2008 Un reportage sur la version commercialis\u00e9e de ce haut-parleur sur audiofederation.fr D\u00e9tails de fabrication (\u00e9poque s\u00e9rie &hellip; <a href=\"https:\/\/www.living-leedh.com\/?page_id=480\" class=\"more-link\">Continuer la lecture de <span class=\"screen-reader-text\">La Gamme<\/span>  <span class=\"meta-nav\">&rarr;<\/span><\/a><\/p>\n","protected":false},"author":1,"featured_media":0,"parent":0,"menu_order":0,"comment_status":"closed","ping_status":"open","template":"","meta":{"_bbp_topic_count":0,"_bbp_reply_count":0,"_bbp_total_topic_count":0,"_bbp_total_reply_count":0,"_bbp_voice_count":0,"_bbp_anonymous_reply_count":0,"_bbp_topic_count_hidden":0,"_bbp_reply_count_hidden":0,"_bbp_forum_subforum_count":0,"footnotes":""},"class_list":["post-480","page","type-page","status-publish","hentry"],"_links":{"self":[{"href":"https:\/\/www.living-leedh.com\/index.php?rest_route=\/wp\/v2\/pages\/480","targetHints":{"allow":["GET"]}}],"collection":[{"href":"https:\/\/www.living-leedh.com\/index.php?rest_route=\/wp\/v2\/pages"}],"about":[{"href":"https:\/\/www.living-leedh.com\/index.php?rest_route=\/wp\/v2\/types\/page"}],"author":[{"embeddable":true,"href":"https:\/\/www.living-leedh.com\/index.php?rest_route=\/wp\/v2\/users\/1"}],"replies":[{"embeddable":true,"href":"https:\/\/www.living-leedh.com\/index.php?rest_route=%2Fwp%2Fv2%2Fcomments&post=480"}],"version-history":[{"count":23,"href":"https:\/\/www.living-leedh.com\/index.php?rest_route=\/wp\/v2\/pages\/480\/revisions"}],"predecessor-version":[{"id":7417,"href":"https:\/\/www.living-leedh.com\/index.php?rest_route=\/wp\/v2\/pages\/480\/revisions\/7417"}],"wp:attachment":[{"href":"https:\/\/www.living-leedh.com\/index.php?rest_route=%2Fwp%2Fv2%2Fmedia&parent=480"}],"curies":[{"name":"wp","href":"https:\/\/api.w.org\/{rel}","templated":true}]}}