{"id":4834,"date":"2016-11-21T20:55:49","date_gmt":"2016-11-21T19:55:49","guid":{"rendered":"http:\/\/www.living-leedh.com\/?page_id=4834"},"modified":"2022-03-10T11:26:27","modified_gmt":"2022-03-10T10:26:27","slug":"une-soiree-vinyle-enfumee","status":"publish","type":"page","link":"https:\/\/www.living-leedh.com\/?page_id=4834","title":{"rendered":"Une soir\u00e9e galettes &#8230; enfum\u00e9e"},"content":{"rendered":"<p>Ce mardi 18 octobre 2016, r\u00e9\u00e9dition de la soir\u00e9e d&rsquo;\u00e9coute de vinyles de jazz avec l&rsquo;association Jazz Angle \u00e0 Saint-Brieuc.<\/p>\n<p>A cette occasion, la pr\u00e9sentation en premi\u00e8re mondiale des E2 Full Glass, c&rsquo;est \u00e0 dire \u00e9quip\u00e9es de toutes les membranes en verre, y compris les tweeters.<br \/>\nEt gr\u00e2ce \u00e0 la motivation de 2 bretons fervents d\u00e9fenseurs de la marque, nous mettrons en \u0153uvre 2 amplis <a href=\"https:\/\/www.bursonaudio.com\/products\/timekeeper-virtuoso\/\" target=\"_blank\" rel=\"noopener noreferrer\">Burson Timekeeper Virtuoso \u00a0<\/a> en mode bridg\u00e9, donnant 2&#215;600 w sous 4 ohms, dont on ne trouve que peu d&rsquo;exemplaires en France.<br \/>\nLes \u00e9coutes effectu\u00e9es la veille \u00e0 la maison, avec M\u00e9lomane34 et Gilles Milot avec cette amplification, mais sur des E2 carbone,\u00a0 laissent pr\u00e9sager de grands moments.<\/p>\n<p>Le montage va se passer sans probl\u00e8me, au millim\u00e8tre pr\u00e8s, jusqu&rsquo;\u00e0 la mise sous tension.<br \/>\nUne ronflette d\u00e9sagr\u00e9able va me mettre \u00e0 4 pattes pour essayer de modifier les plans de masse.<br \/>\nEt voil\u00e0 que dans la pr\u00e9cipitation, je mets l&rsquo;un des amplis en court-circuit.<br \/>\nFum\u00e9e noire, d\u00e9sagr\u00e9able. Je suis vert, et vous passe mes \u00e9tats d&rsquo;\u00e2me\u00a0: ce n&rsquo;est pas mon mat\u00e9riel.<br \/>\nLe plan B, pour assurer tout de m\u00eame la soir\u00e9e, sera de n&rsquo;utiliser qu&rsquo;un seul bloc en mode st\u00e9r\u00e9o.<\/p>\n<figure id=\"attachment_4840\" aria-describedby=\"caption-attachment-4840\" style=\"width: 422px\" class=\"wp-caption alignnone\"><a href=\"http:\/\/www.living-leedh.com\/wp-content\/uploads\/2016\/11\/DSC05190.jpg\"><img loading=\"lazy\" decoding=\"async\" class=\" wp-image-4840\" src=\"http:\/\/www.living-leedh.com\/wp-content\/uploads\/2016\/11\/DSC05190.jpg\" alt=\"le survivant\" width=\"422\" height=\"281\" srcset=\"https:\/\/www.living-leedh.com\/wp-content\/uploads\/2016\/11\/DSC05190.jpg 3072w, https:\/\/www.living-leedh.com\/wp-content\/uploads\/2016\/11\/DSC05190-300x200.jpg 300w, https:\/\/www.living-leedh.com\/wp-content\/uploads\/2016\/11\/DSC05190-768x512.jpg 768w, https:\/\/www.living-leedh.com\/wp-content\/uploads\/2016\/11\/DSC05190-1024x683.jpg 1024w, https:\/\/www.living-leedh.com\/wp-content\/uploads\/2016\/11\/DSC05190-400x267.jpg 400w\" sizes=\"auto, (max-width: 422px) 100vw, 422px\" \/><\/a><figcaption id=\"caption-attachment-4840\" class=\"wp-caption-text\">le survivant<\/figcaption><\/figure>\n<p>Je passe la partie \u00e9coute jazz dont on trouve le contenu sur<a href=\"http:\/\/hifipig.com\/jazz-vinyl-at-the-conservatoire\/\" target=\"_blank\" rel=\"noopener noreferrer\"> hifi Pig.<\/a><br \/>\nApr\u00e8s un petit buffet convivial offert par\u00a0<em>\u00a0<\/em><a href=\"http:\/\/www.living-leedh.com\/?page_id=17\"><em><img loading=\"lazy\" decoding=\"async\" class=\"alignnone wp-image-1191\" src=\"http:\/\/www.living-leedh.com\/wp-content\/uploads\/2015\/05\/LivingClubSign.jpg\" alt=\"LivingClubSign\" width=\"82\" height=\"31\" \/><\/em><\/a><em>\u00a0 <\/em>, une deuxi\u00e8me partie de soir\u00e9e va nous permettre de pousser l&rsquo;ampli dans ses derniers retranchements pour la dizaine de personnes qui restera tr\u00e8s tard dans la nuit.<br \/>\nC\u00f4t\u00e9 galettes noires du classique (Asturias, Malher, &#8230;), vari\u00e9t\u00e9 (l&rsquo;incontournable Montand \u00e0 l&rsquo;Olympia, <a href=\"http:\/\/www.living-leedh.com\/?page_id=3176\" target=\"_blank\" rel=\"noopener noreferrer\">\u00ab\u00a0Slow Train\u00a0\u00bb<\/a> de Hans THEESSINK) et un moment inoubliable avec Pink Floyd (Money) o\u00f9 le syst\u00e8me tr\u00e8s sollicit\u00e9 restera sans faillir. Le ventilateur de l&rsquo;ampli se d\u00e9clenchera et on mesurera une temp\u00e9rature de 45\u00b0 .<br \/>\nPuis G\u00e9rard nous gratifiera d&rsquo;une belle playlist d\u00e9mat\u00e9rialis\u00e9e au travers de son Hugo-TT.<br \/>\nTous, audiophiles (il y en avait), musiciens de tous styles (il y en avait), applaudissements \u00e0 l&rsquo;appui, sont repartis avec quelques \u00e9toiles dans les yeux et les oreilles pour cette soir\u00e9e qui malgr\u00e9 une platine pas suffisamment bien r\u00e9gl\u00e9e, une mise en place pas tout \u00e0 fait finalis\u00e9e en raison de quelques impond\u00e9rables fumeux, restera dans nos m\u00e9moires.<br \/>\nLe symphonique, en particulier, a fortement marqu\u00e9 les esprits.<br \/>\nCe qui semble confirmer mon <a href=\"http:\/\/www.living-leedh.com\/?page_id=1799\" target=\"_blank\" rel=\"noopener noreferrer\">impression de Londres<\/a> : les E2 Glass ne sont pas si difficiles \u00e0 mettre en \u0153uvre, et s&rsquo;adaptent facilement aux lieux.<br \/>\nBurson ? Un mariage heureux avec les E2 Glass&#8230;<\/p>\n<p>A noter que tout le mat\u00e9riel a \u00e9t\u00e9 mis \u00e0 disposition par des membres, car&#8230; <em>\u00c7a c\u2019est \u00a0<\/em><a href=\"http:\/\/www.living-leedh.com\/?page_id=17\"><em><img loading=\"lazy\" decoding=\"async\" class=\"alignnone wp-image-1191\" src=\"http:\/\/www.living-leedh.com\/wp-content\/uploads\/2015\/05\/LivingClubSign.jpg\" alt=\"LivingClubSign\" width=\"82\" height=\"31\" \/><\/em><\/a><em>\u00a0!<\/em><br \/>\nG\u00e9rard, qui a travers\u00e9 \u00e0 nouveau la France avec une pleine valise de mat\u00e9riel pour donner un coup de main, a craqu\u00e9, et sera bient\u00f4t l&rsquo;heureux possesseur d&rsquo;un voire deux Virtuoso. Il \u00e9changera ainsi son Gryphon sans \u00e9tat d&rsquo;\u00e2me.<br \/>\nEt Gilles, une fois de plus, a fait le d\u00e9placement.<br \/>\nEt moi je me dis que c&rsquo;est l&rsquo;une des rares occasions o\u00f9 j&rsquo;ai eu l&rsquo;envie de me s\u00e9parer de mes amplis \u00e0 tubes. (affaire \u00e0 suivre &#8230;)<br \/>\nEt merci \u00e0 Michel, et Jacques (reparti avec \u00ab\u00a0feu\u00a0\u00bb son ampli) pour leur conviction- et leur courage &#8211; \u00e0 vouloir faire conna\u00eetre un mat\u00e9riel hors du commun qui reste accessible en terme de prix.<br \/>\nIl n&rsquo;y a pas que chez Leedh o\u00f9 l&rsquo;on trouve des militants.<\/p>\n<p><em><a href=\"http:\/\/www.living-leedh.com\/?topic=burson-audio\/#post-4947\" target=\"_blank\" rel=\"noopener noreferrer\">La suite de l&rsquo;histoire sur le forum<\/a>, o\u00f9 l&rsquo;on verra que le SAV de Burson, c&rsquo;est la GRANDE CLASSE &#8230;<br \/>\n<\/em><\/p>\n<div id='gallery-1' class='gallery galleryid-4834 gallery-columns-3 gallery-size-thumbnail'><figure class='gallery-item'>\n\t\t\t<div class='gallery-icon landscape'>\n\t\t\t\t<a href='https:\/\/www.living-leedh.com\/?attachment_id=4843'><img loading=\"lazy\" decoding=\"async\" width=\"150\" height=\"150\" src=\"https:\/\/www.living-leedh.com\/wp-content\/uploads\/2016\/11\/DSC05175-150x150.jpg\" class=\"attachment-thumbnail size-thumbnail\" alt=\"\" aria-describedby=\"gallery-1-4843\" srcset=\"https:\/\/www.living-leedh.com\/wp-content\/uploads\/2016\/11\/DSC05175-150x150.jpg 150w, https:\/\/www.living-leedh.com\/wp-content\/uploads\/2016\/11\/DSC05175-200x200.jpg 200w\" sizes=\"auto, (max-width: 150px) 100vw, 150px\" \/><\/a>\n\t\t\t<\/div>\n\t\t\t\t<figcaption class='wp-caption-text gallery-caption' id='gallery-1-4843'>\n\t\t\t\tl&rsquo;assembl\u00e9e\n\t\t\t\t<\/figcaption><\/figure><figure class='gallery-item'>\n\t\t\t<div class='gallery-icon landscape'>\n\t\t\t\t<a href='https:\/\/www.living-leedh.com\/?attachment_id=4844'><img loading=\"lazy\" decoding=\"async\" width=\"150\" height=\"150\" src=\"https:\/\/www.living-leedh.com\/wp-content\/uploads\/2016\/11\/DSC05177-150x150.jpg\" class=\"attachment-thumbnail size-thumbnail\" alt=\"\" aria-describedby=\"gallery-1-4844\" srcset=\"https:\/\/www.living-leedh.com\/wp-content\/uploads\/2016\/11\/DSC05177-150x150.jpg 150w, https:\/\/www.living-leedh.com\/wp-content\/uploads\/2016\/11\/DSC05177-200x200.jpg 200w\" sizes=\"auto, (max-width: 150px) 100vw, 150px\" \/><\/a>\n\t\t\t<\/div>\n\t\t\t\t<figcaption class='wp-caption-text gallery-caption' id='gallery-1-4844'>\n\t\t\t\tMyfavoritething, plus de 400 concerts par an\n\t\t\t\t<\/figcaption><\/figure><figure class='gallery-item'>\n\t\t\t<div class='gallery-icon landscape'>\n\t\t\t\t<a href='https:\/\/www.living-leedh.com\/?attachment_id=4845'><img loading=\"lazy\" decoding=\"async\" width=\"150\" height=\"150\" src=\"https:\/\/www.living-leedh.com\/wp-content\/uploads\/2016\/11\/DSC05186-150x150.jpg\" class=\"attachment-thumbnail size-thumbnail\" alt=\"\" aria-describedby=\"gallery-1-4845\" srcset=\"https:\/\/www.living-leedh.com\/wp-content\/uploads\/2016\/11\/DSC05186-150x150.jpg 150w, https:\/\/www.living-leedh.com\/wp-content\/uploads\/2016\/11\/DSC05186-200x200.jpg 200w\" sizes=\"auto, (max-width: 150px) 100vw, 150px\" \/><\/a>\n\t\t\t<\/div>\n\t\t\t\t<figcaption class='wp-caption-text gallery-caption' id='gallery-1-4845'>\n\t\t\t\t50 personnes tr\u00e8s attentives\n\t\t\t\t<\/figcaption><\/figure><figure class='gallery-item'>\n\t\t\t<div class='gallery-icon portrait'>\n\t\t\t\t<a href='https:\/\/www.living-leedh.com\/?attachment_id=4846'><img loading=\"lazy\" decoding=\"async\" width=\"150\" height=\"150\" src=\"https:\/\/www.living-leedh.com\/wp-content\/uploads\/2016\/11\/DSC05187-150x150.jpg\" class=\"attachment-thumbnail size-thumbnail\" alt=\"\" aria-describedby=\"gallery-1-4846\" srcset=\"https:\/\/www.living-leedh.com\/wp-content\/uploads\/2016\/11\/DSC05187-150x150.jpg 150w, https:\/\/www.living-leedh.com\/wp-content\/uploads\/2016\/11\/DSC05187-200x200.jpg 200w\" sizes=\"auto, (max-width: 150px) 100vw, 150px\" \/><\/a>\n\t\t\t<\/div>\n\t\t\t\t<figcaption class='wp-caption-text gallery-caption' id='gallery-1-4846'>\n\t\t\t\tGilles M. tr\u00e8s concentr\u00e9\n\t\t\t\t<\/figcaption><\/figure><figure class='gallery-item'>\n\t\t\t<div class='gallery-icon landscape'>\n\t\t\t\t<a href='https:\/\/www.living-leedh.com\/?attachment_id=4847'><img loading=\"lazy\" decoding=\"async\" width=\"150\" height=\"150\" src=\"https:\/\/www.living-leedh.com\/wp-content\/uploads\/2016\/11\/DSC05189-150x150.jpg\" class=\"attachment-thumbnail size-thumbnail\" alt=\"\" aria-describedby=\"gallery-1-4847\" srcset=\"https:\/\/www.living-leedh.com\/wp-content\/uploads\/2016\/11\/DSC05189-150x150.jpg 150w, https:\/\/www.living-leedh.com\/wp-content\/uploads\/2016\/11\/DSC05189-200x200.jpg 200w\" sizes=\"auto, (max-width: 150px) 100vw, 150px\" \/><\/a>\n\t\t\t<\/div>\n\t\t\t\t<figcaption class='wp-caption-text gallery-caption' id='gallery-1-4847'>\n\t\t\t\tplatine sur N\u00e9odio B1, un vrai +\n\t\t\t\t<\/figcaption><\/figure><figure class='gallery-item'>\n\t\t\t<div class='gallery-icon landscape'>\n\t\t\t\t<a href='https:\/\/www.living-leedh.com\/?attachment_id=4848'><img loading=\"lazy\" decoding=\"async\" width=\"150\" height=\"150\" src=\"https:\/\/www.living-leedh.com\/wp-content\/uploads\/2016\/11\/DSC05191-150x150.jpg\" class=\"attachment-thumbnail size-thumbnail\" alt=\"\" aria-describedby=\"gallery-1-4848\" srcset=\"https:\/\/www.living-leedh.com\/wp-content\/uploads\/2016\/11\/DSC05191-150x150.jpg 150w, https:\/\/www.living-leedh.com\/wp-content\/uploads\/2016\/11\/DSC05191-200x200.jpg 200w\" sizes=\"auto, (max-width: 150px) 100vw, 150px\" \/><\/a>\n\t\t\t<\/div>\n\t\t\t\t<figcaption class='wp-caption-text gallery-caption' id='gallery-1-4848'>\n\t\t\t\tHugo-TT &#038; Entreq\n\t\t\t\t<\/figcaption><\/figure>\n\t\t<\/div>\n\n<p>Le mat\u00e9riel :<br \/>\nAmplification : 2 puis 1 bloc(s) mono(s)<a href=\"https:\/\/www.bursonaudio.com\/\" target=\"_blank\" rel=\"noopener noreferrer\"> Burson Audio<\/a> Timekeeper Virtuoso, pr\u00e9ampli Primaluna Prologue 3<br \/>\nPlatine : Wilson Benesch the circle, bras Origin Live silver, Ortofon 2M blue, RIAA Swissonor,<br \/>\nC\u00e2bles modulation Actinote,<br \/>\nD\u00e9mat : Mcintoch, Audivarna, <a href=\"http:\/\/www.chordelectronics.co.uk\/product\/hugo-tt\/\" target=\"_blank\" rel=\"noopener noreferrer\">Chord Hugo TT<\/a>,<a href=\"http:\/\/www.entreq.com\/products\/cables\/apollo-17634246\" target=\"_blank\" rel=\"noopener noreferrer\"> c\u00e2ble USB Entreq<\/a> Appolo 12,<br \/>\nMasse virtuelle <a href=\"http:\/\/www.entreq.com\/products\/ground-boxes-17667704\" target=\"_blank\" rel=\"noopener noreferrer\">Entreq Minimus<\/a>,<br \/>\n3 <a href=\"http:\/\/www.neodio.fr\/fr\/hifi\/support-antivibratoire-origine-b1\/\" target=\"_blank\" rel=\"noopener noreferrer\">N\u00e9odio B1<\/a> sous la platine et 2 sous le Hugo-TT<br \/>\nE2 Full Gass avec 2 sub 20.1 positionn\u00e9s sur l&rsquo;ext\u00e9rieur,<br \/>\nFiltrage des blocs monos vers 46 hz avec des condensateurs NOS Russes fournis par Michel.<\/p>\n","protected":false},"excerpt":{"rendered":"<p>Ce mardi 18 octobre 2016, r\u00e9\u00e9dition de la soir\u00e9e d&rsquo;\u00e9coute de vinyles de jazz avec l&rsquo;association Jazz Angle \u00e0 Saint-Brieuc. A cette occasion, la pr\u00e9sentation en premi\u00e8re mondiale des E2 Full Glass, c&rsquo;est \u00e0 dire \u00e9quip\u00e9es de toutes les membranes en verre, y compris les tweeters. Et gr\u00e2ce \u00e0 la motivation de 2 bretons fervents &hellip; <a href=\"https:\/\/www.living-leedh.com\/?page_id=4834\" class=\"more-link\">Continuer la lecture de <span class=\"screen-reader-text\">Une soir\u00e9e galettes &#8230; enfum\u00e9e<\/span>  <span class=\"meta-nav\">&rarr;<\/span><\/a><\/p>\n","protected":false},"author":1,"featured_media":0,"parent":0,"menu_order":0,"comment_status":"open","ping_status":"closed","template":"","meta":{"_bbp_topic_count":0,"_bbp_reply_count":0,"_bbp_total_topic_count":0,"_bbp_total_reply_count":0,"_bbp_voice_count":0,"_bbp_anonymous_reply_count":0,"_bbp_topic_count_hidden":0,"_bbp_reply_count_hidden":0,"_bbp_forum_subforum_count":0,"footnotes":""},"class_list":["post-4834","page","type-page","status-publish","hentry"],"_links":{"self":[{"href":"https:\/\/www.living-leedh.com\/index.php?rest_route=\/wp\/v2\/pages\/4834","targetHints":{"allow":["GET"]}}],"collection":[{"href":"https:\/\/www.living-leedh.com\/index.php?rest_route=\/wp\/v2\/pages"}],"about":[{"href":"https:\/\/www.living-leedh.com\/index.php?rest_route=\/wp\/v2\/types\/page"}],"author":[{"embeddable":true,"href":"https:\/\/www.living-leedh.com\/index.php?rest_route=\/wp\/v2\/users\/1"}],"replies":[{"embeddable":true,"href":"https:\/\/www.living-leedh.com\/index.php?rest_route=%2Fwp%2Fv2%2Fcomments&post=4834"}],"version-history":[{"count":52,"href":"https:\/\/www.living-leedh.com\/index.php?rest_route=\/wp\/v2\/pages\/4834\/revisions"}],"predecessor-version":[{"id":7410,"href":"https:\/\/www.living-leedh.com\/index.php?rest_route=\/wp\/v2\/pages\/4834\/revisions\/7410"}],"wp:attachment":[{"href":"https:\/\/www.living-leedh.com\/index.php?rest_route=%2Fwp%2Fv2%2Fmedia&parent=4834"}],"curies":[{"name":"wp","href":"https:\/\/api.w.org\/{rel}","templated":true}]}}