{"id":5229,"date":"2017-05-28T21:47:37","date_gmt":"2017-05-28T19:47:37","guid":{"rendered":"http:\/\/www.living-leedh.com\/?page_id=5229"},"modified":"2022-03-10T11:24:12","modified_gmt":"2022-03-10T10:24:12","slug":"baie-des-sons-2017","status":"publish","type":"page","link":"https:\/\/www.living-leedh.com\/?page_id=5229","title":{"rendered":"Baie des Sons 2017"},"content":{"rendered":"<p style=\"text-align: center;\">Changement de nom cette ann\u00e9e : Le <a href=\"http:\/\/www.living-leedh.com\/?page_id=4024\" target=\"_blank\" rel=\"noopener noreferrer\">Pont des Arts Sonores <\/a>devient <strong>La Baie des Sons,<img loading=\"lazy\" decoding=\"async\" class=\" wp-image-5232 aligncenter\" src=\"http:\/\/www.living-leedh.com\/wp-content\/uploads\/2017\/05\/Titre1.png\" alt=\"\" width=\"281\" height=\"424\" srcset=\"https:\/\/www.living-leedh.com\/wp-content\/uploads\/2017\/05\/Titre1.png 233w, https:\/\/www.living-leedh.com\/wp-content\/uploads\/2017\/05\/Titre1-199x300.png 199w\" sizes=\"auto, (max-width: 281px) 100vw, 281px\" \/><\/strong><\/p>\n<p>avec un <a href=\"http:\/\/www.living-leedh.com\/wp-content\/uploads\/2017\/05\/Programme_BDS.pdf\" target=\"_blank\" rel=\"noopener noreferrer\">programme d&rsquo;une semaine<\/a>, autour des arts sonores et de la Baie de Saint-Brieuc.<\/p>\n<p><img loading=\"lazy\" decoding=\"async\" class=\"wp-image-5236 alignright\" src=\"http:\/\/www.living-leedh.com\/wp-content\/uploads\/2017\/05\/Briqueterie.jpg\" alt=\"\" width=\"223\" height=\"297\" \/><\/p>\n<p>Les 20 et 21 mai, \u00e0 la Briqueterie, et pour la 3\u00e9me ann\u00e9e cons\u00e9cutive, <a href=\"http:\/\/www.living-leedh.com\/?page_id=17\"><em><img loading=\"lazy\" decoding=\"async\" class=\"alignnone wp-image-1191\" src=\"http:\/\/www.living-leedh.com\/wp-content\/uploads\/2015\/05\/LivingClubSign.jpg\" alt=\"LivingClubSign\" width=\"82\" height=\"31\" \/><\/em><\/a>\u00a0 est pr\u00e9sent.<\/p>\n<p>Une belle surface (entre 30 et 40m2) est donc r\u00e9serv\u00e9e pour faire d\u00e9couvrir \u00e0 un public, chaque ann\u00e9e plus assidu, le plaisir de la retranscription d&rsquo;enregistrements vinyles, CD ou m\u00eame d\u00e9mat\u00e9rialis\u00e9s.<\/p>\n<p>L&rsquo;espace est organis\u00e9, install\u00e9 et anim\u00e9 par JustLiSten.<a href=\"http:\/\/www.living-leedh.com\/wp-content\/uploads\/2017\/05\/JustLiSten.jpg\"><img loading=\"lazy\" decoding=\"async\" class=\"size-full wp-image-5234 alignnone\" src=\"http:\/\/www.living-leedh.com\/wp-content\/uploads\/2017\/05\/JustLiSten.jpg\" alt=\"\" width=\"983\" height=\"768\" srcset=\"https:\/\/www.living-leedh.com\/wp-content\/uploads\/2017\/05\/JustLiSten.jpg 983w, https:\/\/www.living-leedh.com\/wp-content\/uploads\/2017\/05\/JustLiSten-300x234.jpg 300w, https:\/\/www.living-leedh.com\/wp-content\/uploads\/2017\/05\/JustLiSten-768x600.jpg 768w, https:\/\/www.living-leedh.com\/wp-content\/uploads\/2017\/05\/JustLiSten-400x313.jpg 400w\" sizes=\"auto, (max-width: 983px) 100vw, 983px\" \/><\/a><\/p>\n<p>Pour l&rsquo;occasion, Michel et Chet sont arriv\u00e9s ce samedi matin ; <a href=\"http:\/\/www.living-leedh.com\/wp-content\/uploads\/2017\/05\/PlaqueMichel.jpg\"><img loading=\"lazy\" decoding=\"async\" class=\"alignright wp-image-5252\" src=\"http:\/\/www.living-leedh.com\/wp-content\/uploads\/2017\/05\/PlaqueMichel.jpg\" alt=\"\" width=\"315\" height=\"230\" \/><\/a>Michel avec ses \u00ab\u00a0plaques\u00a0\u00bb amortissantes, dont voici un des usages, sous la platine,<br \/>\nChet est \u00e0 l&rsquo;heure\u00a0pour d\u00e9jeuner, un peu en \u00ab\u00a0contr\u00f4leur des travaux finis\u00a0\u00bb&#8230;\u00a0\u00a0\u00a0\u00a0<a href=\"http:\/\/www.living-leedh.com\/wp-content\/uploads\/2017\/05\/Bande-des-3.jpg\"><img loading=\"lazy\" decoding=\"async\" class=\"wp-image-5235 aligncenter\" src=\"http:\/\/www.living-leedh.com\/wp-content\/uploads\/2017\/05\/Bande-des-3.jpg\" alt=\"\" width=\"468\" height=\"322\" srcset=\"https:\/\/www.living-leedh.com\/wp-content\/uploads\/2017\/05\/Bande-des-3.jpg 1024w, https:\/\/www.living-leedh.com\/wp-content\/uploads\/2017\/05\/Bande-des-3-300x207.jpg 300w, https:\/\/www.living-leedh.com\/wp-content\/uploads\/2017\/05\/Bande-des-3-768x529.jpg 768w, https:\/\/www.living-leedh.com\/wp-content\/uploads\/2017\/05\/Bande-des-3-400x275.jpg 400w\" sizes=\"auto, (max-width: 468px) 100vw, 468px\" \/><\/a>\u00a0A voir\u00a0la mine r\u00e9jouie de chacun, nul doute que\u00a0le syst\u00e8me fonctionne !<a href=\"http:\/\/www.living-leedh.com\/wp-content\/uploads\/2017\/05\/SavouretDoc.jpg\"><br \/>\n<\/a><a href=\"http:\/\/www.living-leedh.com\/wp-content\/uploads\/2017\/05\/SavouretDoc.jpg\"><img loading=\"lazy\" decoding=\"async\" class=\"alignright wp-image-5240\" src=\"http:\/\/www.living-leedh.com\/wp-content\/uploads\/2017\/05\/SavouretDoc.jpg\" alt=\"\" width=\"289\" height=\"301\" \/><\/a>Nous nous en assurons avec l&rsquo;\u00e9coute d&rsquo;une <a href=\"http:\/\/www.living-leedh.com\/wp-content\/uploads\/2017\/05\/Sonate-Baroque.jpg\" target=\"_blank\" rel=\"noopener noreferrer\">bien\u00a0\u00e9trange bizarrerie<\/a>, la plage 7, connue de quelques m\u00e9lophile-audiopathes.<br \/>\nJacques <a href=\"http:\/\/www.living-leedh.com\/?page_id=4834\" target=\"_blank\" rel=\"noopener noreferrer\">(le Burson qui a fum\u00e9)<\/a> et son \u00e9pouse Claire nous rejoignent \u00a0pour le d\u00e9jeuner.<\/p>\n<p>Le syst\u00e8me est donc pr\u00eat afin d&rsquo;accueillir le public et partager les d\u00e9couvertes musicales que nous a pr\u00e9par\u00e9 JustLiSten.<a href=\"http:\/\/www.living-leedh.com\/wp-content\/uploads\/2017\/05\/Vue-ensemble-chaine.jpg\"><img loading=\"lazy\" decoding=\"async\" class=\"alignnone size-full wp-image-5245\" src=\"http:\/\/www.living-leedh.com\/wp-content\/uploads\/2017\/05\/Vue-ensemble-chaine.jpg\" alt=\"\" width=\"1024\" height=\"577\" srcset=\"https:\/\/www.living-leedh.com\/wp-content\/uploads\/2017\/05\/Vue-ensemble-chaine.jpg 1024w, https:\/\/www.living-leedh.com\/wp-content\/uploads\/2017\/05\/Vue-ensemble-chaine-300x169.jpg 300w, https:\/\/www.living-leedh.com\/wp-content\/uploads\/2017\/05\/Vue-ensemble-chaine-768x433.jpg 768w, https:\/\/www.living-leedh.com\/wp-content\/uploads\/2017\/05\/Vue-ensemble-chaine-128x72.jpg 128w, https:\/\/www.living-leedh.com\/wp-content\/uploads\/2017\/05\/Vue-ensemble-chaine-400x225.jpg 400w\" sizes=\"auto, (max-width: 1024px) 100vw, 1024px\" \/><\/a><\/p>\n<p style=\"text-align: center;\"><a href=\"http:\/\/www.living-leedh.com\/wp-content\/uploads\/2017\/05\/Vue-face-electroniques.jpg\"><img loading=\"lazy\" decoding=\"async\" class=\"alignnone size-full wp-image-5246\" src=\"http:\/\/www.living-leedh.com\/wp-content\/uploads\/2017\/05\/Vue-face-electroniques.jpg\" alt=\"\" width=\"776\" height=\"367\" srcset=\"https:\/\/www.living-leedh.com\/wp-content\/uploads\/2017\/05\/Vue-face-electroniques.jpg 776w, https:\/\/www.living-leedh.com\/wp-content\/uploads\/2017\/05\/Vue-face-electroniques-300x142.jpg 300w, https:\/\/www.living-leedh.com\/wp-content\/uploads\/2017\/05\/Vue-face-electroniques-768x363.jpg 768w, https:\/\/www.living-leedh.com\/wp-content\/uploads\/2017\/05\/Vue-face-electroniques-400x189.jpg 400w\" sizes=\"auto, (max-width: 776px) 100vw, 776px\" \/><\/a>Les \u00e9lectroniques \u00e0 tubes et la tablette reposent sur des\u00a0\u00a0\u00a0\u00a0\u00a0\u00a0\u00a0\u00a0\u00a0 \u00ab\u00a0plaques Michel\u00a0\u00bb. (<a href=\"https:\/\/www.druide-audio.fr\/\" target=\"_blank\" rel=\"noopener\">Druide-audio<\/a>)<a href=\"http:\/\/www.living-leedh.com\/wp-content\/uploads\/2017\/05\/Vue-proche-electroniques.jpg\"><img loading=\"lazy\" decoding=\"async\" class=\"alignnone size-full wp-image-5247\" src=\"http:\/\/www.living-leedh.com\/wp-content\/uploads\/2017\/05\/Vue-proche-electroniques.jpg\" alt=\"\" width=\"768\" height=\"769\" srcset=\"https:\/\/www.living-leedh.com\/wp-content\/uploads\/2017\/05\/Vue-proche-electroniques.jpg 768w, https:\/\/www.living-leedh.com\/wp-content\/uploads\/2017\/05\/Vue-proche-electroniques-150x150.jpg 150w, https:\/\/www.living-leedh.com\/wp-content\/uploads\/2017\/05\/Vue-proche-electroniques-300x300.jpg 300w, https:\/\/www.living-leedh.com\/wp-content\/uploads\/2017\/05\/Vue-proche-electroniques-200x200.jpg 200w, https:\/\/www.living-leedh.com\/wp-content\/uploads\/2017\/05\/Vue-proche-electroniques-400x401.jpg 400w\" sizes=\"auto, (max-width: 768px) 100vw, 768px\" \/><\/a>Avec toujours une grande stup\u00e9faction des plus jeunes \u00e0 l&rsquo;\u00e9coute des 33 tours.<a href=\"http:\/\/www.living-leedh.com\/wp-content\/uploads\/2017\/05\/Platine.jpg\"><img loading=\"lazy\" decoding=\"async\" class=\"alignnone wp-image-5248 size-full\" src=\"https:\/\/www.living-leedh.com\/wp-content\/uploads\/2017\/05\/Platine-e1645261009960.jpg\" alt=\"\" width=\"940\" height=\"768\" srcset=\"https:\/\/www.living-leedh.com\/wp-content\/uploads\/2017\/05\/Platine-e1645261009960.jpg 940w, https:\/\/www.living-leedh.com\/wp-content\/uploads\/2017\/05\/Platine-e1645261009960-300x245.jpg 300w, https:\/\/www.living-leedh.com\/wp-content\/uploads\/2017\/05\/Platine-e1645261009960-768x627.jpg 768w, https:\/\/www.living-leedh.com\/wp-content\/uploads\/2017\/05\/Platine-e1645261009960-400x327.jpg 400w\" sizes=\"auto, (max-width: 940px) 100vw, 940px\" \/><\/a><\/p>\n<p style=\"text-align: center;\">Le syst\u00e8me mis en \u0153uvre est <a href=\"http:\/\/www.living-leedh.com\/?page_id=30\" target=\"_blank\" rel=\"noopener noreferrer\">d\u00e9taill\u00e9 l\u00e0<\/a>.<\/p>\n<p style=\"text-align: left;\">Le salon ne d\u00e9semplit pas\u00a0sur les 2 jours : le bouche \u00e0 oreille fonctionne bien en Armorique.\u00a0\u00a0Des m\u00e9lomanes f\u00e9rus\u00a0apportent m\u00eame leurs\u00a0p\u00e9pites, et toujours la pr\u00e9sence inconditionnelle de J\u00e9r\u00e9my.<\/p>\n<figure id=\"attachment_5347\" aria-describedby=\"caption-attachment-5347\" style=\"width: 324px\" class=\"wp-caption alignleft\"><a href=\"http:\/\/www.living-leedh.com\/wp-content\/uploads\/2017\/06\/octobasse.jpg\"><img loading=\"lazy\" decoding=\"async\" class=\"wp-image-5347\" src=\"http:\/\/www.living-leedh.com\/wp-content\/uploads\/2017\/06\/octobasse.jpg\" alt=\"\" width=\"324\" height=\"432\" srcset=\"https:\/\/www.living-leedh.com\/wp-content\/uploads\/2017\/06\/octobasse.jpg 768w, https:\/\/www.living-leedh.com\/wp-content\/uploads\/2017\/06\/octobasse-225x300.jpg 225w, https:\/\/www.living-leedh.com\/wp-content\/uploads\/2017\/06\/octobasse-400x533.jpg 400w\" sizes=\"auto, (max-width: 324px) 100vw, 324px\" \/><\/a><figcaption id=\"caption-attachment-5347\" class=\"wp-caption-text\">Jean-Mathias PETRI, cr\u00e9ation binaurale 100% fl\u00fbtes<\/figcaption><\/figure>\n<p>Juste un break dans la salle adjacente, pour un concert de fl\u00fbtes binaurales aux casques, m\u00e9lange de live et de musique pr\u00e9enregistr\u00e9e.<br \/>\nUne exp\u00e9rience surprenante, du piccolo \u00e0 <strong>la fl\u00fbte octobasse.<br \/>\n<\/strong><strong><br \/>\n<\/strong><\/p>\n<p><em>Bavardages,<\/em><br \/>\nextrait (Mp3) \u00e0 \u00e9couter au casque<\/p>\n<audio class=\"wp-audio-shortcode\" id=\"audio-5229-1\" preload=\"auto\" style=\"width: 100%;\" controls=\"controls\"><source type=\"audio\/mpeg\" src=\"http:\/\/www.living-leedh.com\/wp-content\/uploads\/2017\/06\/Bavardages-30_08_14-STEREO.mp3?_=1\" \/><a href=\"http:\/\/www.living-leedh.com\/wp-content\/uploads\/2017\/06\/Bavardages-30_08_14-STEREO.mp3\">http:\/\/www.living-leedh.com\/wp-content\/uploads\/2017\/06\/Bavardages-30_08_14-STEREO.mp3<\/a><\/audio>\n<p><a href=\"http:\/\/www.jeanmathias-petri.com\" target=\"_blank\" rel=\"noopener noreferrer\">http:\/\/www.jeanmathias-petri.com<\/a><\/p>\n<p style=\"text-align: left;\"><strong>\u00a0<\/strong>A l&rsquo;ann\u00e9e prochaine, certainement &#8230; \u00a0Avec les Glass ?<\/p>\n<p style=\"text-align: left;\">Tranche de vie :<em> \u00e0 la question de son enfant\u00a0 montrant un vinyle \u00ab\u00a0c&rsquo;est quoi \u00e7a ?\u00a0\u00bb , le p\u00e8re r\u00e9pond : \u00ab\u00a0c&rsquo;est ce qu&rsquo;il y avait avant les cl\u00e9s USB &#8230;\u00a0\u00bb<br \/>\n<\/em>Exit le CD, dans l&rsquo;histoire de l\u2019enregistrement sonore.<\/p>\n","protected":false},"excerpt":{"rendered":"<p>Changement de nom cette ann\u00e9e : Le Pont des Arts Sonores devient La Baie des Sons, avec un programme d&rsquo;une semaine, autour des arts sonores et de la Baie de Saint-Brieuc. Les 20 et 21 mai, \u00e0 la Briqueterie, et pour la 3\u00e9me ann\u00e9e cons\u00e9cutive, \u00a0 est pr\u00e9sent. Une belle surface (entre 30 et 40m2) &hellip; <a href=\"https:\/\/www.living-leedh.com\/?page_id=5229\" class=\"more-link\">Continuer la lecture de <span class=\"screen-reader-text\">Baie des Sons 2017<\/span>  <span class=\"meta-nav\">&rarr;<\/span><\/a><\/p>\n","protected":false},"author":1,"featured_media":0,"parent":0,"menu_order":0,"comment_status":"closed","ping_status":"closed","template":"","meta":{"_bbp_topic_count":0,"_bbp_reply_count":0,"_bbp_total_topic_count":0,"_bbp_total_reply_count":0,"_bbp_voice_count":0,"_bbp_anonymous_reply_count":0,"_bbp_topic_count_hidden":0,"_bbp_reply_count_hidden":0,"_bbp_forum_subforum_count":0,"footnotes":""},"class_list":["post-5229","page","type-page","status-publish","hentry"],"_links":{"self":[{"href":"https:\/\/www.living-leedh.com\/index.php?rest_route=\/wp\/v2\/pages\/5229","targetHints":{"allow":["GET"]}}],"collection":[{"href":"https:\/\/www.living-leedh.com\/index.php?rest_route=\/wp\/v2\/pages"}],"about":[{"href":"https:\/\/www.living-leedh.com\/index.php?rest_route=\/wp\/v2\/types\/page"}],"author":[{"embeddable":true,"href":"https:\/\/www.living-leedh.com\/index.php?rest_route=\/wp\/v2\/users\/1"}],"replies":[{"embeddable":true,"href":"https:\/\/www.living-leedh.com\/index.php?rest_route=%2Fwp%2Fv2%2Fcomments&post=5229"}],"version-history":[{"count":70,"href":"https:\/\/www.living-leedh.com\/index.php?rest_route=\/wp\/v2\/pages\/5229\/revisions"}],"predecessor-version":[{"id":7409,"href":"https:\/\/www.living-leedh.com\/index.php?rest_route=\/wp\/v2\/pages\/5229\/revisions\/7409"}],"wp:attachment":[{"href":"https:\/\/www.living-leedh.com\/index.php?rest_route=%2Fwp%2Fv2%2Fmedia&parent=5229"}],"curies":[{"name":"wp","href":"https:\/\/api.w.org\/{rel}","templated":true}]}}