{"id":528,"date":"2015-04-04T17:28:57","date_gmt":"2015-04-04T16:28:57","guid":{"rendered":"http:\/\/www.living-leedh.com\/?page_id=528"},"modified":"2022-03-10T11:12:15","modified_gmt":"2022-03-10T10:12:15","slug":"chet","status":"publish","type":"page","link":"https:\/\/www.living-leedh.com\/?page_id=528","title":{"rendered":"Chet"},"content":{"rendered":"<p><a href=\"http:\/\/www.living-leedh.com\/wp-content\/uploads\/2019\/05\/ForumChet90x90.jpg\"><img loading=\"lazy\" decoding=\"async\" class=\"alignnone size-full wp-image-6522\" src=\"http:\/\/www.living-leedh.com\/wp-content\/uploads\/2019\/05\/ForumChet90x90.jpg\" alt=\"\" width=\"90\" height=\"90\" \/><\/a><\/p>\n<p><strong>Chet ne supporte pas les bo\u00eetes&#8230;<\/strong><\/p>\n<p>Il est pass\u00e9 d&rsquo;un montage\u00a0<em>&lsquo;panneau plan&rsquo;<\/em> <a href=\"http:\/\/haute.fidelite.com.online.fr\/coin-integriste\/T-Fouchet\/TFouchet.html\" target=\"_blank\" rel=\"noopener\">SUPRAVOX<\/a> + JBL&#8230;<a href=\"http:\/\/www.living-leedh.com\/wp-content\/uploads\/2015\/04\/PlanSupravox.jpg\"><img loading=\"lazy\" decoding=\"async\" class=\" wp-image-530 aligncenter\" src=\"http:\/\/www.living-leedh.com\/wp-content\/uploads\/2015\/04\/Panneau2-210x300.jpg\" alt=\"Panneau2\" width=\"234\" height=\"334\" srcset=\"https:\/\/www.living-leedh.com\/wp-content\/uploads\/2015\/04\/Panneau2-210x300.jpg 210w, https:\/\/www.living-leedh.com\/wp-content\/uploads\/2015\/04\/Panneau2.jpg 225w\" sizes=\"auto, (max-width: 234px) 100vw, 234px\" \/><\/a><\/p>\n<p>\u00e0 des <a href=\"http:\/\/charlin-lescharlinales.weebly.com\/\" target=\"_blank\" rel=\"noopener\">colonnes CHARLIN<\/a>. <a href=\"http:\/\/www.living-leedh.com\/wp-content\/uploads\/2015\/04\/img_0979-4586b74.jpg\"><img loading=\"lazy\" decoding=\"async\" class=\" wp-image-531 aligncenter\" src=\"http:\/\/www.living-leedh.com\/wp-content\/uploads\/2015\/04\/img_0979-4586b74-300x236.jpg\" alt=\"img_0979-4586b74\" width=\"288\" height=\"227\" srcset=\"https:\/\/www.living-leedh.com\/wp-content\/uploads\/2015\/04\/img_0979-4586b74-300x236.jpg 300w, https:\/\/www.living-leedh.com\/wp-content\/uploads\/2015\/04\/img_0979-4586b74.jpg 1024w, https:\/\/www.living-leedh.com\/wp-content\/uploads\/2015\/04\/img_0979-4586b74-400x314.jpg 400w\" sizes=\"auto, (max-width: 288px) 100vw, 288px\" \/><\/a><\/p>\n<p style=\"text-align: center;\">Puis, il est tomb\u00e9 dans le panneau <a href=\"http:\/\/www.magnepan.com\" target=\"_blank\" rel=\"noopener\">MG 1.6<\/a>, <a href=\"http:\/\/www.living-leedh.com\/wp-content\/uploads\/2015\/04\/MG1_6D.jpg\"><img loading=\"lazy\" decoding=\"async\" class=\" wp-image-532 alignnone\" src=\"http:\/\/www.living-leedh.com\/wp-content\/uploads\/2015\/04\/MG1_6D-210x300.jpg\" alt=\"MG1_6D\" width=\"175\" height=\"250\" srcset=\"https:\/\/www.living-leedh.com\/wp-content\/uploads\/2015\/04\/MG1_6D-210x300.jpg 210w, https:\/\/www.living-leedh.com\/wp-content\/uploads\/2015\/04\/MG1_6D-718x1024.jpg 718w, https:\/\/www.living-leedh.com\/wp-content\/uploads\/2015\/04\/MG1_6D-400x570.jpg 400w, https:\/\/www.living-leedh.com\/wp-content\/uploads\/2015\/04\/MG1_6D.jpg 1034w\" sizes=\"auto, (max-width: 175px) 100vw, 175px\" \/><\/a><\/p>\n<p style=\"text-align: center;\">&#8230;avant d&rsquo;aboutir aux <strong>Leedh E2 <\/strong>install\u00e9es le 3 avril 2015<strong><br \/>\n<\/strong><\/p>\n<p style=\"text-align: center;\"><a href=\"http:\/\/www.living-leedh.com\/wp-content\/uploads\/2015\/04\/Chaine3.jpg\"><img loading=\"lazy\" decoding=\"async\" class=\" wp-image-544 aligncenter\" src=\"http:\/\/www.living-leedh.com\/wp-content\/uploads\/2015\/04\/Chaine3-300x178.jpg\" alt=\"Chaine3\" width=\"450\" height=\"267\" srcset=\"https:\/\/www.living-leedh.com\/wp-content\/uploads\/2015\/04\/Chaine3-300x178.jpg 300w, https:\/\/www.living-leedh.com\/wp-content\/uploads\/2015\/04\/Chaine3.jpg 1024w, https:\/\/www.living-leedh.com\/wp-content\/uploads\/2015\/04\/Chaine3-400x238.jpg 400w\" sizes=\"auto, (max-width: 450px) 100vw, 450px\" \/><\/a><\/p>\n<p>Autres \u00e9l\u00e9ments de la cha\u00eene :<\/p>\n<ul>\n<li style=\"list-style-type: none;\">\n<ul>\n<li>Amplificateur int\u00e9gr\u00e9 <del><a href=\"http:\/\/www.living-leedh.com\/wp-content\/uploads\/2015\/04\/ASR-Emitter-1.pdf\" target=\"_blank\" rel=\"noopener\">ASR Emitter I version \u00ab\u00a0Exclusive\u00a0\u00bb <\/a>2007. Les 2 bo\u00eetiers d&rsquo;alimentations sont en Rez de Parquet du meuble.<\/del>\u00a0L&rsquo;association ASR Emitter avec LEEDH E2 <strong>m&rsquo;avait\u00a0\u00e9t\u00e9<\/strong> guid\u00e9e par les articles <a href=\"http:\/\/blogsv2.qobuz.com\/les-tetes-de-lart\/2013\/02\/18\/antoine-gresland-ecoutezvoir-com\/\" target=\"_blank\" rel=\"noopener\">d&rsquo;Antoine Gresland\u00a0<\/a>\u00a0et sa confirmation par courriel :\u00a0\u00ab\u00a0<em>Le mariage des Leeds E2 avec l\u2019ASR est une merveille ! La douceur et l\u2019expressivit\u00e9 de l\u2019ASR se mariant avec bonheur avec la transparence et la pr\u00e9cision des Leedh. C\u2019est donc un mariage que je conseillerais sans restriction, si ce n\u2019est la tentation d\u2019y ajouter le caisson 20.1 pour profiter d\u2019un confort encore sup\u00e9rieur, notamment \u00e0 bas niveau.\u00a0<\/em><em>Bonnes \u00e9coutes,\u00a0Tr\u00e8s cordialement\u00a0\u00ab\u00a0<\/em><\/li>\n<li><strong>Depuis\u00a0aout 2017, passage<\/strong> au <a href=\"http:\/\/ypsilonelectronics.com\/phaethon\/\" target=\"_blank\" rel=\"noopener\">PHAETHON d&rsquo;YPSILON\u00a0<\/a>; peu de litt\u00e9rature \u00e0 son sujet, \u00e9tant r\u00e9cemment import\u00e9 en France par <a href=\"http:\/\/musicadomia.com\/\" target=\"_blank\" rel=\"noopener\">Musicadomia<\/a>.\u00a0\u00a0Bien que\u00a0moins puissant que l&rsquo;ASR\u00a0selon son descriptif technique, cet ampli int\u00e9gr\u00e9, associ\u00e9 aux E2, propose pourtant une \u00e9coute encore plus \u00ab\u00a0charnelle\u00a0\u00bb et nuanc\u00e9e quelque soit le volume d&rsquo;\u00e9coute. Un grand pas de plus vers &lsquo;le geste musical&rsquo; \u00e0 l&rsquo;\u00e9coute du r\u00e9pertoire acoustique.<em><img loading=\"lazy\" decoding=\"async\" class=\"size-full wp-image-5596 aligncenter\" src=\"http:\/\/www.living-leedh.com\/wp-content\/uploads\/2015\/04\/PhaetonWeb.jpg\" alt=\"\" width=\"448\" height=\"288\" srcset=\"https:\/\/www.living-leedh.com\/wp-content\/uploads\/2015\/04\/PhaetonWeb.jpg 448w, https:\/\/www.living-leedh.com\/wp-content\/uploads\/2015\/04\/PhaetonWeb-300x193.jpg 300w, https:\/\/www.living-leedh.com\/wp-content\/uploads\/2015\/04\/PhaetonWeb-400x257.jpg 400w\" sizes=\"auto, (max-width: 448px) 100vw, 448px\" \/><\/em><\/li>\n<\/ul>\n<\/li>\n<li><strong>Depuis avril 2018, passage<\/strong> par &lsquo;upgrade&rsquo; aux E2Glass :<br \/>\n<a href=\"http:\/\/www.living-leedh.com\/wp-content\/uploads\/2018\/03\/Tweeter-Glass.jpg\"><img loading=\"lazy\" decoding=\"async\" class=\" wp-image-5907 aligncenter\" src=\"http:\/\/www.living-leedh.com\/wp-content\/uploads\/2018\/03\/Tweeter-Glass.jpg\" alt=\"\" width=\"419\" height=\"743\" srcset=\"https:\/\/www.living-leedh.com\/wp-content\/uploads\/2018\/03\/Tweeter-Glass.jpg 1840w, https:\/\/www.living-leedh.com\/wp-content\/uploads\/2018\/03\/Tweeter-Glass-169x300.jpg 169w, https:\/\/www.living-leedh.com\/wp-content\/uploads\/2018\/03\/Tweeter-Glass-768x1362.jpg 768w, https:\/\/www.living-leedh.com\/wp-content\/uploads\/2018\/03\/Tweeter-Glass-577x1024.jpg 577w, https:\/\/www.living-leedh.com\/wp-content\/uploads\/2018\/03\/Tweeter-Glass-338x600.jpg 338w\" sizes=\"auto, (max-width: 419px) 100vw, 419px\" \/><\/a><\/li>\n<li>Tuner <a href=\"http:\/\/www.living-leedh.com\/wp-content\/uploads\/2015\/04\/Revox-Tuner.png\" target=\"_blank\" rel=\"noopener\">REVOX B160<\/a><\/li>\n<li>CD\u00a0&#8211; DAC <a href=\"http:\/\/www.living-leedh.com\/wp-content\/uploads\/2016\/12\/hautefidelite_PlayBack.pdf\" target=\"_blank\" rel=\"noopener\">PlayBack Designs MPS-3,<\/a> \u00e9quip\u00e9 d&rsquo;un fusible Audio Magic Ultimate SHD Beeswax.<\/li>\n<li>Ligne secteur d\u00e9di\u00e9e, ensemble des appareils sur barrette secteur LHAudio, reli\u00e9e prise par cordon secteur TWL s\u00e9rie Digital\u00a0puis\u00a0\u00a0<a href=\"http:\/\/www.neodio.fr\/fr\/hifi\/cordon-secteur-origine-p5\/\" target=\"_blank\" rel=\"noopener\">Neodio P5 <\/a>sur la source MPS-3, CARDAS<a href=\"http:\/\/www.cardas.com\/clear_beyond_power.php\" target=\"_blank\" rel=\"noopener\"> Clear Beyond Power<\/a> sur l&rsquo;ampli ; c\u00e2bles de modulation\u00a0CARDAS <a href=\"http:\/\/www.cardas.com\/clear_beyond_ic.php\" target=\"_blank\" rel=\"noopener\">Clear Beyond<\/a>, c\u00e2bles HP Van den Hul <a href=\"https:\/\/www.vandenhul.com\/product\/3t-the-cumulus-hybrid\/\" target=\"_blank\" rel=\"noopener\">Cumulus<\/a><\/li>\n<li>Supports : <a href=\"http:\/\/wavekinetics.com\/products\/a10-u8\/\" target=\"_blank\" rel=\"noopener\">Wave Kinetics A10-U8<\/a> sous la barrette secteur et\u00a0le PlayBack<\/li>\n<li><a href=\"https:\/\/www.ikea.com\/fr\/fr\/catalog\/products\/00309829\/\" target=\"_blank\" rel=\"noopener\">Planche bambou<\/a> IKEA + <a href=\"https:\/\/sites.google.com\/site\/rehdeko\/Home\/les-plaquettes\" target=\"_blank\" rel=\"noopener\">plaquettes Rehdeko<\/a> sous le Phaethon<\/li>\n<li>Divers tweaks :\u00a0R\u00e9sonateur de Schumann, D\u00e9magn\u00e9tiseur de CD, &#8230;<\/li>\n<li>ET le principal : Quelques 4000 CD<\/li>\n<\/ul>\n<p><strong>Evolution \u00e0 d\u00e9cembre 2015 :<\/strong> Correction passive de l&rsquo;acoustique&#8230;<br \/>\n<a href=\"http:\/\/www.living-leedh.com\/wp-content\/uploads\/2015\/04\/IMG_0039doc.jpg\"><img loading=\"lazy\" decoding=\"async\" class=\" wp-image-2849 aligncenter\" src=\"http:\/\/www.living-leedh.com\/wp-content\/uploads\/2015\/04\/IMG_0039doc-300x225.jpg\" alt=\"IMG_0039doc\" width=\"325\" height=\"244\" srcset=\"https:\/\/www.living-leedh.com\/wp-content\/uploads\/2015\/04\/IMG_0039doc-300x225.jpg 300w, https:\/\/www.living-leedh.com\/wp-content\/uploads\/2015\/04\/IMG_0039doc.jpg 1024w, https:\/\/www.living-leedh.com\/wp-content\/uploads\/2015\/04\/IMG_0039doc-400x300.jpg 400w\" sizes=\"auto, (max-width: 325px) 100vw, 325px\" \/><\/a><\/p>\n<p style=\"text-align: center;\">&#8230;En reportage dans la rubrique <a href=\"http:\/\/www.living-leedh.com\/?page_id=4327\">Le Vrac \u00e0 nous\u2026<\/a><\/p>\n<p><strong>Le grand d\u00e9ballage avec Gilles Milot<\/strong>\u00a0\u00a0: page 2<span style=\"color: #000080;\"><br \/>\n<\/span><\/p>\n<p><!--nextpage--><\/p>\n<p><strong>Ouverture d&rsquo;un carton&#8230;\u00a0\u00a0\u00a0<\/strong><\/p>\n<p>Protection maximale \u00a0<a href=\"http:\/\/www.living-leedh.com\/wp-content\/uploads\/2015\/04\/Gilles-ouvre-la-boite.jpg\"><img loading=\"lazy\" decoding=\"async\" class=\"alignnone wp-image-508\" src=\"http:\/\/www.living-leedh.com\/wp-content\/uploads\/2015\/04\/Gilles-ouvre-la-boite-170x300.jpg\" alt=\"Gilles ouvre la boite\" width=\"184\" height=\"325\" srcset=\"https:\/\/www.living-leedh.com\/wp-content\/uploads\/2015\/04\/Gilles-ouvre-la-boite-170x300.jpg 170w, https:\/\/www.living-leedh.com\/wp-content\/uploads\/2015\/04\/Gilles-ouvre-la-boite.jpg 579w, https:\/\/www.living-leedh.com\/wp-content\/uploads\/2015\/04\/Gilles-ouvre-la-boite-339x600.jpg 339w\" sizes=\"auto, (max-width: 184px) 100vw, 184px\" \/><\/a><\/p>\n<p>Comment attraper l&rsquo;E2\u00a0\u00a0<a href=\"http:\/\/www.living-leedh.com\/wp-content\/uploads\/2015\/04\/Attraper-les-E2.jpg\"><img loading=\"lazy\" decoding=\"async\" class=\" size-medium wp-image-509 alignnone\" src=\"http:\/\/www.living-leedh.com\/wp-content\/uploads\/2015\/04\/Attraper-les-E2-247x300.jpg\" alt=\"Attraper les E2\" width=\"247\" height=\"300\" srcset=\"https:\/\/www.living-leedh.com\/wp-content\/uploads\/2015\/04\/Attraper-les-E2-247x300.jpg 247w, https:\/\/www.living-leedh.com\/wp-content\/uploads\/2015\/04\/Attraper-les-E2.jpg 336w\" sizes=\"auto, (max-width: 247px) 100vw, 247px\" \/><\/a><\/p>\n<p>Protection de la\u00a0\u00ab\u00a0t\u00eate\u00a0\u00bb <a href=\"http:\/\/www.living-leedh.com\/wp-content\/uploads\/2015\/04\/Emballage-t\u00eate.jpg\"><img loading=\"lazy\" decoding=\"async\" class=\"alignnone size-medium wp-image-510\" src=\"http:\/\/www.living-leedh.com\/wp-content\/uploads\/2015\/04\/Emballage-t\u00eate-185x300.jpg\" alt=\"Emballage t\u00eate\" width=\"185\" height=\"300\" srcset=\"https:\/\/www.living-leedh.com\/wp-content\/uploads\/2015\/04\/Emballage-t\u00eate-185x300.jpg 185w, https:\/\/www.living-leedh.com\/wp-content\/uploads\/2015\/04\/Emballage-t\u00eate.jpg 276w\" sizes=\"auto, (max-width: 185px) 100vw, 185px\" \/><\/a><\/p>\n<p><span style=\"color: #000000;\">Au passage, 40 ans d&rsquo;\u00e9cart : <strong>C<\/strong>o<strong>lonnes Charlin <\/strong><a style=\"color: #000000; text-decoration: underline;\" href=\"http:\/\/www.living-leedh.com\/wp-content\/uploads\/2015\/04\/Charlin.jpg\">et HP LEEDH en premier plan<img loading=\"lazy\" decoding=\"async\" class=\" wp-image-511 alignright\" src=\"http:\/\/www.living-leedh.com\/wp-content\/uploads\/2015\/04\/Charlin-137x300.jpg\" alt=\"Charlin\" width=\"328\" height=\"719\" srcset=\"https:\/\/www.living-leedh.com\/wp-content\/uploads\/2015\/04\/Charlin-137x300.jpg 137w, https:\/\/www.living-leedh.com\/wp-content\/uploads\/2015\/04\/Charlin.jpg 204w\" sizes=\"auto, (max-width: 328px) 100vw, 328px\" \/><\/a> <\/span><\/p>\n<p>&nbsp;<\/p>\n<p>&nbsp;<\/p>\n<p>&nbsp;<\/p>\n<p>&nbsp;<\/p>\n<p>&nbsp;<\/p>\n<p>&nbsp;<\/p>\n<p>&nbsp;<\/p>\n<p>&nbsp;<\/p>\n<p>&nbsp;<\/p>\n<p>&nbsp;<\/p>\n<p>&nbsp;<\/p>\n<p>&nbsp;<\/p>\n<p>&nbsp;<\/p>\n<p>&nbsp;<\/p>\n<p>&nbsp;<\/p>\n<p><strong>Installation :<\/strong><\/p>\n<p style=\"text-align: left;\">Gilles prend les mesures de centrage <a href=\"http:\/\/www.living-leedh.com\/wp-content\/uploads\/2015\/04\/Prise-de-mesure.jpg\"><img loading=\"lazy\" decoding=\"async\" class=\" wp-image-512 aligncenter\" src=\"http:\/\/www.living-leedh.com\/wp-content\/uploads\/2015\/04\/Prise-de-mesure-300x195.jpg\" alt=\"Prise de mesure\" width=\"382\" height=\"248\" srcset=\"https:\/\/www.living-leedh.com\/wp-content\/uploads\/2015\/04\/Prise-de-mesure-300x195.jpg 300w, https:\/\/www.living-leedh.com\/wp-content\/uploads\/2015\/04\/Prise-de-mesure-400x260.jpg 400w, https:\/\/www.living-leedh.com\/wp-content\/uploads\/2015\/04\/Prise-de-mesure.jpg 448w\" sizes=\"auto, (max-width: 382px) 100vw, 382px\" \/><\/a>et positionne\u00a0des rep\u00e8res\u00a0pour focus des enceintes avant m\u00eame leur branchement<a href=\"http:\/\/www.living-leedh.com\/wp-content\/uploads\/2015\/04\/mise-marque-2.jpg\"><img loading=\"lazy\" decoding=\"async\" class=\" wp-image-513 aligncenter\" src=\"http:\/\/www.living-leedh.com\/wp-content\/uploads\/2015\/04\/mise-marque-2-300x166.jpg\" alt=\"mise marque 2\" width=\"347\" height=\"192\" srcset=\"https:\/\/www.living-leedh.com\/wp-content\/uploads\/2015\/04\/mise-marque-2-300x166.jpg 300w, https:\/\/www.living-leedh.com\/wp-content\/uploads\/2015\/04\/mise-marque-2-400x221.jpg 400w, https:\/\/www.living-leedh.com\/wp-content\/uploads\/2015\/04\/mise-marque-2.jpg 448w\" sizes=\"auto, (max-width: 347px) 100vw, 347px\" \/><\/a><a href=\"http:\/\/www.living-leedh.com\/wp-content\/uploads\/2015\/04\/mise-marque.jpg\"><img loading=\"lazy\" decoding=\"async\" class=\" wp-image-515 aligncenter\" src=\"http:\/\/www.living-leedh.com\/wp-content\/uploads\/2015\/04\/mise-marque-300x179.jpg\" alt=\"mise marque\" width=\"355\" height=\"212\" srcset=\"https:\/\/www.living-leedh.com\/wp-content\/uploads\/2015\/04\/mise-marque-300x179.jpg 300w, https:\/\/www.living-leedh.com\/wp-content\/uploads\/2015\/04\/mise-marque-400x239.jpg 400w, https:\/\/www.living-leedh.com\/wp-content\/uploads\/2015\/04\/mise-marque.jpg 448w\" sizes=\"auto, (max-width: 355px) 100vw, 355px\" \/><\/a>Apr\u00e8s quelques ajustements, branchement des c\u00e2bles. Ainsi, nous obtenons une base rep\u00e8re pour r\u00e9gler plus finement, notamment le pincement ;\u00a0Gilles recommande que les enceintes restent parfaitement sym\u00e9triques au final.<\/p>\n<p style=\"text-align: left;\"><strong>Rodage :<\/strong> Pr\u00e9voir une centaine d&rsquo;heures.<\/p>\n<p style=\"text-align: left;\"><a href=\"http:\/\/www.living-leedh.com\/wp-content\/uploads\/2015\/04\/Cosses.jpg\"><img loading=\"lazy\" decoding=\"async\" class=\"wp-image-518 alignnone\" src=\"http:\/\/www.living-leedh.com\/wp-content\/uploads\/2015\/04\/Cosses-202x300.jpg\" alt=\"Cosses\" width=\"273\" height=\"405\" srcset=\"https:\/\/www.living-leedh.com\/wp-content\/uploads\/2015\/04\/Cosses-202x300.jpg 202w, https:\/\/www.living-leedh.com\/wp-content\/uploads\/2015\/04\/Cosses.jpg 302w\" sizes=\"auto, (max-width: 273px) 100vw, 273px\" \/><\/a><\/p>\n<p style=\"text-align: left;\"><strong>C\u00f4t\u00e9\u00a0connecteurs :<\/strong> Gilles pr\u00e9conise des fiches type banane&#8230;<\/p>\n<p style=\"text-align: left;\">Et ne pas pr\u00e9voir connecter des tuyaux d&rsquo;arrosage&#8230; L&rsquo;espace est compt\u00e9.<\/p>\n<p style=\"text-align: left;\">Depuis cette photo (CARDAS), des <a href=\"http:\/\/www.living-leedh.com\/?page_id=26\">c\u00e2bles LEEDH<\/a> ont \u00e9t\u00e9 install\u00e9s.<\/p>\n<p style=\"text-align: left;\"><strong>Contacter Chet :<br \/>\n<\/strong><div role=\"form\" class=\"wpcf7\" id=\"wpcf7-f575-o1\" lang=\"fr-FR\" dir=\"ltr\">\n<div class=\"screen-reader-response\"><p role=\"status\" aria-live=\"polite\" aria-atomic=\"true\"><\/p> <ul><\/ul><\/div>\n<form action=\"\/index.php?rest_route=%2Fwp%2Fv2%2Fpages%2F528#wpcf7-f575-o1\" method=\"post\" class=\"wpcf7-form init\" novalidate=\"novalidate\" data-status=\"init\">\n<div style=\"display: none;\">\n<input type=\"hidden\" name=\"_wpcf7\" value=\"575\" \/>\n<input type=\"hidden\" name=\"_wpcf7_version\" value=\"5.5.6\" \/>\n<input type=\"hidden\" name=\"_wpcf7_locale\" value=\"fr_FR\" \/>\n<input type=\"hidden\" name=\"_wpcf7_unit_tag\" value=\"wpcf7-f575-o1\" \/>\n<input type=\"hidden\" name=\"_wpcf7_container_post\" value=\"0\" \/>\n<input type=\"hidden\" name=\"_wpcf7_posted_data_hash\" value=\"\" \/>\n<input type=\"hidden\" name=\"_wpcf7_recaptcha_response\" value=\"\" \/>\n<\/div>\n<p>Votre nom*<br \/>\n    <span class=\"wpcf7-form-control-wrap your-name\"><input type=\"text\" name=\"your-name\" value=\"\" size=\"40\" class=\"wpcf7-form-control wpcf7-text wpcf7-validates-as-required\" aria-required=\"true\" aria-invalid=\"false\" \/><\/span> <\/p>\n<p>Votre email*<br \/>\n    <span class=\"wpcf7-form-control-wrap your-email\"><input type=\"email\" name=\"your-email\" value=\"\" size=\"40\" class=\"wpcf7-form-control wpcf7-text wpcf7-email wpcf7-validates-as-required wpcf7-validates-as-email\" aria-required=\"true\" aria-invalid=\"false\" \/><\/span> <\/p>\n<p>Sujet*<br \/>\n    <span class=\"wpcf7-form-control-wrap your-subject\"><input type=\"text\" name=\"your-subject\" value=\"\" size=\"40\" class=\"wpcf7-form-control wpcf7-text wpcf7-validates-as-required\" aria-required=\"true\" aria-invalid=\"false\" \/><\/span> <\/p>\n<p>Votre message<br \/>\n    <span class=\"wpcf7-form-control-wrap your-message\"><textarea name=\"your-message\" cols=\"40\" rows=\"10\" class=\"wpcf7-form-control wpcf7-textarea\" aria-invalid=\"false\"><\/textarea><\/span> <\/p>\n\n<p><input type=\"submit\" value=\"Envoyer\" class=\"wpcf7-form-control has-spinner wpcf7-submit\" \/><\/p>\n<p style=\"display: none !important;\"><label>&#916;<textarea name=\"_wpcf7_ak_hp_textarea\" cols=\"45\" rows=\"8\" maxlength=\"100\"><\/textarea><\/label><input type=\"hidden\" id=\"ak_js_1\" name=\"_wpcf7_ak_js\" value=\"102\"\/><script>document.getElementById( \"ak_js_1\" ).setAttribute( \"value\", ( new Date() ).getTime() );<\/script><\/p><div class=\"wpcf7-response-output\" aria-hidden=\"true\"><\/div><\/form><\/div><\/p>\n","protected":false},"excerpt":{"rendered":"<p>Chet ne supporte pas les bo\u00eetes&#8230; Il est pass\u00e9 d&rsquo;un montage\u00a0&lsquo;panneau plan&rsquo; SUPRAVOX + JBL&#8230; \u00e0 des colonnes CHARLIN. Puis, il est tomb\u00e9 dans le panneau MG 1.6, &#8230;avant d&rsquo;aboutir aux Leedh E2 install\u00e9es le 3 avril 2015 Autres \u00e9l\u00e9ments de la cha\u00eene : Amplificateur int\u00e9gr\u00e9 ASR Emitter I version \u00ab\u00a0Exclusive\u00a0\u00bb 2007. Les 2 bo\u00eetiers &hellip; <a href=\"https:\/\/www.living-leedh.com\/?page_id=528\" class=\"more-link\">Continuer la lecture de <span class=\"screen-reader-text\">Chet<\/span>  <span class=\"meta-nav\">&rarr;<\/span><\/a><\/p>\n","protected":false},"author":1,"featured_media":0,"parent":0,"menu_order":0,"comment_status":"open","ping_status":"open","template":"page-templates\/full-width.php","meta":{"_bbp_topic_count":0,"_bbp_reply_count":0,"_bbp_total_topic_count":0,"_bbp_total_reply_count":0,"_bbp_voice_count":0,"_bbp_anonymous_reply_count":0,"_bbp_topic_count_hidden":0,"_bbp_reply_count_hidden":0,"_bbp_forum_subforum_count":0,"footnotes":""},"class_list":["post-528","page","type-page","status-publish","hentry"],"_links":{"self":[{"href":"https:\/\/www.living-leedh.com\/index.php?rest_route=\/wp\/v2\/pages\/528","targetHints":{"allow":["GET"]}}],"collection":[{"href":"https:\/\/www.living-leedh.com\/index.php?rest_route=\/wp\/v2\/pages"}],"about":[{"href":"https:\/\/www.living-leedh.com\/index.php?rest_route=\/wp\/v2\/types\/page"}],"author":[{"embeddable":true,"href":"https:\/\/www.living-leedh.com\/index.php?rest_route=\/wp\/v2\/users\/1"}],"replies":[{"embeddable":true,"href":"https:\/\/www.living-leedh.com\/index.php?rest_route=%2Fwp%2Fv2%2Fcomments&post=528"}],"version-history":[{"count":109,"href":"https:\/\/www.living-leedh.com\/index.php?rest_route=\/wp\/v2\/pages\/528\/revisions"}],"predecessor-version":[{"id":7407,"href":"https:\/\/www.living-leedh.com\/index.php?rest_route=\/wp\/v2\/pages\/528\/revisions\/7407"}],"wp:attachment":[{"href":"https:\/\/www.living-leedh.com\/index.php?rest_route=%2Fwp%2Fv2%2Fmedia&parent=528"}],"curies":[{"name":"wp","href":"https:\/\/api.w.org\/{rel}","templated":true}]}}