{"id":5355,"date":"2017-06-03T18:23:55","date_gmt":"2017-06-03T16:23:55","guid":{"rendered":"http:\/\/www.living-leedh.com\/?page_id=5355"},"modified":"2017-06-03T18:42:23","modified_gmt":"2017-06-03T16:42:23","slug":"vente-cables","status":"publish","type":"page","link":"https:\/\/www.living-leedh.com\/?page_id=5355","title":{"rendered":"Vente C\u00e2bles"},"content":{"rendered":"<p><em>le vendeur assume l&rsquo;enti\u00e8re responsabilit\u00e9 du contenu de son annone<br \/>\n<\/em><strong>Mis en ligne le 3\/6\/2017<\/strong><\/p>\n<pre>bonjour \u00e0 tous les leedheurs !\r\nJe vends mes c\u00e2bles Leedh car mes nouvelles enceintes, des Klinger Favre S20 s'expriment vraiment mieux et pleinement en bi-cablage.\r\n\r\nLongueur : 2x3m standard - pile \u00e0 changer en 2022.\r\n\r\nPour ceux qui ne connaissent pas je trouve que ces c\u00e2bles ont une grande ouverture, des timbres et l'ensemble du spectre qui sont parfaitement restitu\u00e9s. Ils semblent lib\u00e9rer nombre de syst\u00e8mes. M\u00e9dium-aigu tr\u00e8s lumineux et lisible notamment.\r\n\r\nJ'en demande 1600e - Frais de port inclus en colissimo recommand\u00e9 \r\nLivrable en main propre sur Paris derni\u00e8re semaine de juin et visible chez mon ami Aura \/ St\u00e9phane ensuite, lui aussi sur la banlieue parisienne.\r\nMerci de votre attention \r\n<div role=\"form\" class=\"wpcf7\" id=\"wpcf7-f5359-o1\" lang=\"fr-FR\" dir=\"ltr\">\n<div class=\"screen-reader-response\"><p role=\"status\" aria-live=\"polite\" aria-atomic=\"true\"><\/p> <ul><\/ul><\/div>\n<form action=\"\/index.php?rest_route=%2Fwp%2Fv2%2Fpages%2F5355#wpcf7-f5359-o1\" method=\"post\" class=\"wpcf7-form init\" novalidate=\"novalidate\" data-status=\"init\">\n<div style=\"display: none;\">\n<input type=\"hidden\" name=\"_wpcf7\" value=\"5359\" \/>\n<input type=\"hidden\" name=\"_wpcf7_version\" value=\"5.5.6\" \/>\n<input type=\"hidden\" name=\"_wpcf7_locale\" value=\"fr_FR\" \/>\n<input type=\"hidden\" name=\"_wpcf7_unit_tag\" value=\"wpcf7-f5359-o1\" \/>\n<input type=\"hidden\" name=\"_wpcf7_container_post\" value=\"0\" \/>\n<input type=\"hidden\" name=\"_wpcf7_posted_data_hash\" value=\"\" \/>\n<input type=\"hidden\" name=\"_wpcf7_recaptcha_response\" value=\"\" \/>\n<\/div>\n<p>Votre nom*<br \/>\n    <span class=\"wpcf7-form-control-wrap your-name\"><input type=\"text\" name=\"your-name\" value=\"\" size=\"40\" class=\"wpcf7-form-control wpcf7-text wpcf7-validates-as-required\" aria-required=\"true\" aria-invalid=\"false\" \/><\/span> <\/p>\n<p>Votre email*<br \/>\n    <span class=\"wpcf7-form-control-wrap your-email\"><input type=\"email\" name=\"your-email\" value=\"\" size=\"40\" class=\"wpcf7-form-control wpcf7-text wpcf7-email wpcf7-validates-as-required wpcf7-validates-as-email\" aria-required=\"true\" aria-invalid=\"false\" \/><\/span> <\/p>\n<p>Sujet<br \/>\n    <span class=\"wpcf7-form-control-wrap text-388\"><input type=\"text\" name=\"text-388\" value=\"Vente Play Back\" size=\"40\" class=\"wpcf7-form-control wpcf7-text\" aria-invalid=\"false\" \/><\/span> <\/p>\n<p>Votre message<br \/>\n    <span class=\"wpcf7-form-control-wrap your-message\"><textarea name=\"your-message\" cols=\"40\" rows=\"10\" class=\"wpcf7-form-control wpcf7-textarea\" aria-invalid=\"false\"><\/textarea><\/span> <\/p>\n\n<p><input type=\"submit\" value=\"Envoyer\" class=\"wpcf7-form-control has-spinner wpcf7-submit\" \/><\/p>\n<p style=\"display: none !important;\"><label>&#916;<textarea name=\"_wpcf7_ak_hp_textarea\" cols=\"45\" rows=\"8\" maxlength=\"100\"><\/textarea><\/label><input type=\"hidden\" id=\"ak_js_1\" name=\"_wpcf7_ak_js\" value=\"125\"\/><script>document.getElementById( \"ak_js_1\" ).setAttribute( \"value\", ( new Date() ).getTime() );<\/script><\/p><div class=\"wpcf7-response-output\" aria-hidden=\"true\"><\/div><\/form><\/div>\r\n<\/pre>\n","protected":false},"excerpt":{"rendered":"<p>le vendeur assume l&rsquo;enti\u00e8re responsabilit\u00e9 du contenu de son annone Mis en ligne le 3\/6\/2017 bonjour \u00e0 tous les leedheurs ! Je vends mes c\u00e2bles Leedh car mes nouvelles enceintes, des Klinger Favre S20 s&rsquo;expriment vraiment mieux et pleinement en bi-cablage. Longueur : 2x3m standard &#8211; pile \u00e0 changer en 2022. Pour ceux qui ne &hellip; <a href=\"https:\/\/www.living-leedh.com\/?page_id=5355\" class=\"more-link\">Continuer la lecture de <span class=\"screen-reader-text\">Vente C\u00e2bles<\/span>  <span class=\"meta-nav\">&rarr;<\/span><\/a><\/p>\n","protected":false},"author":1,"featured_media":0,"parent":0,"menu_order":0,"comment_status":"closed","ping_status":"closed","template":"","meta":{"_bbp_topic_count":0,"_bbp_reply_count":0,"_bbp_total_topic_count":0,"_bbp_total_reply_count":0,"_bbp_voice_count":0,"_bbp_anonymous_reply_count":0,"_bbp_topic_count_hidden":0,"_bbp_reply_count_hidden":0,"_bbp_forum_subforum_count":0,"footnotes":""},"class_list":["post-5355","page","type-page","status-publish","hentry"],"_links":{"self":[{"href":"https:\/\/www.living-leedh.com\/index.php?rest_route=\/wp\/v2\/pages\/5355","targetHints":{"allow":["GET"]}}],"collection":[{"href":"https:\/\/www.living-leedh.com\/index.php?rest_route=\/wp\/v2\/pages"}],"about":[{"href":"https:\/\/www.living-leedh.com\/index.php?rest_route=\/wp\/v2\/types\/page"}],"author":[{"embeddable":true,"href":"https:\/\/www.living-leedh.com\/index.php?rest_route=\/wp\/v2\/users\/1"}],"replies":[{"embeddable":true,"href":"https:\/\/www.living-leedh.com\/index.php?rest_route=%2Fwp%2Fv2%2Fcomments&post=5355"}],"version-history":[{"count":3,"href":"https:\/\/www.living-leedh.com\/index.php?rest_route=\/wp\/v2\/pages\/5355\/revisions"}],"predecessor-version":[{"id":5360,"href":"https:\/\/www.living-leedh.com\/index.php?rest_route=\/wp\/v2\/pages\/5355\/revisions\/5360"}],"wp:attachment":[{"href":"https:\/\/www.living-leedh.com\/index.php?rest_route=%2Fwp%2Fv2%2Fmedia&parent=5355"}],"curies":[{"name":"wp","href":"https:\/\/api.w.org\/{rel}","templated":true}]}}