{"id":5473,"date":"2017-06-17T22:26:52","date_gmt":"2017-06-17T20:26:52","guid":{"rendered":"http:\/\/www.living-leedh.com\/?page_id=5473"},"modified":"2019-11-30T09:09:59","modified_gmt":"2019-11-30T08:09:59","slug":"lecteur-cd-leedh-cdfx","status":"publish","type":"page","link":"https:\/\/www.living-leedh.com\/?page_id=5473","title":{"rendered":"Lecteurs CD LEEDH CDfx"},"content":{"rendered":"<p><em><strong>Nous menons l&rsquo;enqu\u00eate sur la gamme des lecteurs.<\/strong><\/em><\/p>\n<p><strong>Leedh, Micromega, comment s&rsquo;y retrouver ?<\/strong><\/p>\n<p>La <strong>soci\u00e9t\u00e9 <\/strong>Micromega a \u00e9t\u00e9 cr\u00e9\u00e9e par Gilles Milot dans les ann\u00e9es 80 (1981 ?), afin de distribuer les produits de la <strong>marque<\/strong> Leedh (Ether, Elfe, Starlet), et les produits Marc Levinson,\u00a0 mais ne fabriquait pas d&rsquo;\u00e9lectroniques.<br \/>\nCe nom a \u00e9t\u00e9 inspir\u00e9 par le conte philosophique de Voltaire<a href=\"https:\/\/fr.wikipedia.org\/wiki\/Microm%C3%A9gas\" target=\"_blank\" rel=\"noopener\"><em> Microm\u00e9gas<\/em><\/a>.<br \/>\nSon association 2 ans plus tard avec Daniel Sch\u00e4r (prononcer \u00ab\u00a0cher\u00a0\u00bb), \u00e9lectronicien de haut vol, permettra le d\u00e9veloppement des premiers lecteurs de CD fran\u00e7ais, \u00e0 une \u00e9poque o\u00f9 le milieu audiophile d\u00e9nigrait encore ce support naissant. Produits commercialis\u00e9s sous la marque Leedh.<br \/>\nEncore quelques ann\u00e9es\u00a0 pour que les 2 protagonistes se s\u00e9parent, Daniel Sch\u00e4r gardant la partie \u00e9lectroniques sous la marque Micromega et Gilles Milot Leedh, le secteur enceintes.<br \/>\nA partir de ce moment, les platines existantes , d&rsquo;abord\u00a0 identiques,\u00a0 seront commercialis\u00e9es sous la marque Micromega, puis d&rsquo;autres mod\u00e8les seront d\u00e9velopp\u00e9s, et le catalogue diversifi\u00e9.<br \/>\nCette association assez courte explique la raret\u00e9 des platines portant la marque Leedh.<\/p>\n<p><strong>La Gamme CD\u00a0 Leedh :<\/strong><\/p>\n<p><span style=\"color: #000000;\">Le <strong>Leedh CDF1 Pro <\/strong>avait son plan frontal vertical et \u00e9tait de couleur dominante noire. Son couvercle \u00e9tait en plexiglas noir, ses touches \u00e9taient les m\u00eames que celles du Leedh CDf1, reconnaissables avec les sigles rond, triangle. Tr\u00e8s novateur \u00e0 l&rsquo;\u00e9poque.<\/span><img loading=\"lazy\" decoding=\"async\" class=\"alignnone size-full wp-image-5489\" src=\"http:\/\/www.living-leedh.com\/wp-content\/uploads\/2017\/06\/CDF-pro3.jpg\" alt=\"\" width=\"800\" height=\"361\" srcset=\"https:\/\/www.living-leedh.com\/wp-content\/uploads\/2017\/06\/CDF-pro3.jpg 800w, https:\/\/www.living-leedh.com\/wp-content\/uploads\/2017\/06\/CDF-pro3-300x135.jpg 300w, https:\/\/www.living-leedh.com\/wp-content\/uploads\/2017\/06\/CDF-pro3-768x347.jpg 768w, https:\/\/www.living-leedh.com\/wp-content\/uploads\/2017\/06\/CDF-pro3-400x181.jpg 400w\" sizes=\"auto, (max-width: 800px) 100vw, 800px\" \/><\/p>\n<p><a href=\"http:\/\/www.living-leedh.com\/wp-content\/uploads\/2017\/06\/Pro.jpg\"><img loading=\"lazy\" decoding=\"async\" class=\"alignnone size-full wp-image-5491\" src=\"http:\/\/www.living-leedh.com\/wp-content\/uploads\/2017\/06\/Pro.jpg\" alt=\"\" width=\"526\" height=\"576\" srcset=\"https:\/\/www.living-leedh.com\/wp-content\/uploads\/2017\/06\/Pro.jpg 526w, https:\/\/www.living-leedh.com\/wp-content\/uploads\/2017\/06\/Pro-274x300.jpg 274w, https:\/\/www.living-leedh.com\/wp-content\/uploads\/2017\/06\/Pro-400x438.jpg 400w\" sizes=\"auto, (max-width: 526px) 100vw, 526px\" \/><\/a><\/p>\n<figure id=\"attachment_5492\" aria-describedby=\"caption-attachment-5492\" style=\"width: 685px\" class=\"wp-caption aligncenter\"><a href=\"http:\/\/www.living-leedh.com\/wp-content\/uploads\/2017\/06\/Pro2.jpg\"><img loading=\"lazy\" decoding=\"async\" class=\"wp-image-5492 size-full\" src=\"http:\/\/www.living-leedh.com\/wp-content\/uploads\/2017\/06\/Pro2.jpg\" alt=\"\" width=\"685\" height=\"381\" srcset=\"https:\/\/www.living-leedh.com\/wp-content\/uploads\/2017\/06\/Pro2.jpg 685w, https:\/\/www.living-leedh.com\/wp-content\/uploads\/2017\/06\/Pro2-300x167.jpg 300w, https:\/\/www.living-leedh.com\/wp-content\/uploads\/2017\/06\/Pro2-128x72.jpg 128w, https:\/\/www.living-leedh.com\/wp-content\/uploads\/2017\/06\/Pro2-400x222.jpg 400w\" sizes=\"auto, (max-width: 685px) 100vw, 685px\" \/><\/a><figcaption id=\"caption-attachment-5492\" class=\"wp-caption-text\">Vue arri\u00e8re.<\/figcaption><\/figure>\n<p>Le <strong>Leedh CDf1<\/strong>(premier mod\u00e8le) avait son plan frontal inclin\u00e9 \u00e0 dominante bleue. <!-- x-tinymce\/html --><!-- x-tinymce\/html --><a href=\"http:\/\/www.living-leedh.com\/wp-content\/uploads\/2017\/06\/CDF1PROFIL.jpg\"><img loading=\"lazy\" decoding=\"async\" class=\"alignnone size-full wp-image-5485\" src=\"http:\/\/www.living-leedh.com\/wp-content\/uploads\/2017\/06\/CDF1PROFIL.jpg\" alt=\"\" width=\"998\" height=\"580\" srcset=\"https:\/\/www.living-leedh.com\/wp-content\/uploads\/2017\/06\/CDF1PROFIL.jpg 998w, https:\/\/www.living-leedh.com\/wp-content\/uploads\/2017\/06\/CDF1PROFIL-300x174.jpg 300w, https:\/\/www.living-leedh.com\/wp-content\/uploads\/2017\/06\/CDF1PROFIL-768x446.jpg 768w, https:\/\/www.living-leedh.com\/wp-content\/uploads\/2017\/06\/CDF1PROFIL-400x232.jpg 400w\" sizes=\"auto, (max-width: 998px) 100vw, 998px\" \/><\/a>S<!-- x-tinymce\/html --><!-- x-tinymce\/html -->on plexiglas \u00e9tait incolore et transparent.<\/p>\n<p>Le <strong>Leedh CDf1 Classic <\/strong>avait son plan frontal vertical et \u00e9tait de couleur champagne, flancs en bois.\u00a0Son plexiglas \u00e9tait fum\u00e9.<br \/>\nTous les trois \u00e9taient identiques, tant sur la partie m\u00e9canique (philips CDM 4) que sur la partie convertisseur (philips TDA 1541, 16 bits), \u00e9quivalente au Leedh CDF2 (lecteur int\u00e9gr\u00e9, et version tr\u00e8s am\u00e9lior\u00e9e du lecteur Philips CD 150).<\/p>\n<p>Voici quelques photos du CDf1, et <a href=\"http:\/\/www.living-leedh.com\/?page_id=5521\" target=\"_blank\" rel=\"noopener\">l\u00e0 l&rsquo;\u00e9quipement de JustLiSten<\/a>. Nous attendons vos collaborations pour en savoir encore plus !<a href=\"http:\/\/www.living-leedh.com\/wp-content\/uploads\/2017\/06\/Photo1.jpg\"><img loading=\"lazy\" decoding=\"async\" class=\"alignnone size-large wp-image-5474\" src=\"http:\/\/www.living-leedh.com\/wp-content\/uploads\/2017\/06\/Photo1-1024x726.jpg\" alt=\"\" width=\"474\" height=\"336\" srcset=\"https:\/\/www.living-leedh.com\/wp-content\/uploads\/2017\/06\/Photo1-1024x726.jpg 1024w, https:\/\/www.living-leedh.com\/wp-content\/uploads\/2017\/06\/Photo1-300x213.jpg 300w, https:\/\/www.living-leedh.com\/wp-content\/uploads\/2017\/06\/Photo1-768x545.jpg 768w, https:\/\/www.living-leedh.com\/wp-content\/uploads\/2017\/06\/Photo1-400x284.jpg 400w, https:\/\/www.living-leedh.com\/wp-content\/uploads\/2017\/06\/Photo1.jpg 1067w\" sizes=\"auto, (max-width: 474px) 100vw, 474px\" \/><\/a><\/p>\n<p><a href=\"http:\/\/www.living-leedh.com\/wp-content\/uploads\/2017\/06\/Photo2.jpg\"><img loading=\"lazy\" decoding=\"async\" class=\"alignnone size-large wp-image-5475\" src=\"http:\/\/www.living-leedh.com\/wp-content\/uploads\/2017\/06\/Photo2-1024x726.jpg\" alt=\"\" width=\"474\" height=\"336\" srcset=\"https:\/\/www.living-leedh.com\/wp-content\/uploads\/2017\/06\/Photo2-1024x726.jpg 1024w, https:\/\/www.living-leedh.com\/wp-content\/uploads\/2017\/06\/Photo2-300x213.jpg 300w, https:\/\/www.living-leedh.com\/wp-content\/uploads\/2017\/06\/Photo2-768x544.jpg 768w, https:\/\/www.living-leedh.com\/wp-content\/uploads\/2017\/06\/Photo2-400x283.jpg 400w, https:\/\/www.living-leedh.com\/wp-content\/uploads\/2017\/06\/Photo2.jpg 1067w\" sizes=\"auto, (max-width: 474px) 100vw, 474px\" \/><\/a><\/p>\n<p><a href=\"http:\/\/www.living-leedh.com\/wp-content\/uploads\/2017\/06\/Photo3.jpg\"><img loading=\"lazy\" decoding=\"async\" class=\"alignnone size-large wp-image-5476\" src=\"http:\/\/www.living-leedh.com\/wp-content\/uploads\/2017\/06\/Photo3-1024x723.jpg\" alt=\"\" width=\"474\" height=\"335\" srcset=\"https:\/\/www.living-leedh.com\/wp-content\/uploads\/2017\/06\/Photo3-1024x723.jpg 1024w, https:\/\/www.living-leedh.com\/wp-content\/uploads\/2017\/06\/Photo3-300x212.jpg 300w, https:\/\/www.living-leedh.com\/wp-content\/uploads\/2017\/06\/Photo3-768x542.jpg 768w, https:\/\/www.living-leedh.com\/wp-content\/uploads\/2017\/06\/Photo3-400x282.jpg 400w, https:\/\/www.living-leedh.com\/wp-content\/uploads\/2017\/06\/Photo3.jpg 1067w\" sizes=\"auto, (max-width: 474px) 100vw, 474px\" \/><\/a><\/p>\n<p>Presse Disc et bloc optique\u00a0:<a href=\"http:\/\/www.living-leedh.com\/wp-content\/uploads\/2017\/06\/PresseDisc.jpg\"><img loading=\"lazy\" decoding=\"async\" class=\"alignnone wp-image-5486\" src=\"http:\/\/www.living-leedh.com\/wp-content\/uploads\/2017\/06\/PresseDisc.jpg\" alt=\"\" width=\"469\" height=\"352\" srcset=\"https:\/\/www.living-leedh.com\/wp-content\/uploads\/2017\/06\/PresseDisc.jpg 448w, https:\/\/www.living-leedh.com\/wp-content\/uploads\/2017\/06\/PresseDisc-300x225.jpg 300w, https:\/\/www.living-leedh.com\/wp-content\/uploads\/2017\/06\/PresseDisc-400x300.jpg 400w\" sizes=\"auto, (max-width: 469px) 100vw, 469px\" \/><\/a><\/p>\n<p><a href=\"http:\/\/www.living-leedh.com\/wp-content\/uploads\/2017\/06\/OPTIQUE.jpg\"><img loading=\"lazy\" decoding=\"async\" class=\"alignnone size-large wp-image-5488\" src=\"http:\/\/www.living-leedh.com\/wp-content\/uploads\/2017\/06\/OPTIQUE-1024x768.jpg\" alt=\"\" width=\"474\" height=\"356\" srcset=\"https:\/\/www.living-leedh.com\/wp-content\/uploads\/2017\/06\/OPTIQUE-1024x768.jpg 1024w, https:\/\/www.living-leedh.com\/wp-content\/uploads\/2017\/06\/OPTIQUE-300x225.jpg 300w, https:\/\/www.living-leedh.com\/wp-content\/uploads\/2017\/06\/OPTIQUE-768x576.jpg 768w, https:\/\/www.living-leedh.com\/wp-content\/uploads\/2017\/06\/OPTIQUE-400x300.jpg 400w, https:\/\/www.living-leedh.com\/wp-content\/uploads\/2017\/06\/OPTIQUE.jpg 1600w\" sizes=\"auto, (max-width: 474px) 100vw, 474px\" \/><\/a><\/p>\n<p>Le CDf2 (base Philips 450 am\u00e9lior\u00e9) verra aussi le jour, qui sera ensuite commercialis\u00e9 sous la marque Micromega<\/p>\n<figure style=\"width: 483px\" class=\"wp-caption alignnone\"><img loading=\"lazy\" decoding=\"async\" class=\"irc_mut ihJ1ZRVjJrNM-HwpH6ZlgJaI\" src=\"https:\/\/encrypted-tbn0.gstatic.com\/images?q=tbn:ANd9GcSdAO5c10xsOztFnjOcOVuI-eLJOZaxGx5k9963KZ85nkbbPts0\" alt=\"R\u00e9sultat de recherche d'images pour &quot;leedh cdf2&quot;\" width=\"483\" height=\"289\" \/><figcaption class=\"wp-caption-text\">Micromega CDf2<\/figcaption><\/figure>\n","protected":false},"excerpt":{"rendered":"<p>Nous menons l&rsquo;enqu\u00eate sur la gamme des lecteurs. Leedh, Micromega, comment s&rsquo;y retrouver ? La soci\u00e9t\u00e9 Micromega a \u00e9t\u00e9 cr\u00e9\u00e9e par Gilles Milot dans les ann\u00e9es 80 (1981 ?), afin de distribuer les produits de la marque Leedh (Ether, Elfe, Starlet), et les produits Marc Levinson,\u00a0 mais ne fabriquait pas d&rsquo;\u00e9lectroniques. Ce nom a \u00e9t\u00e9 &hellip; <a href=\"https:\/\/www.living-leedh.com\/?page_id=5473\" class=\"more-link\">Continuer la lecture de <span class=\"screen-reader-text\">Lecteurs CD LEEDH CDfx<\/span>  <span class=\"meta-nav\">&rarr;<\/span><\/a><\/p>\n","protected":false},"author":1,"featured_media":0,"parent":0,"menu_order":0,"comment_status":"closed","ping_status":"closed","template":"","meta":{"_bbp_topic_count":0,"_bbp_reply_count":0,"_bbp_total_topic_count":0,"_bbp_total_reply_count":0,"_bbp_voice_count":0,"_bbp_anonymous_reply_count":0,"_bbp_topic_count_hidden":0,"_bbp_reply_count_hidden":0,"_bbp_forum_subforum_count":0,"footnotes":""},"class_list":["post-5473","page","type-page","status-publish","hentry"],"_links":{"self":[{"href":"https:\/\/www.living-leedh.com\/index.php?rest_route=\/wp\/v2\/pages\/5473","targetHints":{"allow":["GET"]}}],"collection":[{"href":"https:\/\/www.living-leedh.com\/index.php?rest_route=\/wp\/v2\/pages"}],"about":[{"href":"https:\/\/www.living-leedh.com\/index.php?rest_route=\/wp\/v2\/types\/page"}],"author":[{"embeddable":true,"href":"https:\/\/www.living-leedh.com\/index.php?rest_route=\/wp\/v2\/users\/1"}],"replies":[{"embeddable":true,"href":"https:\/\/www.living-leedh.com\/index.php?rest_route=%2Fwp%2Fv2%2Fcomments&post=5473"}],"version-history":[{"count":32,"href":"https:\/\/www.living-leedh.com\/index.php?rest_route=\/wp\/v2\/pages\/5473\/revisions"}],"predecessor-version":[{"id":6613,"href":"https:\/\/www.living-leedh.com\/index.php?rest_route=\/wp\/v2\/pages\/5473\/revisions\/6613"}],"wp:attachment":[{"href":"https:\/\/www.living-leedh.com\/index.php?rest_route=%2Fwp%2Fv2%2Fmedia&parent=5473"}],"curies":[{"name":"wp","href":"https:\/\/api.w.org\/{rel}","templated":true}]}}