{"id":5680,"date":"2017-10-24T12:07:23","date_gmt":"2017-10-24T10:07:23","guid":{"rendered":"http:\/\/www.living-leedh.com\/?page_id=5680"},"modified":"2017-10-29T10:48:02","modified_gmt":"2017-10-29T09:48:02","slug":"une-autre-soiree-galette-et-sans-fumee","status":"publish","type":"page","link":"https:\/\/www.living-leedh.com\/?page_id=5680","title":{"rendered":"Une autre soir\u00e9e galettes&#8230; Et sans fum\u00e9e"},"content":{"rendered":"<p><span style=\"font-family: 'Arial','sans-serif';\"><span style=\"color: #000000;\"><a href=\"http:\/\/www.living-leedh.com\/wp-content\/uploads\/2017\/06\/2017-10-17-AFFICHE-VINYLES.jpg\"><img loading=\"lazy\" decoding=\"async\" class=\"size-full wp-image-5640 alignnone\" src=\"http:\/\/www.living-leedh.com\/wp-content\/uploads\/2017\/06\/2017-10-17-AFFICHE-VINYLES.jpg\" alt=\"\" width=\"712\" height=\"1024\" srcset=\"https:\/\/www.living-leedh.com\/wp-content\/uploads\/2017\/06\/2017-10-17-AFFICHE-VINYLES.jpg 712w, https:\/\/www.living-leedh.com\/wp-content\/uploads\/2017\/06\/2017-10-17-AFFICHE-VINYLES-209x300.jpg 209w, https:\/\/www.living-leedh.com\/wp-content\/uploads\/2017\/06\/2017-10-17-AFFICHE-VINYLES-400x575.jpg 400w\" sizes=\"auto, (max-width: 712px) 100vw, 712px\" \/><\/a><\/span><\/span><strong>\u00c9clats du \u00a0jazz des \u00ab\u00a0Electric seventies\u00a0\u00bb :<\/strong> \u00ab\u00a0\u00c9clats\u00a0\u00bb c\u2019est-\u00e0-dire \u00e9clairs mais aussi fragments d\u2019une riche p\u00e9riode de mutations. \u00c9clats esth\u00e9tiques, \u00e9lectriques bien s\u00fbr, mais aussi \u00e9clectiques car le jazz acoustique a aussi sa part.<\/p>\n<p>A la fin des ann\u00e9es 60 les soci\u00e9t\u00e9s s\u2019interrogent, une jeunesse avide de libert\u00e9 pl\u00e9biscite les jeunes groupes phares du rock, du folk, de la pop \u00e0 travers de gigantesques festivals (Monterey, Woodstock\u2026).<\/p>\n<p>Depuis la mort de Coltrane en 1967 le jazz se cherche. Il d\u00e9cline commercialement face au rock et entreprend de toucher un nouveau public en se lib\u00e9rant de ses codes y compris free. Chick Corea raconte\u00a0:\u00a0\u00ab\u00a0<em>C\u2019\u00e9tait une \u00e9poque o\u00f9 quelque chose de culturel se produisait, pas juste la musique, comme si la soci\u00e9t\u00e9 avait le go\u00fbt pour l\u2019exp\u00e9rimentation.\u00a0\u00bb.<\/em><em>\u00a0<\/em><\/p>\n<p>Deux groupes-phares vont y parvenir et marquer les esprits pour longtemps avec deux albums mythiques et \u00e9lectriques <em>\u00ab\u00a0Bitches Brew\u00a0\u00bb<\/em> de Miles Davis et <em>\u00ab\u00a0Weather Report\u00a0\u00bb<\/em> sous la co-direction de Jo\u00eb Zawinul et Wayne Shorter, ex-collaborateurs du 1<sup>er<\/sup>. Ils ouvriront la soir\u00e9e.<br \/>\nLes musiques noires R&amp;B, funk, br\u00e9siliennes inspirent ces albums.<\/p>\n<p>D\u2019autres ex-Davisiens creuseront \u00e0 leur mani\u00e8re ce sillon, appel\u00e9 de fa\u00e7on r\u00e9ductrice jazz-rock ou fusion. John Mc Laughlin et Billy Cobham, Herbie Hancock et Bennie Maupin, Chick Corea et Stanley Clarke, Larry Coryell\u2026<\/p>\n<p>En Europe une nouvelle g\u00e9n\u00e9ration riche de ses propres racines \u00e9merge\u00a0 dont Jan Garbarek, Philip Catherine, Jean-Luc Ponty qui partira aux USA.<br \/>\nLe jazz s\u2019ouvre aussi aux musiques populaires du monde. L\u2019 Afrique inspire Don Cherry, alors que Gato Barbieri revisite ses racines latino-am\u00e9ricaines.<\/p>\n<p>Vers la 2<sup>e<\/sup> moiti\u00e9 des ann\u00e9es 70 la vague tout-\u00e9lectrique s\u2019essouffle. Des guitaristes tels Larry Coryell et Philip Catherine ou John Abercrombie, Mc Laughlin avec Shakti renouent avec une musique acoustique raffin\u00e9e en privil\u00e9giant les duos ou trios.<img loading=\"lazy\" decoding=\"async\" class=\"size-full wp-image-5685 aligncenter\" src=\"http:\/\/www.living-leedh.com\/wp-content\/uploads\/2017\/10\/monde1WEB.jpg\" alt=\"\" width=\"448\" height=\"336\" srcset=\"https:\/\/www.living-leedh.com\/wp-content\/uploads\/2017\/10\/monde1WEB.jpg 448w, https:\/\/www.living-leedh.com\/wp-content\/uploads\/2017\/10\/monde1WEB-300x225.jpg 300w, https:\/\/www.living-leedh.com\/wp-content\/uploads\/2017\/10\/monde1WEB-400x300.jpg 400w\" sizes=\"auto, (max-width: 448px) 100vw, 448px\" \/><\/p>\n<p>Cette soir\u00e9e a fait la part belle \u00e0 ces quelques \u00ab\u00a0\u00e9clats\u00a0\u00bb d\u2019un jazz en perp\u00e9tuel mouvement.<img loading=\"lazy\" decoding=\"async\" class=\"size-full wp-image-5688 aligncenter\" src=\"http:\/\/www.living-leedh.com\/wp-content\/uploads\/2017\/10\/monde2WEB.jpg\" alt=\"\" width=\"448\" height=\"336\" srcset=\"https:\/\/www.living-leedh.com\/wp-content\/uploads\/2017\/10\/monde2WEB.jpg 448w, https:\/\/www.living-leedh.com\/wp-content\/uploads\/2017\/10\/monde2WEB-300x225.jpg 300w, https:\/\/www.living-leedh.com\/wp-content\/uploads\/2017\/10\/monde2WEB-400x300.jpg 400w\" sizes=\"auto, (max-width: 448px) 100vw, 448px\" \/><\/p>\n<p>Du c\u00f4t\u00e9 du syst\u00e8me mis en \u0153uvre, cette ann\u00e9e, retour \u00e0 des objets plus traditionnels\u00a0: pas de prototype, mais autour du caisson 20.1 (un seul), une paire de E2 carbone, aliment\u00e9es par des blocs mono Primaluna et le pr\u00e9ampli attenant.<img loading=\"lazy\" decoding=\"async\" class=\"size-full wp-image-5660 aligncenter\" src=\"http:\/\/www.living-leedh.com\/wp-content\/uploads\/2017\/06\/IMG_0231-2.jpg\" alt=\"\" width=\"448\" height=\"278\" srcset=\"https:\/\/www.living-leedh.com\/wp-content\/uploads\/2017\/06\/IMG_0231-2.jpg 448w, https:\/\/www.living-leedh.com\/wp-content\/uploads\/2017\/06\/IMG_0231-2-300x186.jpg 300w, https:\/\/www.living-leedh.com\/wp-content\/uploads\/2017\/06\/IMG_0231-2-400x248.jpg 400w\" sizes=\"auto, (max-width: 448px) 100vw, 448px\" \/><\/p>\n<p>Toujours la platine Wilson Benesch, bras Origin Live et Ortofon 2M blue. Un placement diff\u00e9rent des autres ann\u00e9es\u00a0: dissym\u00e9trique (murs arri\u00e8res, de c\u00f4t\u00e9s, d\u00e9centr\u00e9 par rapport au milieu \u00ab\u00a0th\u00e9orique\u00a0\u00bb de la pi\u00e8ce), E2 moins espac\u00e9es, pincement non convergent. Les r\u00e9glages ont \u00e9t\u00e9 faits \u00e0 partir du centre du 5\u00e8me rang. L&rsquo;image st\u00e9r\u00e9o moins pr\u00e9cise mais plus large, que ce soit sur les bords ou aux places plus centrales.<\/p>\n<p>Nous avions peur que la puissance des blocs \u00e0 tubes (70 w), se r\u00e9v\u00e8le un peu juste. Cela n&rsquo;a pas vraiment \u00e9t\u00e9 le cas, dans la mesure o\u00f9 les formations \u00e9cout\u00e9es allaient du duo au quintet.<\/p>\n<p>Potentiom\u00e8tre de volume sur 13h au lieu du 12h habituel dans notre pi\u00e8ce de 25 m\u00b2.<\/p>\n<p>Le public a not\u00e9 l&rsquo;excellente qualit\u00e9 des timbres et des diff\u00e9rentes ambiances de prise de son. \u2026 Et pas de fum\u00e9e ce soir-l\u00e0.<\/p>\n<p>&nbsp;<\/p>\n","protected":false},"excerpt":{"rendered":"<p>\u00c9clats du \u00a0jazz des \u00ab\u00a0Electric seventies\u00a0\u00bb : \u00ab\u00a0\u00c9clats\u00a0\u00bb c\u2019est-\u00e0-dire \u00e9clairs mais aussi fragments d\u2019une riche p\u00e9riode de mutations. \u00c9clats esth\u00e9tiques, \u00e9lectriques bien s\u00fbr, mais aussi \u00e9clectiques car le jazz acoustique a aussi sa part. A la fin des ann\u00e9es 60 les soci\u00e9t\u00e9s s\u2019interrogent, une jeunesse avide de libert\u00e9 pl\u00e9biscite les jeunes groupes phares du rock, &hellip; <a href=\"https:\/\/www.living-leedh.com\/?page_id=5680\" class=\"more-link\">Continuer la lecture de <span class=\"screen-reader-text\">Une autre soir\u00e9e galettes&#8230; Et sans fum\u00e9e<\/span>  <span class=\"meta-nav\">&rarr;<\/span><\/a><\/p>\n","protected":false},"author":1,"featured_media":0,"parent":0,"menu_order":0,"comment_status":"closed","ping_status":"closed","template":"","meta":{"_bbp_topic_count":0,"_bbp_reply_count":0,"_bbp_total_topic_count":0,"_bbp_total_reply_count":0,"_bbp_voice_count":0,"_bbp_anonymous_reply_count":0,"_bbp_topic_count_hidden":0,"_bbp_reply_count_hidden":0,"_bbp_forum_subforum_count":0,"footnotes":""},"class_list":["post-5680","page","type-page","status-publish","hentry"],"_links":{"self":[{"href":"https:\/\/www.living-leedh.com\/index.php?rest_route=\/wp\/v2\/pages\/5680","targetHints":{"allow":["GET"]}}],"collection":[{"href":"https:\/\/www.living-leedh.com\/index.php?rest_route=\/wp\/v2\/pages"}],"about":[{"href":"https:\/\/www.living-leedh.com\/index.php?rest_route=\/wp\/v2\/types\/page"}],"author":[{"embeddable":true,"href":"https:\/\/www.living-leedh.com\/index.php?rest_route=\/wp\/v2\/users\/1"}],"replies":[{"embeddable":true,"href":"https:\/\/www.living-leedh.com\/index.php?rest_route=%2Fwp%2Fv2%2Fcomments&post=5680"}],"version-history":[{"count":6,"href":"https:\/\/www.living-leedh.com\/index.php?rest_route=\/wp\/v2\/pages\/5680\/revisions"}],"predecessor-version":[{"id":5696,"href":"https:\/\/www.living-leedh.com\/index.php?rest_route=\/wp\/v2\/pages\/5680\/revisions\/5696"}],"wp:attachment":[{"href":"https:\/\/www.living-leedh.com\/index.php?rest_route=%2Fwp%2Fv2%2Fmedia&parent=5680"}],"curies":[{"name":"wp","href":"https:\/\/api.w.org\/{rel}","templated":true}]}}