{"id":5840,"date":"2018-02-27T14:25:48","date_gmt":"2018-02-27T13:25:48","guid":{"rendered":"http:\/\/www.living-leedh.com\/?page_id=5840"},"modified":"2022-02-18T09:50:45","modified_gmt":"2022-02-18T08:50:45","slug":"le-socle-volant","status":"publish","type":"page","link":"https:\/\/www.living-leedh.com\/?page_id=5840","title":{"rendered":"Le \u00ab\u00a0socle volant\u00a0\u00bb"},"content":{"rendered":"<p><strong>Janvier 2018<\/strong> : Une \u00e9tude sur des socles en l\u00e9vitation est en cours.<\/p>\n<p><a href=\"https:\/\/www.living-leedh.com\/wp-content\/uploads\/2018\/01\/Flying-Pod-1-4-e1514889766597.jpg\"><img loading=\"lazy\" decoding=\"async\" class=\"alignnone size-full wp-image-5750\" src=\"https:\/\/www.living-leedh.com\/wp-content\/uploads\/2018\/01\/Flying-Pod-1-4-e1514889766597.jpg\" alt=\"\" width=\"1936\" height=\"2592\" srcset=\"https:\/\/www.living-leedh.com\/wp-content\/uploads\/2018\/01\/Flying-Pod-1-4-e1514889766597.jpg 1936w, https:\/\/www.living-leedh.com\/wp-content\/uploads\/2018\/01\/Flying-Pod-1-4-e1514889766597-224x300.jpg 224w, https:\/\/www.living-leedh.com\/wp-content\/uploads\/2018\/01\/Flying-Pod-1-4-e1514889766597-768x1028.jpg 768w, https:\/\/www.living-leedh.com\/wp-content\/uploads\/2018\/01\/Flying-Pod-1-4-e1514889766597-765x1024.jpg 765w, https:\/\/www.living-leedh.com\/wp-content\/uploads\/2018\/01\/Flying-Pod-1-4-e1514889766597-400x536.jpg 400w\" sizes=\"auto, (max-width: 1936px) 100vw, 1936px\" \/><\/a><\/p>\n<p><img decoding=\"async\" src=\"http:\/\/www.living-leedh.com\/wp-content\/uploads\/2018\/01\/Flying-Pod-2-1.jpg\" \/><br \/>\nCertains ont d\u00e9j\u00e0 eu le privil\u00e8ge d\u2019\u00e9couter les tous premiers essais.<br \/>\nA suivre donc&#8230;<\/p>\n<p><strong><em>Ce produit, rest\u00e9 \u00e0 l&rsquo;\u00e9tat de prototype, ne sera pas commercialis\u00e9.<\/em><\/strong><\/p>\n","protected":false},"excerpt":{"rendered":"<p>Janvier 2018 : Une \u00e9tude sur des socles en l\u00e9vitation est en cours. Certains ont d\u00e9j\u00e0 eu le privil\u00e8ge d\u2019\u00e9couter les tous premiers essais. A suivre donc&#8230; Ce produit, rest\u00e9 \u00e0 l&rsquo;\u00e9tat de prototype, ne sera pas commercialis\u00e9.<\/p>\n","protected":false},"author":1,"featured_media":0,"parent":0,"menu_order":0,"comment_status":"closed","ping_status":"closed","template":"","meta":{"_bbp_topic_count":0,"_bbp_reply_count":0,"_bbp_total_topic_count":0,"_bbp_total_reply_count":0,"_bbp_voice_count":0,"_bbp_anonymous_reply_count":0,"_bbp_topic_count_hidden":0,"_bbp_reply_count_hidden":0,"_bbp_forum_subforum_count":0,"footnotes":""},"class_list":["post-5840","page","type-page","status-publish","hentry"],"_links":{"self":[{"href":"https:\/\/www.living-leedh.com\/index.php?rest_route=\/wp\/v2\/pages\/5840","targetHints":{"allow":["GET"]}}],"collection":[{"href":"https:\/\/www.living-leedh.com\/index.php?rest_route=\/wp\/v2\/pages"}],"about":[{"href":"https:\/\/www.living-leedh.com\/index.php?rest_route=\/wp\/v2\/types\/page"}],"author":[{"embeddable":true,"href":"https:\/\/www.living-leedh.com\/index.php?rest_route=\/wp\/v2\/users\/1"}],"replies":[{"embeddable":true,"href":"https:\/\/www.living-leedh.com\/index.php?rest_route=%2Fwp%2Fv2%2Fcomments&post=5840"}],"version-history":[{"count":4,"href":"https:\/\/www.living-leedh.com\/index.php?rest_route=\/wp\/v2\/pages\/5840\/revisions"}],"predecessor-version":[{"id":7360,"href":"https:\/\/www.living-leedh.com\/index.php?rest_route=\/wp\/v2\/pages\/5840\/revisions\/7360"}],"wp:attachment":[{"href":"https:\/\/www.living-leedh.com\/index.php?rest_route=%2Fwp%2Fv2%2Fmedia&parent=5840"}],"curies":[{"name":"wp","href":"https:\/\/api.w.org\/{rel}","templated":true}]}}