{"id":6028,"date":"2018-06-11T11:01:32","date_gmt":"2018-06-11T09:01:32","guid":{"rendered":"http:\/\/www.living-leedh.com\/?page_id=6028"},"modified":"2018-06-12T11:28:36","modified_gmt":"2018-06-12T09:28:36","slug":"les-supporteurs-leedh","status":"publish","type":"page","link":"https:\/\/www.living-leedh.com\/?page_id=6028","title":{"rendered":"Les \u00ab\u00a0supporteurs\u00a0\u00bb Leedh"},"content":{"rendered":"<p>Comme cela a \u00e9t\u00e9 annonc\u00e9 d\u00e9j\u00e0 dans nos colonnes, l&rsquo;\u00e9quipe Acoustical Beauty travaille sur des<a href=\"http:\/\/www.living-leedh.com\/?page_id=5840\" target=\"_blank\" rel=\"noopener\"> supports \u00e0 l\u00e9vitation magn\u00e9tique<\/a>.<br \/>\nEn effet, le d\u00e9couplage des appareils de reproduction sonore est un vaste sujet, dont ce sont empar\u00e9s beaucoup de constructeurs, certains proposant des solutions certes efficaces, mais souvent tr\u00e8s on\u00e9reuses.<br \/>\nCette page a pour objet de d\u00e9crire une r\u00e9alisation sans pr\u00e9tention, d&rsquo;un co\u00fbt d\u00e9risoire, \u00e0 la port\u00e9e de tous, et qui donne des r\u00e9sultats surprenants.<br \/>\nA noter que ces supports sont utilis\u00e9s au labo de Vaas, dans le syst\u00e8me d&rsquo;\u00e9coute servant \u00e0 la mise au point\u00a0 du Leedh Processing.<\/p>\n<figure id=\"attachment_6038\" aria-describedby=\"caption-attachment-6038\" style=\"width: 4032px\" class=\"wp-caption alignnone\"><a href=\"http:\/\/www.living-leedh.com\/wp-content\/uploads\/2018\/06\/SupporteursLeedh.jpg\"><img loading=\"lazy\" decoding=\"async\" class=\"wp-image-6038 size-full\" src=\"http:\/\/www.living-leedh.com\/wp-content\/uploads\/2018\/06\/SupporteursLeedh.jpg\" alt=\"\" width=\"4032\" height=\"3024\" srcset=\"https:\/\/www.living-leedh.com\/wp-content\/uploads\/2018\/06\/SupporteursLeedh.jpg 4032w, https:\/\/www.living-leedh.com\/wp-content\/uploads\/2018\/06\/SupporteursLeedh-300x225.jpg 300w, https:\/\/www.living-leedh.com\/wp-content\/uploads\/2018\/06\/SupporteursLeedh-768x576.jpg 768w, https:\/\/www.living-leedh.com\/wp-content\/uploads\/2018\/06\/SupporteursLeedh-1024x768.jpg 1024w, https:\/\/www.living-leedh.com\/wp-content\/uploads\/2018\/06\/SupporteursLeedh-400x300.jpg 400w\" sizes=\"auto, (max-width: 4032px) 100vw, 4032px\" \/><\/a><figcaption id=\"caption-attachment-6038\" class=\"wp-caption-text\">Grand et petit mod\u00e8le<\/figcaption><\/figure>\n<p><strong>Liste du mat\u00e9riel\u00a0:<\/strong><br \/>\n<a href=\"https:\/\/www.raja.fr\/calage-protection\/protection-mousse\/rouleaux-et-films-mousse\/film-mousse-predecoupe-largeur-50cm_OFF_FR_387.html\" target=\"_blank\" rel=\"noopener\">Film mousse<\/a> d&#8217;emballage\/protection<br \/>\nAdh\u00e9sif de masquage carrossier <a href=\"https:\/\/www.manomano.fr\/ruban-de-masquage-4151?model_id=485992&amp;referer_id=537135&amp;ach=82101&amp;achsqrt=c4a77&amp;gclid=Cj0KCQjwu_jYBRD8ARIsAC3EGCJcff9_TG92NXEut8YBSNdJgHaTZyV7VXRjKx_XL_ZbztKa6OQnt7QaAkNwEALw_wcB\" target=\"_blank\" rel=\"noopener\">3M 2214, largeur 19 mm<\/a><br \/>\nMarqueur, corps de 17 mm de diam\u00e8tre (pour servir de gabarit)<br \/>\nCiseaux, cutter, marqueur fin ind\u00e9l\u00e9bile<\/p>\n<p><strong>R\u00e9alisation\u00a0:<\/strong><\/p>\n<ul>\n<li>Pr\u00e9parer un bout d&rsquo;adh\u00e9sif de 3 cm de long environ, et un de 4 cm.<br \/>\nMarquer le logo Leedh sur le plus long<\/li>\n<li>D\u00e9couper une bande de 5 cm de large sur 2 longueurs de mousse d&#8217;emballage<\/li>\n<li>Marquer \u00e0 2 cm du bord gauche de la bande avant la d\u00e9coupe<\/li>\n<li>Couper un biais en partant de ces 2 cm sur une longueur de mousse, soit la moiti\u00e9.<\/li>\n<li>Coller un bout de ruban de masquage sur le bas de la bande, c\u00f4t\u00e9 5 cm, face collante vers soi<\/li>\n<li>Rouler la bande en se servant du marqueur gabarit, sans trop serrer, bord \u00e0 bord du c\u00f4t\u00e9 le plus large<br \/>\nV\u00e9rifier d\u00e8s le d\u00e9but que le ruban adh\u00e9sif n&rsquo;adh\u00e8re pas au corps du marqueur, sinon il sera difficile de le retirer<\/li>\n<li>Coller le ruban adh\u00e9sif d&rsquo;environ 4 cm de long \u00e0 cheval sur la fin de la bande et sur l&rsquo;enroulement pr\u00e9c\u00e9dent<\/li>\n<li>Enlever le marqueur gabarit<\/li>\n<\/ul>\n<p>Compter une petite dizaine de minutes pour r\u00e9aliser un support.<\/p>\n<p><a href=\"http:\/\/www.living-leedh.com\/wp-content\/uploads\/2018\/06\/Supporteurs-Leedh.jpg\"><img loading=\"lazy\" decoding=\"async\" class=\"alignnone size-full wp-image-6036\" src=\"http:\/\/www.living-leedh.com\/wp-content\/uploads\/2018\/06\/Supporteurs-Leedh.jpg\" alt=\"\" width=\"1824\" height=\"2592\" srcset=\"https:\/\/www.living-leedh.com\/wp-content\/uploads\/2018\/06\/Supporteurs-Leedh.jpg 1824w, https:\/\/www.living-leedh.com\/wp-content\/uploads\/2018\/06\/Supporteurs-Leedh-211x300.jpg 211w, https:\/\/www.living-leedh.com\/wp-content\/uploads\/2018\/06\/Supporteurs-Leedh-768x1091.jpg 768w, https:\/\/www.living-leedh.com\/wp-content\/uploads\/2018\/06\/Supporteurs-Leedh-721x1024.jpg 721w, https:\/\/www.living-leedh.com\/wp-content\/uploads\/2018\/06\/Supporteurs-Leedh-400x568.jpg 400w\" sizes=\"auto, (max-width: 1824px) 100vw, 1824px\" \/><\/a><\/p>\n<p><strong>Pr\u00e9cautions\u00a0:<br \/>\n<\/strong>Ne pas utiliser sous les enceintes, au risque de les retrouver parterre le lendemain \u2026<br \/>\nRespecter les proportions, car mine de rien, beaucoup d&rsquo;essais ont \u00e9t\u00e9 faits avant cette version<\/p>\n<p><strong>Astuces\u00a0:<br \/>\n<\/strong>Coller une bande de ruban adh\u00e9sif (r\u00e9utilisable) pour mat\u00e9rialiser le trac\u00e9 et servir de guide \u00e0 la d\u00e9coupe de la bande aux ciseaux. (pour ma part j&rsquo;utilise une grande r\u00e8gle m\u00e9tallique et je d\u00e9coupe au cutter)<\/p>\n<p>Placer plusieurs supports sous les parties les plus lourdes de l&rsquo;appareil (transfos, c\u00f4t\u00e9s c\u00e2bles \u2026)<\/p>\n<p>Doubler les proportions pour r\u00e9aliser des supports acceptant des charges plus lourdes (utiliser toutefois le m\u00eame diam\u00e8tre de marqueur gabarit)<\/p>\n<p><strong>Effets\u00a0:<\/strong> imm\u00e9diats et surprenants, en particulier sous DAC et PC<\/p>\n<p><strong>Inconv\u00e9nients\u00a0:<\/strong> n&rsquo;accepte pas les charges trop lourdes, sinon les supports s&rsquo;affaissent parfois apr\u00e8s quelques jours, et ne font plus leur office de d\u00e9couplage,<br \/>\nEsth\u00e9tique particuli\u00e8re &#8230;<\/p>\n<p><em>Charte -morale-\u00a0 d&rsquo;utilisation : cette r\u00e9alisation est libre de droits, sous r\u00e9serve d&rsquo;indiquer sur l&rsquo;adh\u00e9sif, le logo de la marque Leedh<\/em><\/p>\n<figure id=\"attachment_6043\" aria-describedby=\"caption-attachment-6043\" style=\"width: 2016px\" class=\"wp-caption alignnone\"><a href=\"http:\/\/www.living-leedh.com\/wp-content\/uploads\/2018\/06\/IMG_0481.jpg\"><img loading=\"lazy\" decoding=\"async\" class=\"size-full wp-image-6043\" src=\"http:\/\/www.living-leedh.com\/wp-content\/uploads\/2018\/06\/IMG_0481.jpg\" alt=\"\" width=\"2016\" height=\"1512\" srcset=\"https:\/\/www.living-leedh.com\/wp-content\/uploads\/2018\/06\/IMG_0481.jpg 2016w, https:\/\/www.living-leedh.com\/wp-content\/uploads\/2018\/06\/IMG_0481-300x225.jpg 300w, https:\/\/www.living-leedh.com\/wp-content\/uploads\/2018\/06\/IMG_0481-768x576.jpg 768w, https:\/\/www.living-leedh.com\/wp-content\/uploads\/2018\/06\/IMG_0481-1024x768.jpg 1024w, https:\/\/www.living-leedh.com\/wp-content\/uploads\/2018\/06\/IMG_0481-400x300.jpg 400w\" sizes=\"auto, (max-width: 2016px) 100vw, 2016px\" \/><\/a><figcaption id=\"caption-attachment-6043\" class=\"wp-caption-text\">Recherche de l&#8217;emplacement en fonction du centre de gravit\u00e9 : \u00e9coutes ABA<\/figcaption><\/figure>\n<figure id=\"attachment_6044\" aria-describedby=\"caption-attachment-6044\" style=\"width: 2016px\" class=\"wp-caption alignnone\"><a href=\"http:\/\/www.living-leedh.com\/wp-content\/uploads\/2018\/06\/IMG_0482.jpg\"><img loading=\"lazy\" decoding=\"async\" class=\"size-full wp-image-6044\" src=\"http:\/\/www.living-leedh.com\/wp-content\/uploads\/2018\/06\/IMG_0482.jpg\" alt=\"\" width=\"2016\" height=\"1512\" srcset=\"https:\/\/www.living-leedh.com\/wp-content\/uploads\/2018\/06\/IMG_0482.jpg 2016w, https:\/\/www.living-leedh.com\/wp-content\/uploads\/2018\/06\/IMG_0482-300x225.jpg 300w, https:\/\/www.living-leedh.com\/wp-content\/uploads\/2018\/06\/IMG_0482-768x576.jpg 768w, https:\/\/www.living-leedh.com\/wp-content\/uploads\/2018\/06\/IMG_0482-1024x768.jpg 1024w, https:\/\/www.living-leedh.com\/wp-content\/uploads\/2018\/06\/IMG_0482-400x300.jpg 400w\" sizes=\"auto, (max-width: 2016px) 100vw, 2016px\" \/><\/a><figcaption id=\"caption-attachment-6044\" class=\"wp-caption-text\">Ne pas oublier l&rsquo;interface USB M2Tech Hiface 2<\/figcaption><\/figure>\n<p>&nbsp;<\/p>\n","protected":false},"excerpt":{"rendered":"<p>Comme cela a \u00e9t\u00e9 annonc\u00e9 d\u00e9j\u00e0 dans nos colonnes, l&rsquo;\u00e9quipe Acoustical Beauty travaille sur des supports \u00e0 l\u00e9vitation magn\u00e9tique. En effet, le d\u00e9couplage des appareils de reproduction sonore est un vaste sujet, dont ce sont empar\u00e9s beaucoup de constructeurs, certains proposant des solutions certes efficaces, mais souvent tr\u00e8s on\u00e9reuses. Cette page a pour objet de &hellip; <a href=\"https:\/\/www.living-leedh.com\/?page_id=6028\" class=\"more-link\">Continuer la lecture de <span class=\"screen-reader-text\">Les \u00ab\u00a0supporteurs\u00a0\u00bb Leedh<\/span>  <span class=\"meta-nav\">&rarr;<\/span><\/a><\/p>\n","protected":false},"author":1,"featured_media":0,"parent":0,"menu_order":0,"comment_status":"closed","ping_status":"closed","template":"","meta":{"_bbp_topic_count":0,"_bbp_reply_count":0,"_bbp_total_topic_count":0,"_bbp_total_reply_count":0,"_bbp_voice_count":0,"_bbp_anonymous_reply_count":0,"_bbp_topic_count_hidden":0,"_bbp_reply_count_hidden":0,"_bbp_forum_subforum_count":0,"footnotes":""},"class_list":["post-6028","page","type-page","status-publish","hentry"],"_links":{"self":[{"href":"https:\/\/www.living-leedh.com\/index.php?rest_route=\/wp\/v2\/pages\/6028","targetHints":{"allow":["GET"]}}],"collection":[{"href":"https:\/\/www.living-leedh.com\/index.php?rest_route=\/wp\/v2\/pages"}],"about":[{"href":"https:\/\/www.living-leedh.com\/index.php?rest_route=\/wp\/v2\/types\/page"}],"author":[{"embeddable":true,"href":"https:\/\/www.living-leedh.com\/index.php?rest_route=\/wp\/v2\/users\/1"}],"replies":[{"embeddable":true,"href":"https:\/\/www.living-leedh.com\/index.php?rest_route=%2Fwp%2Fv2%2Fcomments&post=6028"}],"version-history":[{"count":28,"href":"https:\/\/www.living-leedh.com\/index.php?rest_route=\/wp\/v2\/pages\/6028\/revisions"}],"predecessor-version":[{"id":6071,"href":"https:\/\/www.living-leedh.com\/index.php?rest_route=\/wp\/v2\/pages\/6028\/revisions\/6071"}],"wp:attachment":[{"href":"https:\/\/www.living-leedh.com\/index.php?rest_route=%2Fwp%2Fv2%2Fmedia&parent=6028"}],"curies":[{"name":"wp","href":"https:\/\/api.w.org\/{rel}","templated":true}]}}