{"id":64,"date":"2015-03-15T22:30:12","date_gmt":"2015-03-15T21:30:12","guid":{"rendered":"http:\/\/www.living-leedh.com\/?page_id=64"},"modified":"2020-04-14T15:09:09","modified_gmt":"2020-04-14T13:09:09","slug":"acces-membres","status":"publish","type":"page","link":"https:\/\/www.living-leedh.com\/?page_id=64","title":{"rendered":"S&rsquo;inscrire au club"},"content":{"rendered":"<p>Poster le formulaire.<br \/>\nUn email de confirmation d&rsquo;adh\u00e9sion vous sera renvoy\u00e9 pour valider votre compte.<br \/>\nNB : Il n&rsquo;est pas n\u00e9cessaire de poss\u00e9der du mat\u00e9riel LEEDH pour adh\u00e9rer.<br \/>\nMerci de votre int\u00e9r\u00eat.<\/p>\n<div id=\"wpmem_reg\"><a id=\"register\"><\/a><form name=\"form\" method=\"post\" action=\"https:\/\/www.living-leedh.com\/?page_id=64\" id=\"wpmem_register_form\" class=\"form\"><input type=\"hidden\" id=\"_wpmem_register_nonce\" name=\"_wpmem_register_nonce\" value=\"7279f42ea5\" \/><input type=\"hidden\" name=\"_wp_http_referer\" value=\"\/index.php?rest_route=%2Fwp%2Fv2%2Fpages%2F64\" \/><fieldset><legend>Nouvel utilisateur\u00a0?<\/legend><label for=\"username\" class=\"text\">Choisissez un Nom d\u2019utilisateur<span class=\"req\">*<\/span><\/label><div class=\"div_text\"><input name=\"username\" type=\"text\" id=\"username\" value=\"\" class=\"textbox\" required  \/><\/div><label for=\"first_name\" class=\"text\">Pr\u00e9nom<span class=\"req\">*<\/span><\/label><div class=\"div_text\"><input name=\"first_name\" type=\"text\" id=\"first_name\" value=\"\" class=\"textbox\" required  \/><\/div><label for=\"last_name\" class=\"text\">Nom<\/label><div class=\"div_text\"><input name=\"last_name\" type=\"text\" id=\"last_name\" value=\"\" class=\"textbox\" \/><\/div><label for=\"Naissance\" class=\"text\">Ann\u00e9e naissance<span class=\"req\">*<\/span><\/label><div class=\"div_text\"><input name=\"Naissance\" type=\"text\" id=\"Naissance\" value=\"\" class=\"textbox\" required  \/><\/div><label for=\"thestate\" class=\"text\">R\u00e9gion<span class=\"req\">*<\/span><\/label><div class=\"div_text\"><input name=\"thestate\" type=\"text\" id=\"thestate\" value=\"\" class=\"textbox\" required  \/><\/div><label for=\"country\" class=\"text\">Pays<span class=\"req\">*<\/span><\/label><div class=\"div_text\"><input name=\"country\" type=\"text\" id=\"country\" value=\"\" class=\"textbox\" required  \/><\/div><label for=\"description\" class=\"textarea\">Informations biographique<\/label><div class=\"div_textarea\"><textarea cols=\"20\" rows=\"5\" name=\"description\" id=\"description\" class=\"textarea\"><\/textarea><\/div><label for=\"motiv\" class=\"textarea\">Motivations<span class=\"req\">*<\/span><\/label><div class=\"div_textarea\"><textarea cols=\"20\" rows=\"5\" name=\"motiv\" id=\"motiv\" class=\"textarea\" required ><\/textarea><\/div><label for=\"user_email\" class=\"text\">Courriel<span class=\"req\">*<\/span><\/label><div class=\"div_text\"><input name=\"user_email\" type=\"text\" id=\"user_email\" value=\"\" class=\"textbox\" required  \/><\/div><label for=\"confirm_email\" class=\"text\">Confirmer Email<span class=\"req\">*<\/span><\/label><div class=\"div_text\"><input name=\"confirm_email\" type=\"text\" id=\"confirm_email\" value=\"\" class=\"textbox\" required  \/><\/div><label for=\"password\" class=\"text\">Mot de passe<span class=\"req\">*<\/span><\/label><div class=\"div_text\"><input name=\"password\" type=\"password\" id=\"password\" class=\"textbox\" required  \/><\/div><label for=\"confirm_password\" class=\"text\">Confirmer Mot de passe<span class=\"req\">*<\/span><\/label><div class=\"div_text\"><input name=\"confirm_password\" type=\"password\" id=\"confirm_password\" class=\"textbox\" required  \/><\/div><div class=\"clear\"><\/div><div class=\"captcha\"><script src=\"https:\/\/www.google.com\/recaptcha\/api.js\" async defer><\/script><div class=\"g-recaptcha\" data-sitekey=\"6Le4tokUAAAAAFTikZQ7qcJWF81sLsqwwCed_OmF\"><\/div><\/div><input name=\"a\" type=\"hidden\" value=\"register\" \/><input name=\"wpmem_reg_page\" type=\"hidden\" value=\"https:\/\/www.living-leedh.com\/?page_id=64\" \/><div class=\"button_div\"><input name=\"submit\" type=\"submit\" value=\"S\u2019enregistrer\" class=\"buttons\" \/><\/div><div class=\"req-text\"><span class=\"req\">*<\/span>Champ requis<\/div><\/fieldset><\/form><\/div>\n","protected":false},"excerpt":{"rendered":"<p>Poster le formulaire. Un email de confirmation d&rsquo;adh\u00e9sion vous sera renvoy\u00e9 pour valider votre compte. NB : Il n&rsquo;est pas n\u00e9cessaire de poss\u00e9der du mat\u00e9riel LEEDH pour adh\u00e9rer. Merci de votre int\u00e9r\u00eat.<\/p>\n","protected":false},"author":1,"featured_media":0,"parent":0,"menu_order":0,"comment_status":"closed","ping_status":"closed","template":"","meta":{"_bbp_topic_count":0,"_bbp_reply_count":0,"_bbp_total_topic_count":0,"_bbp_total_reply_count":0,"_bbp_voice_count":0,"_bbp_anonymous_reply_count":0,"_bbp_topic_count_hidden":0,"_bbp_reply_count_hidden":0,"_bbp_forum_subforum_count":0,"footnotes":""},"class_list":["post-64","page","type-page","status-publish","hentry"],"_links":{"self":[{"href":"https:\/\/www.living-leedh.com\/index.php?rest_route=\/wp\/v2\/pages\/64","targetHints":{"allow":["GET"]}}],"collection":[{"href":"https:\/\/www.living-leedh.com\/index.php?rest_route=\/wp\/v2\/pages"}],"about":[{"href":"https:\/\/www.living-leedh.com\/index.php?rest_route=\/wp\/v2\/types\/page"}],"author":[{"embeddable":true,"href":"https:\/\/www.living-leedh.com\/index.php?rest_route=\/wp\/v2\/users\/1"}],"replies":[{"embeddable":true,"href":"https:\/\/www.living-leedh.com\/index.php?rest_route=%2Fwp%2Fv2%2Fcomments&post=64"}],"version-history":[{"count":11,"href":"https:\/\/www.living-leedh.com\/index.php?rest_route=\/wp\/v2\/pages\/64\/revisions"}],"predecessor-version":[{"id":6780,"href":"https:\/\/www.living-leedh.com\/index.php?rest_route=\/wp\/v2\/pages\/64\/revisions\/6780"}],"wp:attachment":[{"href":"https:\/\/www.living-leedh.com\/index.php?rest_route=%2Fwp%2Fv2%2Fmedia&parent=64"}],"curies":[{"name":"wp","href":"https:\/\/api.w.org\/{rel}","templated":true}]}}