{"id":659,"date":"2015-11-25T14:38:02","date_gmt":"2015-11-25T13:38:02","guid":{"rendered":"http:\/\/www.living-leedh.com\/?page_id=659"},"modified":"2016-08-07T14:30:15","modified_gmt":"2016-08-07T12:30:15","slug":"salon-haute-fidelite-mariott-2015","status":"publish","type":"page","link":"https:\/\/www.living-leedh.com\/?page_id=659","title":{"rendered":"Salon Haute Fid\u00e9lit\u00e9 \u00ab\u00a0Marriott\u00a0\u00bb 2015"},"content":{"rendered":"<h5><a href=\"http:\/\/www.hautefidelite-hifi.com\/\" target=\"_blank\"><img loading=\"lazy\" decoding=\"async\" class=\"wp-image-2350 alignnone\" src=\"http:\/\/www.living-leedh.com\/wp-content\/uploads\/2015\/06\/Mariott2-300x33.png\" alt=\"Mariott2\" width=\"536\" height=\"59\" srcset=\"https:\/\/www.living-leedh.com\/wp-content\/uploads\/2015\/06\/Mariott2-300x33.png 300w, https:\/\/www.living-leedh.com\/wp-content\/uploads\/2015\/06\/Mariott2-400x44.png 400w, https:\/\/www.living-leedh.com\/wp-content\/uploads\/2015\/06\/Mariott2.png 982w\" sizes=\"auto, (max-width: 536px) 100vw, 536px\" \/><\/a><\/h5>\n<h3 style=\"text-align: center;\">Pour LEEDH, de la maturit\u00e9 \u00e0 la transition&#8230;<\/h3>\n<p style=\"text-align: center;\"><a href=\"http:\/\/www.living-leedh.com\/wp-content\/uploads\/2015\/11\/leedh10.jpg\"><img loading=\"lazy\" decoding=\"async\" class=\" wp-image-2583 aligncenter\" src=\"http:\/\/www.living-leedh.com\/wp-content\/uploads\/2015\/11\/leedh10-300x200.jpg\" alt=\"leedh10\" width=\"509\" height=\"339\" srcset=\"https:\/\/www.living-leedh.com\/wp-content\/uploads\/2015\/11\/leedh10-300x200.jpg 300w, https:\/\/www.living-leedh.com\/wp-content\/uploads\/2015\/11\/leedh10-400x267.jpg 400w, https:\/\/www.living-leedh.com\/wp-content\/uploads\/2015\/11\/leedh10.jpg 800w\" sizes=\"auto, (max-width: 509px) 100vw, 509px\" \/><\/a><strong>Maturit\u00e9<\/strong> pour la <a href=\"http:\/\/www.living-leedh.com\/?page_id=22\">E2<\/a> et le <a href=\"http:\/\/www.living-leedh.com\/?page_id=24\">caisson 20.1<\/a> dont la mise en \u0153uvre est\u00a0sobre.<img loading=\"lazy\" decoding=\"async\" class=\"wp-image-2585 alignnone\" src=\"http:\/\/www.living-leedh.com\/wp-content\/uploads\/2015\/11\/GaucheWeb-297x300.jpg\" alt=\"GaucheWeb\" width=\"420\" height=\"424\" srcset=\"https:\/\/www.living-leedh.com\/wp-content\/uploads\/2015\/11\/GaucheWeb-297x300.jpg 297w, https:\/\/www.living-leedh.com\/wp-content\/uploads\/2015\/11\/GaucheWeb-150x150.jpg 150w, https:\/\/www.living-leedh.com\/wp-content\/uploads\/2015\/11\/GaucheWeb.jpg 336w\" sizes=\"auto, (max-width: 420px) 100vw, 420px\" \/><\/p>\n<p style=\"text-align: center;\"><a href=\"http:\/\/www.living-leedh.com\/wp-content\/uploads\/2015\/11\/grigriWeb.jpg\"><img loading=\"lazy\" decoding=\"async\" class=\"size-medium wp-image-2605 alignright\" src=\"http:\/\/www.living-leedh.com\/wp-content\/uploads\/2015\/11\/grigriWeb-239x300.jpg\" alt=\"grigriWeb\" width=\"239\" height=\"300\" srcset=\"https:\/\/www.living-leedh.com\/wp-content\/uploads\/2015\/11\/grigriWeb-239x300.jpg 239w, https:\/\/www.living-leedh.com\/wp-content\/uploads\/2015\/11\/grigriWeb.jpg 336w\" sizes=\"auto, (max-width: 239px) 100vw, 239px\" \/><\/a><a href=\"http:\/\/www.living-leedh.com\/wp-content\/uploads\/2015\/11\/SourcesDoc.jpg\"><img loading=\"lazy\" decoding=\"async\" class=\"size-medium wp-image-2589 alignleft\" src=\"http:\/\/www.living-leedh.com\/wp-content\/uploads\/2015\/11\/SourcesDoc-300x289.jpg\" alt=\"SourcesDoc\" width=\"300\" height=\"289\" srcset=\"https:\/\/www.living-leedh.com\/wp-content\/uploads\/2015\/11\/SourcesDoc-300x289.jpg 300w, https:\/\/www.living-leedh.com\/wp-content\/uploads\/2015\/11\/SourcesDoc-400x385.jpg 400w, https:\/\/www.living-leedh.com\/wp-content\/uploads\/2015\/11\/SourcesDoc.jpg 797w\" sizes=\"auto, (max-width: 300px) 100vw, 300px\" \/><\/a><\/p>\n<p>&nbsp;<\/p>\n<p>&nbsp;<\/p>\n<p style=\"text-align: right;\">Juste quelques \u00ab\u00a0gri-gris\u00a0\u00bb de <a href=\"http:\/\/www.francktchang.com\/\" target=\"_blank\">Franck Tchang,<\/a> discrets et judicieusement plac\u00e9s pour am\u00e9liorer l&rsquo;acoustique.<\/p>\n<p>&nbsp;<\/p>\n<p>&nbsp;<\/p>\n<p>&nbsp;<\/p>\n<p>C\u00f4t\u00e9 sources, une tablette Surface Pro3 de Microsoft,\u00a0avec une simple interface <span style=\"color: #000000;\"><a href=\"http:\/\/www.m2tech.biz\/it\/hiface_dac.html\" target=\"_blank\">M2Tech<\/a>\u00a0<\/span>pour la &lsquo;d\u00e9mat&rsquo; , et l&rsquo;\u00e9quipement complet <a href=\"http:\/\/www.swissonor.ch\/pdf\/MiniSeries_f.pdf\" target=\"_blank\">Swissonor<\/a> pour la partie vinyle.<\/p>\n<p style=\"text-align: right;\"><strong>La transition<\/strong> est situ\u00e9e derri\u00e8re le paravent : <a href=\"http:\/\/www.living-leedh.com\/wp-content\/uploads\/2015\/11\/Amplidoc.jpg\"><img loading=\"lazy\" decoding=\"async\" class=\"wp-image-2591 alignright\" src=\"http:\/\/www.living-leedh.com\/wp-content\/uploads\/2015\/11\/Amplidoc-291x300.jpg\" alt=\"Amplidoc\" width=\"226\" height=\"233\" srcset=\"https:\/\/www.living-leedh.com\/wp-content\/uploads\/2015\/11\/Amplidoc-291x300.jpg 291w, https:\/\/www.living-leedh.com\/wp-content\/uploads\/2015\/11\/Amplidoc-400x413.jpg 400w, https:\/\/www.living-leedh.com\/wp-content\/uploads\/2015\/11\/Amplidoc.jpg 768w\" sizes=\"auto, (max-width: 226px) 100vw, 226px\" \/><\/a>LEEDH d\u00e9veloppe maintenant ses \u00e9lectroniques, avec la premi\u00e8re \u00ab\u00a0grande sortie\u00a0\u00bb pour <a href=\"http:\/\/www.living-leedh.com\/?page_id=3915\">le prototype de l&rsquo;amplificateur,<\/a> bas\u00e9 sur des LM3886 de Texas Inst., r\u00e9put\u00e9s pour leur qualit\u00e9 sonore proche des amplis \u00e0 tubes mais sans leur coloration typ\u00e9e, et avec une meilleure ma\u00eetrise du grave&#8230;<\/p>\n<p><a href=\"http:\/\/www.living-leedh.com\/wp-content\/uploads\/2015\/11\/AlimSourceDoc.jpg\"><img loading=\"lazy\" decoding=\"async\" class=\" wp-image-2599 alignleft\" src=\"http:\/\/www.living-leedh.com\/wp-content\/uploads\/2015\/11\/AlimSourceDoc-300x201.jpg\" alt=\"AlimSourceDoc\" width=\"258\" height=\"173\" srcset=\"https:\/\/www.living-leedh.com\/wp-content\/uploads\/2015\/11\/AlimSourceDoc-300x201.jpg 300w, https:\/\/www.living-leedh.com\/wp-content\/uploads\/2015\/11\/AlimSourceDoc.jpg 1024w, https:\/\/www.living-leedh.com\/wp-content\/uploads\/2015\/11\/AlimSourceDoc-400x268.jpg 400w\" sizes=\"auto, (max-width: 258px) 100vw, 258px\" \/><\/a>&#8230; Et, en l&rsquo;\u00e9tat de prototype dans son bac, une\u00a0alimentation sp\u00e9cifique pour la tablette Microsoft ! Constitu\u00e9e de 2 alimentations \u00e0 d\u00e9coupage, parfaitement appari\u00e9es et filtr\u00e9es,\u00a0mont\u00e9es en parall\u00e8le et en opposition de phase au primaire c\u00f4t\u00e9 secteur, afin de diminuer l&rsquo;impact du sens de\u00a0la prise. Le transfo torique est utilis\u00e9 en self. Une solution originale \u00ab\u00a0qui s&rsquo;entend\u00a0\u00bb.<\/p>\n<p>Organis\u00e9s comme\u00a0un\u00a0bureau d&rsquo;\u00e9tudes, LEEDH et des partenaires\u00a0travaillent aussi sur l&rsquo;optimisation de la solution &lsquo;d\u00e9mat&rsquo;, avec des logiciels \u00ab\u00a0non propri\u00e9taires\u00a0\u00bb :\u00a0Un atelier et des \u00e9changes d&rsquo;exp\u00e9riences vont \u00eatre propos\u00e9s. Nous y reviendrons&#8230;<\/p>\n<p style=\"text-align: right;\"><a href=\"http:\/\/www.living-leedh.com\/wp-content\/uploads\/2015\/11\/PublicWeb.jpg\"><img loading=\"lazy\" decoding=\"async\" class=\"size-medium wp-image-2638 alignright\" src=\"http:\/\/www.living-leedh.com\/wp-content\/uploads\/2015\/11\/PublicWeb-300x224.jpg\" alt=\"PublicWeb\" width=\"300\" height=\"224\" srcset=\"https:\/\/www.living-leedh.com\/wp-content\/uploads\/2015\/11\/PublicWeb-300x224.jpg 300w, https:\/\/www.living-leedh.com\/wp-content\/uploads\/2015\/11\/PublicWeb-400x299.jpg 400w, https:\/\/www.living-leedh.com\/wp-content\/uploads\/2015\/11\/PublicWeb.jpg 448w\" sizes=\"auto, (max-width: 300px) 100vw, 300px\" \/><\/a>Les \u00e9coutes ont altern\u00e9 fichiers en &lsquo;d\u00e9mat&rsquo; et vinyles.<\/p>\n<p style=\"text-align: right;\">Fait rare : Quelques s\u00e9ances ont \u00e9t\u00e9 salu\u00e9es par des applaudissements.<\/p>\n<p><span style=\"color: #000000; font-family: Times New Roman;\">\u00a0<\/span><\/p>\n<p>La chronique\u00a0de l&rsquo;ensemble\u00a0du salon sur<a href=\"http:\/\/hifipig.com\/the-haute-fidelite-hifi-show-paris-21-22-november-2015\/\" target=\"_blank\"> Hifi Pig<\/a><\/p>\n<p style=\"text-align: center;\"><span style=\"text-decoration: underline;\"><strong>SALON : Le \u00ab\u00a0OFF\u00a0\u00bb<\/strong><\/span><\/p>\n<p style=\"text-align: left;\"><a href=\"http:\/\/www.living-leedh.com\/wp-content\/uploads\/2015\/11\/001GegeWeb.jpg\"><img loading=\"lazy\" decoding=\"async\" class=\"size-medium wp-image-2609 alignleft\" src=\"http:\/\/www.living-leedh.com\/wp-content\/uploads\/2015\/11\/001GegeWeb-300x237.jpg\" alt=\"001GegeWeb\" width=\"300\" height=\"237\" srcset=\"https:\/\/www.living-leedh.com\/wp-content\/uploads\/2015\/11\/001GegeWeb-300x237.jpg 300w, https:\/\/www.living-leedh.com\/wp-content\/uploads\/2015\/11\/001GegeWeb-400x315.jpg 400w, https:\/\/www.living-leedh.com\/wp-content\/uploads\/2015\/11\/001GegeWeb.jpg 426w\" sizes=\"auto, (max-width: 300px) 100vw, 300px\" \/><\/a>Le <strong>1er d\u00eener des LEEDHERS<\/strong> organis\u00e9 \u00e0 l\u2019occasion de ce Salon : Nous \u00e9tions 18 avec Gilles Milot, une belle rencontre \u00ab\u00a0dans la vraie vie\u00a0\u00bb.<\/p>\n<p style=\"text-align: right;\"><em>\u00c7a c\u2019est \u00a0<\/em><a href=\"http:\/\/www.living-leedh.com\/?page_id=17\"><em><img loading=\"lazy\" decoding=\"async\" class=\"alignnone wp-image-1191\" src=\"http:\/\/www.living-leedh.com\/wp-content\/uploads\/2015\/05\/LivingClubSign.jpg\" alt=\"LivingClubSign\" width=\"82\" height=\"31\" \/><\/em><\/a><em>\u00a0!<\/em><\/p>\n<p style=\"text-align: left;\"><a href=\"http:\/\/www.living-leedh.com\/wp-content\/uploads\/2015\/06\/dinerDoc.jpg\"><img loading=\"lazy\" decoding=\"async\" class=\"wp-image-2574 aligncenter\" src=\"http:\/\/www.living-leedh.com\/wp-content\/uploads\/2015\/06\/dinerDoc-300x225.jpg\" alt=\"dinerDoc\" width=\"504\" height=\"378\" srcset=\"https:\/\/www.living-leedh.com\/wp-content\/uploads\/2015\/06\/dinerDoc-300x225.jpg 300w, https:\/\/www.living-leedh.com\/wp-content\/uploads\/2015\/06\/dinerDoc.jpg 1024w, https:\/\/www.living-leedh.com\/wp-content\/uploads\/2015\/06\/dinerDoc-400x300.jpg 400w\" sizes=\"auto, (max-width: 504px) 100vw, 504px\" \/><\/a><img loading=\"lazy\" decoding=\"async\" class=\"decoded\" src=\"http:\/\/hifipig.com\/wp-content\/uploads\/2015\/11\/DSCF6709.jpg\" alt=\"http:\/\/hifipig.com\/wp-content\/uploads\/2015\/11\/DSCF6709.jpg\" width=\"448\" height=\"674\" \/><\/p>\n","protected":false},"excerpt":{"rendered":"<p>Pour LEEDH, de la maturit\u00e9 \u00e0 la transition&#8230; Maturit\u00e9 pour la E2 et le caisson 20.1 dont la mise en \u0153uvre est\u00a0sobre. &nbsp; &nbsp; Juste quelques \u00ab\u00a0gri-gris\u00a0\u00bb de Franck Tchang, discrets et judicieusement plac\u00e9s pour am\u00e9liorer l&rsquo;acoustique. &nbsp; &nbsp; &nbsp; C\u00f4t\u00e9 sources, une tablette Surface Pro3 de Microsoft,\u00a0avec une simple interface M2Tech\u00a0pour la &lsquo;d\u00e9mat&rsquo; , &hellip; <a href=\"https:\/\/www.living-leedh.com\/?page_id=659\" class=\"more-link\">Continuer la lecture de <span class=\"screen-reader-text\">Salon Haute Fid\u00e9lit\u00e9 \u00ab\u00a0Marriott\u00a0\u00bb 2015<\/span>  <span class=\"meta-nav\">&rarr;<\/span><\/a><\/p>\n","protected":false},"author":1,"featured_media":0,"parent":0,"menu_order":0,"comment_status":"open","ping_status":"open","template":"","meta":{"_bbp_topic_count":0,"_bbp_reply_count":0,"_bbp_total_topic_count":0,"_bbp_total_reply_count":0,"_bbp_voice_count":0,"_bbp_anonymous_reply_count":0,"_bbp_topic_count_hidden":0,"_bbp_reply_count_hidden":0,"_bbp_forum_subforum_count":0,"footnotes":""},"class_list":["post-659","page","type-page","status-publish","hentry"],"_links":{"self":[{"href":"https:\/\/www.living-leedh.com\/index.php?rest_route=\/wp\/v2\/pages\/659","targetHints":{"allow":["GET"]}}],"collection":[{"href":"https:\/\/www.living-leedh.com\/index.php?rest_route=\/wp\/v2\/pages"}],"about":[{"href":"https:\/\/www.living-leedh.com\/index.php?rest_route=\/wp\/v2\/types\/page"}],"author":[{"embeddable":true,"href":"https:\/\/www.living-leedh.com\/index.php?rest_route=\/wp\/v2\/users\/1"}],"replies":[{"embeddable":true,"href":"https:\/\/www.living-leedh.com\/index.php?rest_route=%2Fwp%2Fv2%2Fcomments&post=659"}],"version-history":[{"count":53,"href":"https:\/\/www.living-leedh.com\/index.php?rest_route=\/wp\/v2\/pages\/659\/revisions"}],"predecessor-version":[{"id":4187,"href":"https:\/\/www.living-leedh.com\/index.php?rest_route=\/wp\/v2\/pages\/659\/revisions\/4187"}],"wp:attachment":[{"href":"https:\/\/www.living-leedh.com\/index.php?rest_route=%2Fwp%2Fv2%2Fmedia&parent=659"}],"curies":[{"name":"wp","href":"https:\/\/api.w.org\/{rel}","templated":true}]}}