{"id":6623,"date":"2019-12-10T09:36:23","date_gmt":"2019-12-10T08:36:23","guid":{"rendered":"http:\/\/www.living-leedh.com\/?p=6623"},"modified":"2020-09-09T15:38:42","modified_gmt":"2020-09-09T13:38:42","slug":"soiree-vinyles-quelques-pianistes","status":"publish","type":"page","link":"https:\/\/www.living-leedh.com\/?page_id=6623","title":{"rendered":"Soir\u00e9e vinyles : Quelques pianistes"},"content":{"rendered":"<p><em>Jeudi 12 d\u00e9cembre 2019<\/em><\/p>\n<p>\u00c9laborer un floril\u00e8ge de 13 pianistes couvrant 1\/2 si\u00e8cle d&rsquo;histoire du jazz, c&rsquo;\u00e9tait prendre le risque de d\u00e9cevoir nombre d&rsquo;auditeurs qui ne retrouveraient pas tel ou tel ayant leurs faveurs. Point de Hank Jones, Fats Waller, Garner, Dollar Brand, Jarret, Petrucciani et tant d&rsquo;autres &#8230; La limite de nos discoth\u00e8ques ayant aid\u00e9 \u00e0 borner l&rsquo;entreprise.<br \/>\nSolos, petites formations, quelques \u00e9tonnements et p\u00e9pites.<br \/>\nMais aucuns regrets.<br \/>\nLes enregistrements post\u00e9rieurs aux ann\u00e9es 60 ont \u00e9t\u00e9 jou\u00e9s sur une platine Pierre Cl\u00e9ment issue des studios de la RTF\u00a0 (don de\u00a0 Chantdepierre et r\u00e9vis\u00e9e par<a href=\"http:\/\/www.living-leedh.com\/?page_id=3979\" target=\"_blank\" rel=\"noopener\"> XdR<\/a>).<\/p>\n<p>Un rendu \u00e9tonnant, et l&rsquo;\u00e9motion de (re)trouver un son des ann\u00e9es 50 (ou du moins tel qu&rsquo;on peut se l&rsquo;imaginer)<\/p>\n<div id='gallery-1' class='gallery galleryid-6623 gallery-columns-3 gallery-size-thumbnail'><figure class='gallery-item'>\n\t\t\t<div class='gallery-icon landscape'>\n\t\t\t\t<a href='https:\/\/www.living-leedh.com\/?attachment_id=6639'><img loading=\"lazy\" decoding=\"async\" width=\"150\" height=\"150\" src=\"https:\/\/www.living-leedh.com\/wp-content\/uploads\/2019\/12\/IMG_1166-150x150.jpg\" class=\"attachment-thumbnail size-thumbnail\" alt=\"\" aria-describedby=\"gallery-1-6639\" srcset=\"https:\/\/www.living-leedh.com\/wp-content\/uploads\/2019\/12\/IMG_1166-150x150.jpg 150w, https:\/\/www.living-leedh.com\/wp-content\/uploads\/2019\/12\/IMG_1166-200x200.jpg 200w\" sizes=\"auto, (max-width: 150px) 100vw, 150px\" \/><\/a>\n\t\t\t<\/div>\n\t\t\t\t<figcaption class='wp-caption-text gallery-caption' id='gallery-1-6639'>\n\t\t\t\tComment va se comporter la Cl\u00e9ment ?\n\t\t\t\t<\/figcaption><\/figure><figure class='gallery-item'>\n\t\t\t<div class='gallery-icon landscape'>\n\t\t\t\t<a href='https:\/\/www.living-leedh.com\/?attachment_id=6679'><img loading=\"lazy\" decoding=\"async\" width=\"150\" height=\"150\" src=\"https:\/\/www.living-leedh.com\/wp-content\/uploads\/2019\/12\/IMG_1161-150x150.jpg\" class=\"attachment-thumbnail size-thumbnail\" alt=\"\" aria-describedby=\"gallery-1-6679\" srcset=\"https:\/\/www.living-leedh.com\/wp-content\/uploads\/2019\/12\/IMG_1161-150x150.jpg 150w, https:\/\/www.living-leedh.com\/wp-content\/uploads\/2019\/12\/IMG_1161-200x200.jpg 200w\" sizes=\"auto, (max-width: 150px) 100vw, 150px\" \/><\/a>\n\t\t\t<\/div>\n\t\t\t\t<figcaption class='wp-caption-text gallery-caption' id='gallery-1-6679'>\n\t\t\t\tLa star du jour\n\t\t\t\t<\/figcaption><\/figure><figure class='gallery-item'>\n\t\t\t<div class='gallery-icon landscape'>\n\t\t\t\t<a href='https:\/\/www.living-leedh.com\/?attachment_id=6682'><img loading=\"lazy\" decoding=\"async\" width=\"150\" height=\"150\" src=\"https:\/\/www.living-leedh.com\/wp-content\/uploads\/2019\/12\/20191212_170249-150x150.jpg\" class=\"attachment-thumbnail size-thumbnail\" alt=\"\" aria-describedby=\"gallery-1-6682\" srcset=\"https:\/\/www.living-leedh.com\/wp-content\/uploads\/2019\/12\/20191212_170249-150x150.jpg 150w, https:\/\/www.living-leedh.com\/wp-content\/uploads\/2019\/12\/20191212_170249-200x200.jpg 200w\" sizes=\"auto, (max-width: 150px) 100vw, 150px\" \/><\/a>\n\t\t\t<\/div>\n\t\t\t\t<figcaption class='wp-caption-text gallery-caption' id='gallery-1-6682'>\n\t\t\t\tEn chauffe (d\u00e9mat)\n\t\t\t\t<\/figcaption><\/figure><figure class='gallery-item'>\n\t\t\t<div class='gallery-icon landscape'>\n\t\t\t\t<a href='https:\/\/www.living-leedh.com\/?attachment_id=6640'><img loading=\"lazy\" decoding=\"async\" width=\"150\" height=\"150\" src=\"https:\/\/www.living-leedh.com\/wp-content\/uploads\/2019\/12\/IMG_1167-150x150.jpg\" class=\"attachment-thumbnail size-thumbnail\" alt=\"\" aria-describedby=\"gallery-1-6640\" srcset=\"https:\/\/www.living-leedh.com\/wp-content\/uploads\/2019\/12\/IMG_1167-150x150.jpg 150w, https:\/\/www.living-leedh.com\/wp-content\/uploads\/2019\/12\/IMG_1167-200x200.jpg 200w\" sizes=\"auto, (max-width: 150px) 100vw, 150px\" \/><\/a>\n\t\t\t<\/div>\n\t\t\t\t<figcaption class='wp-caption-text gallery-caption' id='gallery-1-6640'>\n\t\t\t\tDJ un jour, DJ  toujours\n\t\t\t\t<\/figcaption><\/figure><figure class='gallery-item'>\n\t\t\t<div class='gallery-icon landscape'>\n\t\t\t\t<a href='https:\/\/www.living-leedh.com\/?attachment_id=6642'><img loading=\"lazy\" decoding=\"async\" width=\"150\" height=\"150\" src=\"https:\/\/www.living-leedh.com\/wp-content\/uploads\/2019\/12\/IMG_1169-150x150.jpg\" class=\"attachment-thumbnail size-thumbnail\" alt=\"\" aria-describedby=\"gallery-1-6642\" srcset=\"https:\/\/www.living-leedh.com\/wp-content\/uploads\/2019\/12\/IMG_1169-150x150.jpg 150w, https:\/\/www.living-leedh.com\/wp-content\/uploads\/2019\/12\/IMG_1169-200x200.jpg 200w\" sizes=\"auto, (max-width: 150px) 100vw, 150px\" \/><\/a>\n\t\t\t<\/div>\n\t\t\t\t<figcaption class='wp-caption-text gallery-caption' id='gallery-1-6642'>\n\t\t\t\tUn public conquis\n\t\t\t\t<\/figcaption><\/figure><figure class='gallery-item'>\n\t\t\t<div class='gallery-icon portrait'>\n\t\t\t\t<a href='https:\/\/www.living-leedh.com\/?attachment_id=6681'><img loading=\"lazy\" decoding=\"async\" width=\"150\" height=\"150\" src=\"https:\/\/www.living-leedh.com\/wp-content\/uploads\/2019\/12\/20191212_170442-e1576431068647-150x150.jpg\" class=\"attachment-thumbnail size-thumbnail\" alt=\"\" aria-describedby=\"gallery-1-6681\" srcset=\"https:\/\/www.living-leedh.com\/wp-content\/uploads\/2019\/12\/20191212_170442-e1576431068647-150x150.jpg 150w, https:\/\/www.living-leedh.com\/wp-content\/uploads\/2019\/12\/20191212_170442-e1576431068647-200x200.jpg 200w\" sizes=\"auto, (max-width: 150px) 100vw, 150px\" \/><\/a>\n\t\t\t<\/div>\n\t\t\t\t<figcaption class='wp-caption-text gallery-caption' id='gallery-1-6681'>\n\t\t\t\tLe doigt de son Ma\u00eetre, \u00f4 Ma\u00eetre\n\t\t\t\t<\/figcaption><\/figure>\n\t\t<\/div>\n\n<p>Une brochette de Leedhers a fait le d\u00e9placement de Paris, du Finist\u00e8re : Chet, Lhanslo, Michel (Monitor 29) de <a href=\"http:\/\/www.druide-audio.fr\" target=\"_blank\" rel=\"noopener\">Druide Audio Composite<\/a> qui a fourni les supports, Fanchon, Souben, Jean-Hugues.<br \/>\nAbsence cruelle de M\u00e9lomane34 bloqu\u00e9 dans le Sud par les gr\u00e8ves en cours. Et toujours Just LiSten pour l&rsquo;installation.<br \/>\nEt toujours le son des E2 Glass. Certains (mauvaises langues ?) et pr\u00e9sents au dernier salon du Marriot, ont m\u00eame \u00e9lue la soir\u00e9e \u00ab\u00a0meilleure \u00e9coute du salon\u00a0\u00bb &#8230;<\/p>\n<p>La <em><a href=\"http:\/\/www.living-leedh.com\/wp-content\/uploads\/2019\/12\/PlayList.pdf\">playlist<\/a><\/em> de la soir\u00e9e<\/p>\n<p>Les coups de c\u0153ur :<\/p>\n<p><a href=\"https:\/\/www.discogs.com\/fr\/Art-Tatum-An-Art-Tatum-Concert\/release\/2726394\" target=\"_blank\" rel=\"noopener\"><img loading=\"lazy\" decoding=\"async\" class=\"\" src=\"https:\/\/img.discogs.com\/55O2yPDvMWID-XrZU9mw1W37RbE=\/fit-in\/300x300\/filters:strip_icc():format(jpeg):mode_rgb():quality(40)\/discogs-images\/R-2726394-1319982338.jpeg.jpg\" alt=\"An Art Tatum Concert (Vinyl, LP) pochette d'album\" width=\"206\" height=\"204\" \/><\/a><a href=\"https:\/\/www.discogs.com\/fr\/Martial-Solal-Et-Son-Orchestre-Jouent-Andr%C3%A9-Hodeir-Solal-Et-Son-Orchestre-Jouent-Hodeir\/release\/4536943\" target=\"_blank\" rel=\"noopener\">\u00a0 \u00a0 \u00a0 \u00a0 \u00a0 \u00a0 \u00a0 \u00a0\u00a0 <img loading=\"lazy\" decoding=\"async\" class=\"\" src=\"https:\/\/img.discogs.com\/a7fvORPNO1gkrzok6X3-lkkz5A8=\/fit-in\/300x300\/filters:strip_icc():format(jpeg):mode_rgb():quality(40)\/discogs-images\/R-4536943-1407797498-6066.jpeg.jpg\" alt=\"Solal Et Son Orchestre Jouent Hodeir (CD, Album, Reissue) pochette d'album\" width=\"194\" height=\"199\" \/>\u00a0<\/a><\/p>\n<p><iframe loading=\"lazy\" title=\"Duke Ellington - Money Jungle\" width=\"474\" height=\"356\" src=\"https:\/\/www.youtube.com\/embed\/6CuMgLM558s?feature=oembed\" frameborder=\"0\" allow=\"accelerometer; autoplay; clipboard-write; encrypted-media; gyroscope; picture-in-picture; web-share\" referrerpolicy=\"strict-origin-when-cross-origin\" allowfullscreen><\/iframe><\/p>\n<p>&nbsp;<\/p>\n<p>&nbsp;<\/p>\n","protected":false},"excerpt":{"rendered":"<p>Jeudi 12 d\u00e9cembre 2019 \u00c9laborer un floril\u00e8ge de 13 pianistes couvrant 1\/2 si\u00e8cle d&rsquo;histoire du jazz, c&rsquo;\u00e9tait prendre le risque de d\u00e9cevoir nombre d&rsquo;auditeurs qui ne retrouveraient pas tel ou tel ayant leurs faveurs. Point de Hank Jones, Fats Waller, Garner, Dollar Brand, Jarret, Petrucciani et tant d&rsquo;autres &#8230; La limite de nos discoth\u00e8ques ayant &hellip; <a href=\"https:\/\/www.living-leedh.com\/?page_id=6623\" class=\"more-link\">Continuer la lecture de <span class=\"screen-reader-text\">Soir\u00e9e vinyles : Quelques pianistes<\/span>  <span class=\"meta-nav\">&rarr;<\/span><\/a><\/p>\n","protected":false},"author":1,"featured_media":0,"parent":0,"menu_order":0,"comment_status":"open","ping_status":"open","template":"","meta":{"_bbp_topic_count":0,"_bbp_reply_count":0,"_bbp_total_topic_count":0,"_bbp_total_reply_count":0,"_bbp_voice_count":0,"_bbp_anonymous_reply_count":0,"_bbp_topic_count_hidden":0,"_bbp_reply_count_hidden":0,"_bbp_forum_subforum_count":0,"footnotes":""},"class_list":["post-6623","page","type-page","status-publish","hentry"],"_links":{"self":[{"href":"https:\/\/www.living-leedh.com\/index.php?rest_route=\/wp\/v2\/pages\/6623","targetHints":{"allow":["GET"]}}],"collection":[{"href":"https:\/\/www.living-leedh.com\/index.php?rest_route=\/wp\/v2\/pages"}],"about":[{"href":"https:\/\/www.living-leedh.com\/index.php?rest_route=\/wp\/v2\/types\/page"}],"author":[{"embeddable":true,"href":"https:\/\/www.living-leedh.com\/index.php?rest_route=\/wp\/v2\/users\/1"}],"replies":[{"embeddable":true,"href":"https:\/\/www.living-leedh.com\/index.php?rest_route=%2Fwp%2Fv2%2Fcomments&post=6623"}],"version-history":[{"count":47,"href":"https:\/\/www.living-leedh.com\/index.php?rest_route=\/wp\/v2\/pages\/6623\/revisions"}],"predecessor-version":[{"id":6950,"href":"https:\/\/www.living-leedh.com\/index.php?rest_route=\/wp\/v2\/pages\/6623\/revisions\/6950"}],"wp:attachment":[{"href":"https:\/\/www.living-leedh.com\/index.php?rest_route=%2Fwp%2Fv2%2Fmedia&parent=6623"}],"curies":[{"name":"wp","href":"https:\/\/api.w.org\/{rel}","templated":true}]}}