{"id":673,"date":"2015-04-08T19:30:51","date_gmt":"2015-04-08T18:30:51","guid":{"rendered":"http:\/\/www.living-leedh.com\/?page_id=673"},"modified":"2015-10-18T11:52:39","modified_gmt":"2015-10-18T09:52:39","slug":"ica","status":"publish","type":"page","link":"https:\/\/www.living-leedh.com\/?page_id=673","title":{"rendered":"ICA"},"content":{"rendered":"<p><strong>1999 : <\/strong><\/p>\n<p>La deuxi\u00e8me et derni\u00e8re de la s\u00e9rie \u00ab\u00a0P\u00e9rou\u00a0\u00bb avec la Nazca, et en particulier l&rsquo;utilisation du \u00ab\u00a0tweeter \u00e0 gaz\u00a0\u00bb.<\/p>\n<p>La derni\u00e8re avant une longue p\u00e9riode de silence et d&rsquo;\u00e9tudes qui aboutiront \u00e0 la r\u00e9volution du haut-parleur Acoustical Beauty.<\/p>\n<p><a href=\"http:\/\/www.living-leedh.com\/wp-content\/uploads\/2015\/04\/LEEDHica1Web.jpg\"><img loading=\"lazy\" decoding=\"async\" class=\"alignnone size-medium wp-image-674\" src=\"http:\/\/www.living-leedh.com\/wp-content\/uploads\/2015\/04\/LEEDHica1Web-230x300.jpg\" alt=\"LEEDHica1Web\" width=\"230\" height=\"300\" srcset=\"https:\/\/www.living-leedh.com\/wp-content\/uploads\/2015\/04\/LEEDHica1Web-230x300.jpg 230w, https:\/\/www.living-leedh.com\/wp-content\/uploads\/2015\/04\/LEEDHica1Web.jpg 336w\" sizes=\"auto, (max-width: 230px) 100vw, 230px\" \/><\/a><a href=\"http:\/\/www.living-leedh.com\/wp-content\/uploads\/2015\/04\/LEEDHica2Web.jpg\"><img loading=\"lazy\" decoding=\"async\" class=\"alignnone size-medium wp-image-675\" src=\"http:\/\/www.living-leedh.com\/wp-content\/uploads\/2015\/04\/LEEDHica2Web-232x300.jpg\" alt=\"LEEDHica2Web\" width=\"232\" height=\"300\" srcset=\"https:\/\/www.living-leedh.com\/wp-content\/uploads\/2015\/04\/LEEDHica2Web-232x300.jpg 232w, https:\/\/www.living-leedh.com\/wp-content\/uploads\/2015\/04\/LEEDHica2Web-400x517.jpg 400w, https:\/\/www.living-leedh.com\/wp-content\/uploads\/2015\/04\/LEEDHica2Web.jpg 768w\" sizes=\"auto, (max-width: 232px) 100vw, 232px\" \/><\/a><a href=\"http:\/\/www.living-leedh.com\/wp-content\/uploads\/2015\/04\/LEEDHica3web.jpg\"><img loading=\"lazy\" decoding=\"async\" class=\"alignnone size-medium wp-image-676\" src=\"http:\/\/www.living-leedh.com\/wp-content\/uploads\/2015\/04\/LEEDHica3web-219x300.jpg\" alt=\"LEEDHica3web\" width=\"219\" height=\"300\" srcset=\"https:\/\/www.living-leedh.com\/wp-content\/uploads\/2015\/04\/LEEDHica3web-219x300.jpg 219w, https:\/\/www.living-leedh.com\/wp-content\/uploads\/2015\/04\/LEEDHica3web.jpg 746w, https:\/\/www.living-leedh.com\/wp-content\/uploads\/2015\/04\/LEEDHica3web-400x549.jpg 400w\" sizes=\"auto, (max-width: 219px) 100vw, 219px\" \/><\/a><a href=\"http:\/\/www.living-leedh.com\/wp-content\/uploads\/2015\/04\/LEEDHica4web.jpg\"><img loading=\"lazy\" decoding=\"async\" class=\"alignnone size-medium wp-image-677\" src=\"http:\/\/www.living-leedh.com\/wp-content\/uploads\/2015\/04\/LEEDHica4web-219x300.jpg\" alt=\"LEEDHica4web\" width=\"219\" height=\"300\" srcset=\"https:\/\/www.living-leedh.com\/wp-content\/uploads\/2015\/04\/LEEDHica4web-219x300.jpg 219w, https:\/\/www.living-leedh.com\/wp-content\/uploads\/2015\/04\/LEEDHica4web.jpg 749w, https:\/\/www.living-leedh.com\/wp-content\/uploads\/2015\/04\/LEEDHica4web-400x547.jpg 400w\" sizes=\"auto, (max-width: 219px) 100vw, 219px\" \/><\/a><\/p>\n<p><strong>ICA : <a title=\"NAZCA &amp; ICA\" href=\"http:\/\/www.living-leedh.com\/?page_id=851\"><em>R\u00e9soudre le probl\u00e8me\u00a0 du tweeter<\/em> <\/a><\/strong><\/p>\n<p>&#8212;&#8212;&#8212;&#8212;&#8212;&#8212;&#8212;&#8212;&#8212;&#8212;&#8212;&#8212;&#8212;&#8212;&#8212;&#8212;&#8212;&#8212;&#8212;&#8212;&#8212;-<\/p>\n<p>Vous \u00eates possesseur, utilisateur, collectionneur d&rsquo;un ancien mod\u00e8le ?<\/p>\n<p>Vous pouvez nous apporter des pr\u00e9cisions (dates, \u00e9volutions des mod\u00e8les&#8230;) ?<\/p>\n<p>Merci de nous <span style=\"color: #008000;\"><a style=\"color: #008000;\" title=\"Contact\" href=\"http:\/\/www.living-leedh.com\/?page_id=71\"><u>contacter<\/u><\/a> <\/span>pour alimenter ces rubriques<\/p>\n","protected":false},"excerpt":{"rendered":"<p>1999 : La deuxi\u00e8me et derni\u00e8re de la s\u00e9rie \u00ab\u00a0P\u00e9rou\u00a0\u00bb avec la Nazca, et en particulier l&rsquo;utilisation du \u00ab\u00a0tweeter \u00e0 gaz\u00a0\u00bb. La derni\u00e8re avant une longue p\u00e9riode de silence et d&rsquo;\u00e9tudes qui aboutiront \u00e0 la r\u00e9volution du haut-parleur Acoustical Beauty. ICA : R\u00e9soudre le probl\u00e8me\u00a0 du tweeter &#8212;&#8212;&#8212;&#8212;&#8212;&#8212;&#8212;&#8212;&#8212;&#8212;&#8212;&#8212;&#8212;&#8212;&#8212;&#8212;&#8212;&#8212;&#8212;&#8212;&#8212;- Vous \u00eates possesseur, utilisateur, collectionneur d&rsquo;un ancien &hellip; <a href=\"https:\/\/www.living-leedh.com\/?page_id=673\" class=\"more-link\">Continuer la lecture de <span class=\"screen-reader-text\">ICA<\/span>  <span class=\"meta-nav\">&rarr;<\/span><\/a><\/p>\n","protected":false},"author":1,"featured_media":0,"parent":0,"menu_order":0,"comment_status":"open","ping_status":"open","template":"","meta":{"_bbp_topic_count":0,"_bbp_reply_count":0,"_bbp_total_topic_count":0,"_bbp_total_reply_count":0,"_bbp_voice_count":0,"_bbp_anonymous_reply_count":0,"_bbp_topic_count_hidden":0,"_bbp_reply_count_hidden":0,"_bbp_forum_subforum_count":0,"footnotes":""},"class_list":["post-673","page","type-page","status-publish","hentry"],"_links":{"self":[{"href":"https:\/\/www.living-leedh.com\/index.php?rest_route=\/wp\/v2\/pages\/673","targetHints":{"allow":["GET"]}}],"collection":[{"href":"https:\/\/www.living-leedh.com\/index.php?rest_route=\/wp\/v2\/pages"}],"about":[{"href":"https:\/\/www.living-leedh.com\/index.php?rest_route=\/wp\/v2\/types\/page"}],"author":[{"embeddable":true,"href":"https:\/\/www.living-leedh.com\/index.php?rest_route=\/wp\/v2\/users\/1"}],"replies":[{"embeddable":true,"href":"https:\/\/www.living-leedh.com\/index.php?rest_route=%2Fwp%2Fv2%2Fcomments&post=673"}],"version-history":[{"count":16,"href":"https:\/\/www.living-leedh.com\/index.php?rest_route=\/wp\/v2\/pages\/673\/revisions"}],"predecessor-version":[{"id":2144,"href":"https:\/\/www.living-leedh.com\/index.php?rest_route=\/wp\/v2\/pages\/673\/revisions\/2144"}],"wp:attachment":[{"href":"https:\/\/www.living-leedh.com\/index.php?rest_route=%2Fwp%2Fv2%2Fmedia&parent=673"}],"curies":[{"name":"wp","href":"https:\/\/api.w.org\/{rel}","templated":true}]}}