{"id":6841,"date":"2020-06-15T20:50:11","date_gmt":"2020-06-15T18:50:11","guid":{"rendered":"https:\/\/www.living-leedh.com\/?page_id=6841"},"modified":"2020-06-19T14:16:22","modified_gmt":"2020-06-19T12:16:22","slug":"leedh-processing-la-page-des-experts","status":"publish","type":"page","link":"https:\/\/www.living-leedh.com\/?page_id=6841","title":{"rendered":"Leedh Processing : la page des experts"},"content":{"rendered":"<p><a href=\"https:\/\/www.living-leedh.com\/wp-content\/uploads\/2020\/06\/logo-LP1-fond-trans.png\"><img loading=\"lazy\" decoding=\"async\" class=\"alignnone size-full wp-image-6857\" src=\"https:\/\/www.living-leedh.com\/wp-content\/uploads\/2020\/06\/logo-LP1-fond-trans.png\" alt=\"\" width=\"444\" height=\"165\" srcset=\"https:\/\/www.living-leedh.com\/wp-content\/uploads\/2020\/06\/logo-LP1-fond-trans.png 444w, https:\/\/www.living-leedh.com\/wp-content\/uploads\/2020\/06\/logo-LP1-fond-trans-300x111.png 300w, https:\/\/www.living-leedh.com\/wp-content\/uploads\/2020\/06\/logo-LP1-fond-trans-400x149.png 400w\" sizes=\"auto, (max-width: 444px) 100vw, 444px\" \/><\/a>Apr\u00e8s <a href=\"http:\/\/www.6moons.com\/industryfeatures\/munich2018\/9.html\" target=\"_blank\" rel=\"noopener\">Soulution<\/a> puis <a href=\"https:\/\/www.living-leedh.com\/?p=6571\" target=\"_blank\" rel=\"noopener\">3D Lab<\/a>, <a href=\"http:\/\/www.luminmusic.com\/support-leedh-processing.html\" target=\"_blank\" rel=\"noopener\">Lumin<\/a> vient d&rsquo;int\u00e9grer le Leedh Processing sur toute sa gamme, et propose un update gratuit sur ses anciens mod\u00e8les.<br \/>\nDe nombreux <a href=\"https:\/\/www.living-leedh.com\/?page_id=6859\" target=\"_blank\" rel=\"noopener\">blogs et forums<\/a>, y compris chez Roon, font \u00e9cho de ce proc\u00e9d\u00e9.<br \/>\nUn<a href=\"https:\/\/www.processing-leedh.com\/\" target=\"_blank\" rel=\"noopener\"> site officiel sp\u00e9cialis\u00e9\u00a0<\/a> a \u00e9t\u00e9 cr\u00e9\u00e9\u00a0 par Leedh et livre tous les secrets du traitement du signal avec ce proc\u00e9d\u00e9 (prot\u00e9g\u00e9 par des brevets), qui a paru suffisamment novateur et efficace pour qu&rsquo;une universit\u00e9 suisse en produise\u00a0 un <a href=\"https:\/\/en.wikipedia.org\/wiki\/White_paper\" target=\"_blank\" rel=\"noopener\">\u00ab\u00a0white paper\u00a0\u00bb<\/a> et en fasse une communication internationale :<\/p>\n<p><span class=\"fontstyle0\"><a href=\"https:\/\/www.supsi.ch\/home_en.html\" target=\"_blank\" rel=\"noopener\"><img loading=\"lazy\" decoding=\"async\" class=\"wp-image-6846 alignnone\" src=\"https:\/\/www.living-leedh.com\/wp-content\/uploads\/2020\/06\/logo_SUPSI.gif\" alt=\"\" width=\"98\" height=\"26\" \/><\/a>Institute for Information Systems and Networking<\/span><\/p>\n<p><a href=\"https:\/\/www.living-leedh.com\/wp-content\/uploads\/2020\/06\/Experts.png\"><img loading=\"lazy\" decoding=\"async\" class=\"wp-image-6912 alignleft\" src=\"https:\/\/www.living-leedh.com\/wp-content\/uploads\/2020\/06\/Experts.png\" alt=\"\" width=\"97\" height=\"120\" srcset=\"https:\/\/www.living-leedh.com\/wp-content\/uploads\/2020\/06\/Experts.png 799w, https:\/\/www.living-leedh.com\/wp-content\/uploads\/2020\/06\/Experts-245x300.png 245w, https:\/\/www.living-leedh.com\/wp-content\/uploads\/2020\/06\/Experts-768x942.png 768w, https:\/\/www.living-leedh.com\/wp-content\/uploads\/2020\/06\/Experts-400x491.png 400w\" sizes=\"auto, (max-width: 97px) 100vw, 97px\" \/>\u00a0<\/a><a href=\"https:\/\/www.living-leedh.com\/wp-content\/uploads\/2020\/06\/Presentation-Analysis-of-an-alternative-approach-to-digital-volume-control.pdf\" target=\"_blank\" rel=\"noopener\">Presentation Analysis of an alternative approach to digital volume control<\/a><\/p>\n<p><a href=\"https:\/\/www.living-leedh.com\/wp-content\/uploads\/2020\/06\/White-paper-Analysis-of-an-alternative-approach-to-digital-volume-control.pdf\" target=\"_blank\" rel=\"noopener\">White paper &#8211; Analysis of an alternative approach to digital volume control<\/a><\/p>\n<p>&nbsp;<\/p>\n<p><a href=\"https:\/\/www.living-leedh.com\/wp-content\/uploads\/2020\/06\/Mix-nuls.png\"><img loading=\"lazy\" decoding=\"async\" class=\"wp-image-6918 alignleft\" src=\"https:\/\/www.living-leedh.com\/wp-content\/uploads\/2020\/06\/Mix-nuls.png\" alt=\"\" width=\"271\" height=\"74\" srcset=\"https:\/\/www.living-leedh.com\/wp-content\/uploads\/2020\/06\/Mix-nuls.png 427w, https:\/\/www.living-leedh.com\/wp-content\/uploads\/2020\/06\/Mix-nuls-300x82.png 300w, https:\/\/www.living-leedh.com\/wp-content\/uploads\/2020\/06\/Mix-nuls-400x110.png 400w\" sizes=\"auto, (max-width: 271px) 100vw, 271px\" \/><\/a><\/p>\n<p><a href=\"https:\/\/www.living-leedh.com\/wp-content\/uploads\/2020\/06\/LP-Vol-presentation-FR-Ludo.pdf\" target=\"_blank\" rel=\"noopener\">Pr\u00e9sentation simplifi\u00e9e <\/a><\/p>\n<p><a href=\"https:\/\/www.living-leedh.com\/wp-content\/uploads\/2020\/06\/Description-du-r\u00e9glage-de-volume-LEEDH-PROCESSING.pdf\" target=\"_blank\" rel=\"noopener\">Description du LP<\/a><\/p>\n<p>&nbsp;<\/p>\n","protected":false},"excerpt":{"rendered":"<p>Apr\u00e8s Soulution puis 3D Lab, Lumin vient d&rsquo;int\u00e9grer le Leedh Processing sur toute sa gamme, et propose un update gratuit sur ses anciens mod\u00e8les. De nombreux blogs et forums, y compris chez Roon, font \u00e9cho de ce proc\u00e9d\u00e9. Un site officiel sp\u00e9cialis\u00e9\u00a0 a \u00e9t\u00e9 cr\u00e9\u00e9\u00a0 par Leedh et livre tous les secrets du traitement du &hellip; <a href=\"https:\/\/www.living-leedh.com\/?page_id=6841\" class=\"more-link\">Continuer la lecture de <span class=\"screen-reader-text\">Leedh Processing : la page des experts<\/span>  <span class=\"meta-nav\">&rarr;<\/span><\/a><\/p>\n","protected":false},"author":1,"featured_media":0,"parent":0,"menu_order":0,"comment_status":"closed","ping_status":"closed","template":"","meta":{"_bbp_topic_count":0,"_bbp_reply_count":0,"_bbp_total_topic_count":0,"_bbp_total_reply_count":0,"_bbp_voice_count":0,"_bbp_anonymous_reply_count":0,"_bbp_topic_count_hidden":0,"_bbp_reply_count_hidden":0,"_bbp_forum_subforum_count":0,"footnotes":""},"class_list":["post-6841","page","type-page","status-publish","hentry"],"_links":{"self":[{"href":"https:\/\/www.living-leedh.com\/index.php?rest_route=\/wp\/v2\/pages\/6841","targetHints":{"allow":["GET"]}}],"collection":[{"href":"https:\/\/www.living-leedh.com\/index.php?rest_route=\/wp\/v2\/pages"}],"about":[{"href":"https:\/\/www.living-leedh.com\/index.php?rest_route=\/wp\/v2\/types\/page"}],"author":[{"embeddable":true,"href":"https:\/\/www.living-leedh.com\/index.php?rest_route=\/wp\/v2\/users\/1"}],"replies":[{"embeddable":true,"href":"https:\/\/www.living-leedh.com\/index.php?rest_route=%2Fwp%2Fv2%2Fcomments&post=6841"}],"version-history":[{"count":33,"href":"https:\/\/www.living-leedh.com\/index.php?rest_route=\/wp\/v2\/pages\/6841\/revisions"}],"predecessor-version":[{"id":6925,"href":"https:\/\/www.living-leedh.com\/index.php?rest_route=\/wp\/v2\/pages\/6841\/revisions\/6925"}],"wp:attachment":[{"href":"https:\/\/www.living-leedh.com\/index.php?rest_route=%2Fwp%2Fv2%2Fmedia&parent=6841"}],"curies":[{"name":"wp","href":"https:\/\/api.w.org\/{rel}","templated":true}]}}