{"id":692,"date":"2015-04-10T19:54:50","date_gmt":"2015-04-10T18:54:50","guid":{"rendered":"http:\/\/www.living-leedh.com\/?page_id=692"},"modified":"2022-04-04T15:50:17","modified_gmt":"2022-04-04T13:50:17","slug":"patcam","status":"publish","type":"page","link":"https:\/\/www.living-leedh.com\/?page_id=692","title":{"rendered":"PatCam"},"content":{"rendered":"<p><strong>\u00f4 mon pa\u00efs, \u00f4 Toulouse, \u00f4 Toulouse &#8230;<\/strong><\/p>\n<p>Est-ce une impression, ou la ville rose est-elle en train de devenir un rep\u00e8re de Leedhers ?<\/p>\n<p>Leedh E2 avec c\u00e2bles Leedh universel et voie centrale, et <a href=\"http:\/\/www.living-leedh.com\/?page_id=692&amp;page=2\">depuis fin octobre 2015<\/a>, le caisson.<br \/>\nUn syst\u00e8me 3.1 donc.<\/p>\n<p><a href=\"http:\/\/www.living-leedh.com\/wp-content\/uploads\/2015\/04\/PatCam.jpg\"><img loading=\"lazy\" decoding=\"async\" class=\"alignnone size-medium wp-image-693\" src=\"http:\/\/www.living-leedh.com\/wp-content\/uploads\/2015\/04\/PatCam-300x169.jpg\" alt=\"PatCam\" width=\"300\" height=\"169\" srcset=\"https:\/\/www.living-leedh.com\/wp-content\/uploads\/2015\/04\/PatCam-300x169.jpg 300w, https:\/\/www.living-leedh.com\/wp-content\/uploads\/2015\/04\/PatCam-1024x576.jpg 1024w, https:\/\/www.living-leedh.com\/wp-content\/uploads\/2015\/04\/PatCam-400x225.jpg 400w\" sizes=\"auto, (max-width: 300px) 100vw, 300px\" \/><\/a><\/p>\n<p>Les autres \u00e9l\u00e9ments du syst\u00e8me :<\/p>\n<ul>\n<li>Devialet D800<\/li>\n<li>platine <a title=\"PatcamWilson\" href=\"http:\/\/wilson-benesch.com\/\" target=\"_blank\" rel=\"noopener\">Wilson Benesh Full Circle<\/a> avec cellule Benz Micro Ace<\/li>\n<li>Platine Oppo 93 signature audiocom<\/li>\n<li>C\u00e2bles secteur Esprit, barrette QB8 Nordost<\/li>\n<li>C\u00e2ble Audioprana pour connexion Devialet<\/li>\n<li>Coupelles ASI, meubles Conemarra<\/li>\n<\/ul>\n<div>Pour le HC :<\/div>\n<div><\/div>\n<ul>\n<li>Pr\u00e9ampli-processeur Primare SP32<\/li>\n<li>Amplis Nuforce MCH7<\/li>\n<li>Projecteur JVC X30<\/li>\n<\/ul>\n<div>Retrouver un CR tr\u00e8s d\u00e9taill\u00e9 sur <span style=\"color: #008000;\"><a style=\"color: #008000;\" title=\"Patcamaudiophilefr\" href=\"http:\/\/www.forum-audiophile.fr\/impressions\/leedh-e-t26129-75.html\" target=\"_blank\" rel=\"noopener\"><span style=\"text-decoration: underline;\">Audiophile.fr<\/span><\/a>\u00a0<\/span><span style=\"color: #ff0000;\"><strong>depuis octobre 2015, le site est Hors Service&#8230;<\/strong><\/span><\/div>\n<div><\/div>\n<h5><strong>Juin 2015 : \u00a0PATCAM a re\u00e7u un prototype.<\/strong><\/h5>\n<div><a href=\"http:\/\/www.living-leedh.com\/wp-content\/uploads\/2015\/06\/1.jpg\"><img loading=\"lazy\" decoding=\"async\" class=\" size-medium wp-image-1347 aligncenter\" src=\"http:\/\/www.living-leedh.com\/wp-content\/uploads\/2015\/06\/1-300x300.jpg\" alt=\"1\" width=\"300\" height=\"300\" srcset=\"https:\/\/www.living-leedh.com\/wp-content\/uploads\/2015\/06\/1-300x300.jpg 300w, https:\/\/www.living-leedh.com\/wp-content\/uploads\/2015\/06\/1-150x150.jpg 150w, https:\/\/www.living-leedh.com\/wp-content\/uploads\/2015\/06\/1-200x200.jpg 200w, https:\/\/www.living-leedh.com\/wp-content\/uploads\/2015\/06\/1-400x400.jpg 400w, https:\/\/www.living-leedh.com\/wp-content\/uploads\/2015\/06\/1.jpg 1000w\" sizes=\"auto, (max-width: 300px) 100vw, 300px\" \/><\/a><\/div>\n<p style=\"text-align: left;\"><em>Bonjour \u00e0 vous,<\/em><\/p>\n<p style=\"text-align: left;\"><em><a href=\"http:\/\/www.living-leedh.com\/wp-content\/uploads\/2015\/06\/2.jpg\"><img loading=\"lazy\" decoding=\"async\" class=\" size-medium wp-image-1357 alignright\" src=\"http:\/\/www.living-leedh.com\/wp-content\/uploads\/2015\/06\/2-300x300.jpg\" alt=\"2\" width=\"300\" height=\"300\" srcset=\"https:\/\/www.living-leedh.com\/wp-content\/uploads\/2015\/06\/2-300x300.jpg 300w, https:\/\/www.living-leedh.com\/wp-content\/uploads\/2015\/06\/2-150x150.jpg 150w, https:\/\/www.living-leedh.com\/wp-content\/uploads\/2015\/06\/2-200x200.jpg 200w, https:\/\/www.living-leedh.com\/wp-content\/uploads\/2015\/06\/2-400x400.jpg 400w, https:\/\/www.living-leedh.com\/wp-content\/uploads\/2015\/06\/2.jpg 1000w\" sizes=\"auto, (max-width: 300px) 100vw, 300px\" \/><\/a>Voici les premi\u00e8res photos de la petite nouvelle <\/em>:<a href=\"http:\/\/www.living-leedh.com\/?page_id=3910\"><strong> La Voie\u00a0C<\/strong><strong>entrale C2.<\/strong><\/a><em> J\u2019ai commenc\u00e9 \u00e0 faire une 1ere \u00e9coute de musique. Pour cela j\u2019ai l\u2019ai branch\u00e9e \u00e0 la place d\u2019une E2 donc<\/em> <em>avec mon amplification Devialet et le cable Leedh. J\u2019ai fait une \u00e9coute en mono, en me pla\u00e7ant juste \u00e0 c\u00f4t\u00e9 de l\u2019enceinte pour avoir le son en direct. J\u2019ai retrouv\u00e9 la signature de la E2, la m\u00eame qualit\u00e9 de timbres, beaucoup de transparence et neutralit\u00e9.<\/em><\/p>\n<p style=\"text-align: left;\"><em>Apr\u00e8s avoir fait des r\u00e9glages, elle est pr\u00eate \u00e0 l\u2019action. J\u2019ai opt\u00e9 pour un positionnement \u00e0 \u00e9gale distance des voies gauche et droite, pour ne pas avoir \u00e0 mettre des d\u00e9lais sur le pr\u00e9-processeur. <\/em><img loading=\"lazy\" decoding=\"async\" id=\"il_fi\" class=\" alignleft\" src=\"http:\/\/fr.web.img3.acsta.net\/medias\/nmedia\/18\/71\/89\/96\/19184889.jpg\" alt=\"\" width=\"283\" height=\"377\" \/><em>Je viens de finir de revoir le film \u00ab\u00a0Le Concert\u00a0\u00bb , une pure merveille, c\u2019est d\u00e9j\u00e0 tr\u00e8s bon !<\/em><br \/>\n<em> La voix centrale fait gagner beaucoup de pr\u00e9sence sur les dialogues, elle retranscrit tr\u00e8s bien les voix l\u00e9g\u00e8res des femmes et les voix plus graves et caverneuses des hommes avec du coffre.<\/em><br \/>\n<em> Enfin, cela permet d\u2019avoir une tr\u00e8s bonne coh\u00e9rence avec les enceintes principales.<\/em><br \/>\n<em> C\u2019est d\u00e9j\u00e0 une r\u00e9ussite qui va encore s\u2019am\u00e9liorer avec le temps.<\/em><\/p>\n<div class=\"comment-content\">\n<p><em>Bravo Gilles et Ludovic.<\/em><\/p>\n<\/div>\n<h5>24\/06 &#8211; Voici les derni\u00e8res photos en position centrale :<a href=\"http:\/\/www.living-leedh.com\/wp-content\/uploads\/2015\/06\/6w.jpg\"><img loading=\"lazy\" decoding=\"async\" class=\"alignnone wp-image-1565\" src=\"http:\/\/www.living-leedh.com\/wp-content\/uploads\/2015\/06\/6w-300x161.jpg\" alt=\"6w\" width=\"468\" height=\"251\" srcset=\"https:\/\/www.living-leedh.com\/wp-content\/uploads\/2015\/06\/6w-300x161.jpg 300w, https:\/\/www.living-leedh.com\/wp-content\/uploads\/2015\/06\/6w-400x215.jpg 400w, https:\/\/www.living-leedh.com\/wp-content\/uploads\/2015\/06\/6w.jpg 966w\" sizes=\"auto, (max-width: 468px) 100vw, 468px\" \/><\/a><\/h5>\n<p style=\"text-align: left;\"><em>J\u2019ai pr\u00e9f\u00e9r\u00e9 privil\u00e9gier une position \u00e0 \u00e9gale distance du point d\u2019\u00e9coute pour les 3 enceintes. La C2 est tr\u00e8s discr\u00e8te physiquement, mais sa pr\u00e9sence sonore est remarquable.<\/em><a href=\"http:\/\/www.living-leedh.com\/wp-content\/uploads\/2015\/06\/5w.jpg\"><img loading=\"lazy\" decoding=\"async\" class=\" wp-image-1566 alignright\" src=\"http:\/\/www.living-leedh.com\/wp-content\/uploads\/2015\/06\/5w-300x158.jpg\" alt=\"5w\" width=\"307\" height=\"162\" srcset=\"https:\/\/www.living-leedh.com\/wp-content\/uploads\/2015\/06\/5w-300x158.jpg 300w, https:\/\/www.living-leedh.com\/wp-content\/uploads\/2015\/06\/5w-400x211.jpg 400w, https:\/\/www.living-leedh.com\/wp-content\/uploads\/2015\/06\/5w.jpg 1000w\" sizes=\"auto, (max-width: 307px) 100vw, 307px\" \/><br \/>\n<\/a><\/p>\n<p style=\"text-align: right;\"><em>Les platines vinyle et blu-ray ne g\u00eanent pas.<\/em><\/p>\n<p>&nbsp;<\/p>\n<p><em><a href=\"http:\/\/www.living-leedh.com\/wp-content\/uploads\/2015\/06\/7w.jpg\"><img loading=\"lazy\" decoding=\"async\" class=\" wp-image-1564 alignleft\" src=\"http:\/\/www.living-leedh.com\/wp-content\/uploads\/2015\/06\/7w-300x200.jpg\" alt=\"7w\" width=\"356\" height=\"237\" srcset=\"https:\/\/www.living-leedh.com\/wp-content\/uploads\/2015\/06\/7w-300x200.jpg 300w, https:\/\/www.living-leedh.com\/wp-content\/uploads\/2015\/06\/7w-400x267.jpg 400w, https:\/\/www.living-leedh.com\/wp-content\/uploads\/2015\/06\/7w.jpg 1000w\" sizes=\"auto, (max-width: 356px) 100vw, 356px\" \/><\/a><\/em><\/p>\n<p>&nbsp;<\/p>\n<p>&nbsp;<\/p>\n<p style=\"text-align: left;\"><em>&#8230; l&rsquo;envers du d\u00e9cor home-cin\u00e9ma avec tout ses c\u00e2bles !<\/em><\/p>\n<p>&nbsp;<\/p>\n<p>PATCAM fait pousser des c\u00e2bles le long des LEEDH !<a href=\"http:\/\/www.living-leedh.com\/wp-content\/uploads\/2015\/06\/8w.jpg\"><img loading=\"lazy\" decoding=\"async\" class=\" wp-image-1563 aligncenter\" src=\"http:\/\/www.living-leedh.com\/wp-content\/uploads\/2015\/06\/8w-300x200.jpg\" alt=\"8w\" width=\"461\" height=\"307\" srcset=\"https:\/\/www.living-leedh.com\/wp-content\/uploads\/2015\/06\/8w-300x200.jpg 300w, https:\/\/www.living-leedh.com\/wp-content\/uploads\/2015\/06\/8w-400x267.jpg 400w, https:\/\/www.living-leedh.com\/wp-content\/uploads\/2015\/06\/8w.jpg 1000w\" sizes=\"auto, (max-width: 461px) 100vw, 461px\" \/><\/a><\/p>\n<p><strong>Evolution avec le Caisson <\/strong>: page 2<span style=\"color: #000080;\">\u00a0<\/span><\/p>\n<p><!--nextpage--><\/p>\n<p><strong>Octobre\u00a02015 : \u00a0PATCAM ajoute le <a href=\"http:\/\/www.living-leedh.com\/?page_id=24\">Caisson 20.1<\/a>\u00a0.<\/strong><\/p>\n<p><strong>\u00ab\u00a0Dans sa tourn\u00e9e du Grand Sud\u00a0\u00bb<\/strong>, Gilles est venu, apr\u00e8s la visite chez <a href=\"http:\/\/www.living-leedh.com\/?page_id=88\">\u2018M\u00e9lomane34\u2019<\/a> et l&rsquo;essai du <a href=\"http:\/\/www.living-leedh.com\/?page_id=3915\">nouvel ampli<\/a>.<\/p>\n<p>Le but \u00e9tait de faire une petite mise au point sur la <a href=\"http:\/\/www.living-leedh.com\/?page_id=3910\">voie centrale<\/a> et surtout pour me faire \u00e9couter le fameux caisson. Certes je ne doutais pas de l&rsquo;apport, car j&rsquo;en avais eu un rapide aper\u00e7u lors de sa derni\u00e8re visite, mais je pensais que les progr\u00e8s sur ma configuration, sur le Devialet 800, pouvaient avoir att\u00e9nu\u00e9 l&rsquo;\u00e9cart.<\/p>\n<p><span style=\"text-decoration: underline;\">Premi\u00e8re installation<\/span>, avec les c\u00e2bles d&rsquo;alimentation standard et avec un proto Leedh de c\u00e2ble de modulation. Premier morceau de Nougaro en concert \u00e0 Toulouse, au bout de 20 secondes, la messe \u00e9tait dite. <img loading=\"lazy\" decoding=\"async\" class=\"size-full wp-image-2408 alignright\" src=\"http:\/\/www.living-leedh.com\/wp-content\/uploads\/2015\/04\/Caisson.jpg\" alt=\"Caisson\" width=\"230\" height=\"260\" \/>Une grosse diff\u00e9rence avec et sans, les m\u00eames commentaires que vous avez tous faits : a\u00e9ration, volume, profondeur de la sc\u00e8ne, pas vraiment plus de grave, mais tout le spectre est magnifi\u00e9, en bref, on a plus l&rsquo;impression d&rsquo;\u00eatre \u00ab\u00a0sur place\u00a0\u00bb.<\/p>\n<p><span style=\"text-decoration: underline;\">Deuxi\u00e8me installation<\/span>, avec les c\u00e2bles d&rsquo;alimentation <a href=\"http:\/\/www.nordost.com\/leif\/blue-heaven.php\" target=\"_blank\" rel=\"noopener\">Nordost Blue Heaven<\/a> et avec un proto Leedh de c\u00e2ble de modulation. Etant tr\u00e8s sensibilis\u00e9 sur l&rsquo;importance des c\u00e2bles d&rsquo;alimentation, je pensais que cela devait aussi \u00eatre important pour le caisson. Bingo ! d\u00e9j\u00e0 avec ces c\u00e2bles d&rsquo;entr\u00e9e de gamme de Nordost (190), la diff\u00e9rence est saisissante, Gilles n&rsquo;en revenait pas ! Avec mon installation D800, Gilles n&rsquo;avait jamais entendu une image aussi spectaculaire, sur plusieurs morceaux, on entend une \u00ab\u00a0\u00a0\u00bbvoute\u00a0\u00bb en hauteur avec tous les sources sonores tr\u00e8s focalis\u00e9es et avec beaucoup de profondeur. Cela a \u00e9t\u00e9 particuli\u00e8rement vrai sur les derniers albums en 24 bits de St\u00e9phane Eicher et de Youn Sun Nah. On peut donc penser, que cela vaut vraiment le coup d&rsquo;optimiser ce caisson avec les c\u00e2bles d&rsquo;alimentation. Cela serait du g\u00e2chis de ne pas le faire !<\/p>\n<p><span style=\"text-decoration: underline;\">Troisi\u00e8me installation<\/span>, avec les c\u00e2bles d&rsquo;alimentation Nordost Blue Heaven et avec un c\u00e2ble de modulation Analysis Plus. L&rsquo;autre c\u00e2ble important est celui de modulation, deuxi\u00e8me grosse surprise pour Gilles, patatras, tout s&rsquo;effondre\u00a0avec le c\u00e2ble Analysis Plus. Plus de \u00ab\u00a0voute c\u00e9leste\u00a0\u00bb qui nous nous emporte ! (m\u00eame si les qualit\u00e9s de base demeurent) Gilles n&rsquo;en revient pas en pensant que les autres fois, le 1er cable dispo a \u00e9t\u00e9 utilis\u00e9. Il m&rsquo;a rassur\u00e9 en me disant qu&rsquo;il allait m&rsquo;en fabriquer un ! En attendant, il m&rsquo;a pr\u00eat\u00e9 un c\u00e2ble Leedh non fini avec la pile pour la masse.<\/p>\n<p>Le matin a \u00e9t\u00e9 consacr\u00e9 \u00e0 l&rsquo;\u00e9coute de sa solution d\u00e9mat par rapport \u00e0 ma solution AIR dans le Devialet. Nos appr\u00e9ciations ne sont pas les m\u00eames. Je trouve que la solution de Gilles avec la tablette et la clef <a href=\"https:\/\/lnx.m2tech.biz\/fr\/products\/pens\/\" target=\"_blank\" rel=\"noopener\">M2tech <\/a>avec convertisseur marche tr\u00e8s bien, mais je n&rsquo;entends pas le m\u00eame raffinement et toutes les subtilit\u00e9s et nuances. Cela est particuli\u00e8rement vrai sur les voix. Le point fort de son d\u00e9mat est l&rsquo;alimentation et la lecture sur m\u00e9moire flash, par contre le point faible de ma lecture vient de mon Mac Mini qui utilise des disques durs m\u00e9caniques et une alimentation interne basique. Je pense que l&rsquo;avenir du d\u00e9mat sera une association des meilleures technos (alim, dique SSD, absence d&rsquo;ordi avec Windows, OS X ou Unix, mais pl\u00fbtot une machine d\u00e9di\u00e9e et optimis\u00e9e que pour lire que de la musique). En attendant, le niveau est tel que je n&rsquo;\u00e9prouve aucune frustration, je peux bien attendre quelques ann\u00e9es que la d\u00e9mat progresse, ce n&rsquo;est qu&rsquo;un d\u00e9but&#8230;\u00a0Donc conclusion, ce caisson est fabuleux, mais il nous le rendra au centuple de bien l&rsquo;accompagner avec ces foutus c\u00e2bles. <a href=\"http:\/\/www.living-leedh.com\/wp-content\/uploads\/2015\/04\/General.jpg\"><img loading=\"lazy\" decoding=\"async\" class=\"size-medium wp-image-2409 aligncenter\" src=\"http:\/\/www.living-leedh.com\/wp-content\/uploads\/2015\/04\/General-300x225.jpg\" alt=\"General\" width=\"300\" height=\"225\" srcset=\"https:\/\/www.living-leedh.com\/wp-content\/uploads\/2015\/04\/General-300x225.jpg 300w, https:\/\/www.living-leedh.com\/wp-content\/uploads\/2015\/04\/General-400x300.jpg 400w, https:\/\/www.living-leedh.com\/wp-content\/uploads\/2015\/04\/General.jpg 640w\" sizes=\"auto, (max-width: 300px) 100vw, 300px\" \/><\/a>Gilles qualifie l&rsquo;\u00e9coute de mon installation d&rsquo;un tr\u00e8s grand raffinement et il a pris plaisir \u00e0 d\u00e9couvrir des images qu&rsquo;il ne connaissait pas, il la qualifie de \u00ab\u00a0dentelle\u00a0\u00bb. Par contre \u00e0 son go\u00fbt, cela manque un peu de mati\u00e8re et d&rsquo;incarnation, contrairement \u00e0 l&rsquo;\u00e9coute qu&rsquo;il a pu faire chez \u00a0\u2018M\u00e9lomane34\u2019 qui est selon lui diam\u00e9tralement oppos\u00e9e. Effectivement, m\u00eame si le caisson a beaucoup am\u00e9lior\u00e9 dans ce sens, cette caract\u00e9ristique provient essentiellement du Devialet (m\u00eame si le D800 est sup\u00e9rieur dans ce sens au D400) qui a une tr\u00e8s grande transparence. Cela est tr\u00e8s diff\u00e9rent de l&rsquo;\u00e9coute avec le Gryphon de \u2018M\u00e9lomane34\u2019 ou le nouvel ampli Leedh. Il faut dire aussi que j&rsquo;\u00e9coute beaucoup plus doucement que Gilles !<\/p>\n<p>Bien \u00e0 vous\u00a0&#8211; Pat\u00a0\u00bb<\/p>\n<p><a href=\"http:\/\/www.living-leedh.com\/wp-content\/uploads\/2015\/04\/position.jpg\"><img loading=\"lazy\" decoding=\"async\" class=\"size-medium wp-image-2516 alignleft\" src=\"http:\/\/www.living-leedh.com\/wp-content\/uploads\/2015\/04\/position-300x200.jpg\" alt=\"position\" width=\"300\" height=\"200\" srcset=\"https:\/\/www.living-leedh.com\/wp-content\/uploads\/2015\/04\/position-300x200.jpg 300w, https:\/\/www.living-leedh.com\/wp-content\/uploads\/2015\/04\/position-400x267.jpg 400w, https:\/\/www.living-leedh.com\/wp-content\/uploads\/2015\/04\/position.jpg 1000w\" sizes=\"auto, (max-width: 300px) 100vw, 300px\" \/><\/a><\/p>\n<p style=\"text-align: left;\"><strong>PS :<\/strong> Pour mieux \u00ab\u00a0visualiser\u00a0\u00bb la mise en \u0153uvre de Pat, <a href=\"http:\/\/www.living-leedh.com\/wp-content\/uploads\/2015\/04\/Bureau.jpg\"><img loading=\"lazy\" decoding=\"async\" class=\"size-medium wp-image-2515 alignright\" src=\"http:\/\/www.living-leedh.com\/wp-content\/uploads\/2015\/04\/Bureau-300x200.jpg\" alt=\"Bureau\" width=\"300\" height=\"200\" srcset=\"https:\/\/www.living-leedh.com\/wp-content\/uploads\/2015\/04\/Bureau-300x200.jpg 300w, https:\/\/www.living-leedh.com\/wp-content\/uploads\/2015\/04\/Bureau-400x267.jpg 400w, https:\/\/www.living-leedh.com\/wp-content\/uploads\/2015\/04\/Bureau.jpg 1000w\" sizes=\"auto, (max-width: 300px) 100vw, 300px\" \/><\/a>voici le recul sur sa pi\u00e8ce et&#8230;<\/p>\n<p>&nbsp;<\/p>\n<p style=\"text-align: right;\">&#8230;la position du projecteur.<\/p>\n<p><a href=\"http:\/\/www.living-leedh.com\/wp-content\/uploads\/2015\/04\/position.jpg\">\u00a0<\/a><\/p>\n<p><strong>&#8212;&#8212;&#8212;&#8212;&#8212;&#8212;&#8212;&#8212;&#8212;&#8212;&#8212;&#8212;&#8211;<\/strong><\/p>\n<p><strong>Contacter PatCam :<br \/>\n<\/strong><br \/>\n<div role=\"form\" class=\"wpcf7\" id=\"wpcf7-f696-o1\" lang=\"fr-FR\" dir=\"ltr\">\n<div class=\"screen-reader-response\"><p role=\"status\" aria-live=\"polite\" aria-atomic=\"true\"><\/p> <ul><\/ul><\/div>\n<form action=\"\/index.php?rest_route=%2Fwp%2Fv2%2Fpages%2F692#wpcf7-f696-o1\" method=\"post\" class=\"wpcf7-form init\" novalidate=\"novalidate\" data-status=\"init\">\n<div style=\"display: none;\">\n<input type=\"hidden\" name=\"_wpcf7\" value=\"696\" \/>\n<input type=\"hidden\" name=\"_wpcf7_version\" value=\"5.5.6\" \/>\n<input type=\"hidden\" name=\"_wpcf7_locale\" value=\"fr_FR\" \/>\n<input type=\"hidden\" name=\"_wpcf7_unit_tag\" value=\"wpcf7-f696-o1\" \/>\n<input type=\"hidden\" name=\"_wpcf7_container_post\" value=\"0\" \/>\n<input type=\"hidden\" name=\"_wpcf7_posted_data_hash\" value=\"\" \/>\n<input type=\"hidden\" name=\"_wpcf7_recaptcha_response\" value=\"\" \/>\n<\/div>\n<p>Votre nom*<br \/>\n    <span class=\"wpcf7-form-control-wrap your-name\"><input type=\"text\" name=\"your-name\" value=\"\" size=\"40\" class=\"wpcf7-form-control wpcf7-text wpcf7-validates-as-required\" aria-required=\"true\" aria-invalid=\"false\" \/><\/span> <\/p>\n<p>Votre email*<br \/>\n    <span class=\"wpcf7-form-control-wrap your-email\"><input type=\"email\" name=\"your-email\" value=\"\" size=\"40\" class=\"wpcf7-form-control wpcf7-text wpcf7-email wpcf7-validates-as-required wpcf7-validates-as-email\" aria-required=\"true\" aria-invalid=\"false\" \/><\/span> <\/p>\n<p>Sujet*<br \/>\n    <span class=\"wpcf7-form-control-wrap your-subject\"><input type=\"text\" name=\"your-subject\" value=\"\" size=\"40\" class=\"wpcf7-form-control wpcf7-text wpcf7-validates-as-required\" aria-required=\"true\" aria-invalid=\"false\" \/><\/span> <\/p>\n<p>Votre message<br \/>\n    <span class=\"wpcf7-form-control-wrap your-message\"><textarea name=\"your-message\" cols=\"40\" rows=\"10\" class=\"wpcf7-form-control wpcf7-textarea\" aria-invalid=\"false\"><\/textarea><\/span> <\/p>\n\n<p><input type=\"submit\" value=\"Envoyer\" class=\"wpcf7-form-control has-spinner wpcf7-submit\" \/><\/p>\n<p style=\"display: none !important;\"><label>&#916;<textarea name=\"_wpcf7_ak_hp_textarea\" cols=\"45\" rows=\"8\" maxlength=\"100\"><\/textarea><\/label><input type=\"hidden\" id=\"ak_js_1\" name=\"_wpcf7_ak_js\" value=\"231\"\/><script>document.getElementById( \"ak_js_1\" ).setAttribute( \"value\", ( new Date() ).getTime() );<\/script><\/p><div class=\"wpcf7-response-output\" aria-hidden=\"true\"><\/div><\/form><\/div><\/p>\n","protected":false},"excerpt":{"rendered":"<p>\u00f4 mon pa\u00efs, \u00f4 Toulouse, \u00f4 Toulouse &#8230; Est-ce une impression, ou la ville rose est-elle en train de devenir un rep\u00e8re de Leedhers ? Leedh E2 avec c\u00e2bles Leedh universel et voie centrale, et depuis fin octobre 2015, le caisson. Un syst\u00e8me 3.1 donc. Les autres \u00e9l\u00e9ments du syst\u00e8me : Devialet D800 platine Wilson &hellip; <a href=\"https:\/\/www.living-leedh.com\/?page_id=692\" class=\"more-link\">Continuer la lecture de <span class=\"screen-reader-text\">PatCam<\/span>  <span class=\"meta-nav\">&rarr;<\/span><\/a><\/p>\n","protected":false},"author":1,"featured_media":0,"parent":0,"menu_order":0,"comment_status":"open","ping_status":"open","template":"page-templates\/full-width.php","meta":{"_bbp_topic_count":0,"_bbp_reply_count":0,"_bbp_total_topic_count":0,"_bbp_total_reply_count":0,"_bbp_voice_count":0,"_bbp_anonymous_reply_count":0,"_bbp_topic_count_hidden":0,"_bbp_reply_count_hidden":0,"_bbp_forum_subforum_count":0,"footnotes":""},"class_list":["post-692","page","type-page","status-publish","hentry"],"_links":{"self":[{"href":"https:\/\/www.living-leedh.com\/index.php?rest_route=\/wp\/v2\/pages\/692","targetHints":{"allow":["GET"]}}],"collection":[{"href":"https:\/\/www.living-leedh.com\/index.php?rest_route=\/wp\/v2\/pages"}],"about":[{"href":"https:\/\/www.living-leedh.com\/index.php?rest_route=\/wp\/v2\/types\/page"}],"author":[{"embeddable":true,"href":"https:\/\/www.living-leedh.com\/index.php?rest_route=\/wp\/v2\/users\/1"}],"replies":[{"embeddable":true,"href":"https:\/\/www.living-leedh.com\/index.php?rest_route=%2Fwp%2Fv2%2Fcomments&post=692"}],"version-history":[{"count":67,"href":"https:\/\/www.living-leedh.com\/index.php?rest_route=\/wp\/v2\/pages\/692\/revisions"}],"predecessor-version":[{"id":7446,"href":"https:\/\/www.living-leedh.com\/index.php?rest_route=\/wp\/v2\/pages\/692\/revisions\/7446"}],"wp:attachment":[{"href":"https:\/\/www.living-leedh.com\/index.php?rest_route=%2Fwp%2Fv2%2Fmedia&parent=692"}],"curies":[{"name":"wp","href":"https:\/\/api.w.org\/{rel}","templated":true}]}}