{"id":7034,"date":"2021-01-10T10:55:02","date_gmt":"2021-01-10T09:55:02","guid":{"rendered":"https:\/\/www.living-leedh.com\/?page_id=7034"},"modified":"2021-03-10T16:54:37","modified_gmt":"2021-03-10T15:54:37","slug":"starlett","status":"publish","type":"page","link":"https:\/\/www.living-leedh.com\/?page_id=7034","title":{"rendered":"Starlet"},"content":{"rendered":"<pre class=\"moz-quote-pre\">\"C\u2019\u00e9tait le medium-aig\u00fce des <a href=\"https:\/\/www.living-leedh.com\/?page_id=2047\" target=\"_blank\" rel=\"noopener\">Aura<\/a> et j\u2019ai r\u00eav\u00e9 la forme, je me suis lev\u00e9, je l\u2019ai dessin\u00e9 et je suis retourn\u00e9 me coucher...\"<\/pre>\n<p>C&rsquo;est tout ce que nous avons pu arracher \u00e0 Gilles Milot !<br \/>\nCes petites enceintes mesurent 35 cm de haut, p\u00e8sent 12 kg chacune et sont fabriqu\u00e9es en b\u00e9ton-pl\u00e2tre.<br \/>\nTweeter AM TW48A, Focal 13 cm 5MF1, avec traitement de membrane Leedh.<br \/>\nPhotos Nore11<br \/>\nVous en savez plus ?<\/p>\n<figure id=\"attachment_7033\" aria-describedby=\"caption-attachment-7033\" style=\"width: 450px\" class=\"wp-caption alignnone\"><a href=\"https:\/\/www.living-leedh.com\/wp-content\/uploads\/2021\/01\/Starlett.jpg\"><img loading=\"lazy\" decoding=\"async\" class=\"wp-image-7033 size-full\" src=\"https:\/\/www.living-leedh.com\/wp-content\/uploads\/2021\/01\/Starlett.jpg\" alt=\"\" width=\"450\" height=\"600\" srcset=\"https:\/\/www.living-leedh.com\/wp-content\/uploads\/2021\/01\/Starlett.jpg 450w, https:\/\/www.living-leedh.com\/wp-content\/uploads\/2021\/01\/Starlett-225x300.jpg 225w, https:\/\/www.living-leedh.com\/wp-content\/uploads\/2021\/01\/Starlett-400x533.jpg 400w\" sizes=\"auto, (max-width: 450px) 100vw, 450px\" \/><\/a><figcaption id=\"caption-attachment-7033\" class=\"wp-caption-text\">Photo Nore11<\/figcaption><\/figure>\n<figure id=\"attachment_7032\" aria-describedby=\"caption-attachment-7032\" style=\"width: 536px\" class=\"wp-caption alignnone\"><a href=\"https:\/\/www.living-leedh.com\/wp-content\/uploads\/2021\/01\/LeedhStarlett.jpg\"><img loading=\"lazy\" decoding=\"async\" class=\"wp-image-7032 size-full\" src=\"https:\/\/www.living-leedh.com\/wp-content\/uploads\/2021\/01\/LeedhStarlett.jpg\" alt=\"\" width=\"536\" height=\"382\" srcset=\"https:\/\/www.living-leedh.com\/wp-content\/uploads\/2021\/01\/LeedhStarlett.jpg 536w, https:\/\/www.living-leedh.com\/wp-content\/uploads\/2021\/01\/LeedhStarlett-300x214.jpg 300w, https:\/\/www.living-leedh.com\/wp-content\/uploads\/2021\/01\/LeedhStarlett-400x285.jpg 400w\" sizes=\"auto, (max-width: 536px) 100vw, 536px\" \/><\/a><figcaption id=\"caption-attachment-7032\" class=\"wp-caption-text\">Photo Nore11<\/figcaption><\/figure>\n<figure id=\"attachment_7031\" aria-describedby=\"caption-attachment-7031\" style=\"width: 800px\" class=\"wp-caption alignnone\"><a href=\"https:\/\/www.living-leedh.com\/wp-content\/uploads\/2021\/01\/Leedh-dessous.jpg\"><img loading=\"lazy\" decoding=\"async\" class=\"wp-image-7031 size-full\" src=\"https:\/\/www.living-leedh.com\/wp-content\/uploads\/2021\/01\/Leedh-dessous.jpg\" alt=\"\" width=\"800\" height=\"600\" srcset=\"https:\/\/www.living-leedh.com\/wp-content\/uploads\/2021\/01\/Leedh-dessous.jpg 800w, https:\/\/www.living-leedh.com\/wp-content\/uploads\/2021\/01\/Leedh-dessous-300x225.jpg 300w, https:\/\/www.living-leedh.com\/wp-content\/uploads\/2021\/01\/Leedh-dessous-768x576.jpg 768w, https:\/\/www.living-leedh.com\/wp-content\/uploads\/2021\/01\/Leedh-dessous-400x300.jpg 400w\" sizes=\"auto, (max-width: 800px) 100vw, 800px\" \/><\/a><figcaption id=\"caption-attachment-7031\" class=\"wp-caption-text\">Photo Nore11<\/figcaption><\/figure>\n","protected":false},"excerpt":{"rendered":"<p>\u00ab\u00a0C\u2019\u00e9tait le medium-aig\u00fce des Aura et j\u2019ai r\u00eav\u00e9 la forme, je me suis lev\u00e9, je l\u2019ai dessin\u00e9 et je suis retourn\u00e9 me coucher&#8230;\u00a0\u00bb C&rsquo;est tout ce que nous avons pu arracher \u00e0 Gilles Milot ! Ces petites enceintes mesurent 35 cm de haut, p\u00e8sent 12 kg chacune et sont fabriqu\u00e9es en b\u00e9ton-pl\u00e2tre. Tweeter AM TW48A, &hellip; <a href=\"https:\/\/www.living-leedh.com\/?page_id=7034\" class=\"more-link\">Continuer la lecture de <span class=\"screen-reader-text\">Starlet<\/span>  <span class=\"meta-nav\">&rarr;<\/span><\/a><\/p>\n","protected":false},"author":1,"featured_media":0,"parent":0,"menu_order":0,"comment_status":"closed","ping_status":"closed","template":"","meta":{"_bbp_topic_count":0,"_bbp_reply_count":0,"_bbp_total_topic_count":0,"_bbp_total_reply_count":0,"_bbp_voice_count":0,"_bbp_anonymous_reply_count":0,"_bbp_topic_count_hidden":0,"_bbp_reply_count_hidden":0,"_bbp_forum_subforum_count":0,"footnotes":""},"class_list":["post-7034","page","type-page","status-publish","hentry"],"_links":{"self":[{"href":"https:\/\/www.living-leedh.com\/index.php?rest_route=\/wp\/v2\/pages\/7034","targetHints":{"allow":["GET"]}}],"collection":[{"href":"https:\/\/www.living-leedh.com\/index.php?rest_route=\/wp\/v2\/pages"}],"about":[{"href":"https:\/\/www.living-leedh.com\/index.php?rest_route=\/wp\/v2\/types\/page"}],"author":[{"embeddable":true,"href":"https:\/\/www.living-leedh.com\/index.php?rest_route=\/wp\/v2\/users\/1"}],"replies":[{"embeddable":true,"href":"https:\/\/www.living-leedh.com\/index.php?rest_route=%2Fwp%2Fv2%2Fcomments&post=7034"}],"version-history":[{"count":7,"href":"https:\/\/www.living-leedh.com\/index.php?rest_route=\/wp\/v2\/pages\/7034\/revisions"}],"predecessor-version":[{"id":7074,"href":"https:\/\/www.living-leedh.com\/index.php?rest_route=\/wp\/v2\/pages\/7034\/revisions\/7074"}],"wp:attachment":[{"href":"https:\/\/www.living-leedh.com\/index.php?rest_route=%2Fwp%2Fv2%2Fmedia&parent=7034"}],"curies":[{"name":"wp","href":"https:\/\/api.w.org\/{rel}","templated":true}]}}